{"id":104985,"date":"2019-07-17T09:38:30","date_gmt":"2019-07-17T14:38:30","guid":{"rendered":"https:\/\/ideas.com\/loesungen\/angebot\/revenue-management-2\/"},"modified":"2026-03-11T11:01:57","modified_gmt":"2026-03-11T16:01:57","slug":"revenue-management","status":"publish","type":"page","link":"https:\/\/ideas.com\/de\/revenue-management\/","title":{"rendered":"Revenue Management f\u00fcr die Hotellerie"},"content":{"rendered":"","protected":false},"excerpt":{"rendered":"","protected":false},"author":112,"featured_media":0,"parent":0,"menu_order":0,"comment_status":"closed","ping_status":"closed","template":"templates\/landing-page.php","meta":{"_acf_changed":false,"_crdt_document":"","inline_featured_image":false,"footnotes":""},"tags":[],"class_list":["post-104985","page","type-page","status-publish","hentry"],"acf":[],"yoast_head":"<!-- This site is optimized with the Yoast SEO plugin v27.5 - https:\/\/yoast.com\/product\/yoast-seo-wordpress\/ -->\n<title>Revenue Management-Software f\u00fcr die Hotellerie | IDeaS<\/title>\n<meta name=\"description\" content=\"Die KI-gest\u00fctzte Revenue Management-Software von IDeaS unterst\u00fctzt Hotels dabei, die Preisgestaltung zu optimieren, die Belegung zu maximieren und profitables Wachstum zu f\u00f6rdern.\" \/>\n<meta name=\"robots\" content=\"index, follow, max-snippet:-1, max-image-preview:large, max-video-preview:-1\" \/>\n<link rel=\"canonical\" href=\"https:\/\/ideas.com\/de\/revenue-management\/\" \/>\n<meta property=\"og:locale\" content=\"de_DE\" \/>\n<meta property=\"og:type\" content=\"article\" \/>\n<meta property=\"og:title\" content=\"Revenue Management-Software f\u00fcr die Hotellerie | IDeaS\" \/>\n<meta property=\"og:description\" content=\"Die KI-gest\u00fctzte Revenue Management-Software von IDeaS unterst\u00fctzt Hotels dabei, die Preisgestaltung zu optimieren, die Belegung zu maximieren und profitables Wachstum zu f\u00f6rdern.\" \/>\n<meta property=\"og:url\" content=\"https:\/\/ideas.com\/de\/revenue-management\/\" \/>\n<meta property=\"og:site_name\" content=\"IDeaS\" \/>\n<meta property=\"article:modified_time\" content=\"2026-03-11T16:01:57+00:00\" \/>\n<meta property=\"og:image\" content=\"https:\/\/ideas.com\/wp-content\/uploads\/2025\/04\/Revenue-Management-for-Hospitality-social-image-1024x538.jpg\" \/>\n<meta name=\"twitter:card\" content=\"summary_large_image\" \/>\n<script type=\"application\/ld+json\" class=\"yoast-schema-graph\">{\"@context\":\"https:\\\/\\\/schema.org\",\"@graph\":[{\"@type\":\"WebPage\",\"@id\":\"https:\\\/\\\/ideas.com\\\/de\\\/revenue-management\\\/\",\"url\":\"https:\\\/\\\/ideas.com\\\/de\\\/revenue-management\\\/\",\"name\":\"Revenue Management-Software f\u00fcr die Hotellerie | IDeaS\",\"isPartOf\":{\"@id\":\"https:\\\/\\\/ideas.com\\\/de\\\/#website\"},\"datePublished\":\"2019-07-17T14:38:30+00:00\",\"dateModified\":\"2026-03-11T16:01:57+00:00\",\"description\":\"Die KI-gest\u00fctzte Revenue Management-Software von IDeaS unterst\u00fctzt Hotels dabei, die Preisgestaltung zu optimieren, die Belegung zu maximieren und profitables Wachstum zu f\u00f6rdern.\",\"inLanguage\":\"de-DE\",\"potentialAction\":[{\"@type\":\"ReadAction\",\"target\":[\"https:\\\/\\\/ideas.com\\\/de\\\/revenue-management\\\/\"]}]},{\"@type\":\"WebSite\",\"@id\":\"https:\\\/\\\/ideas.com\\\/de\\\/#website\",\"url\":\"https:\\\/\\\/ideas.com\\\/de\\\/\",\"name\":\"IDeaS\",\"description\":\"Driving Better Revenue\",\"publisher\":{\"@id\":\"https:\\\/\\\/ideas.com\\\/de\\\/#organization\"},\"potentialAction\":[{\"@type\":\"SearchAction\",\"target\":{\"@type\":\"EntryPoint\",\"urlTemplate\":\"https:\\\/\\\/ideas.com\\\/de\\\/?s={search_term_string}\"},\"query-input\":{\"@type\":\"PropertyValueSpecification\",\"valueRequired\":true,\"valueName\":\"search_term_string\"}}],\"inLanguage\":\"de-DE\"},{\"@type\":\"Organization\",\"@id\":\"https:\\\/\\\/ideas.com\\\/de\\\/#organization\",\"name\":\"IDeaS Revenue Solutions\",\"url\":\"https:\\\/\\\/ideas.com\\\/de\\\/\",\"logo\":{\"@type\":\"ImageObject\",\"inLanguage\":\"de-DE\",\"@id\":\"https:\\\/\\\/ideas.com\\\/de\\\/#\\\/schema\\\/logo\\\/image\\\/\",\"url\":\"https:\\\/\\\/ideas.com\\\/wp-content\\\/uploads\\\/2021\\\/08\\\/ideas-logo.svg\",\"contentUrl\":\"https:\\\/\\\/ideas.com\\\/wp-content\\\/uploads\\\/2021\\\/08\\\/ideas-logo.svg\",\"width\":1,\"height\":1,\"caption\":\"IDeaS Revenue Solutions\"},\"image\":{\"@id\":\"https:\\\/\\\/ideas.com\\\/de\\\/#\\\/schema\\\/logo\\\/image\\\/\"}}]}<\/script>\n<!-- \/ Yoast SEO plugin. -->","yoast_head_json":{"title":"Revenue Management-Software f\u00fcr die Hotellerie | IDeaS","description":"Die KI-gest\u00fctzte Revenue Management-Software von IDeaS unterst\u00fctzt Hotels dabei, die Preisgestaltung zu optimieren, die Belegung zu maximieren und profitables Wachstum zu f\u00f6rdern.","robots":{"index":"index","follow":"follow","max-snippet":"max-snippet:-1","max-image-preview":"max-image-preview:large","max-video-preview":"max-video-preview:-1"},"canonical":"https:\/\/ideas.com\/de\/revenue-management\/","og_locale":"de_DE","og_type":"article","og_title":"Revenue Management-Software f\u00fcr die Hotellerie | IDeaS","og_description":"Die KI-gest\u00fctzte Revenue Management-Software von IDeaS unterst\u00fctzt Hotels dabei, die Preisgestaltung zu optimieren, die Belegung zu maximieren und profitables Wachstum zu f\u00f6rdern.","og_url":"https:\/\/ideas.com\/de\/revenue-management\/","og_site_name":"IDeaS","article_modified_time":"2026-03-11T16:01:57+00:00","og_image":[{"url":"https:\/\/ideas.com\/wp-content\/uploads\/2025\/04\/Revenue-Management-for-Hospitality-social-image-1024x538.jpg","type":"","width":"","height":""}],"twitter_card":"summary_large_image","schema":{"@context":"https:\/\/schema.org","@graph":[{"@type":"WebPage","@id":"https:\/\/ideas.com\/de\/revenue-management\/","url":"https:\/\/ideas.com\/de\/revenue-management\/","name":"Revenue Management-Software f\u00fcr die Hotellerie | IDeaS","isPartOf":{"@id":"https:\/\/ideas.com\/de\/#website"},"datePublished":"2019-07-17T14:38:30+00:00","dateModified":"2026-03-11T16:01:57+00:00","description":"Die KI-gest\u00fctzte Revenue Management-Software von IDeaS unterst\u00fctzt Hotels dabei, die Preisgestaltung zu optimieren, die Belegung zu maximieren und profitables Wachstum zu f\u00f6rdern.","inLanguage":"de-DE","potentialAction":[{"@type":"ReadAction","target":["https:\/\/ideas.com\/de\/revenue-management\/"]}]},{"@type":"WebSite","@id":"https:\/\/ideas.com\/de\/#website","url":"https:\/\/ideas.com\/de\/","name":"IDeaS","description":"Driving Better Revenue","publisher":{"@id":"https:\/\/ideas.com\/de\/#organization"},"potentialAction":[{"@type":"SearchAction","target":{"@type":"EntryPoint","urlTemplate":"https:\/\/ideas.com\/de\/?s={search_term_string}"},"query-input":{"@type":"PropertyValueSpecification","valueRequired":true,"valueName":"search_term_string"}}],"inLanguage":"de-DE"},{"@type":"Organization","@id":"https:\/\/ideas.com\/de\/#organization","name":"IDeaS Revenue Solutions","url":"https:\/\/ideas.com\/de\/","logo":{"@type":"ImageObject","inLanguage":"de-DE","@id":"https:\/\/ideas.com\/de\/#\/schema\/logo\/image\/","url":"https:\/\/ideas.com\/wp-content\/uploads\/2021\/08\/ideas-logo.svg","contentUrl":"https:\/\/ideas.com\/wp-content\/uploads\/2021\/08\/ideas-logo.svg","width":1,"height":1,"caption":"IDeaS Revenue Solutions"},"image":{"@id":"https:\/\/ideas.com\/de\/#\/schema\/logo\/image\/"}}]}},"_links":{"self":[{"href":"https:\/\/ideas.com\/de\/wp-json\/wp\/v2\/pages\/104985","targetHints":{"allow":["GET"]}}],"collection":[{"href":"https:\/\/ideas.com\/de\/wp-json\/wp\/v2\/pages"}],"about":[{"href":"https:\/\/ideas.com\/de\/wp-json\/wp\/v2\/types\/page"}],"author":[{"embeddable":true,"href":"https:\/\/ideas.com\/de\/wp-json\/wp\/v2\/users\/112"}],"replies":[{"embeddable":true,"href":"https:\/\/ideas.com\/de\/wp-json\/wp\/v2\/comments?post=104985"}],"version-history":[{"count":0,"href":"https:\/\/ideas.com\/de\/wp-json\/wp\/v2\/pages\/104985\/revisions"}],"wp:attachment":[{"href":"https:\/\/ideas.com\/de\/wp-json\/wp\/v2\/media?parent=104985"}],"wp:term":[{"taxonomy":"post_tag","embeddable":true,"href":"https:\/\/ideas.com\/de\/wp-json\/wp\/v2\/tags?post=104985"}],"curies":[{"name":"wp","href":"https:\/\/api.w.org\/{rel}","templated":true}]}}