{"id":143986,"date":"2025-05-16T15:56:06","date_gmt":"2025-05-16T20:56:06","guid":{"rendered":"https:\/\/ideas.com\/marketing-optimierung\/"},"modified":"2025-05-16T15:59:43","modified_gmt":"2025-05-16T20:59:43","slug":"marketing-optimierung","status":"publish","type":"page","link":"https:\/\/ideas.com\/de\/marketing-optimierung\/","title":{"rendered":"Marketing-Optimierung"},"content":{"rendered":"","protected":false},"excerpt":{"rendered":"","protected":false},"author":56,"featured_media":0,"parent":0,"menu_order":0,"comment_status":"closed","ping_status":"closed","template":"templates\/landing-page.php","meta":{"_acf_changed":false,"_crdt_document":"","inline_featured_image":false,"footnotes":""},"tags":[],"class_list":["post-143986","page","type-page","status-publish","hentry"],"acf":[],"yoast_head":"<!-- This site is optimized with the Yoast SEO plugin v27.2 - https:\/\/yoast.com\/product\/yoast-seo-wordpress\/ -->\n<title>Hotel-Marketing-Strategie | IDeaS<\/title>\n<meta name=\"description\" content=\"Optimieren Sie Marketingausgaben mit Revenue Science. IDeaS bietet Marketingverantwortlichen datengest\u00fctzte Einblicke, die gezielte Kampagnen erm\u00f6glichen, die G\u00e4ste anziehen und den Umsatz steigern. Weitere Informationen.\" \/>\n<meta name=\"robots\" content=\"index, follow, max-snippet:-1, max-image-preview:large, max-video-preview:-1\" \/>\n<link rel=\"canonical\" href=\"https:\/\/ideas.com\/de\/marketing-optimierung\/\" \/>\n<meta property=\"og:locale\" content=\"de_DE\" \/>\n<meta property=\"og:type\" content=\"article\" \/>\n<meta property=\"og:title\" content=\"Hotel-Marketing-Strategie | IDeaS\" \/>\n<meta property=\"og:description\" content=\"Optimieren Sie Marketingausgaben mit Revenue Science. IDeaS bietet Marketingverantwortlichen datengest\u00fctzte Einblicke, die gezielte Kampagnen erm\u00f6glichen, die G\u00e4ste anziehen und den Umsatz steigern. Weitere Informationen.\" \/>\n<meta property=\"og:url\" content=\"https:\/\/ideas.com\/de\/marketing-optimierung\/\" \/>\n<meta property=\"og:site_name\" content=\"IDeaS\" \/>\n<meta property=\"article:modified_time\" content=\"2025-05-16T20:59:43+00:00\" \/>\n<meta property=\"og:image\" content=\"https:\/\/ideas.com\/wp-content\/uploads\/2025\/04\/Performance-Marketing-Solution-Page-social-image-1024x538.jpg\" \/>\n<meta name=\"twitter:card\" content=\"summary_large_image\" \/>\n<script type=\"application\/ld+json\" class=\"yoast-schema-graph\">{\"@context\":\"https:\/\/schema.org\",\"@graph\":[{\"@type\":\"WebPage\",\"@id\":\"https:\/\/ideas.com\/de\/marketing-optimierung\/\",\"url\":\"https:\/\/ideas.com\/de\/marketing-optimierung\/\",\"name\":\"Hotel-Marketing-Strategie | IDeaS\",\"isPartOf\":{\"@id\":\"https:\/\/ideas.com\/de\/#website\"},\"datePublished\":\"2025-05-16T20:56:06+00:00\",\"dateModified\":\"2025-05-16T20:59:43+00:00\",\"description\":\"Optimieren Sie Marketingausgaben mit Revenue Science. IDeaS bietet Marketingverantwortlichen datengest\u00fctzte Einblicke, die gezielte Kampagnen erm\u00f6glichen, die G\u00e4ste anziehen und den Umsatz steigern. Weitere Informationen.\",\"inLanguage\":\"de-DE\",\"potentialAction\":[{\"@type\":\"ReadAction\",\"target\":[\"https:\/\/ideas.com\/de\/marketing-optimierung\/\"]}]},{\"@type\":\"WebSite\",\"@id\":\"https:\/\/ideas.com\/de\/#website\",\"url\":\"https:\/\/ideas.com\/de\/\",\"name\":\"IDeaS\",\"description\":\"Driving Better Revenue\",\"publisher\":{\"@id\":\"https:\/\/ideas.com\/de\/#organization\"},\"potentialAction\":[{\"@type\":\"SearchAction\",\"target\":{\"@type\":\"EntryPoint\",\"urlTemplate\":\"https:\/\/ideas.com\/de\/?s={search_term_string}\"},\"query-input\":{\"@type\":\"PropertyValueSpecification\",\"valueRequired\":true,\"valueName\":\"search_term_string\"}}],\"inLanguage\":\"de-DE\"},{\"@type\":\"Organization\",\"@id\":\"https:\/\/ideas.com\/de\/#organization\",\"name\":\"IDeaS Revenue Solutions\",\"url\":\"https:\/\/ideas.com\/de\/\",\"logo\":{\"@type\":\"ImageObject\",\"inLanguage\":\"de-DE\",\"@id\":\"https:\/\/ideas.com\/de\/#\/schema\/logo\/image\/\",\"url\":\"https:\/\/ideas.com\/wp-content\/uploads\/2021\/08\/ideas-logo.svg\",\"contentUrl\":\"https:\/\/ideas.com\/wp-content\/uploads\/2021\/08\/ideas-logo.svg\",\"width\":1,\"height\":1,\"caption\":\"IDeaS Revenue Solutions\"},\"image\":{\"@id\":\"https:\/\/ideas.com\/de\/#\/schema\/logo\/image\/\"}}]}<\/script>\n<!-- \/ Yoast SEO plugin. -->","yoast_head_json":{"title":"Hotel-Marketing-Strategie | IDeaS","description":"Optimieren Sie Marketingausgaben mit Revenue Science. IDeaS bietet Marketingverantwortlichen datengest\u00fctzte Einblicke, die gezielte Kampagnen erm\u00f6glichen, die G\u00e4ste anziehen und den Umsatz steigern. Weitere Informationen.","robots":{"index":"index","follow":"follow","max-snippet":"max-snippet:-1","max-image-preview":"max-image-preview:large","max-video-preview":"max-video-preview:-1"},"canonical":"https:\/\/ideas.com\/de\/marketing-optimierung\/","og_locale":"de_DE","og_type":"article","og_title":"Hotel-Marketing-Strategie | IDeaS","og_description":"Optimieren Sie Marketingausgaben mit Revenue Science. IDeaS bietet Marketingverantwortlichen datengest\u00fctzte Einblicke, die gezielte Kampagnen erm\u00f6glichen, die G\u00e4ste anziehen und den Umsatz steigern. Weitere Informationen.","og_url":"https:\/\/ideas.com\/de\/marketing-optimierung\/","og_site_name":"IDeaS","article_modified_time":"2025-05-16T20:59:43+00:00","og_image":[{"url":"https:\/\/ideas.com\/wp-content\/uploads\/2025\/04\/Performance-Marketing-Solution-Page-social-image-1024x538.jpg","type":"","width":"","height":""}],"twitter_card":"summary_large_image","schema":{"@context":"https:\/\/schema.org","@graph":[{"@type":"WebPage","@id":"https:\/\/ideas.com\/de\/marketing-optimierung\/","url":"https:\/\/ideas.com\/de\/marketing-optimierung\/","name":"Hotel-Marketing-Strategie | IDeaS","isPartOf":{"@id":"https:\/\/ideas.com\/de\/#website"},"datePublished":"2025-05-16T20:56:06+00:00","dateModified":"2025-05-16T20:59:43+00:00","description":"Optimieren Sie Marketingausgaben mit Revenue Science. IDeaS bietet Marketingverantwortlichen datengest\u00fctzte Einblicke, die gezielte Kampagnen erm\u00f6glichen, die G\u00e4ste anziehen und den Umsatz steigern. Weitere Informationen.","inLanguage":"de-DE","potentialAction":[{"@type":"ReadAction","target":["https:\/\/ideas.com\/de\/marketing-optimierung\/"]}]},{"@type":"WebSite","@id":"https:\/\/ideas.com\/de\/#website","url":"https:\/\/ideas.com\/de\/","name":"IDeaS","description":"Driving Better Revenue","publisher":{"@id":"https:\/\/ideas.com\/de\/#organization"},"potentialAction":[{"@type":"SearchAction","target":{"@type":"EntryPoint","urlTemplate":"https:\/\/ideas.com\/de\/?s={search_term_string}"},"query-input":{"@type":"PropertyValueSpecification","valueRequired":true,"valueName":"search_term_string"}}],"inLanguage":"de-DE"},{"@type":"Organization","@id":"https:\/\/ideas.com\/de\/#organization","name":"IDeaS Revenue Solutions","url":"https:\/\/ideas.com\/de\/","logo":{"@type":"ImageObject","inLanguage":"de-DE","@id":"https:\/\/ideas.com\/de\/#\/schema\/logo\/image\/","url":"https:\/\/ideas.com\/wp-content\/uploads\/2021\/08\/ideas-logo.svg","contentUrl":"https:\/\/ideas.com\/wp-content\/uploads\/2021\/08\/ideas-logo.svg","width":1,"height":1,"caption":"IDeaS Revenue Solutions"},"image":{"@id":"https:\/\/ideas.com\/de\/#\/schema\/logo\/image\/"}}]}},"_links":{"self":[{"href":"https:\/\/ideas.com\/de\/wp-json\/wp\/v2\/pages\/143986","targetHints":{"allow":["GET"]}}],"collection":[{"href":"https:\/\/ideas.com\/de\/wp-json\/wp\/v2\/pages"}],"about":[{"href":"https:\/\/ideas.com\/de\/wp-json\/wp\/v2\/types\/page"}],"author":[{"embeddable":true,"href":"https:\/\/ideas.com\/de\/wp-json\/wp\/v2\/users\/56"}],"replies":[{"embeddable":true,"href":"https:\/\/ideas.com\/de\/wp-json\/wp\/v2\/comments?post=143986"}],"version-history":[{"count":0,"href":"https:\/\/ideas.com\/de\/wp-json\/wp\/v2\/pages\/143986\/revisions"}],"wp:attachment":[{"href":"https:\/\/ideas.com\/de\/wp-json\/wp\/v2\/media?parent=143986"}],"wp:term":[{"taxonomy":"post_tag","embeddable":true,"href":"https:\/\/ideas.com\/de\/wp-json\/wp\/v2\/tags?post=143986"}],"curies":[{"name":"wp","href":"https:\/\/api.w.org\/{rel}","templated":true}]}}