{"id":144491,"date":"2025-06-26T13:54:41","date_gmt":"2025-06-26T18:54:41","guid":{"rendered":"https:\/\/ideas.com\/rms-investition\/"},"modified":"2026-02-19T09:09:17","modified_gmt":"2026-02-19T15:09:17","slug":"rms-investition","status":"publish","type":"page","link":"https:\/\/ideas.com\/de\/rms-investition\/","title":{"rendered":"RMS-Investition"},"content":{"rendered":"","protected":false},"excerpt":{"rendered":"","protected":false},"author":112,"featured_media":0,"parent":0,"menu_order":0,"comment_status":"closed","ping_status":"closed","template":"templates\/landing-page.php","meta":{"_acf_changed":false,"_crdt_document":"","inline_featured_image":false,"footnotes":""},"tags":[],"class_list":["post-144491","page","type-page","status-publish","hentry"],"acf":[],"yoast_head":"<!-- This site is optimized with the Yoast SEO plugin v27.2 - https:\/\/yoast.com\/product\/yoast-seo-wordpress\/ -->\n<title>Hotel RMS | IDeaS Revenue-L\u00f6sungen<\/title>\n<meta name=\"description\" content=\"Investition in ein RMS bedeutet, die beste Option f\u00fcr Ihr Hotel zu w\u00e4hlen, die Ihrem Budget entspricht, und Investoren davon zu \u00fcberzeugen, den Schritt zu wagen. Wir helfen Hoteliers bei der Optimierung ihrer Einnahmen.\" \/>\n<meta name=\"robots\" content=\"noindex, nofollow\" \/>\n<meta property=\"og:locale\" content=\"de_DE\" \/>\n<meta property=\"og:type\" content=\"article\" \/>\n<meta property=\"og:title\" content=\"Hotel RMS | IDeaS Revenue-L\u00f6sungen\" \/>\n<meta property=\"og:description\" content=\"Investition in ein RMS bedeutet, die beste Option f\u00fcr Ihr Hotel zu w\u00e4hlen, die Ihrem Budget entspricht, und Investoren davon zu \u00fcberzeugen, den Schritt zu wagen. Wir helfen Hoteliers bei der Optimierung ihrer Einnahmen.\" \/>\n<meta property=\"og:url\" content=\"https:\/\/ideas.com\/de\/rms-investition\/\" \/>\n<meta property=\"og:site_name\" content=\"IDeaS\" \/>\n<meta property=\"article:modified_time\" content=\"2026-02-19T15:09:17+00:00\" \/>\n<meta property=\"og:image\" content=\"https:\/\/ideas.com\/wp-content\/uploads\/2025\/06\/Budget-25-social-image-2-1024x538.jpg\" \/>\n<meta name=\"twitter:card\" content=\"summary_large_image\" \/>\n<script type=\"application\/ld+json\" class=\"yoast-schema-graph\">{\"@context\":\"https:\/\/schema.org\",\"@graph\":[{\"@type\":\"WebPage\",\"@id\":\"https:\/\/ideas.com\/de\/rms-investition\/\",\"url\":\"https:\/\/ideas.com\/de\/rms-investition\/\",\"name\":\"Hotel RMS | IDeaS Revenue-L\u00f6sungen\",\"isPartOf\":{\"@id\":\"https:\/\/ideas.com\/de\/#website\"},\"datePublished\":\"2025-06-26T18:54:41+00:00\",\"dateModified\":\"2026-02-19T15:09:17+00:00\",\"description\":\"Investition in ein RMS bedeutet, die beste Option f\u00fcr Ihr Hotel zu w\u00e4hlen, die Ihrem Budget entspricht, und Investoren davon zu \u00fcberzeugen, den Schritt zu wagen. Wir helfen Hoteliers bei der Optimierung ihrer Einnahmen.\",\"inLanguage\":\"de-DE\",\"potentialAction\":[{\"@type\":\"ReadAction\",\"target\":[\"https:\/\/ideas.com\/de\/rms-investition\/\"]}]},{\"@type\":\"WebSite\",\"@id\":\"https:\/\/ideas.com\/de\/#website\",\"url\":\"https:\/\/ideas.com\/de\/\",\"name\":\"IDeaS\",\"description\":\"Driving Better Revenue\",\"publisher\":{\"@id\":\"https:\/\/ideas.com\/de\/#organization\"},\"potentialAction\":[{\"@type\":\"SearchAction\",\"target\":{\"@type\":\"EntryPoint\",\"urlTemplate\":\"https:\/\/ideas.com\/de\/?s={search_term_string}\"},\"query-input\":{\"@type\":\"PropertyValueSpecification\",\"valueRequired\":true,\"valueName\":\"search_term_string\"}}],\"inLanguage\":\"de-DE\"},{\"@type\":\"Organization\",\"@id\":\"https:\/\/ideas.com\/de\/#organization\",\"name\":\"IDeaS Revenue Solutions\",\"url\":\"https:\/\/ideas.com\/de\/\",\"logo\":{\"@type\":\"ImageObject\",\"inLanguage\":\"de-DE\",\"@id\":\"https:\/\/ideas.com\/de\/#\/schema\/logo\/image\/\",\"url\":\"https:\/\/ideas.com\/wp-content\/uploads\/2021\/08\/ideas-logo.svg\",\"contentUrl\":\"https:\/\/ideas.com\/wp-content\/uploads\/2021\/08\/ideas-logo.svg\",\"width\":1,\"height\":1,\"caption\":\"IDeaS Revenue Solutions\"},\"image\":{\"@id\":\"https:\/\/ideas.com\/de\/#\/schema\/logo\/image\/\"}}]}<\/script>\n<!-- \/ Yoast SEO plugin. -->","yoast_head_json":{"title":"Hotel RMS | IDeaS Revenue-L\u00f6sungen","description":"Investition in ein RMS bedeutet, die beste Option f\u00fcr Ihr Hotel zu w\u00e4hlen, die Ihrem Budget entspricht, und Investoren davon zu \u00fcberzeugen, den Schritt zu wagen. Wir helfen Hoteliers bei der Optimierung ihrer Einnahmen.","robots":{"index":"noindex","follow":"nofollow"},"og_locale":"de_DE","og_type":"article","og_title":"Hotel RMS | IDeaS Revenue-L\u00f6sungen","og_description":"Investition in ein RMS bedeutet, die beste Option f\u00fcr Ihr Hotel zu w\u00e4hlen, die Ihrem Budget entspricht, und Investoren davon zu \u00fcberzeugen, den Schritt zu wagen. Wir helfen Hoteliers bei der Optimierung ihrer Einnahmen.","og_url":"https:\/\/ideas.com\/de\/rms-investition\/","og_site_name":"IDeaS","article_modified_time":"2026-02-19T15:09:17+00:00","og_image":[{"url":"https:\/\/ideas.com\/wp-content\/uploads\/2025\/06\/Budget-25-social-image-2-1024x538.jpg","type":"","width":"","height":""}],"twitter_card":"summary_large_image","schema":{"@context":"https:\/\/schema.org","@graph":[{"@type":"WebPage","@id":"https:\/\/ideas.com\/de\/rms-investition\/","url":"https:\/\/ideas.com\/de\/rms-investition\/","name":"Hotel RMS | IDeaS Revenue-L\u00f6sungen","isPartOf":{"@id":"https:\/\/ideas.com\/de\/#website"},"datePublished":"2025-06-26T18:54:41+00:00","dateModified":"2026-02-19T15:09:17+00:00","description":"Investition in ein RMS bedeutet, die beste Option f\u00fcr Ihr Hotel zu w\u00e4hlen, die Ihrem Budget entspricht, und Investoren davon zu \u00fcberzeugen, den Schritt zu wagen. Wir helfen Hoteliers bei der Optimierung ihrer Einnahmen.","inLanguage":"de-DE","potentialAction":[{"@type":"ReadAction","target":["https:\/\/ideas.com\/de\/rms-investition\/"]}]},{"@type":"WebSite","@id":"https:\/\/ideas.com\/de\/#website","url":"https:\/\/ideas.com\/de\/","name":"IDeaS","description":"Driving Better Revenue","publisher":{"@id":"https:\/\/ideas.com\/de\/#organization"},"potentialAction":[{"@type":"SearchAction","target":{"@type":"EntryPoint","urlTemplate":"https:\/\/ideas.com\/de\/?s={search_term_string}"},"query-input":{"@type":"PropertyValueSpecification","valueRequired":true,"valueName":"search_term_string"}}],"inLanguage":"de-DE"},{"@type":"Organization","@id":"https:\/\/ideas.com\/de\/#organization","name":"IDeaS Revenue Solutions","url":"https:\/\/ideas.com\/de\/","logo":{"@type":"ImageObject","inLanguage":"de-DE","@id":"https:\/\/ideas.com\/de\/#\/schema\/logo\/image\/","url":"https:\/\/ideas.com\/wp-content\/uploads\/2021\/08\/ideas-logo.svg","contentUrl":"https:\/\/ideas.com\/wp-content\/uploads\/2021\/08\/ideas-logo.svg","width":1,"height":1,"caption":"IDeaS Revenue Solutions"},"image":{"@id":"https:\/\/ideas.com\/de\/#\/schema\/logo\/image\/"}}]}},"_links":{"self":[{"href":"https:\/\/ideas.com\/de\/wp-json\/wp\/v2\/pages\/144491","targetHints":{"allow":["GET"]}}],"collection":[{"href":"https:\/\/ideas.com\/de\/wp-json\/wp\/v2\/pages"}],"about":[{"href":"https:\/\/ideas.com\/de\/wp-json\/wp\/v2\/types\/page"}],"author":[{"embeddable":true,"href":"https:\/\/ideas.com\/de\/wp-json\/wp\/v2\/users\/112"}],"replies":[{"embeddable":true,"href":"https:\/\/ideas.com\/de\/wp-json\/wp\/v2\/comments?post=144491"}],"version-history":[{"count":0,"href":"https:\/\/ideas.com\/de\/wp-json\/wp\/v2\/pages\/144491\/revisions"}],"wp:attachment":[{"href":"https:\/\/ideas.com\/de\/wp-json\/wp\/v2\/media?parent=144491"}],"wp:term":[{"taxonomy":"post_tag","embeddable":true,"href":"https:\/\/ideas.com\/de\/wp-json\/wp\/v2\/tags?post=144491"}],"curies":[{"name":"wp","href":"https:\/\/api.w.org\/{rel}","templated":true}]}}