{"id":144829,"date":"2025-07-03T11:33:37","date_gmt":"2025-07-03T16:33:37","guid":{"rendered":"https:\/\/ideas.com\/unlocking-revenue-potential\/"},"modified":"2025-10-09T15:26:15","modified_gmt":"2025-10-09T20:26:15","slug":"future-forecast-2026","status":"publish","type":"page","link":"https:\/\/ideas.com\/de\/future-forecast-2026\/","title":{"rendered":"ZUKUNFTSPROGNOSE: Prognosen f\u00fcr die Hospitality- Technologie f\u00fcr 2026"},"content":{"rendered":"<p>Hotelbetreiber stehen unter st\u00e4ndigem Druck, ihre Abl\u00e4ufe zu optimieren, die Profitabilit\u00e4t zu steigern und gleichzeitig ein herausragendes G\u00e4steerlebnis in einem zunehmend komplexen Umfeld zu bieten.<\/p>\n<p>Dieses eBook zeigt die wichtigsten Trends f\u00fcr 2026, die genau diese Herausforderungen adressieren.<\/p>\n<p>Von der Vereinfachung fragmentierter Tech-Stacks bis hin zu nachhaltigem Wachstum und langfristiger Mitarbeiterbindung \u2013 erhalten Sie wertvolle Insights von Branchenf\u00fchrern, die Ihnen helfen, Ver\u00e4nderungen aktiv zu gestalten und der Konkurrenz einen Schritt voraus zu sein.<\/p>\n","protected":false},"excerpt":{"rendered":"<p>Hotelbetreiber stehen unter st\u00e4ndigem Druck, ihre Abl\u00e4ufe zu optimieren, die Profitabilit\u00e4t zu steigern und gleichzeitig ein herausragendes G\u00e4steerlebnis in einem zunehmend komplexen Umfeld zu bieten.&hellip;<\/p>\n","protected":false},"author":112,"featured_media":146368,"parent":0,"menu_order":0,"comment_status":"closed","ping_status":"closed","template":"templates\/landing-page.php","meta":{"_acf_changed":false,"_crdt_document":"","inline_featured_image":false,"footnotes":""},"tags":[],"class_list":["post-144829","page","type-page","status-publish","has-post-thumbnail","hentry","funnel-stage-tofu"],"acf":[],"yoast_head":"<!-- This site is optimized with the Yoast SEO plugin v27.5 - https:\/\/yoast.com\/product\/yoast-seo-wordpress\/ -->\n<title>ZUKUNFTSPROGNOSE: Prognosen f\u00fcr die Hospitality- Technologie f\u00fcr 2026 | IDeaS<\/title>\n<meta name=\"description\" content=\"Hotelbetreiber stehen unter st\u00e4ndigem Druck, ihre Abl\u00e4ufe zu optimieren, die Profitabilit\u00e4t zu steigern und gleichzeitig ein herausragendes G\u00e4steerlebnis in einem zunehmend komplexen Umfeld zu bieten.Dieses eBook zeigt die wichtigsten Trends f\u00fcr 2026, die genau diese Herausforderungen adressieren. Von der Vereinfachung fragmentierter Tech-Stacks bis hin zu nachhaltigem Wachstum und langfristiger Mitarbeiterbindung \u2013 erhalten Sie wertvolle Insights von Branchenf\u00fchrern, die Ihnen helfen, Ver\u00e4nderungen aktiv zu gestalten und der Konkurrenz einen Schritt voraus zu sein.\" \/>\n<meta name=\"robots\" content=\"index, follow, max-snippet:-1, max-image-preview:large, max-video-preview:-1\" \/>\n<link rel=\"canonical\" href=\"https:\/\/ideas.com\/de\/future-forecast-2026\/\" \/>\n<meta property=\"og:locale\" content=\"de_DE\" \/>\n<meta property=\"og:type\" content=\"article\" \/>\n<meta property=\"og:title\" content=\"ZUKUNFTSPROGNOSE: Prognosen f\u00fcr die Hospitality-Technologie f\u00fcr 2026\" \/>\n<meta property=\"og:description\" content=\"Hotelbetreiber stehen unter st\u00e4ndigem Druck, ihre Abl\u00e4ufe zu optimieren, die Profitabilit\u00e4t zu steigern und gleichzeitig ein herausragendes G\u00e4steerlebnis in einem zunehmend komplexen Umfeld zu bieten.Dieses eBook zeigt die wichtigsten Trends f\u00fcr 2026, die genau diese Herausforderungen adressieren. Von der Vereinfachung fragmentierter Tech-Stacks bis hin zu nachhaltigem Wachstum und langfristiger Mitarbeiterbindung \u2013 erhalten Sie wertvolle Insights von Branchenf\u00fchrern, die Ihnen helfen, Ver\u00e4nderungen aktiv zu gestalten und der Konkurrenz einen Schritt voraus zu sein.\" \/>\n<meta property=\"og:url\" content=\"https:\/\/ideas.com\/de\/future-forecast-2026\/\" \/>\n<meta property=\"og:site_name\" content=\"IDeaS\" \/>\n<meta property=\"article:modified_time\" content=\"2025-10-09T20:26:15+00:00\" \/>\n<meta property=\"og:image\" content=\"https:\/\/ideas.com\/wp-content\/uploads\/2025\/10\/LP-Preview_Future-Forecast-2026-DE.png\" \/>\n\t<meta property=\"og:image:width\" content=\"1200\" \/>\n\t<meta property=\"og:image:height\" content=\"628\" \/>\n\t<meta property=\"og:image:type\" content=\"image\/png\" \/>\n<meta name=\"twitter:card\" content=\"summary_large_image\" \/>\n<meta name=\"twitter:title\" content=\"ZUKUNFTSPROGNOSE: Prognosen f\u00fcr die Hospitality-Technologie f\u00fcr 2026\" \/>\n<meta name=\"twitter:description\" content=\"Hotelbetreiber stehen unter st\u00e4ndigem Druck, ihre Abl\u00e4ufe zu optimieren, die Profitabilit\u00e4t zu steigern und gleichzeitig ein herausragendes G\u00e4steerlebnis in einem zunehmend komplexen Umfeld zu bieten.Dieses eBook zeigt die wichtigsten Trends f\u00fcr 2026, die genau diese Herausforderungen adressieren. Von der Vereinfachung fragmentierter Tech-Stacks bis hin zu nachhaltigem Wachstum und langfristiger Mitarbeiterbindung \u2013 erhalten Sie wertvolle Insights von Branchenf\u00fchrern, die Ihnen helfen, Ver\u00e4nderungen aktiv zu gestalten und der Konkurrenz einen Schritt voraus zu sein.\" \/>\n<meta name=\"twitter:image\" content=\"https:\/\/ideas.com\/wp-content\/uploads\/2025\/10\/LP-Preview_Future-Forecast-2026-DE.png\" \/>\n<meta name=\"twitter:label1\" content=\"Gesch\u00e4tzte Lesezeit\" \/>\n\t<meta name=\"twitter:data1\" content=\"1 Minute\" \/>\n<script type=\"application\/ld+json\" class=\"yoast-schema-graph\">{\"@context\":\"https:\\\/\\\/schema.org\",\"@graph\":[{\"@type\":\"WebPage\",\"@id\":\"https:\\\/\\\/ideas.com\\\/de\\\/future-forecast-2026\\\/\",\"url\":\"https:\\\/\\\/ideas.com\\\/de\\\/future-forecast-2026\\\/\",\"name\":\"ZUKUNFTSPROGNOSE: Prognosen f\u00fcr die Hospitality- Technologie f\u00fcr 2026 | IDeaS\",\"isPartOf\":{\"@id\":\"https:\\\/\\\/ideas.com\\\/de\\\/#website\"},\"primaryImageOfPage\":{\"@id\":\"https:\\\/\\\/ideas.com\\\/de\\\/future-forecast-2026\\\/#primaryimage\"},\"image\":{\"@id\":\"https:\\\/\\\/ideas.com\\\/de\\\/future-forecast-2026\\\/#primaryimage\"},\"thumbnailUrl\":\"https:\\\/\\\/ideas.com\\\/wp-content\\\/uploads\\\/2025\\\/10\\\/LP-Preview_Future-Forecast-2026-DE.png\",\"datePublished\":\"2025-07-03T16:33:37+00:00\",\"dateModified\":\"2025-10-09T20:26:15+00:00\",\"description\":\"Hotelbetreiber stehen unter st\u00e4ndigem Druck, ihre Abl\u00e4ufe zu optimieren, die Profitabilit\u00e4t zu steigern und gleichzeitig ein herausragendes G\u00e4steerlebnis in einem zunehmend komplexen Umfeld zu bieten.Dieses eBook zeigt die wichtigsten Trends f\u00fcr 2026, die genau diese Herausforderungen adressieren. Von der Vereinfachung fragmentierter Tech-Stacks bis hin zu nachhaltigem Wachstum und langfristiger Mitarbeiterbindung \u2013 erhalten Sie wertvolle Insights von Branchenf\u00fchrern, die Ihnen helfen, Ver\u00e4nderungen aktiv zu gestalten und der Konkurrenz einen Schritt voraus zu sein.\",\"inLanguage\":\"de-DE\",\"potentialAction\":[{\"@type\":\"ReadAction\",\"target\":[\"https:\\\/\\\/ideas.com\\\/de\\\/future-forecast-2026\\\/\"]}]},{\"@type\":\"ImageObject\",\"inLanguage\":\"de-DE\",\"@id\":\"https:\\\/\\\/ideas.com\\\/de\\\/future-forecast-2026\\\/#primaryimage\",\"url\":\"https:\\\/\\\/ideas.com\\\/wp-content\\\/uploads\\\/2025\\\/10\\\/LP-Preview_Future-Forecast-2026-DE.png\",\"contentUrl\":\"https:\\\/\\\/ideas.com\\\/wp-content\\\/uploads\\\/2025\\\/10\\\/LP-Preview_Future-Forecast-2026-DE.png\",\"width\":1200,\"height\":628},{\"@type\":\"WebSite\",\"@id\":\"https:\\\/\\\/ideas.com\\\/de\\\/#website\",\"url\":\"https:\\\/\\\/ideas.com\\\/de\\\/\",\"name\":\"IDeaS\",\"description\":\"Driving Better Revenue\",\"publisher\":{\"@id\":\"https:\\\/\\\/ideas.com\\\/de\\\/#organization\"},\"potentialAction\":[{\"@type\":\"SearchAction\",\"target\":{\"@type\":\"EntryPoint\",\"urlTemplate\":\"https:\\\/\\\/ideas.com\\\/de\\\/?s={search_term_string}\"},\"query-input\":{\"@type\":\"PropertyValueSpecification\",\"valueRequired\":true,\"valueName\":\"search_term_string\"}}],\"inLanguage\":\"de-DE\"},{\"@type\":\"Organization\",\"@id\":\"https:\\\/\\\/ideas.com\\\/de\\\/#organization\",\"name\":\"IDeaS Revenue Solutions\",\"url\":\"https:\\\/\\\/ideas.com\\\/de\\\/\",\"logo\":{\"@type\":\"ImageObject\",\"inLanguage\":\"de-DE\",\"@id\":\"https:\\\/\\\/ideas.com\\\/de\\\/#\\\/schema\\\/logo\\\/image\\\/\",\"url\":\"https:\\\/\\\/ideas.com\\\/wp-content\\\/uploads\\\/2021\\\/08\\\/ideas-logo.svg\",\"contentUrl\":\"https:\\\/\\\/ideas.com\\\/wp-content\\\/uploads\\\/2021\\\/08\\\/ideas-logo.svg\",\"width\":1,\"height\":1,\"caption\":\"IDeaS Revenue Solutions\"},\"image\":{\"@id\":\"https:\\\/\\\/ideas.com\\\/de\\\/#\\\/schema\\\/logo\\\/image\\\/\"}}]}<\/script>\n<!-- \/ Yoast SEO plugin. -->","yoast_head_json":{"title":"ZUKUNFTSPROGNOSE: Prognosen f\u00fcr die Hospitality- Technologie f\u00fcr 2026 | IDeaS","description":"Hotelbetreiber stehen unter st\u00e4ndigem Druck, ihre Abl\u00e4ufe zu optimieren, die Profitabilit\u00e4t zu steigern und gleichzeitig ein herausragendes G\u00e4steerlebnis in einem zunehmend komplexen Umfeld zu bieten.Dieses eBook zeigt die wichtigsten Trends f\u00fcr 2026, die genau diese Herausforderungen adressieren. Von der Vereinfachung fragmentierter Tech-Stacks bis hin zu nachhaltigem Wachstum und langfristiger Mitarbeiterbindung \u2013 erhalten Sie wertvolle Insights von Branchenf\u00fchrern, die Ihnen helfen, Ver\u00e4nderungen aktiv zu gestalten und der Konkurrenz einen Schritt voraus zu sein.","robots":{"index":"index","follow":"follow","max-snippet":"max-snippet:-1","max-image-preview":"max-image-preview:large","max-video-preview":"max-video-preview:-1"},"canonical":"https:\/\/ideas.com\/de\/future-forecast-2026\/","og_locale":"de_DE","og_type":"article","og_title":"ZUKUNFTSPROGNOSE: Prognosen f\u00fcr die Hospitality-Technologie f\u00fcr 2026","og_description":"Hotelbetreiber stehen unter st\u00e4ndigem Druck, ihre Abl\u00e4ufe zu optimieren, die Profitabilit\u00e4t zu steigern und gleichzeitig ein herausragendes G\u00e4steerlebnis in einem zunehmend komplexen Umfeld zu bieten.Dieses eBook zeigt die wichtigsten Trends f\u00fcr 2026, die genau diese Herausforderungen adressieren. Von der Vereinfachung fragmentierter Tech-Stacks bis hin zu nachhaltigem Wachstum und langfristiger Mitarbeiterbindung \u2013 erhalten Sie wertvolle Insights von Branchenf\u00fchrern, die Ihnen helfen, Ver\u00e4nderungen aktiv zu gestalten und der Konkurrenz einen Schritt voraus zu sein.","og_url":"https:\/\/ideas.com\/de\/future-forecast-2026\/","og_site_name":"IDeaS","article_modified_time":"2025-10-09T20:26:15+00:00","og_image":[{"width":1200,"height":628,"url":"https:\/\/ideas.com\/wp-content\/uploads\/2025\/10\/LP-Preview_Future-Forecast-2026-DE.png","type":"image\/png"}],"twitter_card":"summary_large_image","twitter_title":"ZUKUNFTSPROGNOSE: Prognosen f\u00fcr die Hospitality-Technologie f\u00fcr 2026","twitter_description":"Hotelbetreiber stehen unter st\u00e4ndigem Druck, ihre Abl\u00e4ufe zu optimieren, die Profitabilit\u00e4t zu steigern und gleichzeitig ein herausragendes G\u00e4steerlebnis in einem zunehmend komplexen Umfeld zu bieten.Dieses eBook zeigt die wichtigsten Trends f\u00fcr 2026, die genau diese Herausforderungen adressieren. Von der Vereinfachung fragmentierter Tech-Stacks bis hin zu nachhaltigem Wachstum und langfristiger Mitarbeiterbindung \u2013 erhalten Sie wertvolle Insights von Branchenf\u00fchrern, die Ihnen helfen, Ver\u00e4nderungen aktiv zu gestalten und der Konkurrenz einen Schritt voraus zu sein.","twitter_image":"https:\/\/ideas.com\/wp-content\/uploads\/2025\/10\/LP-Preview_Future-Forecast-2026-DE.png","twitter_misc":{"Gesch\u00e4tzte Lesezeit":"1 Minute"},"schema":{"@context":"https:\/\/schema.org","@graph":[{"@type":"WebPage","@id":"https:\/\/ideas.com\/de\/future-forecast-2026\/","url":"https:\/\/ideas.com\/de\/future-forecast-2026\/","name":"ZUKUNFTSPROGNOSE: Prognosen f\u00fcr die Hospitality- Technologie f\u00fcr 2026 | IDeaS","isPartOf":{"@id":"https:\/\/ideas.com\/de\/#website"},"primaryImageOfPage":{"@id":"https:\/\/ideas.com\/de\/future-forecast-2026\/#primaryimage"},"image":{"@id":"https:\/\/ideas.com\/de\/future-forecast-2026\/#primaryimage"},"thumbnailUrl":"https:\/\/ideas.com\/wp-content\/uploads\/2025\/10\/LP-Preview_Future-Forecast-2026-DE.png","datePublished":"2025-07-03T16:33:37+00:00","dateModified":"2025-10-09T20:26:15+00:00","description":"Hotelbetreiber stehen unter st\u00e4ndigem Druck, ihre Abl\u00e4ufe zu optimieren, die Profitabilit\u00e4t zu steigern und gleichzeitig ein herausragendes G\u00e4steerlebnis in einem zunehmend komplexen Umfeld zu bieten.Dieses eBook zeigt die wichtigsten Trends f\u00fcr 2026, die genau diese Herausforderungen adressieren. Von der Vereinfachung fragmentierter Tech-Stacks bis hin zu nachhaltigem Wachstum und langfristiger Mitarbeiterbindung \u2013 erhalten Sie wertvolle Insights von Branchenf\u00fchrern, die Ihnen helfen, Ver\u00e4nderungen aktiv zu gestalten und der Konkurrenz einen Schritt voraus zu sein.","inLanguage":"de-DE","potentialAction":[{"@type":"ReadAction","target":["https:\/\/ideas.com\/de\/future-forecast-2026\/"]}]},{"@type":"ImageObject","inLanguage":"de-DE","@id":"https:\/\/ideas.com\/de\/future-forecast-2026\/#primaryimage","url":"https:\/\/ideas.com\/wp-content\/uploads\/2025\/10\/LP-Preview_Future-Forecast-2026-DE.png","contentUrl":"https:\/\/ideas.com\/wp-content\/uploads\/2025\/10\/LP-Preview_Future-Forecast-2026-DE.png","width":1200,"height":628},{"@type":"WebSite","@id":"https:\/\/ideas.com\/de\/#website","url":"https:\/\/ideas.com\/de\/","name":"IDeaS","description":"Driving Better Revenue","publisher":{"@id":"https:\/\/ideas.com\/de\/#organization"},"potentialAction":[{"@type":"SearchAction","target":{"@type":"EntryPoint","urlTemplate":"https:\/\/ideas.com\/de\/?s={search_term_string}"},"query-input":{"@type":"PropertyValueSpecification","valueRequired":true,"valueName":"search_term_string"}}],"inLanguage":"de-DE"},{"@type":"Organization","@id":"https:\/\/ideas.com\/de\/#organization","name":"IDeaS Revenue Solutions","url":"https:\/\/ideas.com\/de\/","logo":{"@type":"ImageObject","inLanguage":"de-DE","@id":"https:\/\/ideas.com\/de\/#\/schema\/logo\/image\/","url":"https:\/\/ideas.com\/wp-content\/uploads\/2021\/08\/ideas-logo.svg","contentUrl":"https:\/\/ideas.com\/wp-content\/uploads\/2021\/08\/ideas-logo.svg","width":1,"height":1,"caption":"IDeaS Revenue Solutions"},"image":{"@id":"https:\/\/ideas.com\/de\/#\/schema\/logo\/image\/"}}]}},"_links":{"self":[{"href":"https:\/\/ideas.com\/de\/wp-json\/wp\/v2\/pages\/144829","targetHints":{"allow":["GET"]}}],"collection":[{"href":"https:\/\/ideas.com\/de\/wp-json\/wp\/v2\/pages"}],"about":[{"href":"https:\/\/ideas.com\/de\/wp-json\/wp\/v2\/types\/page"}],"author":[{"embeddable":true,"href":"https:\/\/ideas.com\/de\/wp-json\/wp\/v2\/users\/112"}],"replies":[{"embeddable":true,"href":"https:\/\/ideas.com\/de\/wp-json\/wp\/v2\/comments?post=144829"}],"version-history":[{"count":0,"href":"https:\/\/ideas.com\/de\/wp-json\/wp\/v2\/pages\/144829\/revisions"}],"wp:featuredmedia":[{"embeddable":true,"href":"https:\/\/ideas.com\/de\/wp-json\/wp\/v2\/media\/146368"}],"wp:attachment":[{"href":"https:\/\/ideas.com\/de\/wp-json\/wp\/v2\/media?parent=144829"}],"wp:term":[{"taxonomy":"post_tag","embeddable":true,"href":"https:\/\/ideas.com\/de\/wp-json\/wp\/v2\/tags?post=144829"}],"curies":[{"name":"wp","href":"https:\/\/api.w.org\/{rel}","templated":true}]}}