{"id":148243,"date":"2025-12-18T11:48:37","date_gmt":"2025-12-18T17:48:37","guid":{"rendered":"https:\/\/ideas.com\/warum-ideas\/"},"modified":"2026-02-19T08:36:21","modified_gmt":"2026-02-19T14:36:21","slug":"warum-ideas","status":"publish","type":"page","link":"https:\/\/ideas.com\/de\/warum-ideas\/","title":{"rendered":"Warum IDeaS"},"content":{"rendered":"","protected":false},"excerpt":{"rendered":"","protected":false},"author":56,"featured_media":0,"parent":0,"menu_order":0,"comment_status":"closed","ping_status":"closed","template":"templates\/landing-page.php","meta":{"_acf_changed":false,"_crdt_document":"","inline_featured_image":false,"footnotes":""},"tags":[],"class_list":["post-148243","page","type-page","status-publish","hentry"],"acf":[],"yoast_head":"<!-- This site is optimized with the Yoast SEO plugin v27.5 - https:\/\/yoast.com\/product\/yoast-seo-wordpress\/ -->\n<title>Warum IDeaS: Das f\u00fchrende Revenue Management-System mit nachweislichen Vorteilen<\/title>\n<meta name=\"description\" content=\"Entdecken Sie, warum weltweit mehr als 30.000\u00a0Hotels IDeaS vertrauen. Vergleichen Sie Revenue Management-Systeme, entdecken Sie die Vorteile des Revenue Managements und erfahren Sie, wie IDeaS nachweislich Wachstum, Innovation und langfristige Zuverl\u00e4ssigkeit bietet.\" \/>\n<meta name=\"robots\" content=\"index, follow, max-snippet:-1, max-image-preview:large, max-video-preview:-1\" \/>\n<link rel=\"canonical\" href=\"https:\/\/ideas.com\/de\/warum-ideas\/\" \/>\n<meta property=\"og:locale\" content=\"de_DE\" \/>\n<meta property=\"og:type\" content=\"article\" \/>\n<meta property=\"og:title\" content=\"Warum IDeaS: Das f\u00fchrende Revenue Management-System mit nachweislichen Vorteilen\" \/>\n<meta property=\"og:description\" content=\"Entdecken Sie, warum weltweit mehr als 30.000\u00a0Hotels IDeaS vertrauen. Vergleichen Sie Revenue Management-Systeme, entdecken Sie die Vorteile des Revenue Managements und erfahren Sie, wie IDeaS nachweislich Wachstum, Innovation und langfristige Zuverl\u00e4ssigkeit bietet.\" \/>\n<meta property=\"og:url\" content=\"https:\/\/ideas.com\/de\/warum-ideas\/\" \/>\n<meta property=\"og:site_name\" content=\"IDeaS\" \/>\n<meta property=\"article:modified_time\" content=\"2026-02-19T14:36:21+00:00\" \/>\n<meta property=\"og:image\" content=\"https:\/\/ideas.com\/wp-content\/uploads\/2024\/12\/ideas_social_image.png\" \/>\n\t<meta property=\"og:image:width\" content=\"1800\" \/>\n\t<meta property=\"og:image:height\" content=\"945\" \/>\n\t<meta property=\"og:image:type\" content=\"image\/png\" \/>\n<meta name=\"twitter:card\" content=\"summary_large_image\" \/>\n<meta name=\"twitter:title\" content=\"Verschaffen Sie sich einen Wettbewerbsvorteil\" \/>\n<meta name=\"twitter:description\" content=\"Marktbedingungen und Bedrohungen durch Konkurrenten unterliegen nicht Ihrer Kontrolle. Doch die Wahl eines \u00fcberlegenen Revenue Management-Systems ist entscheidend. IDeaS G3 RMS unterst\u00fctzt Hoteliers dabei, eine h\u00f6here Profitabilit\u00e4t zu erzielen.\" \/>\n<meta name=\"twitter:image\" content=\"https:\/\/ideas.com\/wp-content\/uploads\/2025\/06\/IDeaS-Edge-1024x536.png\" \/>\n<script type=\"application\/ld+json\" class=\"yoast-schema-graph\">{\"@context\":\"https:\\\/\\\/schema.org\",\"@graph\":[{\"@type\":\"WebPage\",\"@id\":\"https:\\\/\\\/ideas.com\\\/de\\\/warum-ideas\\\/\",\"url\":\"https:\\\/\\\/ideas.com\\\/de\\\/warum-ideas\\\/\",\"name\":\"Warum IDeaS: Das f\u00fchrende Revenue Management-System mit nachweislichen Vorteilen\",\"isPartOf\":{\"@id\":\"https:\\\/\\\/ideas.com\\\/de\\\/#website\"},\"datePublished\":\"2025-12-18T17:48:37+00:00\",\"dateModified\":\"2026-02-19T14:36:21+00:00\",\"description\":\"Entdecken Sie, warum weltweit mehr als 30.000\u00a0Hotels IDeaS vertrauen. Vergleichen Sie Revenue Management-Systeme, entdecken Sie die Vorteile des Revenue Managements und erfahren Sie, wie IDeaS nachweislich Wachstum, Innovation und langfristige Zuverl\u00e4ssigkeit bietet.\",\"inLanguage\":\"de-DE\",\"potentialAction\":[{\"@type\":\"ReadAction\",\"target\":[\"https:\\\/\\\/ideas.com\\\/de\\\/warum-ideas\\\/\"]}]},{\"@type\":\"WebSite\",\"@id\":\"https:\\\/\\\/ideas.com\\\/de\\\/#website\",\"url\":\"https:\\\/\\\/ideas.com\\\/de\\\/\",\"name\":\"IDeaS\",\"description\":\"Driving Better Revenue\",\"publisher\":{\"@id\":\"https:\\\/\\\/ideas.com\\\/de\\\/#organization\"},\"potentialAction\":[{\"@type\":\"SearchAction\",\"target\":{\"@type\":\"EntryPoint\",\"urlTemplate\":\"https:\\\/\\\/ideas.com\\\/de\\\/?s={search_term_string}\"},\"query-input\":{\"@type\":\"PropertyValueSpecification\",\"valueRequired\":true,\"valueName\":\"search_term_string\"}}],\"inLanguage\":\"de-DE\"},{\"@type\":\"Organization\",\"@id\":\"https:\\\/\\\/ideas.com\\\/de\\\/#organization\",\"name\":\"IDeaS Revenue Solutions\",\"url\":\"https:\\\/\\\/ideas.com\\\/de\\\/\",\"logo\":{\"@type\":\"ImageObject\",\"inLanguage\":\"de-DE\",\"@id\":\"https:\\\/\\\/ideas.com\\\/de\\\/#\\\/schema\\\/logo\\\/image\\\/\",\"url\":\"https:\\\/\\\/ideas.com\\\/wp-content\\\/uploads\\\/2021\\\/08\\\/ideas-logo.svg\",\"contentUrl\":\"https:\\\/\\\/ideas.com\\\/wp-content\\\/uploads\\\/2021\\\/08\\\/ideas-logo.svg\",\"width\":1,\"height\":1,\"caption\":\"IDeaS Revenue Solutions\"},\"image\":{\"@id\":\"https:\\\/\\\/ideas.com\\\/de\\\/#\\\/schema\\\/logo\\\/image\\\/\"}}]}<\/script>\n<!-- \/ Yoast SEO plugin. -->","yoast_head_json":{"title":"Warum IDeaS: Das f\u00fchrende Revenue Management-System mit nachweislichen Vorteilen","description":"Entdecken Sie, warum weltweit mehr als 30.000\u00a0Hotels IDeaS vertrauen. Vergleichen Sie Revenue Management-Systeme, entdecken Sie die Vorteile des Revenue Managements und erfahren Sie, wie IDeaS nachweislich Wachstum, Innovation und langfristige Zuverl\u00e4ssigkeit bietet.","robots":{"index":"index","follow":"follow","max-snippet":"max-snippet:-1","max-image-preview":"max-image-preview:large","max-video-preview":"max-video-preview:-1"},"canonical":"https:\/\/ideas.com\/de\/warum-ideas\/","og_locale":"de_DE","og_type":"article","og_title":"Warum IDeaS: Das f\u00fchrende Revenue Management-System mit nachweislichen Vorteilen","og_description":"Entdecken Sie, warum weltweit mehr als 30.000\u00a0Hotels IDeaS vertrauen. Vergleichen Sie Revenue Management-Systeme, entdecken Sie die Vorteile des Revenue Managements und erfahren Sie, wie IDeaS nachweislich Wachstum, Innovation und langfristige Zuverl\u00e4ssigkeit bietet.","og_url":"https:\/\/ideas.com\/de\/warum-ideas\/","og_site_name":"IDeaS","article_modified_time":"2026-02-19T14:36:21+00:00","og_image":[{"width":1800,"height":945,"url":"https:\/\/ideas.com\/wp-content\/uploads\/2024\/12\/ideas_social_image.png","type":"image\/png"}],"twitter_card":"summary_large_image","twitter_title":"Verschaffen Sie sich einen Wettbewerbsvorteil","twitter_description":"Marktbedingungen und Bedrohungen durch Konkurrenten unterliegen nicht Ihrer Kontrolle. Doch die Wahl eines \u00fcberlegenen Revenue Management-Systems ist entscheidend. IDeaS G3 RMS unterst\u00fctzt Hoteliers dabei, eine h\u00f6here Profitabilit\u00e4t zu erzielen.","twitter_image":"https:\/\/ideas.com\/wp-content\/uploads\/2025\/06\/IDeaS-Edge-1024x536.png","schema":{"@context":"https:\/\/schema.org","@graph":[{"@type":"WebPage","@id":"https:\/\/ideas.com\/de\/warum-ideas\/","url":"https:\/\/ideas.com\/de\/warum-ideas\/","name":"Warum IDeaS: Das f\u00fchrende Revenue Management-System mit nachweislichen Vorteilen","isPartOf":{"@id":"https:\/\/ideas.com\/de\/#website"},"datePublished":"2025-12-18T17:48:37+00:00","dateModified":"2026-02-19T14:36:21+00:00","description":"Entdecken Sie, warum weltweit mehr als 30.000\u00a0Hotels IDeaS vertrauen. Vergleichen Sie Revenue Management-Systeme, entdecken Sie die Vorteile des Revenue Managements und erfahren Sie, wie IDeaS nachweislich Wachstum, Innovation und langfristige Zuverl\u00e4ssigkeit bietet.","inLanguage":"de-DE","potentialAction":[{"@type":"ReadAction","target":["https:\/\/ideas.com\/de\/warum-ideas\/"]}]},{"@type":"WebSite","@id":"https:\/\/ideas.com\/de\/#website","url":"https:\/\/ideas.com\/de\/","name":"IDeaS","description":"Driving Better Revenue","publisher":{"@id":"https:\/\/ideas.com\/de\/#organization"},"potentialAction":[{"@type":"SearchAction","target":{"@type":"EntryPoint","urlTemplate":"https:\/\/ideas.com\/de\/?s={search_term_string}"},"query-input":{"@type":"PropertyValueSpecification","valueRequired":true,"valueName":"search_term_string"}}],"inLanguage":"de-DE"},{"@type":"Organization","@id":"https:\/\/ideas.com\/de\/#organization","name":"IDeaS Revenue Solutions","url":"https:\/\/ideas.com\/de\/","logo":{"@type":"ImageObject","inLanguage":"de-DE","@id":"https:\/\/ideas.com\/de\/#\/schema\/logo\/image\/","url":"https:\/\/ideas.com\/wp-content\/uploads\/2021\/08\/ideas-logo.svg","contentUrl":"https:\/\/ideas.com\/wp-content\/uploads\/2021\/08\/ideas-logo.svg","width":1,"height":1,"caption":"IDeaS Revenue Solutions"},"image":{"@id":"https:\/\/ideas.com\/de\/#\/schema\/logo\/image\/"}}]}},"_links":{"self":[{"href":"https:\/\/ideas.com\/de\/wp-json\/wp\/v2\/pages\/148243","targetHints":{"allow":["GET"]}}],"collection":[{"href":"https:\/\/ideas.com\/de\/wp-json\/wp\/v2\/pages"}],"about":[{"href":"https:\/\/ideas.com\/de\/wp-json\/wp\/v2\/types\/page"}],"author":[{"embeddable":true,"href":"https:\/\/ideas.com\/de\/wp-json\/wp\/v2\/users\/56"}],"replies":[{"embeddable":true,"href":"https:\/\/ideas.com\/de\/wp-json\/wp\/v2\/comments?post=148243"}],"version-history":[{"count":0,"href":"https:\/\/ideas.com\/de\/wp-json\/wp\/v2\/pages\/148243\/revisions"}],"wp:attachment":[{"href":"https:\/\/ideas.com\/de\/wp-json\/wp\/v2\/media?parent=148243"}],"wp:term":[{"taxonomy":"post_tag","embeddable":true,"href":"https:\/\/ideas.com\/de\/wp-json\/wp\/v2\/tags?post=148243"}],"curies":[{"name":"wp","href":"https:\/\/api.w.org\/{rel}","templated":true}]}}