{"id":150524,"date":"2024-11-19T12:51:56","date_gmt":"2024-11-19T18:51:56","guid":{"rendered":"https:\/\/ideas.com\/lessons-in-revenue-total-revenue-profit-optimization\/"},"modified":"2026-03-26T10:50:30","modified_gmt":"2026-03-26T15:50:30","slug":"lessons-in-revenue-total-revenue-profit-optimization","status":"publish","type":"page","link":"https:\/\/ideas.com\/de\/lessons-in-revenue-total-revenue-profit-optimization\/","title":{"rendered":"LEKTIONEN zum Thema Umsatz: Gesamtumsatz- und Gewinnoptimierung"},"content":{"rendered":"<p>Erfahren Sie mehr \u00fcber die wesentlichen Komponenten und strategischen \u00dcberlegungen des Total Revenue Managements und dar\u00fcber, wie es umgesetzt werden kann, um die Ausgaben der G\u00e4ste zu steigern, die betriebliche Effizienz zu verbessern und Ihren Gewinn zu steigern.<\/p>\n","protected":false},"excerpt":{"rendered":"<p>Erfahren Sie mehr \u00fcber die wesentlichen Komponenten und strategischen \u00dcberlegungen des Total Revenue Managements und dar\u00fcber, wie es umgesetzt werden kann, um die Ausgaben der&hellip;<\/p>\n","protected":false},"author":54,"featured_media":150498,"parent":0,"menu_order":0,"comment_status":"closed","ping_status":"closed","template":"templates\/landing-page.php","meta":{"_acf_changed":false,"_crdt_document":"","inline_featured_image":false,"footnotes":""},"tags":[],"class_list":["post-150524","page","type-page","status-publish","has-post-thumbnail","hentry"],"acf":[],"yoast_head":"<!-- This site is optimized with the Yoast SEO plugin v27.5 - https:\/\/yoast.com\/product\/yoast-seo-wordpress\/ -->\n<title>LEKTIONEN zum Thema Umsatz: Gesamtumsatz- und Gewinnoptimierung | IDeaS<\/title>\n<meta name=\"description\" content=\"Erfahren Sie mehr \u00fcber die wesentlichen Komponenten und strategischen \u00dcberlegungen des Total Revenue Managements und dar\u00fcber, wie es umgesetzt werden kann, um die Ausgaben der G\u00e4ste zu steigern, die betriebliche Effizienz zu verbessern und Ihren Gewinn zu steigern.\" \/>\n<meta name=\"robots\" content=\"index, follow, max-snippet:-1, max-image-preview:large, max-video-preview:-1\" \/>\n<link rel=\"canonical\" href=\"https:\/\/ideas.com\/de\/lessons-in-revenue-total-revenue-profit-optimization\/\" \/>\n<meta property=\"og:locale\" content=\"de_DE\" \/>\n<meta property=\"og:type\" content=\"article\" \/>\n<meta property=\"og:title\" content=\"LEKTIONEN zum Thema Umsatz: Gesamtumsatz- und Gewinnoptimierung\" \/>\n<meta property=\"og:description\" content=\"Erfahren Sie mehr \u00fcber die wesentlichen Komponenten und strategischen \u00dcberlegungen des Total Revenue Managements und dar\u00fcber, wie es umgesetzt werden kann, um die Ausgaben der G\u00e4ste zu steigern, die betriebliche Effizienz zu verbessern und Ihren Gewinn zu steigern.\" \/>\n<meta property=\"og:url\" content=\"https:\/\/ideas.com\/de\/lessons-in-revenue-total-revenue-profit-optimization\/\" \/>\n<meta property=\"og:site_name\" content=\"IDeaS\" \/>\n<meta property=\"article:modified_time\" content=\"2026-03-26T15:50:30+00:00\" \/>\n<meta property=\"og:image\" content=\"https:\/\/ideas.com\/wp-content\/uploads\/2024\/11\/Lessons-in-Revenue-Total-Profit-and-Revenue-Optimization-2.png\" \/>\n\t<meta property=\"og:image:width\" content=\"1200\" \/>\n\t<meta property=\"og:image:height\" content=\"630\" \/>\n\t<meta property=\"og:image:type\" content=\"image\/png\" \/>\n<meta name=\"twitter:card\" content=\"summary_large_image\" \/>\n<meta name=\"twitter:title\" content=\"LEKTIONEN zum Thema Umsatz: Gesamtumsatz- und Gewinnoptimierung\" \/>\n<meta name=\"twitter:description\" content=\"Erfahren Sie mehr \u00fcber die wesentlichen Komponenten und strategischen \u00dcberlegungen des Total Revenue Managements und dar\u00fcber, wie es umgesetzt werden kann, um die Ausgaben der G\u00e4ste zu steigern, die betriebliche Effizienz zu verbessern und Ihren Gewinn zu steigern.\" \/>\n<meta name=\"twitter:image\" content=\"https:\/\/ideas.com\/wp-content\/uploads\/2024\/11\/Lessons-in-Revenue-Total-Profit-and-Revenue-Optimization-2.png\" \/>\n<meta name=\"twitter:label1\" content=\"Gesch\u00e4tzte Lesezeit\" \/>\n\t<meta name=\"twitter:data1\" content=\"1 Minute\" \/>\n<script type=\"application\/ld+json\" class=\"yoast-schema-graph\">{\"@context\":\"https:\\\/\\\/schema.org\",\"@graph\":[{\"@type\":\"WebPage\",\"@id\":\"https:\\\/\\\/ideas.com\\\/de\\\/lessons-in-revenue-total-revenue-profit-optimization\\\/\",\"url\":\"https:\\\/\\\/ideas.com\\\/de\\\/lessons-in-revenue-total-revenue-profit-optimization\\\/\",\"name\":\"LEKTIONEN zum Thema Umsatz: Gesamtumsatz- und Gewinnoptimierung | IDeaS\",\"isPartOf\":{\"@id\":\"https:\\\/\\\/ideas.com\\\/de\\\/#website\"},\"primaryImageOfPage\":{\"@id\":\"https:\\\/\\\/ideas.com\\\/de\\\/lessons-in-revenue-total-revenue-profit-optimization\\\/#primaryimage\"},\"image\":{\"@id\":\"https:\\\/\\\/ideas.com\\\/de\\\/lessons-in-revenue-total-revenue-profit-optimization\\\/#primaryimage\"},\"thumbnailUrl\":\"https:\\\/\\\/ideas.com\\\/wp-content\\\/uploads\\\/2024\\\/11\\\/Lessons-in-Revenue-Total-Profit-and-Revenue-Optimization-2.png\",\"datePublished\":\"2024-11-19T18:51:56+00:00\",\"dateModified\":\"2026-03-26T15:50:30+00:00\",\"description\":\"Erfahren Sie mehr \u00fcber die wesentlichen Komponenten und strategischen \u00dcberlegungen des Total Revenue Managements und dar\u00fcber, wie es umgesetzt werden kann, um die Ausgaben der G\u00e4ste zu steigern, die betriebliche Effizienz zu verbessern und Ihren Gewinn zu steigern.\",\"inLanguage\":\"de-DE\",\"potentialAction\":[{\"@type\":\"ReadAction\",\"target\":[\"https:\\\/\\\/ideas.com\\\/de\\\/lessons-in-revenue-total-revenue-profit-optimization\\\/\"]}]},{\"@type\":\"ImageObject\",\"inLanguage\":\"de-DE\",\"@id\":\"https:\\\/\\\/ideas.com\\\/de\\\/lessons-in-revenue-total-revenue-profit-optimization\\\/#primaryimage\",\"url\":\"https:\\\/\\\/ideas.com\\\/wp-content\\\/uploads\\\/2024\\\/11\\\/Lessons-in-Revenue-Total-Profit-and-Revenue-Optimization-2.png\",\"contentUrl\":\"https:\\\/\\\/ideas.com\\\/wp-content\\\/uploads\\\/2024\\\/11\\\/Lessons-in-Revenue-Total-Profit-and-Revenue-Optimization-2.png\",\"width\":1200,\"height\":630},{\"@type\":\"WebSite\",\"@id\":\"https:\\\/\\\/ideas.com\\\/de\\\/#website\",\"url\":\"https:\\\/\\\/ideas.com\\\/de\\\/\",\"name\":\"IDeaS\",\"description\":\"Driving Better Revenue\",\"publisher\":{\"@id\":\"https:\\\/\\\/ideas.com\\\/de\\\/#organization\"},\"potentialAction\":[{\"@type\":\"SearchAction\",\"target\":{\"@type\":\"EntryPoint\",\"urlTemplate\":\"https:\\\/\\\/ideas.com\\\/de\\\/?s={search_term_string}\"},\"query-input\":{\"@type\":\"PropertyValueSpecification\",\"valueRequired\":true,\"valueName\":\"search_term_string\"}}],\"inLanguage\":\"de-DE\"},{\"@type\":\"Organization\",\"@id\":\"https:\\\/\\\/ideas.com\\\/de\\\/#organization\",\"name\":\"IDeaS Revenue Solutions\",\"url\":\"https:\\\/\\\/ideas.com\\\/de\\\/\",\"logo\":{\"@type\":\"ImageObject\",\"inLanguage\":\"de-DE\",\"@id\":\"https:\\\/\\\/ideas.com\\\/de\\\/#\\\/schema\\\/logo\\\/image\\\/\",\"url\":\"https:\\\/\\\/ideas.com\\\/wp-content\\\/uploads\\\/2021\\\/08\\\/ideas-logo.svg\",\"contentUrl\":\"https:\\\/\\\/ideas.com\\\/wp-content\\\/uploads\\\/2021\\\/08\\\/ideas-logo.svg\",\"width\":1,\"height\":1,\"caption\":\"IDeaS Revenue Solutions\"},\"image\":{\"@id\":\"https:\\\/\\\/ideas.com\\\/de\\\/#\\\/schema\\\/logo\\\/image\\\/\"}}]}<\/script>\n<!-- \/ Yoast SEO plugin. -->","yoast_head_json":{"title":"LEKTIONEN zum Thema Umsatz: Gesamtumsatz- und Gewinnoptimierung | IDeaS","description":"Erfahren Sie mehr \u00fcber die wesentlichen Komponenten und strategischen \u00dcberlegungen des Total Revenue Managements und dar\u00fcber, wie es umgesetzt werden kann, um die Ausgaben der G\u00e4ste zu steigern, die betriebliche Effizienz zu verbessern und Ihren Gewinn zu steigern.","robots":{"index":"index","follow":"follow","max-snippet":"max-snippet:-1","max-image-preview":"max-image-preview:large","max-video-preview":"max-video-preview:-1"},"canonical":"https:\/\/ideas.com\/de\/lessons-in-revenue-total-revenue-profit-optimization\/","og_locale":"de_DE","og_type":"article","og_title":"LEKTIONEN zum Thema Umsatz: Gesamtumsatz- und Gewinnoptimierung","og_description":"Erfahren Sie mehr \u00fcber die wesentlichen Komponenten und strategischen \u00dcberlegungen des Total Revenue Managements und dar\u00fcber, wie es umgesetzt werden kann, um die Ausgaben der G\u00e4ste zu steigern, die betriebliche Effizienz zu verbessern und Ihren Gewinn zu steigern.","og_url":"https:\/\/ideas.com\/de\/lessons-in-revenue-total-revenue-profit-optimization\/","og_site_name":"IDeaS","article_modified_time":"2026-03-26T15:50:30+00:00","og_image":[{"width":1200,"height":630,"url":"https:\/\/ideas.com\/wp-content\/uploads\/2024\/11\/Lessons-in-Revenue-Total-Profit-and-Revenue-Optimization-2.png","type":"image\/png"}],"twitter_card":"summary_large_image","twitter_title":"LEKTIONEN zum Thema Umsatz: Gesamtumsatz- und Gewinnoptimierung","twitter_description":"Erfahren Sie mehr \u00fcber die wesentlichen Komponenten und strategischen \u00dcberlegungen des Total Revenue Managements und dar\u00fcber, wie es umgesetzt werden kann, um die Ausgaben der G\u00e4ste zu steigern, die betriebliche Effizienz zu verbessern und Ihren Gewinn zu steigern.","twitter_image":"https:\/\/ideas.com\/wp-content\/uploads\/2024\/11\/Lessons-in-Revenue-Total-Profit-and-Revenue-Optimization-2.png","twitter_misc":{"Gesch\u00e4tzte Lesezeit":"1 Minute"},"schema":{"@context":"https:\/\/schema.org","@graph":[{"@type":"WebPage","@id":"https:\/\/ideas.com\/de\/lessons-in-revenue-total-revenue-profit-optimization\/","url":"https:\/\/ideas.com\/de\/lessons-in-revenue-total-revenue-profit-optimization\/","name":"LEKTIONEN zum Thema Umsatz: Gesamtumsatz- und Gewinnoptimierung | IDeaS","isPartOf":{"@id":"https:\/\/ideas.com\/de\/#website"},"primaryImageOfPage":{"@id":"https:\/\/ideas.com\/de\/lessons-in-revenue-total-revenue-profit-optimization\/#primaryimage"},"image":{"@id":"https:\/\/ideas.com\/de\/lessons-in-revenue-total-revenue-profit-optimization\/#primaryimage"},"thumbnailUrl":"https:\/\/ideas.com\/wp-content\/uploads\/2024\/11\/Lessons-in-Revenue-Total-Profit-and-Revenue-Optimization-2.png","datePublished":"2024-11-19T18:51:56+00:00","dateModified":"2026-03-26T15:50:30+00:00","description":"Erfahren Sie mehr \u00fcber die wesentlichen Komponenten und strategischen \u00dcberlegungen des Total Revenue Managements und dar\u00fcber, wie es umgesetzt werden kann, um die Ausgaben der G\u00e4ste zu steigern, die betriebliche Effizienz zu verbessern und Ihren Gewinn zu steigern.","inLanguage":"de-DE","potentialAction":[{"@type":"ReadAction","target":["https:\/\/ideas.com\/de\/lessons-in-revenue-total-revenue-profit-optimization\/"]}]},{"@type":"ImageObject","inLanguage":"de-DE","@id":"https:\/\/ideas.com\/de\/lessons-in-revenue-total-revenue-profit-optimization\/#primaryimage","url":"https:\/\/ideas.com\/wp-content\/uploads\/2024\/11\/Lessons-in-Revenue-Total-Profit-and-Revenue-Optimization-2.png","contentUrl":"https:\/\/ideas.com\/wp-content\/uploads\/2024\/11\/Lessons-in-Revenue-Total-Profit-and-Revenue-Optimization-2.png","width":1200,"height":630},{"@type":"WebSite","@id":"https:\/\/ideas.com\/de\/#website","url":"https:\/\/ideas.com\/de\/","name":"IDeaS","description":"Driving Better Revenue","publisher":{"@id":"https:\/\/ideas.com\/de\/#organization"},"potentialAction":[{"@type":"SearchAction","target":{"@type":"EntryPoint","urlTemplate":"https:\/\/ideas.com\/de\/?s={search_term_string}"},"query-input":{"@type":"PropertyValueSpecification","valueRequired":true,"valueName":"search_term_string"}}],"inLanguage":"de-DE"},{"@type":"Organization","@id":"https:\/\/ideas.com\/de\/#organization","name":"IDeaS Revenue Solutions","url":"https:\/\/ideas.com\/de\/","logo":{"@type":"ImageObject","inLanguage":"de-DE","@id":"https:\/\/ideas.com\/de\/#\/schema\/logo\/image\/","url":"https:\/\/ideas.com\/wp-content\/uploads\/2021\/08\/ideas-logo.svg","contentUrl":"https:\/\/ideas.com\/wp-content\/uploads\/2021\/08\/ideas-logo.svg","width":1,"height":1,"caption":"IDeaS Revenue Solutions"},"image":{"@id":"https:\/\/ideas.com\/de\/#\/schema\/logo\/image\/"}}]}},"_links":{"self":[{"href":"https:\/\/ideas.com\/de\/wp-json\/wp\/v2\/pages\/150524","targetHints":{"allow":["GET"]}}],"collection":[{"href":"https:\/\/ideas.com\/de\/wp-json\/wp\/v2\/pages"}],"about":[{"href":"https:\/\/ideas.com\/de\/wp-json\/wp\/v2\/types\/page"}],"author":[{"embeddable":true,"href":"https:\/\/ideas.com\/de\/wp-json\/wp\/v2\/users\/54"}],"replies":[{"embeddable":true,"href":"https:\/\/ideas.com\/de\/wp-json\/wp\/v2\/comments?post=150524"}],"version-history":[{"count":1,"href":"https:\/\/ideas.com\/de\/wp-json\/wp\/v2\/pages\/150524\/revisions"}],"predecessor-version":[{"id":150528,"href":"https:\/\/ideas.com\/de\/wp-json\/wp\/v2\/pages\/150524\/revisions\/150528"}],"wp:featuredmedia":[{"embeddable":true,"href":"https:\/\/ideas.com\/de\/wp-json\/wp\/v2\/media\/150498"}],"wp:attachment":[{"href":"https:\/\/ideas.com\/de\/wp-json\/wp\/v2\/media?parent=150524"}],"wp:term":[{"taxonomy":"post_tag","embeddable":true,"href":"https:\/\/ideas.com\/de\/wp-json\/wp\/v2\/tags?post=150524"}],"curies":[{"name":"wp","href":"https:\/\/api.w.org\/{rel}","templated":true}]}}