{"id":150651,"date":"2026-03-26T17:09:30","date_gmt":"2026-03-26T22:09:30","guid":{"rendered":"https:\/\/ideas.com\/?page_id=150651"},"modified":"2026-03-26T17:09:30","modified_gmt":"2026-03-26T22:09:30","slug":"lessons-in-revenue-modern-pricing-strategies","status":"publish","type":"page","link":"https:\/\/ideas.com\/de\/lessons-in-revenue-modern-pricing-strategies\/","title":{"rendered":"LEKTIONEN zum Thema Umsatz : Moderne Preisgestaltungsstrategien"},"content":{"rendered":"<p>Die Hotellerie entwickelt sich weiterhin rasant. Vertriebskan\u00e4le werden immer komplexer, die Erwartungen der G\u00e4ste steigen und die Technologie holt auf. Im Zuge dieses Wandels muss Ihr Revenue Management System (RMS) nicht nur Schritt halten, sondern die F\u00fchrung \u00fcbernehmen. Dennoch verlassen sich viele Revenue Management-L\u00f6sungen weiterhin auf veraltete (und riskante) Annahmen sowie eingeschr\u00e4nkte Analysen. In diesem Dokument werden die entscheidenden Funktionen beschrieben, \u00fcber die Ihr Revenue Management System (RMS) verf\u00fcgen muss, damit Ihr Unternehmen sich erfolgreich anpassen und nachhaltig wachsen kann.<\/p>\n","protected":false},"excerpt":{"rendered":"<p>Die Hotellerie entwickelt sich weiterhin rasant. Vertriebskan\u00e4le werden immer komplexer, die Erwartungen der G\u00e4ste steigen und die Technologie holt auf. Im Zuge dieses Wandels muss&hellip;<\/p>\n","protected":false},"author":115,"featured_media":150659,"parent":0,"menu_order":0,"comment_status":"closed","ping_status":"closed","template":"templates\/landing-page.php","meta":{"_acf_changed":false,"_crdt_document":"","inline_featured_image":false,"footnotes":""},"tags":[],"class_list":["post-150651","page","type-page","status-publish","has-post-thumbnail","hentry","funnel-stage-mofu"],"acf":[],"yoast_head":"<!-- This site is optimized with the Yoast SEO plugin v27.5 - https:\/\/yoast.com\/product\/yoast-seo-wordpress\/ -->\n<title>LEKTIONEN zum Thema Umsatz : Moderne Preisgestaltungsstrategien | IDeaS<\/title>\n<meta name=\"description\" content=\"Ein Leitfaden f\u00fcr Hoteliers zur Preisgestaltung f\u00fcr die Maximierung des Umsatzes\" \/>\n<meta name=\"robots\" content=\"index, follow, max-snippet:-1, max-image-preview:large, max-video-preview:-1\" \/>\n<link rel=\"canonical\" href=\"https:\/\/ideas.com\/de\/lessons-in-revenue-modern-pricing-strategies\/\" \/>\n<meta property=\"og:locale\" content=\"de_DE\" \/>\n<meta property=\"og:type\" content=\"article\" \/>\n<meta property=\"og:title\" content=\"LEKTIONEN zum Thema Umsatz : Moderne Preisgestaltungsstrategien\" \/>\n<meta property=\"og:description\" content=\"Ein Leitfaden f\u00fcr Hoteliers zur Preisgestaltung f\u00fcr die Maximierung des Umsatzes\" \/>\n<meta property=\"og:url\" content=\"https:\/\/ideas.com\/de\/lessons-in-revenue-modern-pricing-strategies\/\" \/>\n<meta property=\"og:site_name\" content=\"IDeaS\" \/>\n<meta property=\"og:image\" content=\"https:\/\/ideas.com\/wp-content\/uploads\/2026\/03\/Lessons-in-Revenue-Modern-Pricing-Strategies.png\" \/>\n\t<meta property=\"og:image:width\" content=\"1200\" \/>\n\t<meta property=\"og:image:height\" content=\"630\" \/>\n\t<meta property=\"og:image:type\" content=\"image\/png\" \/>\n<meta name=\"twitter:card\" content=\"summary_large_image\" \/>\n<meta name=\"twitter:title\" content=\"LEKTIONEN zum Thema Umsatz : Moderne Preisgestaltungsstrategien\" \/>\n<meta name=\"twitter:description\" content=\"Ein Leitfaden f\u00fcr Hoteliers zur Preisgestaltung f\u00fcr die Maximierung des Umsatzes\" \/>\n<meta name=\"twitter:image\" content=\"https:\/\/ideas.com\/wp-content\/uploads\/2026\/03\/Lessons-in-Revenue-Modern-Pricing-Strategies.png\" \/>\n<meta name=\"twitter:label1\" content=\"Gesch\u00e4tzte Lesezeit\" \/>\n\t<meta name=\"twitter:data1\" content=\"1 Minute\" \/>\n<script type=\"application\/ld+json\" class=\"yoast-schema-graph\">{\"@context\":\"https:\\\/\\\/schema.org\",\"@graph\":[{\"@type\":\"WebPage\",\"@id\":\"https:\\\/\\\/ideas.com\\\/de\\\/lessons-in-revenue-modern-pricing-strategies\\\/\",\"url\":\"https:\\\/\\\/ideas.com\\\/de\\\/lessons-in-revenue-modern-pricing-strategies\\\/\",\"name\":\"LEKTIONEN zum Thema Umsatz : Moderne Preisgestaltungsstrategien | IDeaS\",\"isPartOf\":{\"@id\":\"https:\\\/\\\/ideas.com\\\/de\\\/#website\"},\"primaryImageOfPage\":{\"@id\":\"https:\\\/\\\/ideas.com\\\/de\\\/lessons-in-revenue-modern-pricing-strategies\\\/#primaryimage\"},\"image\":{\"@id\":\"https:\\\/\\\/ideas.com\\\/de\\\/lessons-in-revenue-modern-pricing-strategies\\\/#primaryimage\"},\"thumbnailUrl\":\"https:\\\/\\\/ideas.com\\\/wp-content\\\/uploads\\\/2026\\\/03\\\/Lessons-in-Revenue-Modern-Pricing-Strategies.png\",\"datePublished\":\"2026-03-26T22:09:30+00:00\",\"description\":\"Ein Leitfaden f\u00fcr Hoteliers zur Preisgestaltung f\u00fcr die Maximierung des Umsatzes\",\"inLanguage\":\"de-DE\",\"potentialAction\":[{\"@type\":\"ReadAction\",\"target\":[\"https:\\\/\\\/ideas.com\\\/de\\\/lessons-in-revenue-modern-pricing-strategies\\\/\"]}]},{\"@type\":\"ImageObject\",\"inLanguage\":\"de-DE\",\"@id\":\"https:\\\/\\\/ideas.com\\\/de\\\/lessons-in-revenue-modern-pricing-strategies\\\/#primaryimage\",\"url\":\"https:\\\/\\\/ideas.com\\\/wp-content\\\/uploads\\\/2026\\\/03\\\/Lessons-in-Revenue-Modern-Pricing-Strategies.png\",\"contentUrl\":\"https:\\\/\\\/ideas.com\\\/wp-content\\\/uploads\\\/2026\\\/03\\\/Lessons-in-Revenue-Modern-Pricing-Strategies.png\",\"width\":1200,\"height\":630},{\"@type\":\"WebSite\",\"@id\":\"https:\\\/\\\/ideas.com\\\/de\\\/#website\",\"url\":\"https:\\\/\\\/ideas.com\\\/de\\\/\",\"name\":\"IDeaS\",\"description\":\"Driving Better Revenue\",\"publisher\":{\"@id\":\"https:\\\/\\\/ideas.com\\\/de\\\/#organization\"},\"potentialAction\":[{\"@type\":\"SearchAction\",\"target\":{\"@type\":\"EntryPoint\",\"urlTemplate\":\"https:\\\/\\\/ideas.com\\\/de\\\/?s={search_term_string}\"},\"query-input\":{\"@type\":\"PropertyValueSpecification\",\"valueRequired\":true,\"valueName\":\"search_term_string\"}}],\"inLanguage\":\"de-DE\"},{\"@type\":\"Organization\",\"@id\":\"https:\\\/\\\/ideas.com\\\/de\\\/#organization\",\"name\":\"IDeaS Revenue Solutions\",\"url\":\"https:\\\/\\\/ideas.com\\\/de\\\/\",\"logo\":{\"@type\":\"ImageObject\",\"inLanguage\":\"de-DE\",\"@id\":\"https:\\\/\\\/ideas.com\\\/de\\\/#\\\/schema\\\/logo\\\/image\\\/\",\"url\":\"https:\\\/\\\/ideas.com\\\/wp-content\\\/uploads\\\/2021\\\/08\\\/ideas-logo.svg\",\"contentUrl\":\"https:\\\/\\\/ideas.com\\\/wp-content\\\/uploads\\\/2021\\\/08\\\/ideas-logo.svg\",\"width\":1,\"height\":1,\"caption\":\"IDeaS Revenue Solutions\"},\"image\":{\"@id\":\"https:\\\/\\\/ideas.com\\\/de\\\/#\\\/schema\\\/logo\\\/image\\\/\"}}]}<\/script>\n<!-- \/ Yoast SEO plugin. -->","yoast_head_json":{"title":"LEKTIONEN zum Thema Umsatz : Moderne Preisgestaltungsstrategien | IDeaS","description":"Ein Leitfaden f\u00fcr Hoteliers zur Preisgestaltung f\u00fcr die Maximierung des Umsatzes","robots":{"index":"index","follow":"follow","max-snippet":"max-snippet:-1","max-image-preview":"max-image-preview:large","max-video-preview":"max-video-preview:-1"},"canonical":"https:\/\/ideas.com\/de\/lessons-in-revenue-modern-pricing-strategies\/","og_locale":"de_DE","og_type":"article","og_title":"LEKTIONEN zum Thema Umsatz : Moderne Preisgestaltungsstrategien","og_description":"Ein Leitfaden f\u00fcr Hoteliers zur Preisgestaltung f\u00fcr die Maximierung des Umsatzes","og_url":"https:\/\/ideas.com\/de\/lessons-in-revenue-modern-pricing-strategies\/","og_site_name":"IDeaS","og_image":[{"width":1200,"height":630,"url":"https:\/\/ideas.com\/wp-content\/uploads\/2026\/03\/Lessons-in-Revenue-Modern-Pricing-Strategies.png","type":"image\/png"}],"twitter_card":"summary_large_image","twitter_title":"LEKTIONEN zum Thema Umsatz : Moderne Preisgestaltungsstrategien","twitter_description":"Ein Leitfaden f\u00fcr Hoteliers zur Preisgestaltung f\u00fcr die Maximierung des Umsatzes","twitter_image":"https:\/\/ideas.com\/wp-content\/uploads\/2026\/03\/Lessons-in-Revenue-Modern-Pricing-Strategies.png","twitter_misc":{"Gesch\u00e4tzte Lesezeit":"1 Minute"},"schema":{"@context":"https:\/\/schema.org","@graph":[{"@type":"WebPage","@id":"https:\/\/ideas.com\/de\/lessons-in-revenue-modern-pricing-strategies\/","url":"https:\/\/ideas.com\/de\/lessons-in-revenue-modern-pricing-strategies\/","name":"LEKTIONEN zum Thema Umsatz : Moderne Preisgestaltungsstrategien | IDeaS","isPartOf":{"@id":"https:\/\/ideas.com\/de\/#website"},"primaryImageOfPage":{"@id":"https:\/\/ideas.com\/de\/lessons-in-revenue-modern-pricing-strategies\/#primaryimage"},"image":{"@id":"https:\/\/ideas.com\/de\/lessons-in-revenue-modern-pricing-strategies\/#primaryimage"},"thumbnailUrl":"https:\/\/ideas.com\/wp-content\/uploads\/2026\/03\/Lessons-in-Revenue-Modern-Pricing-Strategies.png","datePublished":"2026-03-26T22:09:30+00:00","description":"Ein Leitfaden f\u00fcr Hoteliers zur Preisgestaltung f\u00fcr die Maximierung des Umsatzes","inLanguage":"de-DE","potentialAction":[{"@type":"ReadAction","target":["https:\/\/ideas.com\/de\/lessons-in-revenue-modern-pricing-strategies\/"]}]},{"@type":"ImageObject","inLanguage":"de-DE","@id":"https:\/\/ideas.com\/de\/lessons-in-revenue-modern-pricing-strategies\/#primaryimage","url":"https:\/\/ideas.com\/wp-content\/uploads\/2026\/03\/Lessons-in-Revenue-Modern-Pricing-Strategies.png","contentUrl":"https:\/\/ideas.com\/wp-content\/uploads\/2026\/03\/Lessons-in-Revenue-Modern-Pricing-Strategies.png","width":1200,"height":630},{"@type":"WebSite","@id":"https:\/\/ideas.com\/de\/#website","url":"https:\/\/ideas.com\/de\/","name":"IDeaS","description":"Driving Better Revenue","publisher":{"@id":"https:\/\/ideas.com\/de\/#organization"},"potentialAction":[{"@type":"SearchAction","target":{"@type":"EntryPoint","urlTemplate":"https:\/\/ideas.com\/de\/?s={search_term_string}"},"query-input":{"@type":"PropertyValueSpecification","valueRequired":true,"valueName":"search_term_string"}}],"inLanguage":"de-DE"},{"@type":"Organization","@id":"https:\/\/ideas.com\/de\/#organization","name":"IDeaS Revenue Solutions","url":"https:\/\/ideas.com\/de\/","logo":{"@type":"ImageObject","inLanguage":"de-DE","@id":"https:\/\/ideas.com\/de\/#\/schema\/logo\/image\/","url":"https:\/\/ideas.com\/wp-content\/uploads\/2021\/08\/ideas-logo.svg","contentUrl":"https:\/\/ideas.com\/wp-content\/uploads\/2021\/08\/ideas-logo.svg","width":1,"height":1,"caption":"IDeaS Revenue Solutions"},"image":{"@id":"https:\/\/ideas.com\/de\/#\/schema\/logo\/image\/"}}]}},"_links":{"self":[{"href":"https:\/\/ideas.com\/de\/wp-json\/wp\/v2\/pages\/150651","targetHints":{"allow":["GET"]}}],"collection":[{"href":"https:\/\/ideas.com\/de\/wp-json\/wp\/v2\/pages"}],"about":[{"href":"https:\/\/ideas.com\/de\/wp-json\/wp\/v2\/types\/page"}],"author":[{"embeddable":true,"href":"https:\/\/ideas.com\/de\/wp-json\/wp\/v2\/users\/115"}],"replies":[{"embeddable":true,"href":"https:\/\/ideas.com\/de\/wp-json\/wp\/v2\/comments?post=150651"}],"version-history":[{"count":0,"href":"https:\/\/ideas.com\/de\/wp-json\/wp\/v2\/pages\/150651\/revisions"}],"wp:featuredmedia":[{"embeddable":true,"href":"https:\/\/ideas.com\/de\/wp-json\/wp\/v2\/media\/150659"}],"wp:attachment":[{"href":"https:\/\/ideas.com\/de\/wp-json\/wp\/v2\/media?parent=150651"}],"wp:term":[{"taxonomy":"post_tag","embeddable":true,"href":"https:\/\/ideas.com\/de\/wp-json\/wp\/v2\/tags?post=150651"}],"curies":[{"name":"wp","href":"https:\/\/api.w.org\/{rel}","templated":true}]}}