{"id":150853,"date":"2024-04-25T10:38:23","date_gmt":"2024-04-25T15:38:23","guid":{"rendered":"https:\/\/ideas.com\/lessons-in-revenue-revenue-optimization\/"},"modified":"2026-03-30T10:24:07","modified_gmt":"2026-03-30T15:24:07","slug":"lessons-in-revenue-revenue-optimization","status":"publish","type":"page","link":"https:\/\/ideas.com\/de\/lessons-in-revenue-revenue-optimization\/","title":{"rendered":"LEKTIONEN zum Thema Umsatz: Umsatzoptimierung"},"content":{"rendered":"<p>Die Optimierung spielt eine entscheidende Rolle f\u00fcr den finanziellen Erfolg eines Hotels, da sie mehr Umsatz und Rentabilit\u00e4t erm\u00f6glicht, indem der maximale Wert aus der Zimmerkapazit\u00e4t erzielt wird.<\/p>\n","protected":false},"excerpt":{"rendered":"<p>Die Optimierung spielt eine entscheidende Rolle f\u00fcr den finanziellen Erfolg eines Hotels, da sie mehr Umsatz und Rentabilit\u00e4t erm\u00f6glicht, indem der maximale Wert aus der&hellip;<\/p>\n","protected":false},"author":54,"featured_media":150827,"parent":0,"menu_order":0,"comment_status":"closed","ping_status":"closed","template":"templates\/landing-page.php","meta":{"_acf_changed":false,"_crdt_document":"","inline_featured_image":false,"footnotes":""},"tags":[],"class_list":["post-150853","page","type-page","status-publish","has-post-thumbnail","hentry"],"acf":[],"yoast_head":"<!-- This site is optimized with the Yoast SEO plugin v27.5 - https:\/\/yoast.com\/product\/yoast-seo-wordpress\/ -->\n<title>LEKTIONEN zum Thema Umsatz: Umsatzoptimierung | IDeaS<\/title>\n<meta name=\"description\" content=\"Die Optimierung spielt eine entscheidende Rolle f\u00fcr den finanziellen Erfolg eines Hotels, da sie mehr Umsatz und Rentabilit\u00e4t erm\u00f6glicht, indem der maximale Wert aus der Zimmerkapazit\u00e4t erzielt wird.\" \/>\n<meta name=\"robots\" content=\"index, follow, max-snippet:-1, max-image-preview:large, max-video-preview:-1\" \/>\n<link rel=\"canonical\" href=\"https:\/\/ideas.com\/de\/lessons-in-revenue-revenue-optimization\/\" \/>\n<meta property=\"og:locale\" content=\"de_DE\" \/>\n<meta property=\"og:type\" content=\"article\" \/>\n<meta property=\"og:title\" content=\"LEKTIONEN zum Thema Umsatz: Umsatzoptimierung\" \/>\n<meta property=\"og:description\" content=\"Die Optimierung spielt eine entscheidende Rolle f\u00fcr den finanziellen Erfolg eines Hotels, da sie mehr Umsatz und Rentabilit\u00e4t erm\u00f6glicht, indem der maximale Wert aus der Zimmerkapazit\u00e4t erzielt wird.\" \/>\n<meta property=\"og:url\" content=\"https:\/\/ideas.com\/de\/lessons-in-revenue-revenue-optimization\/\" \/>\n<meta property=\"og:site_name\" content=\"IDeaS\" \/>\n<meta property=\"article:modified_time\" content=\"2026-03-30T15:24:07+00:00\" \/>\n<meta property=\"og:image\" content=\"https:\/\/ideas.com\/wp-content\/uploads\/2026\/03\/Lessons-in-Revenue-Revenue-Optimization.png\" \/>\n\t<meta property=\"og:image:width\" content=\"1200\" \/>\n\t<meta property=\"og:image:height\" content=\"630\" \/>\n\t<meta property=\"og:image:type\" content=\"image\/png\" \/>\n<meta name=\"twitter:card\" content=\"summary_large_image\" \/>\n<meta name=\"twitter:title\" content=\"LEKTIONEN zum Thema Umsatz: Umsatzoptimierung\" \/>\n<meta name=\"twitter:description\" content=\"Die Optimierung spielt eine entscheidende Rolle f\u00fcr den finanziellen Erfolg eines Hotels, da sie mehr Umsatz und Rentabilit\u00e4t erm\u00f6glicht, indem der maximale Wert aus der Zimmerkapazit\u00e4t erzielt wird.\" \/>\n<meta name=\"twitter:image\" content=\"https:\/\/ideas.com\/wp-content\/uploads\/2026\/03\/Lessons-in-Revenue-Revenue-Optimization.png\" \/>\n<meta name=\"twitter:label1\" content=\"Gesch\u00e4tzte Lesezeit\" \/>\n\t<meta name=\"twitter:data1\" content=\"1 Minute\" \/>\n<script type=\"application\/ld+json\" class=\"yoast-schema-graph\">{\"@context\":\"https:\\\/\\\/schema.org\",\"@graph\":[{\"@type\":\"WebPage\",\"@id\":\"https:\\\/\\\/ideas.com\\\/de\\\/lessons-in-revenue-revenue-optimization\\\/\",\"url\":\"https:\\\/\\\/ideas.com\\\/de\\\/lessons-in-revenue-revenue-optimization\\\/\",\"name\":\"LEKTIONEN zum Thema Umsatz: Umsatzoptimierung | IDeaS\",\"isPartOf\":{\"@id\":\"https:\\\/\\\/ideas.com\\\/de\\\/#website\"},\"primaryImageOfPage\":{\"@id\":\"https:\\\/\\\/ideas.com\\\/de\\\/lessons-in-revenue-revenue-optimization\\\/#primaryimage\"},\"image\":{\"@id\":\"https:\\\/\\\/ideas.com\\\/de\\\/lessons-in-revenue-revenue-optimization\\\/#primaryimage\"},\"thumbnailUrl\":\"https:\\\/\\\/ideas.com\\\/wp-content\\\/uploads\\\/2026\\\/03\\\/Lessons-in-Revenue-Revenue-Optimization.png\",\"datePublished\":\"2024-04-25T15:38:23+00:00\",\"dateModified\":\"2026-03-30T15:24:07+00:00\",\"description\":\"Die Optimierung spielt eine entscheidende Rolle f\u00fcr den finanziellen Erfolg eines Hotels, da sie mehr Umsatz und Rentabilit\u00e4t erm\u00f6glicht, indem der maximale Wert aus der Zimmerkapazit\u00e4t erzielt wird.\",\"inLanguage\":\"de-DE\",\"potentialAction\":[{\"@type\":\"ReadAction\",\"target\":[\"https:\\\/\\\/ideas.com\\\/de\\\/lessons-in-revenue-revenue-optimization\\\/\"]}]},{\"@type\":\"ImageObject\",\"inLanguage\":\"de-DE\",\"@id\":\"https:\\\/\\\/ideas.com\\\/de\\\/lessons-in-revenue-revenue-optimization\\\/#primaryimage\",\"url\":\"https:\\\/\\\/ideas.com\\\/wp-content\\\/uploads\\\/2026\\\/03\\\/Lessons-in-Revenue-Revenue-Optimization.png\",\"contentUrl\":\"https:\\\/\\\/ideas.com\\\/wp-content\\\/uploads\\\/2026\\\/03\\\/Lessons-in-Revenue-Revenue-Optimization.png\",\"width\":1200,\"height\":630},{\"@type\":\"WebSite\",\"@id\":\"https:\\\/\\\/ideas.com\\\/de\\\/#website\",\"url\":\"https:\\\/\\\/ideas.com\\\/de\\\/\",\"name\":\"IDeaS\",\"description\":\"Driving Better Revenue\",\"publisher\":{\"@id\":\"https:\\\/\\\/ideas.com\\\/de\\\/#organization\"},\"potentialAction\":[{\"@type\":\"SearchAction\",\"target\":{\"@type\":\"EntryPoint\",\"urlTemplate\":\"https:\\\/\\\/ideas.com\\\/de\\\/?s={search_term_string}\"},\"query-input\":{\"@type\":\"PropertyValueSpecification\",\"valueRequired\":true,\"valueName\":\"search_term_string\"}}],\"inLanguage\":\"de-DE\"},{\"@type\":\"Organization\",\"@id\":\"https:\\\/\\\/ideas.com\\\/de\\\/#organization\",\"name\":\"IDeaS Revenue Solutions\",\"url\":\"https:\\\/\\\/ideas.com\\\/de\\\/\",\"logo\":{\"@type\":\"ImageObject\",\"inLanguage\":\"de-DE\",\"@id\":\"https:\\\/\\\/ideas.com\\\/de\\\/#\\\/schema\\\/logo\\\/image\\\/\",\"url\":\"https:\\\/\\\/ideas.com\\\/wp-content\\\/uploads\\\/2021\\\/08\\\/ideas-logo.svg\",\"contentUrl\":\"https:\\\/\\\/ideas.com\\\/wp-content\\\/uploads\\\/2021\\\/08\\\/ideas-logo.svg\",\"width\":1,\"height\":1,\"caption\":\"IDeaS Revenue Solutions\"},\"image\":{\"@id\":\"https:\\\/\\\/ideas.com\\\/de\\\/#\\\/schema\\\/logo\\\/image\\\/\"}}]}<\/script>\n<!-- \/ Yoast SEO plugin. -->","yoast_head_json":{"title":"LEKTIONEN zum Thema Umsatz: Umsatzoptimierung | IDeaS","description":"Die Optimierung spielt eine entscheidende Rolle f\u00fcr den finanziellen Erfolg eines Hotels, da sie mehr Umsatz und Rentabilit\u00e4t erm\u00f6glicht, indem der maximale Wert aus der Zimmerkapazit\u00e4t erzielt wird.","robots":{"index":"index","follow":"follow","max-snippet":"max-snippet:-1","max-image-preview":"max-image-preview:large","max-video-preview":"max-video-preview:-1"},"canonical":"https:\/\/ideas.com\/de\/lessons-in-revenue-revenue-optimization\/","og_locale":"de_DE","og_type":"article","og_title":"LEKTIONEN zum Thema Umsatz: Umsatzoptimierung","og_description":"Die Optimierung spielt eine entscheidende Rolle f\u00fcr den finanziellen Erfolg eines Hotels, da sie mehr Umsatz und Rentabilit\u00e4t erm\u00f6glicht, indem der maximale Wert aus der Zimmerkapazit\u00e4t erzielt wird.","og_url":"https:\/\/ideas.com\/de\/lessons-in-revenue-revenue-optimization\/","og_site_name":"IDeaS","article_modified_time":"2026-03-30T15:24:07+00:00","og_image":[{"width":1200,"height":630,"url":"https:\/\/ideas.com\/wp-content\/uploads\/2026\/03\/Lessons-in-Revenue-Revenue-Optimization.png","type":"image\/png"}],"twitter_card":"summary_large_image","twitter_title":"LEKTIONEN zum Thema Umsatz: Umsatzoptimierung","twitter_description":"Die Optimierung spielt eine entscheidende Rolle f\u00fcr den finanziellen Erfolg eines Hotels, da sie mehr Umsatz und Rentabilit\u00e4t erm\u00f6glicht, indem der maximale Wert aus der Zimmerkapazit\u00e4t erzielt wird.","twitter_image":"https:\/\/ideas.com\/wp-content\/uploads\/2026\/03\/Lessons-in-Revenue-Revenue-Optimization.png","twitter_misc":{"Gesch\u00e4tzte Lesezeit":"1 Minute"},"schema":{"@context":"https:\/\/schema.org","@graph":[{"@type":"WebPage","@id":"https:\/\/ideas.com\/de\/lessons-in-revenue-revenue-optimization\/","url":"https:\/\/ideas.com\/de\/lessons-in-revenue-revenue-optimization\/","name":"LEKTIONEN zum Thema Umsatz: Umsatzoptimierung | IDeaS","isPartOf":{"@id":"https:\/\/ideas.com\/de\/#website"},"primaryImageOfPage":{"@id":"https:\/\/ideas.com\/de\/lessons-in-revenue-revenue-optimization\/#primaryimage"},"image":{"@id":"https:\/\/ideas.com\/de\/lessons-in-revenue-revenue-optimization\/#primaryimage"},"thumbnailUrl":"https:\/\/ideas.com\/wp-content\/uploads\/2026\/03\/Lessons-in-Revenue-Revenue-Optimization.png","datePublished":"2024-04-25T15:38:23+00:00","dateModified":"2026-03-30T15:24:07+00:00","description":"Die Optimierung spielt eine entscheidende Rolle f\u00fcr den finanziellen Erfolg eines Hotels, da sie mehr Umsatz und Rentabilit\u00e4t erm\u00f6glicht, indem der maximale Wert aus der Zimmerkapazit\u00e4t erzielt wird.","inLanguage":"de-DE","potentialAction":[{"@type":"ReadAction","target":["https:\/\/ideas.com\/de\/lessons-in-revenue-revenue-optimization\/"]}]},{"@type":"ImageObject","inLanguage":"de-DE","@id":"https:\/\/ideas.com\/de\/lessons-in-revenue-revenue-optimization\/#primaryimage","url":"https:\/\/ideas.com\/wp-content\/uploads\/2026\/03\/Lessons-in-Revenue-Revenue-Optimization.png","contentUrl":"https:\/\/ideas.com\/wp-content\/uploads\/2026\/03\/Lessons-in-Revenue-Revenue-Optimization.png","width":1200,"height":630},{"@type":"WebSite","@id":"https:\/\/ideas.com\/de\/#website","url":"https:\/\/ideas.com\/de\/","name":"IDeaS","description":"Driving Better Revenue","publisher":{"@id":"https:\/\/ideas.com\/de\/#organization"},"potentialAction":[{"@type":"SearchAction","target":{"@type":"EntryPoint","urlTemplate":"https:\/\/ideas.com\/de\/?s={search_term_string}"},"query-input":{"@type":"PropertyValueSpecification","valueRequired":true,"valueName":"search_term_string"}}],"inLanguage":"de-DE"},{"@type":"Organization","@id":"https:\/\/ideas.com\/de\/#organization","name":"IDeaS Revenue Solutions","url":"https:\/\/ideas.com\/de\/","logo":{"@type":"ImageObject","inLanguage":"de-DE","@id":"https:\/\/ideas.com\/de\/#\/schema\/logo\/image\/","url":"https:\/\/ideas.com\/wp-content\/uploads\/2021\/08\/ideas-logo.svg","contentUrl":"https:\/\/ideas.com\/wp-content\/uploads\/2021\/08\/ideas-logo.svg","width":1,"height":1,"caption":"IDeaS Revenue Solutions"},"image":{"@id":"https:\/\/ideas.com\/de\/#\/schema\/logo\/image\/"}}]}},"_links":{"self":[{"href":"https:\/\/ideas.com\/de\/wp-json\/wp\/v2\/pages\/150853","targetHints":{"allow":["GET"]}}],"collection":[{"href":"https:\/\/ideas.com\/de\/wp-json\/wp\/v2\/pages"}],"about":[{"href":"https:\/\/ideas.com\/de\/wp-json\/wp\/v2\/types\/page"}],"author":[{"embeddable":true,"href":"https:\/\/ideas.com\/de\/wp-json\/wp\/v2\/users\/54"}],"replies":[{"embeddable":true,"href":"https:\/\/ideas.com\/de\/wp-json\/wp\/v2\/comments?post=150853"}],"version-history":[{"count":1,"href":"https:\/\/ideas.com\/de\/wp-json\/wp\/v2\/pages\/150853\/revisions"}],"predecessor-version":[{"id":150857,"href":"https:\/\/ideas.com\/de\/wp-json\/wp\/v2\/pages\/150853\/revisions\/150857"}],"wp:featuredmedia":[{"embeddable":true,"href":"https:\/\/ideas.com\/de\/wp-json\/wp\/v2\/media\/150827"}],"wp:attachment":[{"href":"https:\/\/ideas.com\/de\/wp-json\/wp\/v2\/media?parent=150853"}],"wp:term":[{"taxonomy":"post_tag","embeddable":true,"href":"https:\/\/ideas.com\/de\/wp-json\/wp\/v2\/tags?post=150853"}],"curies":[{"name":"wp","href":"https:\/\/api.w.org\/{rel}","templated":true}]}}