{"id":2214,"date":"2015-10-28T15:57:20","date_gmt":"2015-10-28T20:57:20","guid":{"rendered":"https:\/\/ideas.com\/de\/loesungen\/umsatz\/konferenzen-und-veranstaltungen\/"},"modified":"2022-05-24T15:14:35","modified_gmt":"2022-05-24T20:14:35","slug":"konferenzen-und-veranstaltungen","status":"publish","type":"page","link":"https:\/\/ideas.com\/de\/umsatz\/konferenzen-und-veranstaltungen\/","title":{"rendered":"Konferenzen und Veranstaltungen"},"content":{"rendered":"","protected":false},"excerpt":{"rendered":"","protected":false},"author":82,"featured_media":0,"parent":2177,"menu_order":0,"comment_status":"closed","ping_status":"closed","template":"","meta":{"_acf_changed":false,"_crdt_document":"","inline_featured_image":false,"footnotes":""},"tags":[],"class_list":["post-2214","page","type-page","status-publish","hentry"],"acf":[],"yoast_head":"<!-- This site is optimized with the Yoast SEO plugin v27.2 - https:\/\/yoast.com\/product\/yoast-seo-wordpress\/ -->\n<title>Konferenzen und Veranstaltungen | IDeaS Germany<\/title>\n<meta name=\"description\" content=\"Mit einer eigens f\u00fcr Veranstaltungsr\u00e4ume konzipierten Preis- und Forecast-Optimierungsl\u00f6sung erreichen Ihre Revenue Management-F\u00e4higkeiten ein v\u00f6llig neues Niveau.\" \/>\n<meta name=\"robots\" content=\"index, follow, max-snippet:-1, max-image-preview:large, max-video-preview:-1\" \/>\n<link rel=\"canonical\" href=\"https:\/\/ideas.com\/de\/umsatz\/konferenzen-und-veranstaltungen\/\" \/>\n<meta property=\"og:locale\" content=\"de_DE\" \/>\n<meta property=\"og:type\" content=\"article\" \/>\n<meta property=\"og:title\" content=\"Konferenzen und Veranstaltungen | IDeaS Germany\" \/>\n<meta property=\"og:description\" content=\"Mit einer eigens f\u00fcr Veranstaltungsr\u00e4ume konzipierten Preis- und Forecast-Optimierungsl\u00f6sung erreichen Ihre Revenue Management-F\u00e4higkeiten ein v\u00f6llig neues Niveau.\" \/>\n<meta property=\"og:url\" content=\"https:\/\/ideas.com\/de\/umsatz\/konferenzen-und-veranstaltungen\/\" \/>\n<meta property=\"og:site_name\" content=\"IDeaS\" \/>\n<meta property=\"article:modified_time\" content=\"2022-05-24T20:14:35+00:00\" \/>\n<meta property=\"og:image\" content=\"https:\/\/ideas.com\/wp-content\/uploads\/2024\/12\/ideas_social_image.png\" \/>\n\t<meta property=\"og:image:width\" content=\"1800\" \/>\n\t<meta property=\"og:image:height\" content=\"945\" \/>\n\t<meta property=\"og:image:type\" content=\"image\/png\" \/>\n<meta name=\"twitter:card\" content=\"summary_large_image\" \/>\n<script type=\"application\/ld+json\" class=\"yoast-schema-graph\">{\"@context\":\"https:\/\/schema.org\",\"@graph\":[{\"@type\":\"WebPage\",\"@id\":\"https:\/\/ideas.com\/de\/umsatz\/konferenzen-und-veranstaltungen\/\",\"url\":\"https:\/\/ideas.com\/de\/umsatz\/konferenzen-und-veranstaltungen\/\",\"name\":\"Konferenzen und Veranstaltungen | IDeaS Germany\",\"isPartOf\":{\"@id\":\"https:\/\/ideas.com\/de\/#website\"},\"datePublished\":\"2015-10-28T20:57:20+00:00\",\"dateModified\":\"2022-05-24T20:14:35+00:00\",\"description\":\"Mit einer eigens f\u00fcr Veranstaltungsr\u00e4ume konzipierten Preis- und Forecast-Optimierungsl\u00f6sung erreichen Ihre Revenue Management-F\u00e4higkeiten ein v\u00f6llig neues Niveau.\",\"breadcrumb\":{\"@id\":\"https:\/\/ideas.com\/de\/umsatz\/konferenzen-und-veranstaltungen\/#breadcrumb\"},\"inLanguage\":\"de-DE\",\"potentialAction\":[{\"@type\":\"ReadAction\",\"target\":[\"https:\/\/ideas.com\/de\/umsatz\/konferenzen-und-veranstaltungen\/\"]}]},{\"@type\":\"BreadcrumbList\",\"@id\":\"https:\/\/ideas.com\/de\/umsatz\/konferenzen-und-veranstaltungen\/#breadcrumb\",\"itemListElement\":[{\"@type\":\"ListItem\",\"position\":1,\"name\":\"Umsatz\",\"item\":\"https:\/\/ideas.com\/de\/umsatz\/\"},{\"@type\":\"ListItem\",\"position\":2,\"name\":\"Konferenzen und Veranstaltungen\"}]},{\"@type\":\"WebSite\",\"@id\":\"https:\/\/ideas.com\/de\/#website\",\"url\":\"https:\/\/ideas.com\/de\/\",\"name\":\"IDeaS\",\"description\":\"Driving Better Revenue\",\"publisher\":{\"@id\":\"https:\/\/ideas.com\/de\/#organization\"},\"potentialAction\":[{\"@type\":\"SearchAction\",\"target\":{\"@type\":\"EntryPoint\",\"urlTemplate\":\"https:\/\/ideas.com\/de\/?s={search_term_string}\"},\"query-input\":{\"@type\":\"PropertyValueSpecification\",\"valueRequired\":true,\"valueName\":\"search_term_string\"}}],\"inLanguage\":\"de-DE\"},{\"@type\":\"Organization\",\"@id\":\"https:\/\/ideas.com\/de\/#organization\",\"name\":\"IDeaS Revenue Solutions\",\"url\":\"https:\/\/ideas.com\/de\/\",\"logo\":{\"@type\":\"ImageObject\",\"inLanguage\":\"de-DE\",\"@id\":\"https:\/\/ideas.com\/de\/#\/schema\/logo\/image\/\",\"url\":\"https:\/\/ideas.com\/wp-content\/uploads\/2021\/08\/ideas-logo.svg\",\"contentUrl\":\"https:\/\/ideas.com\/wp-content\/uploads\/2021\/08\/ideas-logo.svg\",\"width\":1,\"height\":1,\"caption\":\"IDeaS Revenue Solutions\"},\"image\":{\"@id\":\"https:\/\/ideas.com\/de\/#\/schema\/logo\/image\/\"}}]}<\/script>\n<!-- \/ Yoast SEO plugin. -->","yoast_head_json":{"title":"Konferenzen und Veranstaltungen | IDeaS Germany","description":"Mit einer eigens f\u00fcr Veranstaltungsr\u00e4ume konzipierten Preis- und Forecast-Optimierungsl\u00f6sung erreichen Ihre Revenue Management-F\u00e4higkeiten ein v\u00f6llig neues Niveau.","robots":{"index":"index","follow":"follow","max-snippet":"max-snippet:-1","max-image-preview":"max-image-preview:large","max-video-preview":"max-video-preview:-1"},"canonical":"https:\/\/ideas.com\/de\/umsatz\/konferenzen-und-veranstaltungen\/","og_locale":"de_DE","og_type":"article","og_title":"Konferenzen und Veranstaltungen | IDeaS Germany","og_description":"Mit einer eigens f\u00fcr Veranstaltungsr\u00e4ume konzipierten Preis- und Forecast-Optimierungsl\u00f6sung erreichen Ihre Revenue Management-F\u00e4higkeiten ein v\u00f6llig neues Niveau.","og_url":"https:\/\/ideas.com\/de\/umsatz\/konferenzen-und-veranstaltungen\/","og_site_name":"IDeaS","article_modified_time":"2022-05-24T20:14:35+00:00","og_image":[{"width":1800,"height":945,"url":"https:\/\/ideas.com\/wp-content\/uploads\/2024\/12\/ideas_social_image.png","type":"image\/png"}],"twitter_card":"summary_large_image","schema":{"@context":"https:\/\/schema.org","@graph":[{"@type":"WebPage","@id":"https:\/\/ideas.com\/de\/umsatz\/konferenzen-und-veranstaltungen\/","url":"https:\/\/ideas.com\/de\/umsatz\/konferenzen-und-veranstaltungen\/","name":"Konferenzen und Veranstaltungen | IDeaS Germany","isPartOf":{"@id":"https:\/\/ideas.com\/de\/#website"},"datePublished":"2015-10-28T20:57:20+00:00","dateModified":"2022-05-24T20:14:35+00:00","description":"Mit einer eigens f\u00fcr Veranstaltungsr\u00e4ume konzipierten Preis- und Forecast-Optimierungsl\u00f6sung erreichen Ihre Revenue Management-F\u00e4higkeiten ein v\u00f6llig neues Niveau.","breadcrumb":{"@id":"https:\/\/ideas.com\/de\/umsatz\/konferenzen-und-veranstaltungen\/#breadcrumb"},"inLanguage":"de-DE","potentialAction":[{"@type":"ReadAction","target":["https:\/\/ideas.com\/de\/umsatz\/konferenzen-und-veranstaltungen\/"]}]},{"@type":"BreadcrumbList","@id":"https:\/\/ideas.com\/de\/umsatz\/konferenzen-und-veranstaltungen\/#breadcrumb","itemListElement":[{"@type":"ListItem","position":1,"name":"Umsatz","item":"https:\/\/ideas.com\/de\/umsatz\/"},{"@type":"ListItem","position":2,"name":"Konferenzen und Veranstaltungen"}]},{"@type":"WebSite","@id":"https:\/\/ideas.com\/de\/#website","url":"https:\/\/ideas.com\/de\/","name":"IDeaS","description":"Driving Better Revenue","publisher":{"@id":"https:\/\/ideas.com\/de\/#organization"},"potentialAction":[{"@type":"SearchAction","target":{"@type":"EntryPoint","urlTemplate":"https:\/\/ideas.com\/de\/?s={search_term_string}"},"query-input":{"@type":"PropertyValueSpecification","valueRequired":true,"valueName":"search_term_string"}}],"inLanguage":"de-DE"},{"@type":"Organization","@id":"https:\/\/ideas.com\/de\/#organization","name":"IDeaS Revenue Solutions","url":"https:\/\/ideas.com\/de\/","logo":{"@type":"ImageObject","inLanguage":"de-DE","@id":"https:\/\/ideas.com\/de\/#\/schema\/logo\/image\/","url":"https:\/\/ideas.com\/wp-content\/uploads\/2021\/08\/ideas-logo.svg","contentUrl":"https:\/\/ideas.com\/wp-content\/uploads\/2021\/08\/ideas-logo.svg","width":1,"height":1,"caption":"IDeaS Revenue Solutions"},"image":{"@id":"https:\/\/ideas.com\/de\/#\/schema\/logo\/image\/"}}]}},"_links":{"self":[{"href":"https:\/\/ideas.com\/de\/wp-json\/wp\/v2\/pages\/2214","targetHints":{"allow":["GET"]}}],"collection":[{"href":"https:\/\/ideas.com\/de\/wp-json\/wp\/v2\/pages"}],"about":[{"href":"https:\/\/ideas.com\/de\/wp-json\/wp\/v2\/types\/page"}],"author":[{"embeddable":true,"href":"https:\/\/ideas.com\/de\/wp-json\/wp\/v2\/users\/82"}],"replies":[{"embeddable":true,"href":"https:\/\/ideas.com\/de\/wp-json\/wp\/v2\/comments?post=2214"}],"version-history":[{"count":0,"href":"https:\/\/ideas.com\/de\/wp-json\/wp\/v2\/pages\/2214\/revisions"}],"up":[{"embeddable":true,"href":"https:\/\/ideas.com\/de\/wp-json\/wp\/v2\/pages\/2177"}],"wp:attachment":[{"href":"https:\/\/ideas.com\/de\/wp-json\/wp\/v2\/media?parent=2214"}],"wp:term":[{"taxonomy":"post_tag","embeddable":true,"href":"https:\/\/ideas.com\/de\/wp-json\/wp\/v2\/tags?post=2214"}],"curies":[{"name":"wp","href":"https:\/\/api.w.org\/{rel}","templated":true}]}}