{"id":8073,"date":"2018-12-16T22:15:06","date_gmt":"2018-12-17T04:15:06","guid":{"rendered":"https:\/\/ideas.com\/loesungen\/parking\/"},"modified":"2024-10-01T07:20:14","modified_gmt":"2024-10-01T12:20:14","slug":"parkhaeuser","status":"publish","type":"page","link":"https:\/\/ideas.com\/de\/parkhaeuser\/","title":{"rendered":"Parkh\u00e4user"},"content":{"rendered":"","protected":false},"excerpt":{"rendered":"","protected":false},"author":82,"featured_media":0,"parent":0,"menu_order":0,"comment_status":"closed","ping_status":"closed","template":"templates\/landing-page.php","meta":{"_acf_changed":false,"_crdt_document":"","inline_featured_image":false,"footnotes":""},"tags":[],"class_list":["post-8073","page","type-page","status-publish","hentry"],"acf":[],"yoast_head":"<!-- This site is optimized with the Yoast SEO plugin v27.2 - https:\/\/yoast.com\/product\/yoast-seo-wordpress\/ -->\n<title>Revenue Management-System f\u00fcr Parkpl\u00e4tze\/Parkh\u00e4user | IDeaS<\/title>\n<meta name=\"description\" content=\"Das IDeaS Parking Revenue Management System trifft datengesteuerte, nachfragebasierte Preisentscheidungen, welche die verf\u00fcgbare Kapazit\u00e4t verl\u00e4sslich optimieren und die Gewinne aus dem Parkgesch\u00e4ft maximieren.\" \/>\n<meta name=\"robots\" content=\"index, follow, max-snippet:-1, max-image-preview:large, max-video-preview:-1\" \/>\n<link rel=\"canonical\" href=\"https:\/\/ideas.com\/de\/parkhaeuser\/\" \/>\n<meta property=\"og:locale\" content=\"de_DE\" \/>\n<meta property=\"og:type\" content=\"article\" \/>\n<meta property=\"og:title\" content=\"Revenue Management-System f\u00fcr Parkpl\u00e4tze\/Parkh\u00e4user | IDeaS\" \/>\n<meta property=\"og:description\" content=\"Das IDeaS Parking Revenue Management System trifft datengesteuerte, nachfragebasierte Preisentscheidungen, welche die verf\u00fcgbare Kapazit\u00e4t verl\u00e4sslich optimieren und die Gewinne aus dem Parkgesch\u00e4ft maximieren.\" \/>\n<meta property=\"og:url\" content=\"https:\/\/ideas.com\/de\/parkhaeuser\/\" \/>\n<meta property=\"og:site_name\" content=\"IDeaS\" \/>\n<meta property=\"article:modified_time\" content=\"2024-10-01T12:20:14+00:00\" \/>\n<meta property=\"og:image\" content=\"https:\/\/ideas.com\/wp-content\/uploads\/2024\/12\/ideas_social_image.png\" \/>\n\t<meta property=\"og:image:width\" content=\"1800\" \/>\n\t<meta property=\"og:image:height\" content=\"945\" \/>\n\t<meta property=\"og:image:type\" content=\"image\/png\" \/>\n<meta name=\"twitter:card\" content=\"summary_large_image\" \/>\n<script type=\"application\/ld+json\" class=\"yoast-schema-graph\">{\"@context\":\"https:\/\/schema.org\",\"@graph\":[{\"@type\":\"WebPage\",\"@id\":\"https:\/\/ideas.com\/de\/parkhaeuser\/\",\"url\":\"https:\/\/ideas.com\/de\/parkhaeuser\/\",\"name\":\"Revenue Management-System f\u00fcr Parkpl\u00e4tze\/Parkh\u00e4user | IDeaS\",\"isPartOf\":{\"@id\":\"https:\/\/ideas.com\/de\/#website\"},\"datePublished\":\"2018-12-17T04:15:06+00:00\",\"dateModified\":\"2024-10-01T12:20:14+00:00\",\"description\":\"Das IDeaS Parking Revenue Management System trifft datengesteuerte, nachfragebasierte Preisentscheidungen, welche die verf\u00fcgbare Kapazit\u00e4t verl\u00e4sslich optimieren und die Gewinne aus dem Parkgesch\u00e4ft maximieren.\",\"inLanguage\":\"de-DE\",\"potentialAction\":[{\"@type\":\"ReadAction\",\"target\":[\"https:\/\/ideas.com\/de\/parkhaeuser\/\"]}]},{\"@type\":\"WebSite\",\"@id\":\"https:\/\/ideas.com\/de\/#website\",\"url\":\"https:\/\/ideas.com\/de\/\",\"name\":\"IDeaS\",\"description\":\"Driving Better Revenue\",\"publisher\":{\"@id\":\"https:\/\/ideas.com\/de\/#organization\"},\"potentialAction\":[{\"@type\":\"SearchAction\",\"target\":{\"@type\":\"EntryPoint\",\"urlTemplate\":\"https:\/\/ideas.com\/de\/?s={search_term_string}\"},\"query-input\":{\"@type\":\"PropertyValueSpecification\",\"valueRequired\":true,\"valueName\":\"search_term_string\"}}],\"inLanguage\":\"de-DE\"},{\"@type\":\"Organization\",\"@id\":\"https:\/\/ideas.com\/de\/#organization\",\"name\":\"IDeaS Revenue Solutions\",\"url\":\"https:\/\/ideas.com\/de\/\",\"logo\":{\"@type\":\"ImageObject\",\"inLanguage\":\"de-DE\",\"@id\":\"https:\/\/ideas.com\/de\/#\/schema\/logo\/image\/\",\"url\":\"https:\/\/ideas.com\/wp-content\/uploads\/2021\/08\/ideas-logo.svg\",\"contentUrl\":\"https:\/\/ideas.com\/wp-content\/uploads\/2021\/08\/ideas-logo.svg\",\"width\":1,\"height\":1,\"caption\":\"IDeaS Revenue Solutions\"},\"image\":{\"@id\":\"https:\/\/ideas.com\/de\/#\/schema\/logo\/image\/\"}}]}<\/script>\n<!-- \/ Yoast SEO plugin. -->","yoast_head_json":{"title":"Revenue Management-System f\u00fcr Parkpl\u00e4tze\/Parkh\u00e4user | IDeaS","description":"Das IDeaS Parking Revenue Management System trifft datengesteuerte, nachfragebasierte Preisentscheidungen, welche die verf\u00fcgbare Kapazit\u00e4t verl\u00e4sslich optimieren und die Gewinne aus dem Parkgesch\u00e4ft maximieren.","robots":{"index":"index","follow":"follow","max-snippet":"max-snippet:-1","max-image-preview":"max-image-preview:large","max-video-preview":"max-video-preview:-1"},"canonical":"https:\/\/ideas.com\/de\/parkhaeuser\/","og_locale":"de_DE","og_type":"article","og_title":"Revenue Management-System f\u00fcr Parkpl\u00e4tze\/Parkh\u00e4user | IDeaS","og_description":"Das IDeaS Parking Revenue Management System trifft datengesteuerte, nachfragebasierte Preisentscheidungen, welche die verf\u00fcgbare Kapazit\u00e4t verl\u00e4sslich optimieren und die Gewinne aus dem Parkgesch\u00e4ft maximieren.","og_url":"https:\/\/ideas.com\/de\/parkhaeuser\/","og_site_name":"IDeaS","article_modified_time":"2024-10-01T12:20:14+00:00","og_image":[{"width":1800,"height":945,"url":"https:\/\/ideas.com\/wp-content\/uploads\/2024\/12\/ideas_social_image.png","type":"image\/png"}],"twitter_card":"summary_large_image","schema":{"@context":"https:\/\/schema.org","@graph":[{"@type":"WebPage","@id":"https:\/\/ideas.com\/de\/parkhaeuser\/","url":"https:\/\/ideas.com\/de\/parkhaeuser\/","name":"Revenue Management-System f\u00fcr Parkpl\u00e4tze\/Parkh\u00e4user | IDeaS","isPartOf":{"@id":"https:\/\/ideas.com\/de\/#website"},"datePublished":"2018-12-17T04:15:06+00:00","dateModified":"2024-10-01T12:20:14+00:00","description":"Das IDeaS Parking Revenue Management System trifft datengesteuerte, nachfragebasierte Preisentscheidungen, welche die verf\u00fcgbare Kapazit\u00e4t verl\u00e4sslich optimieren und die Gewinne aus dem Parkgesch\u00e4ft maximieren.","inLanguage":"de-DE","potentialAction":[{"@type":"ReadAction","target":["https:\/\/ideas.com\/de\/parkhaeuser\/"]}]},{"@type":"WebSite","@id":"https:\/\/ideas.com\/de\/#website","url":"https:\/\/ideas.com\/de\/","name":"IDeaS","description":"Driving Better Revenue","publisher":{"@id":"https:\/\/ideas.com\/de\/#organization"},"potentialAction":[{"@type":"SearchAction","target":{"@type":"EntryPoint","urlTemplate":"https:\/\/ideas.com\/de\/?s={search_term_string}"},"query-input":{"@type":"PropertyValueSpecification","valueRequired":true,"valueName":"search_term_string"}}],"inLanguage":"de-DE"},{"@type":"Organization","@id":"https:\/\/ideas.com\/de\/#organization","name":"IDeaS Revenue Solutions","url":"https:\/\/ideas.com\/de\/","logo":{"@type":"ImageObject","inLanguage":"de-DE","@id":"https:\/\/ideas.com\/de\/#\/schema\/logo\/image\/","url":"https:\/\/ideas.com\/wp-content\/uploads\/2021\/08\/ideas-logo.svg","contentUrl":"https:\/\/ideas.com\/wp-content\/uploads\/2021\/08\/ideas-logo.svg","width":1,"height":1,"caption":"IDeaS Revenue Solutions"},"image":{"@id":"https:\/\/ideas.com\/de\/#\/schema\/logo\/image\/"}}]}},"_links":{"self":[{"href":"https:\/\/ideas.com\/de\/wp-json\/wp\/v2\/pages\/8073","targetHints":{"allow":["GET"]}}],"collection":[{"href":"https:\/\/ideas.com\/de\/wp-json\/wp\/v2\/pages"}],"about":[{"href":"https:\/\/ideas.com\/de\/wp-json\/wp\/v2\/types\/page"}],"author":[{"embeddable":true,"href":"https:\/\/ideas.com\/de\/wp-json\/wp\/v2\/users\/82"}],"replies":[{"embeddable":true,"href":"https:\/\/ideas.com\/de\/wp-json\/wp\/v2\/comments?post=8073"}],"version-history":[{"count":0,"href":"https:\/\/ideas.com\/de\/wp-json\/wp\/v2\/pages\/8073\/revisions"}],"wp:attachment":[{"href":"https:\/\/ideas.com\/de\/wp-json\/wp\/v2\/media?parent=8073"}],"wp:term":[{"taxonomy":"post_tag","embeddable":true,"href":"https:\/\/ideas.com\/de\/wp-json\/wp\/v2\/tags?post=8073"}],"curies":[{"name":"wp","href":"https:\/\/api.w.org\/{rel}","templated":true}]}}