{"id":142110,"date":"2025-03-28T14:32:01","date_gmt":"2025-03-28T19:32:01","guid":{"rendered":"https:\/\/ideas.com\/pila-de-sistemas-tecnologicos-para-el-sector-hotelero\/"},"modified":"2025-08-07T04:56:35","modified_gmt":"2025-08-07T09:56:35","slug":"pila-de-sistemas-tecnologicos-para-el-sector-hotelero","status":"publish","type":"page","link":"https:\/\/ideas.com\/es\/pila-de-sistemas-tecnologicos-para-el-sector-hotelero\/","title":{"rendered":"Pila de sistemas tecnol\u00f3gicos para el sector hotelero"},"content":{"rendered":"","protected":false},"excerpt":{"rendered":"","protected":false},"author":112,"featured_media":0,"parent":0,"menu_order":0,"comment_status":"closed","ping_status":"closed","template":"templates\/landing-page.php","meta":{"_acf_changed":false,"_crdt_document":"","inline_featured_image":false,"footnotes":""},"tags":[],"class_list":["post-142110","page","type-page","status-publish","hentry"],"acf":[],"yoast_head":"<!-- This site is optimized with the Yoast SEO plugin v27.2 - https:\/\/yoast.com\/product\/yoast-seo-wordpress\/ -->\n<title>Cree la pila tecnol\u00f3gica ideal para el sector hotelero: Los principales sistemas que influyen en el rendimiento de ingresos<\/title>\n<meta name=\"description\" content=\"Obtenga m\u00e1s informaci\u00f3n sobre c\u00f3mo los principales sistemas de un ecosistema de tecnolog\u00eda hotelera trabajan en conjunto para conseguir \u00f3ptimos resultados.\" \/>\n<meta name=\"robots\" content=\"index, follow, max-snippet:-1, max-image-preview:large, max-video-preview:-1\" \/>\n<link rel=\"canonical\" href=\"https:\/\/ideas.com\/es\/pila-de-sistemas-tecnologicos-para-el-sector-hotelero\/\" \/>\n<meta property=\"og:locale\" content=\"es_ES\" \/>\n<meta property=\"og:type\" content=\"article\" \/>\n<meta property=\"og:title\" content=\"Cree la pila tecnol\u00f3gica ideal para el sector hotelero: Los principales sistemas que influyen en el rendimiento de ingresos\" \/>\n<meta property=\"og:description\" content=\"Obtenga m\u00e1s informaci\u00f3n sobre c\u00f3mo los principales sistemas de un ecosistema de tecnolog\u00eda hotelera trabajan en conjunto para conseguir \u00f3ptimos resultados.\" \/>\n<meta property=\"og:url\" content=\"https:\/\/ideas.com\/es\/pila-de-sistemas-tecnologicos-para-el-sector-hotelero\/\" \/>\n<meta property=\"og:site_name\" content=\"IDeaS\" \/>\n<meta property=\"article:modified_time\" content=\"2025-08-07T09:56:35+00:00\" \/>\n<meta property=\"og:image\" content=\"https:\/\/ideas.com\/wp-content\/uploads\/2024\/12\/ideas_social_image.png\" \/>\n\t<meta property=\"og:image:width\" content=\"1800\" \/>\n\t<meta property=\"og:image:height\" content=\"945\" \/>\n\t<meta property=\"og:image:type\" content=\"image\/png\" \/>\n<meta name=\"twitter:card\" content=\"summary_large_image\" \/>\n<script type=\"application\/ld+json\" class=\"yoast-schema-graph\">{\"@context\":\"https:\/\/schema.org\",\"@graph\":[{\"@type\":\"WebPage\",\"@id\":\"https:\/\/ideas.com\/es\/pila-de-sistemas-tecnologicos-para-el-sector-hotelero\/\",\"url\":\"https:\/\/ideas.com\/es\/pila-de-sistemas-tecnologicos-para-el-sector-hotelero\/\",\"name\":\"Cree la pila tecnol\u00f3gica ideal para el sector hotelero: Los principales sistemas que influyen en el rendimiento de ingresos\",\"isPartOf\":{\"@id\":\"https:\/\/ideas.com\/es\/#website\"},\"datePublished\":\"2025-03-28T19:32:01+00:00\",\"dateModified\":\"2025-08-07T09:56:35+00:00\",\"description\":\"Obtenga m\u00e1s informaci\u00f3n sobre c\u00f3mo los principales sistemas de un ecosistema de tecnolog\u00eda hotelera trabajan en conjunto para conseguir \u00f3ptimos resultados.\",\"inLanguage\":\"es\",\"potentialAction\":[{\"@type\":\"ReadAction\",\"target\":[\"https:\/\/ideas.com\/es\/pila-de-sistemas-tecnologicos-para-el-sector-hotelero\/\"]}]},{\"@type\":\"WebSite\",\"@id\":\"https:\/\/ideas.com\/es\/#website\",\"url\":\"https:\/\/ideas.com\/es\/\",\"name\":\"IDeaS\",\"description\":\"Driving Better Revenue\",\"publisher\":{\"@id\":\"https:\/\/ideas.com\/es\/#organization\"},\"potentialAction\":[{\"@type\":\"SearchAction\",\"target\":{\"@type\":\"EntryPoint\",\"urlTemplate\":\"https:\/\/ideas.com\/es\/?s={search_term_string}\"},\"query-input\":{\"@type\":\"PropertyValueSpecification\",\"valueRequired\":true,\"valueName\":\"search_term_string\"}}],\"inLanguage\":\"es\"},{\"@type\":\"Organization\",\"@id\":\"https:\/\/ideas.com\/es\/#organization\",\"name\":\"IDeaS Revenue Solutions\",\"url\":\"https:\/\/ideas.com\/es\/\",\"logo\":{\"@type\":\"ImageObject\",\"inLanguage\":\"es\",\"@id\":\"https:\/\/ideas.com\/es\/#\/schema\/logo\/image\/\",\"url\":\"https:\/\/ideas.com\/wp-content\/uploads\/2021\/08\/ideas-logo.svg\",\"contentUrl\":\"https:\/\/ideas.com\/wp-content\/uploads\/2021\/08\/ideas-logo.svg\",\"width\":1,\"height\":1,\"caption\":\"IDeaS Revenue Solutions\"},\"image\":{\"@id\":\"https:\/\/ideas.com\/es\/#\/schema\/logo\/image\/\"}}]}<\/script>\n<!-- \/ Yoast SEO plugin. -->","yoast_head_json":{"title":"Cree la pila tecnol\u00f3gica ideal para el sector hotelero: Los principales sistemas que influyen en el rendimiento de ingresos","description":"Obtenga m\u00e1s informaci\u00f3n sobre c\u00f3mo los principales sistemas de un ecosistema de tecnolog\u00eda hotelera trabajan en conjunto para conseguir \u00f3ptimos resultados.","robots":{"index":"index","follow":"follow","max-snippet":"max-snippet:-1","max-image-preview":"max-image-preview:large","max-video-preview":"max-video-preview:-1"},"canonical":"https:\/\/ideas.com\/es\/pila-de-sistemas-tecnologicos-para-el-sector-hotelero\/","og_locale":"es_ES","og_type":"article","og_title":"Cree la pila tecnol\u00f3gica ideal para el sector hotelero: Los principales sistemas que influyen en el rendimiento de ingresos","og_description":"Obtenga m\u00e1s informaci\u00f3n sobre c\u00f3mo los principales sistemas de un ecosistema de tecnolog\u00eda hotelera trabajan en conjunto para conseguir \u00f3ptimos resultados.","og_url":"https:\/\/ideas.com\/es\/pila-de-sistemas-tecnologicos-para-el-sector-hotelero\/","og_site_name":"IDeaS","article_modified_time":"2025-08-07T09:56:35+00:00","og_image":[{"width":1800,"height":945,"url":"https:\/\/ideas.com\/wp-content\/uploads\/2024\/12\/ideas_social_image.png","type":"image\/png"}],"twitter_card":"summary_large_image","schema":{"@context":"https:\/\/schema.org","@graph":[{"@type":"WebPage","@id":"https:\/\/ideas.com\/es\/pila-de-sistemas-tecnologicos-para-el-sector-hotelero\/","url":"https:\/\/ideas.com\/es\/pila-de-sistemas-tecnologicos-para-el-sector-hotelero\/","name":"Cree la pila tecnol\u00f3gica ideal para el sector hotelero: Los principales sistemas que influyen en el rendimiento de ingresos","isPartOf":{"@id":"https:\/\/ideas.com\/es\/#website"},"datePublished":"2025-03-28T19:32:01+00:00","dateModified":"2025-08-07T09:56:35+00:00","description":"Obtenga m\u00e1s informaci\u00f3n sobre c\u00f3mo los principales sistemas de un ecosistema de tecnolog\u00eda hotelera trabajan en conjunto para conseguir \u00f3ptimos resultados.","inLanguage":"es","potentialAction":[{"@type":"ReadAction","target":["https:\/\/ideas.com\/es\/pila-de-sistemas-tecnologicos-para-el-sector-hotelero\/"]}]},{"@type":"WebSite","@id":"https:\/\/ideas.com\/es\/#website","url":"https:\/\/ideas.com\/es\/","name":"IDeaS","description":"Driving Better Revenue","publisher":{"@id":"https:\/\/ideas.com\/es\/#organization"},"potentialAction":[{"@type":"SearchAction","target":{"@type":"EntryPoint","urlTemplate":"https:\/\/ideas.com\/es\/?s={search_term_string}"},"query-input":{"@type":"PropertyValueSpecification","valueRequired":true,"valueName":"search_term_string"}}],"inLanguage":"es"},{"@type":"Organization","@id":"https:\/\/ideas.com\/es\/#organization","name":"IDeaS Revenue Solutions","url":"https:\/\/ideas.com\/es\/","logo":{"@type":"ImageObject","inLanguage":"es","@id":"https:\/\/ideas.com\/es\/#\/schema\/logo\/image\/","url":"https:\/\/ideas.com\/wp-content\/uploads\/2021\/08\/ideas-logo.svg","contentUrl":"https:\/\/ideas.com\/wp-content\/uploads\/2021\/08\/ideas-logo.svg","width":1,"height":1,"caption":"IDeaS Revenue Solutions"},"image":{"@id":"https:\/\/ideas.com\/es\/#\/schema\/logo\/image\/"}}]}},"_links":{"self":[{"href":"https:\/\/ideas.com\/es\/wp-json\/wp\/v2\/pages\/142110","targetHints":{"allow":["GET"]}}],"collection":[{"href":"https:\/\/ideas.com\/es\/wp-json\/wp\/v2\/pages"}],"about":[{"href":"https:\/\/ideas.com\/es\/wp-json\/wp\/v2\/types\/page"}],"author":[{"embeddable":true,"href":"https:\/\/ideas.com\/es\/wp-json\/wp\/v2\/users\/112"}],"replies":[{"embeddable":true,"href":"https:\/\/ideas.com\/es\/wp-json\/wp\/v2\/comments?post=142110"}],"version-history":[{"count":0,"href":"https:\/\/ideas.com\/es\/wp-json\/wp\/v2\/pages\/142110\/revisions"}],"wp:attachment":[{"href":"https:\/\/ideas.com\/es\/wp-json\/wp\/v2\/media?parent=142110"}],"wp:term":[{"taxonomy":"post_tag","embeddable":true,"href":"https:\/\/ideas.com\/es\/wp-json\/wp\/v2\/tags?post=142110"}],"curies":[{"name":"wp","href":"https:\/\/api.w.org\/{rel}","templated":true}]}}