{"id":143353,"date":"2025-04-29T12:14:26","date_gmt":"2025-04-29T17:14:26","guid":{"rendered":"https:\/\/ideas.com\/soluciones-para-fijar-precios-de-habitaciones-de-hotel\/cadenas-y-grupos-de-hoteles\/"},"modified":"2026-03-11T10:21:07","modified_gmt":"2026-03-11T15:21:07","slug":"cadenas-y-grupos-de-hoteles","status":"publish","type":"page","link":"https:\/\/ideas.com\/es\/soluciones-para-fijar-precios-de-habitaciones-de-hotel\/cadenas-y-grupos-de-hoteles\/","title":{"rendered":"Cadenas y grupos de hoteles"},"content":{"rendered":"","protected":false},"excerpt":{"rendered":"","protected":false},"author":112,"featured_media":0,"parent":8012,"menu_order":0,"comment_status":"closed","ping_status":"closed","template":"templates\/landing-page.php","meta":{"_acf_changed":false,"_crdt_document":"","inline_featured_image":false,"footnotes":""},"tags":[],"class_list":["post-143353","page","type-page","status-publish","hentry"],"acf":[],"yoast_head":"<!-- This site is optimized with the Yoast SEO plugin v27.2 - https:\/\/yoast.com\/product\/yoast-seo-wordpress\/ -->\n<title>Revenue management empresarial | IDeaS Revenue Solutions<\/title>\n<meta name=\"description\" content=\"Para franquiciados o grupos de gesti\u00f3n, empresas de inversi\u00f3n o representaci\u00f3n, IDeaS tiene lo que necesita para aumentar el valor del hotel. M\u00e1s informaci\u00f3n.\" \/>\n<meta name=\"robots\" content=\"index, follow, max-snippet:-1, max-image-preview:large, max-video-preview:-1\" \/>\n<link rel=\"canonical\" href=\"https:\/\/ideas.com\/es\/soluciones-para-fijar-precios-de-habitaciones-de-hotel\/cadenas-y-grupos-de-hoteles\/\" \/>\n<meta property=\"og:locale\" content=\"es_ES\" \/>\n<meta property=\"og:type\" content=\"article\" \/>\n<meta property=\"og:title\" content=\"Revenue management empresarial | IDeaS Revenue Solutions\" \/>\n<meta property=\"og:description\" content=\"Para franquiciados o grupos de gesti\u00f3n, empresas de inversi\u00f3n o representaci\u00f3n, IDeaS tiene lo que necesita para aumentar el valor del hotel. M\u00e1s informaci\u00f3n.\" \/>\n<meta property=\"og:url\" content=\"https:\/\/ideas.com\/es\/soluciones-para-fijar-precios-de-habitaciones-de-hotel\/cadenas-y-grupos-de-hoteles\/\" \/>\n<meta property=\"og:site_name\" content=\"IDeaS\" \/>\n<meta property=\"article:modified_time\" content=\"2026-03-11T15:21:07+00:00\" \/>\n<meta property=\"og:image\" content=\"https:\/\/ideas.com\/wp-content\/uploads\/2024\/12\/ideas_social_image.png\" \/>\n\t<meta property=\"og:image:width\" content=\"1800\" \/>\n\t<meta property=\"og:image:height\" content=\"945\" \/>\n\t<meta property=\"og:image:type\" content=\"image\/png\" \/>\n<meta name=\"twitter:card\" content=\"summary_large_image\" \/>\n<script type=\"application\/ld+json\" class=\"yoast-schema-graph\">{\"@context\":\"https:\/\/schema.org\",\"@graph\":[{\"@type\":\"WebPage\",\"@id\":\"https:\/\/ideas.com\/es\/soluciones-para-fijar-precios-de-habitaciones-de-hotel\/cadenas-y-grupos-de-hoteles\/\",\"url\":\"https:\/\/ideas.com\/es\/soluciones-para-fijar-precios-de-habitaciones-de-hotel\/cadenas-y-grupos-de-hoteles\/\",\"name\":\"Revenue management empresarial | IDeaS Revenue Solutions\",\"isPartOf\":{\"@id\":\"https:\/\/ideas.com\/es\/#website\"},\"datePublished\":\"2025-04-29T17:14:26+00:00\",\"dateModified\":\"2026-03-11T15:21:07+00:00\",\"description\":\"Para franquiciados o grupos de gesti\u00f3n, empresas de inversi\u00f3n o representaci\u00f3n, IDeaS tiene lo que necesita para aumentar el valor del hotel. M\u00e1s informaci\u00f3n.\",\"breadcrumb\":{\"@id\":\"https:\/\/ideas.com\/es\/soluciones-para-fijar-precios-de-habitaciones-de-hotel\/cadenas-y-grupos-de-hoteles\/#breadcrumb\"},\"inLanguage\":\"es\",\"potentialAction\":[{\"@type\":\"ReadAction\",\"target\":[\"https:\/\/ideas.com\/es\/soluciones-para-fijar-precios-de-habitaciones-de-hotel\/cadenas-y-grupos-de-hoteles\/\"]}]},{\"@type\":\"BreadcrumbList\",\"@id\":\"https:\/\/ideas.com\/es\/soluciones-para-fijar-precios-de-habitaciones-de-hotel\/cadenas-y-grupos-de-hoteles\/#breadcrumb\",\"itemListElement\":[{\"@type\":\"ListItem\",\"position\":1,\"name\":\"Hoteles\",\"item\":\"https:\/\/ideas.com\/es\/soluciones-para-fijar-precios-de-habitaciones-de-hotel\/\"},{\"@type\":\"ListItem\",\"position\":2,\"name\":\"Cadenas y grupos de hoteles\"}]},{\"@type\":\"WebSite\",\"@id\":\"https:\/\/ideas.com\/es\/#website\",\"url\":\"https:\/\/ideas.com\/es\/\",\"name\":\"IDeaS\",\"description\":\"Driving Better Revenue\",\"publisher\":{\"@id\":\"https:\/\/ideas.com\/es\/#organization\"},\"potentialAction\":[{\"@type\":\"SearchAction\",\"target\":{\"@type\":\"EntryPoint\",\"urlTemplate\":\"https:\/\/ideas.com\/es\/?s={search_term_string}\"},\"query-input\":{\"@type\":\"PropertyValueSpecification\",\"valueRequired\":true,\"valueName\":\"search_term_string\"}}],\"inLanguage\":\"es\"},{\"@type\":\"Organization\",\"@id\":\"https:\/\/ideas.com\/es\/#organization\",\"name\":\"IDeaS Revenue Solutions\",\"url\":\"https:\/\/ideas.com\/es\/\",\"logo\":{\"@type\":\"ImageObject\",\"inLanguage\":\"es\",\"@id\":\"https:\/\/ideas.com\/es\/#\/schema\/logo\/image\/\",\"url\":\"https:\/\/ideas.com\/wp-content\/uploads\/2021\/08\/ideas-logo.svg\",\"contentUrl\":\"https:\/\/ideas.com\/wp-content\/uploads\/2021\/08\/ideas-logo.svg\",\"width\":1,\"height\":1,\"caption\":\"IDeaS Revenue Solutions\"},\"image\":{\"@id\":\"https:\/\/ideas.com\/es\/#\/schema\/logo\/image\/\"}}]}<\/script>\n<!-- \/ Yoast SEO plugin. -->","yoast_head_json":{"title":"Revenue management empresarial | IDeaS Revenue Solutions","description":"Para franquiciados o grupos de gesti\u00f3n, empresas de inversi\u00f3n o representaci\u00f3n, IDeaS tiene lo que necesita para aumentar el valor del hotel. M\u00e1s informaci\u00f3n.","robots":{"index":"index","follow":"follow","max-snippet":"max-snippet:-1","max-image-preview":"max-image-preview:large","max-video-preview":"max-video-preview:-1"},"canonical":"https:\/\/ideas.com\/es\/soluciones-para-fijar-precios-de-habitaciones-de-hotel\/cadenas-y-grupos-de-hoteles\/","og_locale":"es_ES","og_type":"article","og_title":"Revenue management empresarial | IDeaS Revenue Solutions","og_description":"Para franquiciados o grupos de gesti\u00f3n, empresas de inversi\u00f3n o representaci\u00f3n, IDeaS tiene lo que necesita para aumentar el valor del hotel. M\u00e1s informaci\u00f3n.","og_url":"https:\/\/ideas.com\/es\/soluciones-para-fijar-precios-de-habitaciones-de-hotel\/cadenas-y-grupos-de-hoteles\/","og_site_name":"IDeaS","article_modified_time":"2026-03-11T15:21:07+00:00","og_image":[{"width":1800,"height":945,"url":"https:\/\/ideas.com\/wp-content\/uploads\/2024\/12\/ideas_social_image.png","type":"image\/png"}],"twitter_card":"summary_large_image","schema":{"@context":"https:\/\/schema.org","@graph":[{"@type":"WebPage","@id":"https:\/\/ideas.com\/es\/soluciones-para-fijar-precios-de-habitaciones-de-hotel\/cadenas-y-grupos-de-hoteles\/","url":"https:\/\/ideas.com\/es\/soluciones-para-fijar-precios-de-habitaciones-de-hotel\/cadenas-y-grupos-de-hoteles\/","name":"Revenue management empresarial | IDeaS Revenue Solutions","isPartOf":{"@id":"https:\/\/ideas.com\/es\/#website"},"datePublished":"2025-04-29T17:14:26+00:00","dateModified":"2026-03-11T15:21:07+00:00","description":"Para franquiciados o grupos de gesti\u00f3n, empresas de inversi\u00f3n o representaci\u00f3n, IDeaS tiene lo que necesita para aumentar el valor del hotel. M\u00e1s informaci\u00f3n.","breadcrumb":{"@id":"https:\/\/ideas.com\/es\/soluciones-para-fijar-precios-de-habitaciones-de-hotel\/cadenas-y-grupos-de-hoteles\/#breadcrumb"},"inLanguage":"es","potentialAction":[{"@type":"ReadAction","target":["https:\/\/ideas.com\/es\/soluciones-para-fijar-precios-de-habitaciones-de-hotel\/cadenas-y-grupos-de-hoteles\/"]}]},{"@type":"BreadcrumbList","@id":"https:\/\/ideas.com\/es\/soluciones-para-fijar-precios-de-habitaciones-de-hotel\/cadenas-y-grupos-de-hoteles\/#breadcrumb","itemListElement":[{"@type":"ListItem","position":1,"name":"Hoteles","item":"https:\/\/ideas.com\/es\/soluciones-para-fijar-precios-de-habitaciones-de-hotel\/"},{"@type":"ListItem","position":2,"name":"Cadenas y grupos de hoteles"}]},{"@type":"WebSite","@id":"https:\/\/ideas.com\/es\/#website","url":"https:\/\/ideas.com\/es\/","name":"IDeaS","description":"Driving Better Revenue","publisher":{"@id":"https:\/\/ideas.com\/es\/#organization"},"potentialAction":[{"@type":"SearchAction","target":{"@type":"EntryPoint","urlTemplate":"https:\/\/ideas.com\/es\/?s={search_term_string}"},"query-input":{"@type":"PropertyValueSpecification","valueRequired":true,"valueName":"search_term_string"}}],"inLanguage":"es"},{"@type":"Organization","@id":"https:\/\/ideas.com\/es\/#organization","name":"IDeaS Revenue Solutions","url":"https:\/\/ideas.com\/es\/","logo":{"@type":"ImageObject","inLanguage":"es","@id":"https:\/\/ideas.com\/es\/#\/schema\/logo\/image\/","url":"https:\/\/ideas.com\/wp-content\/uploads\/2021\/08\/ideas-logo.svg","contentUrl":"https:\/\/ideas.com\/wp-content\/uploads\/2021\/08\/ideas-logo.svg","width":1,"height":1,"caption":"IDeaS Revenue Solutions"},"image":{"@id":"https:\/\/ideas.com\/es\/#\/schema\/logo\/image\/"}}]}},"_links":{"self":[{"href":"https:\/\/ideas.com\/es\/wp-json\/wp\/v2\/pages\/143353","targetHints":{"allow":["GET"]}}],"collection":[{"href":"https:\/\/ideas.com\/es\/wp-json\/wp\/v2\/pages"}],"about":[{"href":"https:\/\/ideas.com\/es\/wp-json\/wp\/v2\/types\/page"}],"author":[{"embeddable":true,"href":"https:\/\/ideas.com\/es\/wp-json\/wp\/v2\/users\/112"}],"replies":[{"embeddable":true,"href":"https:\/\/ideas.com\/es\/wp-json\/wp\/v2\/comments?post=143353"}],"version-history":[{"count":0,"href":"https:\/\/ideas.com\/es\/wp-json\/wp\/v2\/pages\/143353\/revisions"}],"up":[{"embeddable":true,"href":"https:\/\/ideas.com\/es\/wp-json\/wp\/v2\/pages\/8012"}],"wp:attachment":[{"href":"https:\/\/ideas.com\/es\/wp-json\/wp\/v2\/media?parent=143353"}],"wp:term":[{"taxonomy":"post_tag","embeddable":true,"href":"https:\/\/ideas.com\/es\/wp-json\/wp\/v2\/tags?post=143353"}],"curies":[{"name":"wp","href":"https:\/\/api.w.org\/{rel}","templated":true}]}}