{"id":144835,"date":"2025-07-03T11:33:37","date_gmt":"2025-07-03T16:33:37","guid":{"rendered":"https:\/\/ideas.com\/unlocking-revenue-potential\/"},"modified":"2025-10-06T10:44:00","modified_gmt":"2025-10-06T15:44:00","slug":"future-forecast-2026","status":"publish","type":"page","link":"https:\/\/ideas.com\/es\/future-forecast-2026\/","title":{"rendered":"PREVISIONES DE FUTURO: Predicciones tecnol\u00f3gicas para el sector hotelero en 2026"},"content":{"rendered":"<p>Los hoteleros est\u00e1n bajo una presi\u00f3n constante para optimizar operaciones, incrementar la rentabilidad y ofrecer mejores experiencias a los hu\u00e9spedes. Y todo esto, en un entorno cada vez m\u00e1s complejo.<\/p>\n<p>Este eBook analiza las tendencias emergentes que marcar\u00e1n el 2026: desde la simplificaci\u00f3n de ecosistemas tecnol\u00f3gicos fragmentados hasta la creaci\u00f3n de un crecimiento sostenible y la estabilidad de la fuerza laboral.<\/p>\n<p>Obt\u00e9n la visi\u00f3n de l\u00edderes de la industria que te ayudar\u00e1n a anticipar el cambio y mantener la ventaja competitiva.<\/p>\n","protected":false},"excerpt":{"rendered":"<p>Los hoteleros est\u00e1n bajo una presi\u00f3n constante para optimizar operaciones, incrementar la rentabilidad y ofrecer mejores experiencias a los hu\u00e9spedes. Y todo esto, en un&hellip;<\/p>\n","protected":false},"author":112,"featured_media":146391,"parent":0,"menu_order":0,"comment_status":"closed","ping_status":"closed","template":"templates\/landing-page.php","meta":{"_acf_changed":false,"_crdt_document":"","inline_featured_image":false,"footnotes":""},"tags":[],"class_list":["post-144835","page","type-page","status-publish","has-post-thumbnail","hentry","funnel-stage-tofu"],"acf":[],"yoast_head":"<!-- This site is optimized with the Yoast SEO plugin v27.5 - https:\/\/yoast.com\/product\/yoast-seo-wordpress\/ -->\n<title>PREVISIONES DE FUTURO: Predicciones tecnol\u00f3gicas para el sector hotelero en 2026 | IDeaS<\/title>\n<meta name=\"description\" content=\"Descubra c\u00f3mo los hoteles de mayor rendimiento est\u00e1n transformando sus resultados con estrategias de ingresos basadas en datos. Nuestro \u00faltimo informe destaca las ventajas demostradas de invertir en las herramientas adecuadas para impulsar el crecimiento, mejorar la experiencia de los hu\u00e9spedes y potenciar a su equipo.\" \/>\n<meta name=\"robots\" content=\"index, follow, max-snippet:-1, max-image-preview:large, max-video-preview:-1\" \/>\n<link rel=\"canonical\" href=\"https:\/\/ideas.com\/es\/future-forecast-2026\/\" \/>\n<meta property=\"og:locale\" content=\"es_ES\" \/>\n<meta property=\"og:type\" content=\"article\" \/>\n<meta property=\"og:title\" content=\"PREVISIONES DE FUTURO: Predicciones tecnol\u00f3gicas para el sector hotelero en 2026\" \/>\n<meta property=\"og:description\" content=\"Este eBook analiza las tendencias emergentes que marcar\u00e1n el 2026: desde la simplificaci\u00f3n de ecosistemas tecnol\u00f3gicos fragmentados hasta la creaci\u00f3n de un crecimiento sostenible y la estabilidad de la fuerza laboral.\" \/>\n<meta property=\"og:url\" content=\"https:\/\/ideas.com\/es\/future-forecast-2026\/\" \/>\n<meta property=\"og:site_name\" content=\"IDeaS\" \/>\n<meta property=\"article:modified_time\" content=\"2025-10-06T15:44:00+00:00\" \/>\n<meta property=\"og:image\" content=\"https:\/\/ideas.com\/wp-content\/uploads\/2025\/10\/LP-Preview_Future-Forecast-2026-ES.png\" \/>\n\t<meta property=\"og:image:width\" content=\"1200\" \/>\n\t<meta property=\"og:image:height\" content=\"628\" \/>\n\t<meta property=\"og:image:type\" content=\"image\/png\" \/>\n<meta name=\"twitter:card\" content=\"summary_large_image\" \/>\n<meta name=\"twitter:title\" content=\"PREVISIONES DE FUTURO: Predicciones tecnol\u00f3gicas para el sector hotelero en 2026\" \/>\n<meta name=\"twitter:description\" content=\"Este eBook analiza las tendencias emergentes que marcar\u00e1n el 2026: desde la simplificaci\u00f3n de ecosistemas tecnol\u00f3gicos fragmentados hasta la creaci\u00f3n de un crecimiento sostenible y la estabilidad de la fuerza laboral.\" \/>\n<meta name=\"twitter:image\" content=\"https:\/\/ideas.com\/wp-content\/uploads\/2025\/10\/LP-Preview_Future-Forecast-2026-ES.png\" \/>\n<meta name=\"twitter:label1\" content=\"Tiempo de lectura\" \/>\n\t<meta name=\"twitter:data1\" content=\"1 minuto\" \/>\n<script type=\"application\/ld+json\" class=\"yoast-schema-graph\">{\"@context\":\"https:\\\/\\\/schema.org\",\"@graph\":[{\"@type\":\"WebPage\",\"@id\":\"https:\\\/\\\/ideas.com\\\/es\\\/future-forecast-2026\\\/\",\"url\":\"https:\\\/\\\/ideas.com\\\/es\\\/future-forecast-2026\\\/\",\"name\":\"PREVISIONES DE FUTURO: Predicciones tecnol\u00f3gicas para el sector hotelero en 2026 | IDeaS\",\"isPartOf\":{\"@id\":\"https:\\\/\\\/ideas.com\\\/es\\\/#website\"},\"primaryImageOfPage\":{\"@id\":\"https:\\\/\\\/ideas.com\\\/es\\\/future-forecast-2026\\\/#primaryimage\"},\"image\":{\"@id\":\"https:\\\/\\\/ideas.com\\\/es\\\/future-forecast-2026\\\/#primaryimage\"},\"thumbnailUrl\":\"https:\\\/\\\/ideas.com\\\/wp-content\\\/uploads\\\/2025\\\/10\\\/LP-Preview_Future-Forecast-2026-ES.png\",\"datePublished\":\"2025-07-03T16:33:37+00:00\",\"dateModified\":\"2025-10-06T15:44:00+00:00\",\"description\":\"Descubra c\u00f3mo los hoteles de mayor rendimiento est\u00e1n transformando sus resultados con estrategias de ingresos basadas en datos. Nuestro \u00faltimo informe destaca las ventajas demostradas de invertir en las herramientas adecuadas para impulsar el crecimiento, mejorar la experiencia de los hu\u00e9spedes y potenciar a su equipo.\",\"inLanguage\":\"es\",\"potentialAction\":[{\"@type\":\"ReadAction\",\"target\":[\"https:\\\/\\\/ideas.com\\\/es\\\/future-forecast-2026\\\/\"]}]},{\"@type\":\"ImageObject\",\"inLanguage\":\"es\",\"@id\":\"https:\\\/\\\/ideas.com\\\/es\\\/future-forecast-2026\\\/#primaryimage\",\"url\":\"https:\\\/\\\/ideas.com\\\/wp-content\\\/uploads\\\/2025\\\/10\\\/LP-Preview_Future-Forecast-2026-ES.png\",\"contentUrl\":\"https:\\\/\\\/ideas.com\\\/wp-content\\\/uploads\\\/2025\\\/10\\\/LP-Preview_Future-Forecast-2026-ES.png\",\"width\":1200,\"height\":628},{\"@type\":\"WebSite\",\"@id\":\"https:\\\/\\\/ideas.com\\\/es\\\/#website\",\"url\":\"https:\\\/\\\/ideas.com\\\/es\\\/\",\"name\":\"IDeaS\",\"description\":\"Driving Better Revenue\",\"publisher\":{\"@id\":\"https:\\\/\\\/ideas.com\\\/es\\\/#organization\"},\"potentialAction\":[{\"@type\":\"SearchAction\",\"target\":{\"@type\":\"EntryPoint\",\"urlTemplate\":\"https:\\\/\\\/ideas.com\\\/es\\\/?s={search_term_string}\"},\"query-input\":{\"@type\":\"PropertyValueSpecification\",\"valueRequired\":true,\"valueName\":\"search_term_string\"}}],\"inLanguage\":\"es\"},{\"@type\":\"Organization\",\"@id\":\"https:\\\/\\\/ideas.com\\\/es\\\/#organization\",\"name\":\"IDeaS Revenue Solutions\",\"url\":\"https:\\\/\\\/ideas.com\\\/es\\\/\",\"logo\":{\"@type\":\"ImageObject\",\"inLanguage\":\"es\",\"@id\":\"https:\\\/\\\/ideas.com\\\/es\\\/#\\\/schema\\\/logo\\\/image\\\/\",\"url\":\"https:\\\/\\\/ideas.com\\\/wp-content\\\/uploads\\\/2021\\\/08\\\/ideas-logo.svg\",\"contentUrl\":\"https:\\\/\\\/ideas.com\\\/wp-content\\\/uploads\\\/2021\\\/08\\\/ideas-logo.svg\",\"width\":1,\"height\":1,\"caption\":\"IDeaS Revenue Solutions\"},\"image\":{\"@id\":\"https:\\\/\\\/ideas.com\\\/es\\\/#\\\/schema\\\/logo\\\/image\\\/\"}}]}<\/script>\n<!-- \/ Yoast SEO plugin. -->","yoast_head_json":{"title":"PREVISIONES DE FUTURO: Predicciones tecnol\u00f3gicas para el sector hotelero en 2026 | IDeaS","description":"Descubra c\u00f3mo los hoteles de mayor rendimiento est\u00e1n transformando sus resultados con estrategias de ingresos basadas en datos. Nuestro \u00faltimo informe destaca las ventajas demostradas de invertir en las herramientas adecuadas para impulsar el crecimiento, mejorar la experiencia de los hu\u00e9spedes y potenciar a su equipo.","robots":{"index":"index","follow":"follow","max-snippet":"max-snippet:-1","max-image-preview":"max-image-preview:large","max-video-preview":"max-video-preview:-1"},"canonical":"https:\/\/ideas.com\/es\/future-forecast-2026\/","og_locale":"es_ES","og_type":"article","og_title":"PREVISIONES DE FUTURO: Predicciones tecnol\u00f3gicas para el sector hotelero en 2026","og_description":"Este eBook analiza las tendencias emergentes que marcar\u00e1n el 2026: desde la simplificaci\u00f3n de ecosistemas tecnol\u00f3gicos fragmentados hasta la creaci\u00f3n de un crecimiento sostenible y la estabilidad de la fuerza laboral.","og_url":"https:\/\/ideas.com\/es\/future-forecast-2026\/","og_site_name":"IDeaS","article_modified_time":"2025-10-06T15:44:00+00:00","og_image":[{"width":1200,"height":628,"url":"https:\/\/ideas.com\/wp-content\/uploads\/2025\/10\/LP-Preview_Future-Forecast-2026-ES.png","type":"image\/png"}],"twitter_card":"summary_large_image","twitter_title":"PREVISIONES DE FUTURO: Predicciones tecnol\u00f3gicas para el sector hotelero en 2026","twitter_description":"Este eBook analiza las tendencias emergentes que marcar\u00e1n el 2026: desde la simplificaci\u00f3n de ecosistemas tecnol\u00f3gicos fragmentados hasta la creaci\u00f3n de un crecimiento sostenible y la estabilidad de la fuerza laboral.","twitter_image":"https:\/\/ideas.com\/wp-content\/uploads\/2025\/10\/LP-Preview_Future-Forecast-2026-ES.png","twitter_misc":{"Tiempo de lectura":"1 minuto"},"schema":{"@context":"https:\/\/schema.org","@graph":[{"@type":"WebPage","@id":"https:\/\/ideas.com\/es\/future-forecast-2026\/","url":"https:\/\/ideas.com\/es\/future-forecast-2026\/","name":"PREVISIONES DE FUTURO: Predicciones tecnol\u00f3gicas para el sector hotelero en 2026 | IDeaS","isPartOf":{"@id":"https:\/\/ideas.com\/es\/#website"},"primaryImageOfPage":{"@id":"https:\/\/ideas.com\/es\/future-forecast-2026\/#primaryimage"},"image":{"@id":"https:\/\/ideas.com\/es\/future-forecast-2026\/#primaryimage"},"thumbnailUrl":"https:\/\/ideas.com\/wp-content\/uploads\/2025\/10\/LP-Preview_Future-Forecast-2026-ES.png","datePublished":"2025-07-03T16:33:37+00:00","dateModified":"2025-10-06T15:44:00+00:00","description":"Descubra c\u00f3mo los hoteles de mayor rendimiento est\u00e1n transformando sus resultados con estrategias de ingresos basadas en datos. Nuestro \u00faltimo informe destaca las ventajas demostradas de invertir en las herramientas adecuadas para impulsar el crecimiento, mejorar la experiencia de los hu\u00e9spedes y potenciar a su equipo.","inLanguage":"es","potentialAction":[{"@type":"ReadAction","target":["https:\/\/ideas.com\/es\/future-forecast-2026\/"]}]},{"@type":"ImageObject","inLanguage":"es","@id":"https:\/\/ideas.com\/es\/future-forecast-2026\/#primaryimage","url":"https:\/\/ideas.com\/wp-content\/uploads\/2025\/10\/LP-Preview_Future-Forecast-2026-ES.png","contentUrl":"https:\/\/ideas.com\/wp-content\/uploads\/2025\/10\/LP-Preview_Future-Forecast-2026-ES.png","width":1200,"height":628},{"@type":"WebSite","@id":"https:\/\/ideas.com\/es\/#website","url":"https:\/\/ideas.com\/es\/","name":"IDeaS","description":"Driving Better Revenue","publisher":{"@id":"https:\/\/ideas.com\/es\/#organization"},"potentialAction":[{"@type":"SearchAction","target":{"@type":"EntryPoint","urlTemplate":"https:\/\/ideas.com\/es\/?s={search_term_string}"},"query-input":{"@type":"PropertyValueSpecification","valueRequired":true,"valueName":"search_term_string"}}],"inLanguage":"es"},{"@type":"Organization","@id":"https:\/\/ideas.com\/es\/#organization","name":"IDeaS Revenue Solutions","url":"https:\/\/ideas.com\/es\/","logo":{"@type":"ImageObject","inLanguage":"es","@id":"https:\/\/ideas.com\/es\/#\/schema\/logo\/image\/","url":"https:\/\/ideas.com\/wp-content\/uploads\/2021\/08\/ideas-logo.svg","contentUrl":"https:\/\/ideas.com\/wp-content\/uploads\/2021\/08\/ideas-logo.svg","width":1,"height":1,"caption":"IDeaS Revenue Solutions"},"image":{"@id":"https:\/\/ideas.com\/es\/#\/schema\/logo\/image\/"}}]}},"_links":{"self":[{"href":"https:\/\/ideas.com\/es\/wp-json\/wp\/v2\/pages\/144835","targetHints":{"allow":["GET"]}}],"collection":[{"href":"https:\/\/ideas.com\/es\/wp-json\/wp\/v2\/pages"}],"about":[{"href":"https:\/\/ideas.com\/es\/wp-json\/wp\/v2\/types\/page"}],"author":[{"embeddable":true,"href":"https:\/\/ideas.com\/es\/wp-json\/wp\/v2\/users\/112"}],"replies":[{"embeddable":true,"href":"https:\/\/ideas.com\/es\/wp-json\/wp\/v2\/comments?post=144835"}],"version-history":[{"count":0,"href":"https:\/\/ideas.com\/es\/wp-json\/wp\/v2\/pages\/144835\/revisions"}],"wp:featuredmedia":[{"embeddable":true,"href":"https:\/\/ideas.com\/es\/wp-json\/wp\/v2\/media\/146391"}],"wp:attachment":[{"href":"https:\/\/ideas.com\/es\/wp-json\/wp\/v2\/media?parent=144835"}],"wp:term":[{"taxonomy":"post_tag","embeddable":true,"href":"https:\/\/ideas.com\/es\/wp-json\/wp\/v2\/tags?post=144835"}],"curies":[{"name":"wp","href":"https:\/\/api.w.org\/{rel}","templated":true}]}}