{"id":149286,"date":"2025-10-06T10:28:49","date_gmt":"2025-10-06T15:28:49","guid":{"rendered":"https:\/\/ideas.com\/lessons-in-revenue-precision-over-open-promises-what-your-rms-should-actually-do-for-you\/"},"modified":"2026-03-26T10:06:53","modified_gmt":"2026-03-26T15:06:53","slug":"lessons-in-revenue-precision-over-open-promises-what-your-rms-should-actually-do-for-you","status":"publish","type":"page","link":"https:\/\/ideas.com\/es\/lessons-in-revenue-precision-over-open-promises-what-your-rms-should-actually-do-for-you\/","title":{"rendered":"Lecciones sobre Ingresos | Precisi\u00f3n por encima de promesas vac\u00edas: Lo que realmente deber\u00eda hacer su RMS por usted"},"content":{"rendered":"<p>El sector hotelero sigue evolucionando a un ritmo vertiginoso. Los canales de distribuci\u00f3n son cada vez m\u00e1s complejos, las expectativas de los hu\u00e9spedes son cada vez mayores y la tecnolog\u00eda avanza a pasos agigantados. En medio de esta transformaci\u00f3n, su Revenue Management System (RMS) debe hacer algo m\u00e1s que mantenerse al d\u00eda: debe liderar el cambio. Sin embargo, muchas soluciones de revenue management siguen bas\u00e1ndose en supuestos obsoletos (y arriesgados) y en an\u00e1lisis limitados. Este documento describe las capacidades esenciales que su sistema de Revenue Management (RMS) debe aportar para ayudar a su organizaci\u00f3n a adaptarse y prosperar.<\/p>\n","protected":false},"excerpt":{"rendered":"<p>El sector hotelero sigue evolucionando a un ritmo vertiginoso. Los canales de distribuci\u00f3n son cada vez m\u00e1s complejos, las expectativas de los hu\u00e9spedes son cada&hellip;<\/p>\n","protected":false},"author":115,"featured_media":150387,"parent":0,"menu_order":0,"comment_status":"closed","ping_status":"closed","template":"templates\/landing-page.php","meta":{"_acf_changed":false,"_crdt_document":"","inline_featured_image":false,"footnotes":""},"tags":[],"class_list":["post-149286","page","type-page","status-publish","has-post-thumbnail","hentry","funnel-stage-mofu"],"acf":[],"yoast_head":"<!-- This site is optimized with the Yoast SEO plugin v27.2 - https:\/\/yoast.com\/product\/yoast-seo-wordpress\/ -->\n<title>Lecciones sobre Ingresos | Precisi\u00f3n por encima de promesas vac\u00edas: Lo que realmente deber\u00eda hacer su RMS por usted | IDeaS<\/title>\n<meta name=\"description\" content=\"In this guide, we draw lessons from previous disruptions to provide strategies and practical tips for optimizing revenue performance in times of volatile demand.\" \/>\n<meta name=\"robots\" content=\"index, follow, max-snippet:-1, max-image-preview:large, max-video-preview:-1\" \/>\n<link rel=\"canonical\" href=\"https:\/\/ideas.com\/es\/lessons-in-revenue-precision-over-open-promises-what-your-rms-should-actually-do-for-you\/\" \/>\n<meta property=\"og:locale\" content=\"es_ES\" \/>\n<meta property=\"og:type\" content=\"article\" \/>\n<meta property=\"og:title\" content=\"Lecciones sobre Ingresos | Precisi\u00f3n por encima de promesas vac\u00edas: Lo que realmente deber\u00eda hacer su RMS por usted\" \/>\n<meta property=\"og:description\" content=\"El sector hotelero sigue evolucionando a un ritmo vertiginoso. Los canales de distribuci\u00f3n son cada vez m\u00e1s complejos, las expectativas de los hu\u00e9spedes son cada vez mayores y la tecnolog\u00eda avanza a pasos agigantados. En medio de esta transformaci\u00f3n, su Revenue Management System (RMS) debe hacer algo m\u00e1s que mantenerse al d\u00eda: debe liderar el cambio. Sin embargo, muchas soluciones de revenue management siguen bas\u00e1ndose en supuestos obsoletos (y arriesgados) y en an\u00e1lisis limitados. Este documento describe las capacidades esenciales que su sistema de Revenue Management (RMS) debe aportar para ayudar a su organizaci\u00f3n a adaptarse y prosperar.\" \/>\n<meta property=\"og:url\" content=\"https:\/\/ideas.com\/es\/lessons-in-revenue-precision-over-open-promises-what-your-rms-should-actually-do-for-you\/\" \/>\n<meta property=\"og:site_name\" content=\"IDeaS\" \/>\n<meta property=\"article:modified_time\" content=\"2026-03-26T15:06:53+00:00\" \/>\n<meta property=\"og:image\" content=\"https:\/\/ideas.com\/wp-content\/uploads\/2026\/03\/Precision-Over-Promises.png\" \/>\n\t<meta property=\"og:image:width\" content=\"1200\" \/>\n\t<meta property=\"og:image:height\" content=\"630\" \/>\n\t<meta property=\"og:image:type\" content=\"image\/png\" \/>\n<meta name=\"twitter:card\" content=\"summary_large_image\" \/>\n<meta name=\"twitter:title\" content=\"Lecciones sobre Ingresos | Precisi\u00f3n por encima de promesas vac\u00edas: Lo que realmente deber\u00eda hacer su RMS por usted\" \/>\n<meta name=\"twitter:description\" content=\"El sector hotelero sigue evolucionando a un ritmo vertiginoso. Los canales de distribuci\u00f3n son cada vez m\u00e1s complejos, las expectativas de los hu\u00e9spedes son cada vez mayores y la tecnolog\u00eda avanza a pasos agigantados. En medio de esta transformaci\u00f3n, su Revenue Management System (RMS) debe hacer algo m\u00e1s que mantenerse al d\u00eda: debe liderar el cambio. Sin embargo, muchas soluciones de revenue management siguen bas\u00e1ndose en supuestos obsoletos (y arriesgados) y en an\u00e1lisis limitados. Este documento describe las capacidades esenciales que su sistema de Revenue Management (RMS) debe aportar para ayudar a su organizaci\u00f3n a adaptarse y prosperar.\" \/>\n<meta name=\"twitter:image\" content=\"https:\/\/ideas.com\/wp-content\/uploads\/2026\/03\/Precision-Over-Promises.png\" \/>\n<meta name=\"twitter:label1\" content=\"Tiempo de lectura\" \/>\n\t<meta name=\"twitter:data1\" content=\"1 minuto\" \/>\n<script type=\"application\/ld+json\" class=\"yoast-schema-graph\">{\"@context\":\"https:\/\/schema.org\",\"@graph\":[{\"@type\":\"WebPage\",\"@id\":\"https:\/\/ideas.com\/es\/lessons-in-revenue-precision-over-open-promises-what-your-rms-should-actually-do-for-you\/\",\"url\":\"https:\/\/ideas.com\/es\/lessons-in-revenue-precision-over-open-promises-what-your-rms-should-actually-do-for-you\/\",\"name\":\"Lecciones sobre Ingresos | Precisi\u00f3n por encima de promesas vac\u00edas: Lo que realmente deber\u00eda hacer su RMS por usted | IDeaS\",\"isPartOf\":{\"@id\":\"https:\/\/ideas.com\/es\/#website\"},\"primaryImageOfPage\":{\"@id\":\"https:\/\/ideas.com\/es\/lessons-in-revenue-precision-over-open-promises-what-your-rms-should-actually-do-for-you\/#primaryimage\"},\"image\":{\"@id\":\"https:\/\/ideas.com\/es\/lessons-in-revenue-precision-over-open-promises-what-your-rms-should-actually-do-for-you\/#primaryimage\"},\"thumbnailUrl\":\"https:\/\/ideas.com\/wp-content\/uploads\/2026\/03\/Precision-Over-Promises.png\",\"datePublished\":\"2025-10-06T15:28:49+00:00\",\"dateModified\":\"2026-03-26T15:06:53+00:00\",\"description\":\"In this guide, we draw lessons from previous disruptions to provide strategies and practical tips for optimizing revenue performance in times of volatile demand.\",\"inLanguage\":\"es\",\"potentialAction\":[{\"@type\":\"ReadAction\",\"target\":[\"https:\/\/ideas.com\/es\/lessons-in-revenue-precision-over-open-promises-what-your-rms-should-actually-do-for-you\/\"]}]},{\"@type\":\"ImageObject\",\"inLanguage\":\"es\",\"@id\":\"https:\/\/ideas.com\/es\/lessons-in-revenue-precision-over-open-promises-what-your-rms-should-actually-do-for-you\/#primaryimage\",\"url\":\"https:\/\/ideas.com\/wp-content\/uploads\/2026\/03\/Precision-Over-Promises.png\",\"contentUrl\":\"https:\/\/ideas.com\/wp-content\/uploads\/2026\/03\/Precision-Over-Promises.png\",\"width\":1200,\"height\":630},{\"@type\":\"WebSite\",\"@id\":\"https:\/\/ideas.com\/es\/#website\",\"url\":\"https:\/\/ideas.com\/es\/\",\"name\":\"IDeaS\",\"description\":\"Driving Better Revenue\",\"publisher\":{\"@id\":\"https:\/\/ideas.com\/es\/#organization\"},\"potentialAction\":[{\"@type\":\"SearchAction\",\"target\":{\"@type\":\"EntryPoint\",\"urlTemplate\":\"https:\/\/ideas.com\/es\/?s={search_term_string}\"},\"query-input\":{\"@type\":\"PropertyValueSpecification\",\"valueRequired\":true,\"valueName\":\"search_term_string\"}}],\"inLanguage\":\"es\"},{\"@type\":\"Organization\",\"@id\":\"https:\/\/ideas.com\/es\/#organization\",\"name\":\"IDeaS Revenue Solutions\",\"url\":\"https:\/\/ideas.com\/es\/\",\"logo\":{\"@type\":\"ImageObject\",\"inLanguage\":\"es\",\"@id\":\"https:\/\/ideas.com\/es\/#\/schema\/logo\/image\/\",\"url\":\"https:\/\/ideas.com\/wp-content\/uploads\/2021\/08\/ideas-logo.svg\",\"contentUrl\":\"https:\/\/ideas.com\/wp-content\/uploads\/2021\/08\/ideas-logo.svg\",\"width\":1,\"height\":1,\"caption\":\"IDeaS Revenue Solutions\"},\"image\":{\"@id\":\"https:\/\/ideas.com\/es\/#\/schema\/logo\/image\/\"}}]}<\/script>\n<!-- \/ Yoast SEO plugin. -->","yoast_head_json":{"title":"Lecciones sobre Ingresos | Precisi\u00f3n por encima de promesas vac\u00edas: Lo que realmente deber\u00eda hacer su RMS por usted | IDeaS","description":"In this guide, we draw lessons from previous disruptions to provide strategies and practical tips for optimizing revenue performance in times of volatile demand.","robots":{"index":"index","follow":"follow","max-snippet":"max-snippet:-1","max-image-preview":"max-image-preview:large","max-video-preview":"max-video-preview:-1"},"canonical":"https:\/\/ideas.com\/es\/lessons-in-revenue-precision-over-open-promises-what-your-rms-should-actually-do-for-you\/","og_locale":"es_ES","og_type":"article","og_title":"Lecciones sobre Ingresos | Precisi\u00f3n por encima de promesas vac\u00edas: Lo que realmente deber\u00eda hacer su RMS por usted","og_description":"El sector hotelero sigue evolucionando a un ritmo vertiginoso. Los canales de distribuci\u00f3n son cada vez m\u00e1s complejos, las expectativas de los hu\u00e9spedes son cada vez mayores y la tecnolog\u00eda avanza a pasos agigantados. En medio de esta transformaci\u00f3n, su Revenue Management System (RMS) debe hacer algo m\u00e1s que mantenerse al d\u00eda: debe liderar el cambio. Sin embargo, muchas soluciones de revenue management siguen bas\u00e1ndose en supuestos obsoletos (y arriesgados) y en an\u00e1lisis limitados. Este documento describe las capacidades esenciales que su sistema de Revenue Management (RMS) debe aportar para ayudar a su organizaci\u00f3n a adaptarse y prosperar.","og_url":"https:\/\/ideas.com\/es\/lessons-in-revenue-precision-over-open-promises-what-your-rms-should-actually-do-for-you\/","og_site_name":"IDeaS","article_modified_time":"2026-03-26T15:06:53+00:00","og_image":[{"width":1200,"height":630,"url":"https:\/\/ideas.com\/wp-content\/uploads\/2026\/03\/Precision-Over-Promises.png","type":"image\/png"}],"twitter_card":"summary_large_image","twitter_title":"Lecciones sobre Ingresos | Precisi\u00f3n por encima de promesas vac\u00edas: Lo que realmente deber\u00eda hacer su RMS por usted","twitter_description":"El sector hotelero sigue evolucionando a un ritmo vertiginoso. Los canales de distribuci\u00f3n son cada vez m\u00e1s complejos, las expectativas de los hu\u00e9spedes son cada vez mayores y la tecnolog\u00eda avanza a pasos agigantados. En medio de esta transformaci\u00f3n, su Revenue Management System (RMS) debe hacer algo m\u00e1s que mantenerse al d\u00eda: debe liderar el cambio. Sin embargo, muchas soluciones de revenue management siguen bas\u00e1ndose en supuestos obsoletos (y arriesgados) y en an\u00e1lisis limitados. Este documento describe las capacidades esenciales que su sistema de Revenue Management (RMS) debe aportar para ayudar a su organizaci\u00f3n a adaptarse y prosperar.","twitter_image":"https:\/\/ideas.com\/wp-content\/uploads\/2026\/03\/Precision-Over-Promises.png","twitter_misc":{"Tiempo de lectura":"1 minuto"},"schema":{"@context":"https:\/\/schema.org","@graph":[{"@type":"WebPage","@id":"https:\/\/ideas.com\/es\/lessons-in-revenue-precision-over-open-promises-what-your-rms-should-actually-do-for-you\/","url":"https:\/\/ideas.com\/es\/lessons-in-revenue-precision-over-open-promises-what-your-rms-should-actually-do-for-you\/","name":"Lecciones sobre Ingresos | Precisi\u00f3n por encima de promesas vac\u00edas: Lo que realmente deber\u00eda hacer su RMS por usted | IDeaS","isPartOf":{"@id":"https:\/\/ideas.com\/es\/#website"},"primaryImageOfPage":{"@id":"https:\/\/ideas.com\/es\/lessons-in-revenue-precision-over-open-promises-what-your-rms-should-actually-do-for-you\/#primaryimage"},"image":{"@id":"https:\/\/ideas.com\/es\/lessons-in-revenue-precision-over-open-promises-what-your-rms-should-actually-do-for-you\/#primaryimage"},"thumbnailUrl":"https:\/\/ideas.com\/wp-content\/uploads\/2026\/03\/Precision-Over-Promises.png","datePublished":"2025-10-06T15:28:49+00:00","dateModified":"2026-03-26T15:06:53+00:00","description":"In this guide, we draw lessons from previous disruptions to provide strategies and practical tips for optimizing revenue performance in times of volatile demand.","inLanguage":"es","potentialAction":[{"@type":"ReadAction","target":["https:\/\/ideas.com\/es\/lessons-in-revenue-precision-over-open-promises-what-your-rms-should-actually-do-for-you\/"]}]},{"@type":"ImageObject","inLanguage":"es","@id":"https:\/\/ideas.com\/es\/lessons-in-revenue-precision-over-open-promises-what-your-rms-should-actually-do-for-you\/#primaryimage","url":"https:\/\/ideas.com\/wp-content\/uploads\/2026\/03\/Precision-Over-Promises.png","contentUrl":"https:\/\/ideas.com\/wp-content\/uploads\/2026\/03\/Precision-Over-Promises.png","width":1200,"height":630},{"@type":"WebSite","@id":"https:\/\/ideas.com\/es\/#website","url":"https:\/\/ideas.com\/es\/","name":"IDeaS","description":"Driving Better Revenue","publisher":{"@id":"https:\/\/ideas.com\/es\/#organization"},"potentialAction":[{"@type":"SearchAction","target":{"@type":"EntryPoint","urlTemplate":"https:\/\/ideas.com\/es\/?s={search_term_string}"},"query-input":{"@type":"PropertyValueSpecification","valueRequired":true,"valueName":"search_term_string"}}],"inLanguage":"es"},{"@type":"Organization","@id":"https:\/\/ideas.com\/es\/#organization","name":"IDeaS Revenue Solutions","url":"https:\/\/ideas.com\/es\/","logo":{"@type":"ImageObject","inLanguage":"es","@id":"https:\/\/ideas.com\/es\/#\/schema\/logo\/image\/","url":"https:\/\/ideas.com\/wp-content\/uploads\/2021\/08\/ideas-logo.svg","contentUrl":"https:\/\/ideas.com\/wp-content\/uploads\/2021\/08\/ideas-logo.svg","width":1,"height":1,"caption":"IDeaS Revenue Solutions"},"image":{"@id":"https:\/\/ideas.com\/es\/#\/schema\/logo\/image\/"}}]}},"_links":{"self":[{"href":"https:\/\/ideas.com\/es\/wp-json\/wp\/v2\/pages\/149286","targetHints":{"allow":["GET"]}}],"collection":[{"href":"https:\/\/ideas.com\/es\/wp-json\/wp\/v2\/pages"}],"about":[{"href":"https:\/\/ideas.com\/es\/wp-json\/wp\/v2\/types\/page"}],"author":[{"embeddable":true,"href":"https:\/\/ideas.com\/es\/wp-json\/wp\/v2\/users\/115"}],"replies":[{"embeddable":true,"href":"https:\/\/ideas.com\/es\/wp-json\/wp\/v2\/comments?post=149286"}],"version-history":[{"count":1,"href":"https:\/\/ideas.com\/es\/wp-json\/wp\/v2\/pages\/149286\/revisions"}],"predecessor-version":[{"id":149566,"href":"https:\/\/ideas.com\/es\/wp-json\/wp\/v2\/pages\/149286\/revisions\/149566"}],"wp:featuredmedia":[{"embeddable":true,"href":"https:\/\/ideas.com\/es\/wp-json\/wp\/v2\/media\/150387"}],"wp:attachment":[{"href":"https:\/\/ideas.com\/es\/wp-json\/wp\/v2\/media?parent=149286"}],"wp:term":[{"taxonomy":"post_tag","embeddable":true,"href":"https:\/\/ideas.com\/es\/wp-json\/wp\/v2\/tags?post=149286"}],"curies":[{"name":"wp","href":"https:\/\/api.w.org\/{rel}","templated":true}]}}