{"id":150527,"date":"2024-11-19T12:51:56","date_gmt":"2024-11-19T18:51:56","guid":{"rendered":"https:\/\/ideas.com\/lessons-in-revenue-total-revenue-profit-optimization\/"},"modified":"2026-03-26T10:56:02","modified_gmt":"2026-03-26T15:56:02","slug":"lessons-in-revenue-total-revenue-profit-optimization","status":"publish","type":"page","link":"https:\/\/ideas.com\/es\/lessons-in-revenue-total-revenue-profit-optimization\/","title":{"rendered":"LECCIONES de revenue: Optimizaci\u00f3n de los ingresos y los beneficios totales"},"content":{"rendered":"<p>Descubra los componentes esenciales y las consideraciones estrat\u00e9gicas de la gesti\u00f3n integral de ingresos, y c\u00f3mo se puede aplicar para aumentar el gasto de los hu\u00e9spedes, mejorar la eficiencia operativa y aumentar sus beneficios.<\/p>\n","protected":false},"excerpt":{"rendered":"<p>Descubra los componentes esenciales y las consideraciones estrat\u00e9gicas de la gesti\u00f3n integral de ingresos, y c\u00f3mo se puede aplicar para aumentar el gasto de los&hellip;<\/p>\n","protected":false},"author":54,"featured_media":150501,"parent":0,"menu_order":0,"comment_status":"closed","ping_status":"closed","template":"templates\/landing-page.php","meta":{"_acf_changed":false,"_crdt_document":"","inline_featured_image":false,"footnotes":""},"tags":[],"class_list":["post-150527","page","type-page","status-publish","has-post-thumbnail","hentry"],"acf":[],"yoast_head":"<!-- This site is optimized with the Yoast SEO plugin v27.5 - https:\/\/yoast.com\/product\/yoast-seo-wordpress\/ -->\n<title>LECCIONES de revenue: Optimizaci\u00f3n de los ingresos y los beneficios totales | IDeaS<\/title>\n<meta name=\"description\" content=\"Descubra los componentes esenciales y las consideraciones estrat\u00e9gicas de la gesti\u00f3n integral de ingresos, y c\u00f3mo se puede aplicar para aumentar el gasto de los hu\u00e9spedes, mejorar la eficiencia operativa y aumentar sus beneficios.\" \/>\n<meta name=\"robots\" content=\"index, follow, max-snippet:-1, max-image-preview:large, max-video-preview:-1\" \/>\n<link rel=\"canonical\" href=\"https:\/\/ideas.com\/es\/lessons-in-revenue-total-revenue-profit-optimization\/\" \/>\n<meta property=\"og:locale\" content=\"es_ES\" \/>\n<meta property=\"og:type\" content=\"article\" \/>\n<meta property=\"og:title\" content=\"LECCIONES de revenue: Optimizaci\u00f3n de los ingresos y los beneficios totales\" \/>\n<meta property=\"og:description\" content=\"Descubra los componentes esenciales y las consideraciones estrat\u00e9gicas de la gesti\u00f3n integral de ingresos, y c\u00f3mo se puede aplicar para aumentar el gasto de los hu\u00e9spedes, mejorar la eficiencia operativa y aumentar sus beneficios.\" \/>\n<meta property=\"og:url\" content=\"https:\/\/ideas.com\/es\/lessons-in-revenue-total-revenue-profit-optimization\/\" \/>\n<meta property=\"og:site_name\" content=\"IDeaS\" \/>\n<meta property=\"article:modified_time\" content=\"2026-03-26T15:56:02+00:00\" \/>\n<meta property=\"og:image\" content=\"https:\/\/ideas.com\/wp-content\/uploads\/2024\/11\/Lessons-in-Revenue-Total-Profit-and-Revenue-Optimization-2.png\" \/>\n\t<meta property=\"og:image:width\" content=\"1200\" \/>\n\t<meta property=\"og:image:height\" content=\"630\" \/>\n\t<meta property=\"og:image:type\" content=\"image\/png\" \/>\n<meta name=\"twitter:card\" content=\"summary_large_image\" \/>\n<meta name=\"twitter:title\" content=\"LECCIONES de revenue: Optimizaci\u00f3n de los ingresos y los beneficios totales\" \/>\n<meta name=\"twitter:description\" content=\"Descubra los componentes esenciales y las consideraciones estrat\u00e9gicas de la gesti\u00f3n integral de ingresos, y c\u00f3mo se puede aplicar para aumentar el gasto de los hu\u00e9spedes, mejorar la eficiencia operativa y aumentar sus beneficios.\" \/>\n<meta name=\"twitter:image\" content=\"https:\/\/ideas.com\/wp-content\/uploads\/2024\/11\/Lessons-in-Revenue-Total-Profit-and-Revenue-Optimization-2.png\" \/>\n<meta name=\"twitter:label1\" content=\"Tiempo de lectura\" \/>\n\t<meta name=\"twitter:data1\" content=\"1 minuto\" \/>\n<script type=\"application\/ld+json\" class=\"yoast-schema-graph\">{\"@context\":\"https:\\\/\\\/schema.org\",\"@graph\":[{\"@type\":\"WebPage\",\"@id\":\"https:\\\/\\\/ideas.com\\\/es\\\/lessons-in-revenue-total-revenue-profit-optimization\\\/\",\"url\":\"https:\\\/\\\/ideas.com\\\/es\\\/lessons-in-revenue-total-revenue-profit-optimization\\\/\",\"name\":\"LECCIONES de revenue: Optimizaci\u00f3n de los ingresos y los beneficios totales | IDeaS\",\"isPartOf\":{\"@id\":\"https:\\\/\\\/ideas.com\\\/es\\\/#website\"},\"primaryImageOfPage\":{\"@id\":\"https:\\\/\\\/ideas.com\\\/es\\\/lessons-in-revenue-total-revenue-profit-optimization\\\/#primaryimage\"},\"image\":{\"@id\":\"https:\\\/\\\/ideas.com\\\/es\\\/lessons-in-revenue-total-revenue-profit-optimization\\\/#primaryimage\"},\"thumbnailUrl\":\"https:\\\/\\\/ideas.com\\\/wp-content\\\/uploads\\\/2024\\\/11\\\/Lessons-in-Revenue-Total-Profit-and-Revenue-Optimization-2.png\",\"datePublished\":\"2024-11-19T18:51:56+00:00\",\"dateModified\":\"2026-03-26T15:56:02+00:00\",\"description\":\"Descubra los componentes esenciales y las consideraciones estrat\u00e9gicas de la gesti\u00f3n integral de ingresos, y c\u00f3mo se puede aplicar para aumentar el gasto de los hu\u00e9spedes, mejorar la eficiencia operativa y aumentar sus beneficios.\",\"inLanguage\":\"es\",\"potentialAction\":[{\"@type\":\"ReadAction\",\"target\":[\"https:\\\/\\\/ideas.com\\\/es\\\/lessons-in-revenue-total-revenue-profit-optimization\\\/\"]}]},{\"@type\":\"ImageObject\",\"inLanguage\":\"es\",\"@id\":\"https:\\\/\\\/ideas.com\\\/es\\\/lessons-in-revenue-total-revenue-profit-optimization\\\/#primaryimage\",\"url\":\"https:\\\/\\\/ideas.com\\\/wp-content\\\/uploads\\\/2024\\\/11\\\/Lessons-in-Revenue-Total-Profit-and-Revenue-Optimization-2.png\",\"contentUrl\":\"https:\\\/\\\/ideas.com\\\/wp-content\\\/uploads\\\/2024\\\/11\\\/Lessons-in-Revenue-Total-Profit-and-Revenue-Optimization-2.png\",\"width\":1200,\"height\":630},{\"@type\":\"WebSite\",\"@id\":\"https:\\\/\\\/ideas.com\\\/es\\\/#website\",\"url\":\"https:\\\/\\\/ideas.com\\\/es\\\/\",\"name\":\"IDeaS\",\"description\":\"Driving Better Revenue\",\"publisher\":{\"@id\":\"https:\\\/\\\/ideas.com\\\/es\\\/#organization\"},\"potentialAction\":[{\"@type\":\"SearchAction\",\"target\":{\"@type\":\"EntryPoint\",\"urlTemplate\":\"https:\\\/\\\/ideas.com\\\/es\\\/?s={search_term_string}\"},\"query-input\":{\"@type\":\"PropertyValueSpecification\",\"valueRequired\":true,\"valueName\":\"search_term_string\"}}],\"inLanguage\":\"es\"},{\"@type\":\"Organization\",\"@id\":\"https:\\\/\\\/ideas.com\\\/es\\\/#organization\",\"name\":\"IDeaS Revenue Solutions\",\"url\":\"https:\\\/\\\/ideas.com\\\/es\\\/\",\"logo\":{\"@type\":\"ImageObject\",\"inLanguage\":\"es\",\"@id\":\"https:\\\/\\\/ideas.com\\\/es\\\/#\\\/schema\\\/logo\\\/image\\\/\",\"url\":\"https:\\\/\\\/ideas.com\\\/wp-content\\\/uploads\\\/2021\\\/08\\\/ideas-logo.svg\",\"contentUrl\":\"https:\\\/\\\/ideas.com\\\/wp-content\\\/uploads\\\/2021\\\/08\\\/ideas-logo.svg\",\"width\":1,\"height\":1,\"caption\":\"IDeaS Revenue Solutions\"},\"image\":{\"@id\":\"https:\\\/\\\/ideas.com\\\/es\\\/#\\\/schema\\\/logo\\\/image\\\/\"}}]}<\/script>\n<!-- \/ Yoast SEO plugin. -->","yoast_head_json":{"title":"LECCIONES de revenue: Optimizaci\u00f3n de los ingresos y los beneficios totales | IDeaS","description":"Descubra los componentes esenciales y las consideraciones estrat\u00e9gicas de la gesti\u00f3n integral de ingresos, y c\u00f3mo se puede aplicar para aumentar el gasto de los hu\u00e9spedes, mejorar la eficiencia operativa y aumentar sus beneficios.","robots":{"index":"index","follow":"follow","max-snippet":"max-snippet:-1","max-image-preview":"max-image-preview:large","max-video-preview":"max-video-preview:-1"},"canonical":"https:\/\/ideas.com\/es\/lessons-in-revenue-total-revenue-profit-optimization\/","og_locale":"es_ES","og_type":"article","og_title":"LECCIONES de revenue: Optimizaci\u00f3n de los ingresos y los beneficios totales","og_description":"Descubra los componentes esenciales y las consideraciones estrat\u00e9gicas de la gesti\u00f3n integral de ingresos, y c\u00f3mo se puede aplicar para aumentar el gasto de los hu\u00e9spedes, mejorar la eficiencia operativa y aumentar sus beneficios.","og_url":"https:\/\/ideas.com\/es\/lessons-in-revenue-total-revenue-profit-optimization\/","og_site_name":"IDeaS","article_modified_time":"2026-03-26T15:56:02+00:00","og_image":[{"width":1200,"height":630,"url":"https:\/\/ideas.com\/wp-content\/uploads\/2024\/11\/Lessons-in-Revenue-Total-Profit-and-Revenue-Optimization-2.png","type":"image\/png"}],"twitter_card":"summary_large_image","twitter_title":"LECCIONES de revenue: Optimizaci\u00f3n de los ingresos y los beneficios totales","twitter_description":"Descubra los componentes esenciales y las consideraciones estrat\u00e9gicas de la gesti\u00f3n integral de ingresos, y c\u00f3mo se puede aplicar para aumentar el gasto de los hu\u00e9spedes, mejorar la eficiencia operativa y aumentar sus beneficios.","twitter_image":"https:\/\/ideas.com\/wp-content\/uploads\/2024\/11\/Lessons-in-Revenue-Total-Profit-and-Revenue-Optimization-2.png","twitter_misc":{"Tiempo de lectura":"1 minuto"},"schema":{"@context":"https:\/\/schema.org","@graph":[{"@type":"WebPage","@id":"https:\/\/ideas.com\/es\/lessons-in-revenue-total-revenue-profit-optimization\/","url":"https:\/\/ideas.com\/es\/lessons-in-revenue-total-revenue-profit-optimization\/","name":"LECCIONES de revenue: Optimizaci\u00f3n de los ingresos y los beneficios totales | IDeaS","isPartOf":{"@id":"https:\/\/ideas.com\/es\/#website"},"primaryImageOfPage":{"@id":"https:\/\/ideas.com\/es\/lessons-in-revenue-total-revenue-profit-optimization\/#primaryimage"},"image":{"@id":"https:\/\/ideas.com\/es\/lessons-in-revenue-total-revenue-profit-optimization\/#primaryimage"},"thumbnailUrl":"https:\/\/ideas.com\/wp-content\/uploads\/2024\/11\/Lessons-in-Revenue-Total-Profit-and-Revenue-Optimization-2.png","datePublished":"2024-11-19T18:51:56+00:00","dateModified":"2026-03-26T15:56:02+00:00","description":"Descubra los componentes esenciales y las consideraciones estrat\u00e9gicas de la gesti\u00f3n integral de ingresos, y c\u00f3mo se puede aplicar para aumentar el gasto de los hu\u00e9spedes, mejorar la eficiencia operativa y aumentar sus beneficios.","inLanguage":"es","potentialAction":[{"@type":"ReadAction","target":["https:\/\/ideas.com\/es\/lessons-in-revenue-total-revenue-profit-optimization\/"]}]},{"@type":"ImageObject","inLanguage":"es","@id":"https:\/\/ideas.com\/es\/lessons-in-revenue-total-revenue-profit-optimization\/#primaryimage","url":"https:\/\/ideas.com\/wp-content\/uploads\/2024\/11\/Lessons-in-Revenue-Total-Profit-and-Revenue-Optimization-2.png","contentUrl":"https:\/\/ideas.com\/wp-content\/uploads\/2024\/11\/Lessons-in-Revenue-Total-Profit-and-Revenue-Optimization-2.png","width":1200,"height":630},{"@type":"WebSite","@id":"https:\/\/ideas.com\/es\/#website","url":"https:\/\/ideas.com\/es\/","name":"IDeaS","description":"Driving Better Revenue","publisher":{"@id":"https:\/\/ideas.com\/es\/#organization"},"potentialAction":[{"@type":"SearchAction","target":{"@type":"EntryPoint","urlTemplate":"https:\/\/ideas.com\/es\/?s={search_term_string}"},"query-input":{"@type":"PropertyValueSpecification","valueRequired":true,"valueName":"search_term_string"}}],"inLanguage":"es"},{"@type":"Organization","@id":"https:\/\/ideas.com\/es\/#organization","name":"IDeaS Revenue Solutions","url":"https:\/\/ideas.com\/es\/","logo":{"@type":"ImageObject","inLanguage":"es","@id":"https:\/\/ideas.com\/es\/#\/schema\/logo\/image\/","url":"https:\/\/ideas.com\/wp-content\/uploads\/2021\/08\/ideas-logo.svg","contentUrl":"https:\/\/ideas.com\/wp-content\/uploads\/2021\/08\/ideas-logo.svg","width":1,"height":1,"caption":"IDeaS Revenue Solutions"},"image":{"@id":"https:\/\/ideas.com\/es\/#\/schema\/logo\/image\/"}}]}},"_links":{"self":[{"href":"https:\/\/ideas.com\/es\/wp-json\/wp\/v2\/pages\/150527","targetHints":{"allow":["GET"]}}],"collection":[{"href":"https:\/\/ideas.com\/es\/wp-json\/wp\/v2\/pages"}],"about":[{"href":"https:\/\/ideas.com\/es\/wp-json\/wp\/v2\/types\/page"}],"author":[{"embeddable":true,"href":"https:\/\/ideas.com\/es\/wp-json\/wp\/v2\/users\/54"}],"replies":[{"embeddable":true,"href":"https:\/\/ideas.com\/es\/wp-json\/wp\/v2\/comments?post=150527"}],"version-history":[{"count":1,"href":"https:\/\/ideas.com\/es\/wp-json\/wp\/v2\/pages\/150527\/revisions"}],"predecessor-version":[{"id":150572,"href":"https:\/\/ideas.com\/es\/wp-json\/wp\/v2\/pages\/150527\/revisions\/150572"}],"wp:featuredmedia":[{"embeddable":true,"href":"https:\/\/ideas.com\/es\/wp-json\/wp\/v2\/media\/150501"}],"wp:attachment":[{"href":"https:\/\/ideas.com\/es\/wp-json\/wp\/v2\/media?parent=150527"}],"wp:term":[{"taxonomy":"post_tag","embeddable":true,"href":"https:\/\/ideas.com\/es\/wp-json\/wp\/v2\/tags?post=150527"}],"curies":[{"name":"wp","href":"https:\/\/api.w.org\/{rel}","templated":true}]}}