{"id":150856,"date":"2024-04-25T10:38:23","date_gmt":"2024-04-25T15:38:23","guid":{"rendered":"https:\/\/ideas.com\/lessons-in-revenue-revenue-optimization\/"},"modified":"2026-03-30T10:27:33","modified_gmt":"2026-03-30T15:27:33","slug":"lessons-in-revenue-revenue-optimization","status":"publish","type":"page","link":"https:\/\/ideas.com\/es\/lessons-in-revenue-revenue-optimization\/","title":{"rendered":"LECCIONES de revenue: Optimizaci\u00f3n de ingresos"},"content":{"rendered":"<p>La optimizaci\u00f3n desempe\u00f1a un papel fundamental en el \u00e9xito financiero de un hotel, ya que permite generar m\u00e1s ingresos y rentabilidad al aprovechar al m\u00e1ximo el valor del inventario de habitaciones.<\/p>\n","protected":false},"excerpt":{"rendered":"<p>La optimizaci\u00f3n desempe\u00f1a un papel fundamental en el \u00e9xito financiero de un hotel, ya que permite generar m\u00e1s ingresos y rentabilidad al aprovechar al m\u00e1ximo&hellip;<\/p>\n","protected":false},"author":54,"featured_media":150830,"parent":0,"menu_order":0,"comment_status":"closed","ping_status":"closed","template":"templates\/landing-page.php","meta":{"_acf_changed":false,"_crdt_document":"","inline_featured_image":false,"footnotes":""},"tags":[],"class_list":["post-150856","page","type-page","status-publish","has-post-thumbnail","hentry"],"acf":[],"yoast_head":"<!-- This site is optimized with the Yoast SEO plugin v27.5 - https:\/\/yoast.com\/product\/yoast-seo-wordpress\/ -->\n<title>LECCIONES de revenue: Optimizaci\u00f3n de ingresos | IDeaS<\/title>\n<meta name=\"description\" content=\"La optimizaci\u00f3n desempe\u00f1a un papel fundamental en el \u00e9xito financiero de un hotel, ya que permite generar m\u00e1s ingresos y rentabilidad al aprovechar al m\u00e1ximo el valor del inventario de habitaciones.\" \/>\n<meta name=\"robots\" content=\"index, follow, max-snippet:-1, max-image-preview:large, max-video-preview:-1\" \/>\n<link rel=\"canonical\" href=\"https:\/\/ideas.com\/es\/lessons-in-revenue-revenue-optimization\/\" \/>\n<meta property=\"og:locale\" content=\"es_ES\" \/>\n<meta property=\"og:type\" content=\"article\" \/>\n<meta property=\"og:title\" content=\"LECCIONES de revenue: Optimizaci\u00f3n de ingresos\" \/>\n<meta property=\"og:description\" content=\"La optimizaci\u00f3n desempe\u00f1a un papel fundamental en el \u00e9xito financiero de un hotel, ya que permite generar m\u00e1s ingresos y rentabilidad al aprovechar al m\u00e1ximo el valor del inventario de habitaciones.\" \/>\n<meta property=\"og:url\" content=\"https:\/\/ideas.com\/es\/lessons-in-revenue-revenue-optimization\/\" \/>\n<meta property=\"og:site_name\" content=\"IDeaS\" \/>\n<meta property=\"article:modified_time\" content=\"2026-03-30T15:27:33+00:00\" \/>\n<meta property=\"og:image\" content=\"https:\/\/ideas.com\/wp-content\/uploads\/2026\/03\/Lessons-in-Revenue-Revenue-Optimization.png\" \/>\n\t<meta property=\"og:image:width\" content=\"1200\" \/>\n\t<meta property=\"og:image:height\" content=\"630\" \/>\n\t<meta property=\"og:image:type\" content=\"image\/png\" \/>\n<meta name=\"twitter:card\" content=\"summary_large_image\" \/>\n<meta name=\"twitter:title\" content=\"LECCIONES de revenue: Optimizaci\u00f3n de ingresos\" \/>\n<meta name=\"twitter:description\" content=\"La optimizaci\u00f3n desempe\u00f1a un papel fundamental en el \u00e9xito financiero de un hotel, ya que permite generar m\u00e1s ingresos y rentabilidad al aprovechar al m\u00e1ximo el valor del inventario de habitaciones.\" \/>\n<meta name=\"twitter:image\" content=\"https:\/\/ideas.com\/wp-content\/uploads\/2026\/03\/Lessons-in-Revenue-Revenue-Optimization.png\" \/>\n<meta name=\"twitter:label1\" content=\"Tiempo de lectura\" \/>\n\t<meta name=\"twitter:data1\" content=\"1 minuto\" \/>\n<script type=\"application\/ld+json\" class=\"yoast-schema-graph\">{\"@context\":\"https:\\\/\\\/schema.org\",\"@graph\":[{\"@type\":\"WebPage\",\"@id\":\"https:\\\/\\\/ideas.com\\\/es\\\/lessons-in-revenue-revenue-optimization\\\/\",\"url\":\"https:\\\/\\\/ideas.com\\\/es\\\/lessons-in-revenue-revenue-optimization\\\/\",\"name\":\"LECCIONES de revenue: Optimizaci\u00f3n de ingresos | IDeaS\",\"isPartOf\":{\"@id\":\"https:\\\/\\\/ideas.com\\\/es\\\/#website\"},\"primaryImageOfPage\":{\"@id\":\"https:\\\/\\\/ideas.com\\\/es\\\/lessons-in-revenue-revenue-optimization\\\/#primaryimage\"},\"image\":{\"@id\":\"https:\\\/\\\/ideas.com\\\/es\\\/lessons-in-revenue-revenue-optimization\\\/#primaryimage\"},\"thumbnailUrl\":\"https:\\\/\\\/ideas.com\\\/wp-content\\\/uploads\\\/2026\\\/03\\\/Lessons-in-Revenue-Revenue-Optimization.png\",\"datePublished\":\"2024-04-25T15:38:23+00:00\",\"dateModified\":\"2026-03-30T15:27:33+00:00\",\"description\":\"La optimizaci\u00f3n desempe\u00f1a un papel fundamental en el \u00e9xito financiero de un hotel, ya que permite generar m\u00e1s ingresos y rentabilidad al aprovechar al m\u00e1ximo el valor del inventario de habitaciones.\",\"inLanguage\":\"es\",\"potentialAction\":[{\"@type\":\"ReadAction\",\"target\":[\"https:\\\/\\\/ideas.com\\\/es\\\/lessons-in-revenue-revenue-optimization\\\/\"]}]},{\"@type\":\"ImageObject\",\"inLanguage\":\"es\",\"@id\":\"https:\\\/\\\/ideas.com\\\/es\\\/lessons-in-revenue-revenue-optimization\\\/#primaryimage\",\"url\":\"https:\\\/\\\/ideas.com\\\/wp-content\\\/uploads\\\/2026\\\/03\\\/Lessons-in-Revenue-Revenue-Optimization.png\",\"contentUrl\":\"https:\\\/\\\/ideas.com\\\/wp-content\\\/uploads\\\/2026\\\/03\\\/Lessons-in-Revenue-Revenue-Optimization.png\",\"width\":1200,\"height\":630},{\"@type\":\"WebSite\",\"@id\":\"https:\\\/\\\/ideas.com\\\/es\\\/#website\",\"url\":\"https:\\\/\\\/ideas.com\\\/es\\\/\",\"name\":\"IDeaS\",\"description\":\"Driving Better Revenue\",\"publisher\":{\"@id\":\"https:\\\/\\\/ideas.com\\\/es\\\/#organization\"},\"potentialAction\":[{\"@type\":\"SearchAction\",\"target\":{\"@type\":\"EntryPoint\",\"urlTemplate\":\"https:\\\/\\\/ideas.com\\\/es\\\/?s={search_term_string}\"},\"query-input\":{\"@type\":\"PropertyValueSpecification\",\"valueRequired\":true,\"valueName\":\"search_term_string\"}}],\"inLanguage\":\"es\"},{\"@type\":\"Organization\",\"@id\":\"https:\\\/\\\/ideas.com\\\/es\\\/#organization\",\"name\":\"IDeaS Revenue Solutions\",\"url\":\"https:\\\/\\\/ideas.com\\\/es\\\/\",\"logo\":{\"@type\":\"ImageObject\",\"inLanguage\":\"es\",\"@id\":\"https:\\\/\\\/ideas.com\\\/es\\\/#\\\/schema\\\/logo\\\/image\\\/\",\"url\":\"https:\\\/\\\/ideas.com\\\/wp-content\\\/uploads\\\/2021\\\/08\\\/ideas-logo.svg\",\"contentUrl\":\"https:\\\/\\\/ideas.com\\\/wp-content\\\/uploads\\\/2021\\\/08\\\/ideas-logo.svg\",\"width\":1,\"height\":1,\"caption\":\"IDeaS Revenue Solutions\"},\"image\":{\"@id\":\"https:\\\/\\\/ideas.com\\\/es\\\/#\\\/schema\\\/logo\\\/image\\\/\"}}]}<\/script>\n<!-- \/ Yoast SEO plugin. -->","yoast_head_json":{"title":"LECCIONES de revenue: Optimizaci\u00f3n de ingresos | IDeaS","description":"La optimizaci\u00f3n desempe\u00f1a un papel fundamental en el \u00e9xito financiero de un hotel, ya que permite generar m\u00e1s ingresos y rentabilidad al aprovechar al m\u00e1ximo el valor del inventario de habitaciones.","robots":{"index":"index","follow":"follow","max-snippet":"max-snippet:-1","max-image-preview":"max-image-preview:large","max-video-preview":"max-video-preview:-1"},"canonical":"https:\/\/ideas.com\/es\/lessons-in-revenue-revenue-optimization\/","og_locale":"es_ES","og_type":"article","og_title":"LECCIONES de revenue: Optimizaci\u00f3n de ingresos","og_description":"La optimizaci\u00f3n desempe\u00f1a un papel fundamental en el \u00e9xito financiero de un hotel, ya que permite generar m\u00e1s ingresos y rentabilidad al aprovechar al m\u00e1ximo el valor del inventario de habitaciones.","og_url":"https:\/\/ideas.com\/es\/lessons-in-revenue-revenue-optimization\/","og_site_name":"IDeaS","article_modified_time":"2026-03-30T15:27:33+00:00","og_image":[{"width":1200,"height":630,"url":"https:\/\/ideas.com\/wp-content\/uploads\/2026\/03\/Lessons-in-Revenue-Revenue-Optimization.png","type":"image\/png"}],"twitter_card":"summary_large_image","twitter_title":"LECCIONES de revenue: Optimizaci\u00f3n de ingresos","twitter_description":"La optimizaci\u00f3n desempe\u00f1a un papel fundamental en el \u00e9xito financiero de un hotel, ya que permite generar m\u00e1s ingresos y rentabilidad al aprovechar al m\u00e1ximo el valor del inventario de habitaciones.","twitter_image":"https:\/\/ideas.com\/wp-content\/uploads\/2026\/03\/Lessons-in-Revenue-Revenue-Optimization.png","twitter_misc":{"Tiempo de lectura":"1 minuto"},"schema":{"@context":"https:\/\/schema.org","@graph":[{"@type":"WebPage","@id":"https:\/\/ideas.com\/es\/lessons-in-revenue-revenue-optimization\/","url":"https:\/\/ideas.com\/es\/lessons-in-revenue-revenue-optimization\/","name":"LECCIONES de revenue: Optimizaci\u00f3n de ingresos | IDeaS","isPartOf":{"@id":"https:\/\/ideas.com\/es\/#website"},"primaryImageOfPage":{"@id":"https:\/\/ideas.com\/es\/lessons-in-revenue-revenue-optimization\/#primaryimage"},"image":{"@id":"https:\/\/ideas.com\/es\/lessons-in-revenue-revenue-optimization\/#primaryimage"},"thumbnailUrl":"https:\/\/ideas.com\/wp-content\/uploads\/2026\/03\/Lessons-in-Revenue-Revenue-Optimization.png","datePublished":"2024-04-25T15:38:23+00:00","dateModified":"2026-03-30T15:27:33+00:00","description":"La optimizaci\u00f3n desempe\u00f1a un papel fundamental en el \u00e9xito financiero de un hotel, ya que permite generar m\u00e1s ingresos y rentabilidad al aprovechar al m\u00e1ximo el valor del inventario de habitaciones.","inLanguage":"es","potentialAction":[{"@type":"ReadAction","target":["https:\/\/ideas.com\/es\/lessons-in-revenue-revenue-optimization\/"]}]},{"@type":"ImageObject","inLanguage":"es","@id":"https:\/\/ideas.com\/es\/lessons-in-revenue-revenue-optimization\/#primaryimage","url":"https:\/\/ideas.com\/wp-content\/uploads\/2026\/03\/Lessons-in-Revenue-Revenue-Optimization.png","contentUrl":"https:\/\/ideas.com\/wp-content\/uploads\/2026\/03\/Lessons-in-Revenue-Revenue-Optimization.png","width":1200,"height":630},{"@type":"WebSite","@id":"https:\/\/ideas.com\/es\/#website","url":"https:\/\/ideas.com\/es\/","name":"IDeaS","description":"Driving Better Revenue","publisher":{"@id":"https:\/\/ideas.com\/es\/#organization"},"potentialAction":[{"@type":"SearchAction","target":{"@type":"EntryPoint","urlTemplate":"https:\/\/ideas.com\/es\/?s={search_term_string}"},"query-input":{"@type":"PropertyValueSpecification","valueRequired":true,"valueName":"search_term_string"}}],"inLanguage":"es"},{"@type":"Organization","@id":"https:\/\/ideas.com\/es\/#organization","name":"IDeaS Revenue Solutions","url":"https:\/\/ideas.com\/es\/","logo":{"@type":"ImageObject","inLanguage":"es","@id":"https:\/\/ideas.com\/es\/#\/schema\/logo\/image\/","url":"https:\/\/ideas.com\/wp-content\/uploads\/2021\/08\/ideas-logo.svg","contentUrl":"https:\/\/ideas.com\/wp-content\/uploads\/2021\/08\/ideas-logo.svg","width":1,"height":1,"caption":"IDeaS Revenue Solutions"},"image":{"@id":"https:\/\/ideas.com\/es\/#\/schema\/logo\/image\/"}}]}},"_links":{"self":[{"href":"https:\/\/ideas.com\/es\/wp-json\/wp\/v2\/pages\/150856","targetHints":{"allow":["GET"]}}],"collection":[{"href":"https:\/\/ideas.com\/es\/wp-json\/wp\/v2\/pages"}],"about":[{"href":"https:\/\/ideas.com\/es\/wp-json\/wp\/v2\/types\/page"}],"author":[{"embeddable":true,"href":"https:\/\/ideas.com\/es\/wp-json\/wp\/v2\/users\/54"}],"replies":[{"embeddable":true,"href":"https:\/\/ideas.com\/es\/wp-json\/wp\/v2\/comments?post=150856"}],"version-history":[{"count":1,"href":"https:\/\/ideas.com\/es\/wp-json\/wp\/v2\/pages\/150856\/revisions"}],"predecessor-version":[{"id":150879,"href":"https:\/\/ideas.com\/es\/wp-json\/wp\/v2\/pages\/150856\/revisions\/150879"}],"wp:featuredmedia":[{"embeddable":true,"href":"https:\/\/ideas.com\/es\/wp-json\/wp\/v2\/media\/150830"}],"wp:attachment":[{"href":"https:\/\/ideas.com\/es\/wp-json\/wp\/v2\/media?parent=150856"}],"wp:term":[{"taxonomy":"post_tag","embeddable":true,"href":"https:\/\/ideas.com\/es\/wp-json\/wp\/v2\/tags?post=150856"}],"curies":[{"name":"wp","href":"https:\/\/api.w.org\/{rel}","templated":true}]}}