{"id":3008,"date":"2015-06-15T14:21:07","date_gmt":"2015-06-15T19:21:07","guid":{"rendered":"https:\/\/ideas.com\/es\/exito-de-los-clientes\/"},"modified":"2023-10-13T14:29:13","modified_gmt":"2023-10-13T19:29:13","slug":"client-success","status":"publish","type":"page","link":"https:\/\/ideas.com\/es\/client-success\/","title":{"rendered":"Casos de estudio"},"content":{"rendered":"","protected":false},"excerpt":{"rendered":"","protected":false},"author":56,"featured_media":0,"parent":0,"menu_order":0,"comment_status":"closed","ping_status":"closed","template":"templates\/landing-page.php","meta":{"_acf_changed":false,"_crdt_document":"","inline_featured_image":false,"footnotes":""},"tags":[1592,1593,1594,1595,1596,1597,1598,1599,1600,1601],"class_list":["post-3008","page","type-page","status-publish","hentry","tag-airport-clients-es","tag-car-park-clients-es","tag-client-stories-es","tag-client-success-es","tag-hospitality-testimonials-es","tag-hotel-client-success-es","tag-ideas-clients-es","tag-success-stories-es","tag-successful-implementations-es","tag-testimonials-es"],"acf":[],"yoast_head":"<!-- This site is optimized with the Yoast SEO plugin v27.2 - https:\/\/yoast.com\/product\/yoast-seo-wordpress\/ -->\n<title>Casos de estudio | Historias de \u00e9xito de los clientes de IDeaS<\/title>\n<meta name=\"description\" content=\"Descubra c\u00f3mo IDeaS ha proporcionado resultados tangibles y sostenibles a m\u00e1s de 18.000 clientes en todo el mundo, consiguiendo una tasa de retenci\u00f3n del 98\u00a0%.\" \/>\n<meta name=\"robots\" content=\"index, follow, max-snippet:-1, max-image-preview:large, max-video-preview:-1\" \/>\n<link rel=\"canonical\" href=\"https:\/\/ideas.com\/es\/client-success\/\" \/>\n<meta property=\"og:locale\" content=\"es_ES\" \/>\n<meta property=\"og:type\" content=\"article\" \/>\n<meta property=\"og:title\" content=\"Casos de estudio | Historias de \u00e9xito de los clientes de IDeaS\" \/>\n<meta property=\"og:description\" content=\"Descubra c\u00f3mo IDeaS ha proporcionado resultados tangibles y sostenibles a m\u00e1s de 18.000 clientes en todo el mundo, consiguiendo una tasa de retenci\u00f3n del 98\u00a0%.\" \/>\n<meta property=\"og:url\" content=\"https:\/\/ideas.com\/es\/client-success\/\" \/>\n<meta property=\"og:site_name\" content=\"IDeaS\" \/>\n<meta property=\"article:modified_time\" content=\"2023-10-13T19:29:13+00:00\" \/>\n<meta property=\"og:image\" content=\"https:\/\/ideas.com\/wp-content\/uploads\/2024\/12\/ideas_social_image.png\" \/>\n\t<meta property=\"og:image:width\" content=\"1800\" \/>\n\t<meta property=\"og:image:height\" content=\"945\" \/>\n\t<meta property=\"og:image:type\" content=\"image\/png\" \/>\n<meta name=\"twitter:card\" content=\"summary_large_image\" \/>\n<script type=\"application\/ld+json\" class=\"yoast-schema-graph\">{\"@context\":\"https:\/\/schema.org\",\"@graph\":[{\"@type\":\"WebPage\",\"@id\":\"https:\/\/ideas.com\/es\/client-success\/\",\"url\":\"https:\/\/ideas.com\/es\/client-success\/\",\"name\":\"Casos de estudio | Historias de \u00e9xito de los clientes de IDeaS\",\"isPartOf\":{\"@id\":\"https:\/\/ideas.com\/es\/#website\"},\"datePublished\":\"2015-06-15T19:21:07+00:00\",\"dateModified\":\"2023-10-13T19:29:13+00:00\",\"description\":\"Descubra c\u00f3mo IDeaS ha proporcionado resultados tangibles y sostenibles a m\u00e1s de 18.000 clientes en todo el mundo, consiguiendo una tasa de retenci\u00f3n del 98\u00a0%.\",\"inLanguage\":\"es\",\"potentialAction\":[{\"@type\":\"ReadAction\",\"target\":[\"https:\/\/ideas.com\/es\/client-success\/\"]}]},{\"@type\":\"WebSite\",\"@id\":\"https:\/\/ideas.com\/es\/#website\",\"url\":\"https:\/\/ideas.com\/es\/\",\"name\":\"IDeaS\",\"description\":\"Driving Better Revenue\",\"publisher\":{\"@id\":\"https:\/\/ideas.com\/es\/#organization\"},\"potentialAction\":[{\"@type\":\"SearchAction\",\"target\":{\"@type\":\"EntryPoint\",\"urlTemplate\":\"https:\/\/ideas.com\/es\/?s={search_term_string}\"},\"query-input\":{\"@type\":\"PropertyValueSpecification\",\"valueRequired\":true,\"valueName\":\"search_term_string\"}}],\"inLanguage\":\"es\"},{\"@type\":\"Organization\",\"@id\":\"https:\/\/ideas.com\/es\/#organization\",\"name\":\"IDeaS Revenue Solutions\",\"url\":\"https:\/\/ideas.com\/es\/\",\"logo\":{\"@type\":\"ImageObject\",\"inLanguage\":\"es\",\"@id\":\"https:\/\/ideas.com\/es\/#\/schema\/logo\/image\/\",\"url\":\"https:\/\/ideas.com\/wp-content\/uploads\/2021\/08\/ideas-logo.svg\",\"contentUrl\":\"https:\/\/ideas.com\/wp-content\/uploads\/2021\/08\/ideas-logo.svg\",\"width\":1,\"height\":1,\"caption\":\"IDeaS Revenue Solutions\"},\"image\":{\"@id\":\"https:\/\/ideas.com\/es\/#\/schema\/logo\/image\/\"}}]}<\/script>\n<!-- \/ Yoast SEO plugin. -->","yoast_head_json":{"title":"Casos de estudio | Historias de \u00e9xito de los clientes de IDeaS","description":"Descubra c\u00f3mo IDeaS ha proporcionado resultados tangibles y sostenibles a m\u00e1s de 18.000 clientes en todo el mundo, consiguiendo una tasa de retenci\u00f3n del 98\u00a0%.","robots":{"index":"index","follow":"follow","max-snippet":"max-snippet:-1","max-image-preview":"max-image-preview:large","max-video-preview":"max-video-preview:-1"},"canonical":"https:\/\/ideas.com\/es\/client-success\/","og_locale":"es_ES","og_type":"article","og_title":"Casos de estudio | Historias de \u00e9xito de los clientes de IDeaS","og_description":"Descubra c\u00f3mo IDeaS ha proporcionado resultados tangibles y sostenibles a m\u00e1s de 18.000 clientes en todo el mundo, consiguiendo una tasa de retenci\u00f3n del 98\u00a0%.","og_url":"https:\/\/ideas.com\/es\/client-success\/","og_site_name":"IDeaS","article_modified_time":"2023-10-13T19:29:13+00:00","og_image":[{"width":1800,"height":945,"url":"https:\/\/ideas.com\/wp-content\/uploads\/2024\/12\/ideas_social_image.png","type":"image\/png"}],"twitter_card":"summary_large_image","schema":{"@context":"https:\/\/schema.org","@graph":[{"@type":"WebPage","@id":"https:\/\/ideas.com\/es\/client-success\/","url":"https:\/\/ideas.com\/es\/client-success\/","name":"Casos de estudio | Historias de \u00e9xito de los clientes de IDeaS","isPartOf":{"@id":"https:\/\/ideas.com\/es\/#website"},"datePublished":"2015-06-15T19:21:07+00:00","dateModified":"2023-10-13T19:29:13+00:00","description":"Descubra c\u00f3mo IDeaS ha proporcionado resultados tangibles y sostenibles a m\u00e1s de 18.000 clientes en todo el mundo, consiguiendo una tasa de retenci\u00f3n del 98\u00a0%.","inLanguage":"es","potentialAction":[{"@type":"ReadAction","target":["https:\/\/ideas.com\/es\/client-success\/"]}]},{"@type":"WebSite","@id":"https:\/\/ideas.com\/es\/#website","url":"https:\/\/ideas.com\/es\/","name":"IDeaS","description":"Driving Better Revenue","publisher":{"@id":"https:\/\/ideas.com\/es\/#organization"},"potentialAction":[{"@type":"SearchAction","target":{"@type":"EntryPoint","urlTemplate":"https:\/\/ideas.com\/es\/?s={search_term_string}"},"query-input":{"@type":"PropertyValueSpecification","valueRequired":true,"valueName":"search_term_string"}}],"inLanguage":"es"},{"@type":"Organization","@id":"https:\/\/ideas.com\/es\/#organization","name":"IDeaS Revenue Solutions","url":"https:\/\/ideas.com\/es\/","logo":{"@type":"ImageObject","inLanguage":"es","@id":"https:\/\/ideas.com\/es\/#\/schema\/logo\/image\/","url":"https:\/\/ideas.com\/wp-content\/uploads\/2021\/08\/ideas-logo.svg","contentUrl":"https:\/\/ideas.com\/wp-content\/uploads\/2021\/08\/ideas-logo.svg","width":1,"height":1,"caption":"IDeaS Revenue Solutions"},"image":{"@id":"https:\/\/ideas.com\/es\/#\/schema\/logo\/image\/"}}]}},"_links":{"self":[{"href":"https:\/\/ideas.com\/es\/wp-json\/wp\/v2\/pages\/3008","targetHints":{"allow":["GET"]}}],"collection":[{"href":"https:\/\/ideas.com\/es\/wp-json\/wp\/v2\/pages"}],"about":[{"href":"https:\/\/ideas.com\/es\/wp-json\/wp\/v2\/types\/page"}],"author":[{"embeddable":true,"href":"https:\/\/ideas.com\/es\/wp-json\/wp\/v2\/users\/56"}],"replies":[{"embeddable":true,"href":"https:\/\/ideas.com\/es\/wp-json\/wp\/v2\/comments?post=3008"}],"version-history":[{"count":0,"href":"https:\/\/ideas.com\/es\/wp-json\/wp\/v2\/pages\/3008\/revisions"}],"wp:attachment":[{"href":"https:\/\/ideas.com\/es\/wp-json\/wp\/v2\/media?parent=3008"}],"wp:term":[{"taxonomy":"post_tag","embeddable":true,"href":"https:\/\/ideas.com\/es\/wp-json\/wp\/v2\/tags?post=3008"}],"curies":[{"name":"wp","href":"https:\/\/api.w.org\/{rel}","templated":true}]}}