{"id":3014,"date":"2016-01-26T14:06:01","date_gmt":"2016-01-26T20:06:01","guid":{"rendered":"https:\/\/ideas.com\/es\/soluciones\/pronosticos\/"},"modified":"2016-11-21T16:03:34","modified_gmt":"2016-11-21T22:03:34","slug":"pronosticos","status":"publish","type":"page","link":"https:\/\/ideas.com\/es\/pronosticos\/","title":{"rendered":"Pron\u00f3sticos"},"content":{"rendered":"","protected":false},"excerpt":{"rendered":"","protected":false},"author":56,"featured_media":0,"parent":0,"menu_order":3,"comment_status":"closed","ping_status":"open","template":"","meta":{"_acf_changed":false,"_crdt_document":"","inline_featured_image":false,"footnotes":""},"tags":[903,900,902,906,897,899,901,905,898,904],"class_list":["post-3014","page","type-page","status-publish","hentry","tag-el-pronostico-de-software-de-gestion-hotelera","tag-generacion-de-informes","tag-habitaciones-de-hotel","tag-hotel-de-software-de-gestion-de-la-propiedad","tag-ideas-sistema-de-gestion-de-prevision","tag-la-prevision-de-hotel","tag-la-prevision-de-la-hospitalidad","tag-metodos-de-pronostico","tag-prevision-para-los-hoteles","tag-software-de-gestion-hotelera-basada-en-web-de-gestion"],"acf":[],"yoast_head":"<!-- This site is optimized with the Yoast SEO plugin v27.5 - https:\/\/yoast.com\/product\/yoast-seo-wordpress\/ -->\n<title>Forecast Management Software for Hotels | IDeaS Spain<\/title>\n<meta name=\"description\" content=\"IDeaS Forecasting Management System ofrece una soluci\u00f3n sencilla, econ\u00f3mica y f\u00e1cil de usar para mejorar radicalmente su capacidad para hacer pron\u00f3sticos y generar informes.\" \/>\n<meta name=\"robots\" content=\"index, follow, max-snippet:-1, max-image-preview:large, max-video-preview:-1\" \/>\n<link rel=\"canonical\" href=\"https:\/\/ideas.com\/es\/pronosticos\/\" \/>\n<meta property=\"og:locale\" content=\"es_ES\" \/>\n<meta property=\"og:type\" content=\"article\" \/>\n<meta property=\"og:title\" content=\"Forecast Management Software for Hotels | IDeaS Spain\" \/>\n<meta property=\"og:description\" content=\"IDeaS Forecasting Management System ofrece una soluci\u00f3n sencilla, econ\u00f3mica y f\u00e1cil de usar para mejorar radicalmente su capacidad para hacer pron\u00f3sticos y generar informes.\" \/>\n<meta property=\"og:url\" content=\"https:\/\/ideas.com\/es\/pronosticos\/\" \/>\n<meta property=\"og:site_name\" content=\"IDeaS\" \/>\n<meta property=\"article:modified_time\" content=\"2016-11-21T22:03:34+00:00\" \/>\n<meta property=\"og:image\" content=\"https:\/\/ideas.com\/wp-content\/uploads\/2024\/12\/ideas_social_image.png\" \/>\n\t<meta property=\"og:image:width\" content=\"1800\" \/>\n\t<meta property=\"og:image:height\" content=\"945\" \/>\n\t<meta property=\"og:image:type\" content=\"image\/png\" \/>\n<meta name=\"twitter:card\" content=\"summary_large_image\" \/>\n<script type=\"application\/ld+json\" class=\"yoast-schema-graph\">{\"@context\":\"https:\\\/\\\/schema.org\",\"@graph\":[{\"@type\":\"WebPage\",\"@id\":\"https:\\\/\\\/ideas.com\\\/es\\\/pronosticos\\\/\",\"url\":\"https:\\\/\\\/ideas.com\\\/es\\\/pronosticos\\\/\",\"name\":\"Forecast Management Software for Hotels | IDeaS Spain\",\"isPartOf\":{\"@id\":\"https:\\\/\\\/ideas.com\\\/es\\\/#website\"},\"datePublished\":\"2016-01-26T20:06:01+00:00\",\"dateModified\":\"2016-11-21T22:03:34+00:00\",\"description\":\"IDeaS Forecasting Management System ofrece una soluci\u00f3n sencilla, econ\u00f3mica y f\u00e1cil de usar para mejorar radicalmente su capacidad para hacer pron\u00f3sticos y generar informes.\",\"inLanguage\":\"es\",\"potentialAction\":[{\"@type\":\"ReadAction\",\"target\":[\"https:\\\/\\\/ideas.com\\\/es\\\/pronosticos\\\/\"]}]},{\"@type\":\"WebSite\",\"@id\":\"https:\\\/\\\/ideas.com\\\/es\\\/#website\",\"url\":\"https:\\\/\\\/ideas.com\\\/es\\\/\",\"name\":\"IDeaS\",\"description\":\"Driving Better Revenue\",\"publisher\":{\"@id\":\"https:\\\/\\\/ideas.com\\\/es\\\/#organization\"},\"potentialAction\":[{\"@type\":\"SearchAction\",\"target\":{\"@type\":\"EntryPoint\",\"urlTemplate\":\"https:\\\/\\\/ideas.com\\\/es\\\/?s={search_term_string}\"},\"query-input\":{\"@type\":\"PropertyValueSpecification\",\"valueRequired\":true,\"valueName\":\"search_term_string\"}}],\"inLanguage\":\"es\"},{\"@type\":\"Organization\",\"@id\":\"https:\\\/\\\/ideas.com\\\/es\\\/#organization\",\"name\":\"IDeaS Revenue Solutions\",\"url\":\"https:\\\/\\\/ideas.com\\\/es\\\/\",\"logo\":{\"@type\":\"ImageObject\",\"inLanguage\":\"es\",\"@id\":\"https:\\\/\\\/ideas.com\\\/es\\\/#\\\/schema\\\/logo\\\/image\\\/\",\"url\":\"https:\\\/\\\/ideas.com\\\/wp-content\\\/uploads\\\/2021\\\/08\\\/ideas-logo.svg\",\"contentUrl\":\"https:\\\/\\\/ideas.com\\\/wp-content\\\/uploads\\\/2021\\\/08\\\/ideas-logo.svg\",\"width\":1,\"height\":1,\"caption\":\"IDeaS Revenue Solutions\"},\"image\":{\"@id\":\"https:\\\/\\\/ideas.com\\\/es\\\/#\\\/schema\\\/logo\\\/image\\\/\"}}]}<\/script>\n<!-- \/ Yoast SEO plugin. -->","yoast_head_json":{"title":"Forecast Management Software for Hotels | IDeaS Spain","description":"IDeaS Forecasting Management System ofrece una soluci\u00f3n sencilla, econ\u00f3mica y f\u00e1cil de usar para mejorar radicalmente su capacidad para hacer pron\u00f3sticos y generar informes.","robots":{"index":"index","follow":"follow","max-snippet":"max-snippet:-1","max-image-preview":"max-image-preview:large","max-video-preview":"max-video-preview:-1"},"canonical":"https:\/\/ideas.com\/es\/pronosticos\/","og_locale":"es_ES","og_type":"article","og_title":"Forecast Management Software for Hotels | IDeaS Spain","og_description":"IDeaS Forecasting Management System ofrece una soluci\u00f3n sencilla, econ\u00f3mica y f\u00e1cil de usar para mejorar radicalmente su capacidad para hacer pron\u00f3sticos y generar informes.","og_url":"https:\/\/ideas.com\/es\/pronosticos\/","og_site_name":"IDeaS","article_modified_time":"2016-11-21T22:03:34+00:00","og_image":[{"width":1800,"height":945,"url":"https:\/\/ideas.com\/wp-content\/uploads\/2024\/12\/ideas_social_image.png","type":"image\/png"}],"twitter_card":"summary_large_image","schema":{"@context":"https:\/\/schema.org","@graph":[{"@type":"WebPage","@id":"https:\/\/ideas.com\/es\/pronosticos\/","url":"https:\/\/ideas.com\/es\/pronosticos\/","name":"Forecast Management Software for Hotels | IDeaS Spain","isPartOf":{"@id":"https:\/\/ideas.com\/es\/#website"},"datePublished":"2016-01-26T20:06:01+00:00","dateModified":"2016-11-21T22:03:34+00:00","description":"IDeaS Forecasting Management System ofrece una soluci\u00f3n sencilla, econ\u00f3mica y f\u00e1cil de usar para mejorar radicalmente su capacidad para hacer pron\u00f3sticos y generar informes.","inLanguage":"es","potentialAction":[{"@type":"ReadAction","target":["https:\/\/ideas.com\/es\/pronosticos\/"]}]},{"@type":"WebSite","@id":"https:\/\/ideas.com\/es\/#website","url":"https:\/\/ideas.com\/es\/","name":"IDeaS","description":"Driving Better Revenue","publisher":{"@id":"https:\/\/ideas.com\/es\/#organization"},"potentialAction":[{"@type":"SearchAction","target":{"@type":"EntryPoint","urlTemplate":"https:\/\/ideas.com\/es\/?s={search_term_string}"},"query-input":{"@type":"PropertyValueSpecification","valueRequired":true,"valueName":"search_term_string"}}],"inLanguage":"es"},{"@type":"Organization","@id":"https:\/\/ideas.com\/es\/#organization","name":"IDeaS Revenue Solutions","url":"https:\/\/ideas.com\/es\/","logo":{"@type":"ImageObject","inLanguage":"es","@id":"https:\/\/ideas.com\/es\/#\/schema\/logo\/image\/","url":"https:\/\/ideas.com\/wp-content\/uploads\/2021\/08\/ideas-logo.svg","contentUrl":"https:\/\/ideas.com\/wp-content\/uploads\/2021\/08\/ideas-logo.svg","width":1,"height":1,"caption":"IDeaS Revenue Solutions"},"image":{"@id":"https:\/\/ideas.com\/es\/#\/schema\/logo\/image\/"}}]}},"_links":{"self":[{"href":"https:\/\/ideas.com\/es\/wp-json\/wp\/v2\/pages\/3014","targetHints":{"allow":["GET"]}}],"collection":[{"href":"https:\/\/ideas.com\/es\/wp-json\/wp\/v2\/pages"}],"about":[{"href":"https:\/\/ideas.com\/es\/wp-json\/wp\/v2\/types\/page"}],"author":[{"embeddable":true,"href":"https:\/\/ideas.com\/es\/wp-json\/wp\/v2\/users\/56"}],"replies":[{"embeddable":true,"href":"https:\/\/ideas.com\/es\/wp-json\/wp\/v2\/comments?post=3014"}],"version-history":[{"count":0,"href":"https:\/\/ideas.com\/es\/wp-json\/wp\/v2\/pages\/3014\/revisions"}],"wp:attachment":[{"href":"https:\/\/ideas.com\/es\/wp-json\/wp\/v2\/media?parent=3014"}],"wp:term":[{"taxonomy":"post_tag","embeddable":true,"href":"https:\/\/ideas.com\/es\/wp-json\/wp\/v2\/tags?post=3014"}],"curies":[{"name":"wp","href":"https:\/\/api.w.org\/{rel}","templated":true}]}}