{"id":3021,"date":"2016-01-26T14:06:08","date_gmt":"2016-01-26T20:06:08","guid":{"rendered":"https:\/\/ideas.com\/es\/acerca-de\/asociados\/asociados-de-integracion\/"},"modified":"2025-08-06T02:23:41","modified_gmt":"2025-08-06T07:23:41","slug":"asociados-de-integracion","status":"publish","type":"page","link":"https:\/\/ideas.com\/es\/soluciones-de-revenue-management-de-ideas\/socios\/asociados-de-integracion\/","title":{"rendered":"Asociados de Integraci\u00f3n"},"content":{"rendered":"","protected":false},"excerpt":{"rendered":"<p>Estas compa\u00f1\u00edas de alta tecnolog\u00eda desarrollan y apoyan la integraci\u00f3n certificada con la tecnolog\u00eda de IDeaS y a menudo colaboran directamente con IDeaS para desarrollar nuevas soluciones. <\/p>\n","protected":false},"author":82,"featured_media":0,"parent":3019,"menu_order":0,"comment_status":"closed","ping_status":"closed","template":"templates\/landing-page.php","meta":{"_acf_changed":false,"_crdt_document":"","inline_featured_image":false,"footnotes":""},"tags":[],"class_list":["post-3021","page","type-page","status-publish","hentry"],"acf":[],"yoast_head":"<!-- This site is optimized with the Yoast SEO plugin v27.2 - https:\/\/yoast.com\/product\/yoast-seo-wordpress\/ -->\n<title>Asociados de integraci\u00f3n certificados para dar un mejor servicio a los clientes | IDeaS<\/title>\n<meta name=\"description\" content=\"Los asociados de integraci\u00f3n de IDeaS son empresas de tecnolog\u00eda que desarrollan y dan soporte a integraciones certificadas con soluciones IDeaS, lo que permite una implementaci\u00f3n perfecta para el cliente.\" \/>\n<meta name=\"robots\" content=\"index, follow, max-snippet:-1, max-image-preview:large, max-video-preview:-1\" \/>\n<link rel=\"canonical\" href=\"https:\/\/ideas.com\/es\/soluciones-de-revenue-management-de-ideas\/socios\/asociados-de-integracion\/\" \/>\n<meta property=\"og:locale\" content=\"es_ES\" \/>\n<meta property=\"og:type\" content=\"article\" \/>\n<meta property=\"og:title\" content=\"Asociados de integraci\u00f3n certificados para dar un mejor servicio a los clientes | IDeaS\" \/>\n<meta property=\"og:description\" content=\"Los asociados de integraci\u00f3n de IDeaS son empresas de tecnolog\u00eda que desarrollan y dan soporte a integraciones certificadas con soluciones IDeaS, lo que permite una implementaci\u00f3n perfecta para el cliente.\" \/>\n<meta property=\"og:url\" content=\"https:\/\/ideas.com\/es\/soluciones-de-revenue-management-de-ideas\/socios\/asociados-de-integracion\/\" \/>\n<meta property=\"og:site_name\" content=\"IDeaS\" \/>\n<meta property=\"article:modified_time\" content=\"2025-08-06T07:23:41+00:00\" \/>\n<meta property=\"og:image\" content=\"https:\/\/ideas.com\/wp-content\/uploads\/2024\/12\/ideas_social_image.png\" \/>\n\t<meta property=\"og:image:width\" content=\"1800\" \/>\n\t<meta property=\"og:image:height\" content=\"945\" \/>\n\t<meta property=\"og:image:type\" content=\"image\/png\" \/>\n<meta name=\"twitter:card\" content=\"summary_large_image\" \/>\n<script type=\"application\/ld+json\" class=\"yoast-schema-graph\">{\"@context\":\"https:\/\/schema.org\",\"@graph\":[{\"@type\":\"WebPage\",\"@id\":\"https:\/\/ideas.com\/es\/soluciones-de-revenue-management-de-ideas\/socios\/asociados-de-integracion\/\",\"url\":\"https:\/\/ideas.com\/es\/soluciones-de-revenue-management-de-ideas\/socios\/asociados-de-integracion\/\",\"name\":\"Asociados de integraci\u00f3n certificados para dar un mejor servicio a los clientes | IDeaS\",\"isPartOf\":{\"@id\":\"https:\/\/ideas.com\/es\/#website\"},\"datePublished\":\"2016-01-26T20:06:08+00:00\",\"dateModified\":\"2025-08-06T07:23:41+00:00\",\"description\":\"Los asociados de integraci\u00f3n de IDeaS son empresas de tecnolog\u00eda que desarrollan y dan soporte a integraciones certificadas con soluciones IDeaS, lo que permite una implementaci\u00f3n perfecta para el cliente.\",\"breadcrumb\":{\"@id\":\"https:\/\/ideas.com\/es\/soluciones-de-revenue-management-de-ideas\/socios\/asociados-de-integracion\/#breadcrumb\"},\"inLanguage\":\"es\",\"potentialAction\":[{\"@type\":\"ReadAction\",\"target\":[\"https:\/\/ideas.com\/es\/soluciones-de-revenue-management-de-ideas\/socios\/asociados-de-integracion\/\"]}]},{\"@type\":\"BreadcrumbList\",\"@id\":\"https:\/\/ideas.com\/es\/soluciones-de-revenue-management-de-ideas\/socios\/asociados-de-integracion\/#breadcrumb\",\"itemListElement\":[{\"@type\":\"ListItem\",\"position\":1,\"name\":\"Acerca de\",\"item\":\"https:\/\/ideas.com\/es\/soluciones-de-revenue-management-de-ideas\/\"},{\"@type\":\"ListItem\",\"position\":2,\"name\":\"Asociados\",\"item\":\"https:\/\/ideas.com\/es\/soluciones-de-revenue-management-de-ideas\/socios\/\"},{\"@type\":\"ListItem\",\"position\":3,\"name\":\"Asociados de Integraci\u00f3n\"}]},{\"@type\":\"WebSite\",\"@id\":\"https:\/\/ideas.com\/es\/#website\",\"url\":\"https:\/\/ideas.com\/es\/\",\"name\":\"IDeaS\",\"description\":\"Driving Better Revenue\",\"publisher\":{\"@id\":\"https:\/\/ideas.com\/es\/#organization\"},\"potentialAction\":[{\"@type\":\"SearchAction\",\"target\":{\"@type\":\"EntryPoint\",\"urlTemplate\":\"https:\/\/ideas.com\/es\/?s={search_term_string}\"},\"query-input\":{\"@type\":\"PropertyValueSpecification\",\"valueRequired\":true,\"valueName\":\"search_term_string\"}}],\"inLanguage\":\"es\"},{\"@type\":\"Organization\",\"@id\":\"https:\/\/ideas.com\/es\/#organization\",\"name\":\"IDeaS Revenue Solutions\",\"url\":\"https:\/\/ideas.com\/es\/\",\"logo\":{\"@type\":\"ImageObject\",\"inLanguage\":\"es\",\"@id\":\"https:\/\/ideas.com\/es\/#\/schema\/logo\/image\/\",\"url\":\"https:\/\/ideas.com\/wp-content\/uploads\/2021\/08\/ideas-logo.svg\",\"contentUrl\":\"https:\/\/ideas.com\/wp-content\/uploads\/2021\/08\/ideas-logo.svg\",\"width\":1,\"height\":1,\"caption\":\"IDeaS Revenue Solutions\"},\"image\":{\"@id\":\"https:\/\/ideas.com\/es\/#\/schema\/logo\/image\/\"}}]}<\/script>\n<!-- \/ Yoast SEO plugin. -->","yoast_head_json":{"title":"Asociados de integraci\u00f3n certificados para dar un mejor servicio a los clientes | IDeaS","description":"Los asociados de integraci\u00f3n de IDeaS son empresas de tecnolog\u00eda que desarrollan y dan soporte a integraciones certificadas con soluciones IDeaS, lo que permite una implementaci\u00f3n perfecta para el cliente.","robots":{"index":"index","follow":"follow","max-snippet":"max-snippet:-1","max-image-preview":"max-image-preview:large","max-video-preview":"max-video-preview:-1"},"canonical":"https:\/\/ideas.com\/es\/soluciones-de-revenue-management-de-ideas\/socios\/asociados-de-integracion\/","og_locale":"es_ES","og_type":"article","og_title":"Asociados de integraci\u00f3n certificados para dar un mejor servicio a los clientes | IDeaS","og_description":"Los asociados de integraci\u00f3n de IDeaS son empresas de tecnolog\u00eda que desarrollan y dan soporte a integraciones certificadas con soluciones IDeaS, lo que permite una implementaci\u00f3n perfecta para el cliente.","og_url":"https:\/\/ideas.com\/es\/soluciones-de-revenue-management-de-ideas\/socios\/asociados-de-integracion\/","og_site_name":"IDeaS","article_modified_time":"2025-08-06T07:23:41+00:00","og_image":[{"width":1800,"height":945,"url":"https:\/\/ideas.com\/wp-content\/uploads\/2024\/12\/ideas_social_image.png","type":"image\/png"}],"twitter_card":"summary_large_image","schema":{"@context":"https:\/\/schema.org","@graph":[{"@type":"WebPage","@id":"https:\/\/ideas.com\/es\/soluciones-de-revenue-management-de-ideas\/socios\/asociados-de-integracion\/","url":"https:\/\/ideas.com\/es\/soluciones-de-revenue-management-de-ideas\/socios\/asociados-de-integracion\/","name":"Asociados de integraci\u00f3n certificados para dar un mejor servicio a los clientes | IDeaS","isPartOf":{"@id":"https:\/\/ideas.com\/es\/#website"},"datePublished":"2016-01-26T20:06:08+00:00","dateModified":"2025-08-06T07:23:41+00:00","description":"Los asociados de integraci\u00f3n de IDeaS son empresas de tecnolog\u00eda que desarrollan y dan soporte a integraciones certificadas con soluciones IDeaS, lo que permite una implementaci\u00f3n perfecta para el cliente.","breadcrumb":{"@id":"https:\/\/ideas.com\/es\/soluciones-de-revenue-management-de-ideas\/socios\/asociados-de-integracion\/#breadcrumb"},"inLanguage":"es","potentialAction":[{"@type":"ReadAction","target":["https:\/\/ideas.com\/es\/soluciones-de-revenue-management-de-ideas\/socios\/asociados-de-integracion\/"]}]},{"@type":"BreadcrumbList","@id":"https:\/\/ideas.com\/es\/soluciones-de-revenue-management-de-ideas\/socios\/asociados-de-integracion\/#breadcrumb","itemListElement":[{"@type":"ListItem","position":1,"name":"Acerca de","item":"https:\/\/ideas.com\/es\/soluciones-de-revenue-management-de-ideas\/"},{"@type":"ListItem","position":2,"name":"Asociados","item":"https:\/\/ideas.com\/es\/soluciones-de-revenue-management-de-ideas\/socios\/"},{"@type":"ListItem","position":3,"name":"Asociados de Integraci\u00f3n"}]},{"@type":"WebSite","@id":"https:\/\/ideas.com\/es\/#website","url":"https:\/\/ideas.com\/es\/","name":"IDeaS","description":"Driving Better Revenue","publisher":{"@id":"https:\/\/ideas.com\/es\/#organization"},"potentialAction":[{"@type":"SearchAction","target":{"@type":"EntryPoint","urlTemplate":"https:\/\/ideas.com\/es\/?s={search_term_string}"},"query-input":{"@type":"PropertyValueSpecification","valueRequired":true,"valueName":"search_term_string"}}],"inLanguage":"es"},{"@type":"Organization","@id":"https:\/\/ideas.com\/es\/#organization","name":"IDeaS Revenue Solutions","url":"https:\/\/ideas.com\/es\/","logo":{"@type":"ImageObject","inLanguage":"es","@id":"https:\/\/ideas.com\/es\/#\/schema\/logo\/image\/","url":"https:\/\/ideas.com\/wp-content\/uploads\/2021\/08\/ideas-logo.svg","contentUrl":"https:\/\/ideas.com\/wp-content\/uploads\/2021\/08\/ideas-logo.svg","width":1,"height":1,"caption":"IDeaS Revenue Solutions"},"image":{"@id":"https:\/\/ideas.com\/es\/#\/schema\/logo\/image\/"}}]}},"_links":{"self":[{"href":"https:\/\/ideas.com\/es\/wp-json\/wp\/v2\/pages\/3021","targetHints":{"allow":["GET"]}}],"collection":[{"href":"https:\/\/ideas.com\/es\/wp-json\/wp\/v2\/pages"}],"about":[{"href":"https:\/\/ideas.com\/es\/wp-json\/wp\/v2\/types\/page"}],"author":[{"embeddable":true,"href":"https:\/\/ideas.com\/es\/wp-json\/wp\/v2\/users\/82"}],"replies":[{"embeddable":true,"href":"https:\/\/ideas.com\/es\/wp-json\/wp\/v2\/comments?post=3021"}],"version-history":[{"count":0,"href":"https:\/\/ideas.com\/es\/wp-json\/wp\/v2\/pages\/3021\/revisions"}],"up":[{"embeddable":true,"href":"https:\/\/ideas.com\/es\/wp-json\/wp\/v2\/pages\/3019"}],"wp:attachment":[{"href":"https:\/\/ideas.com\/es\/wp-json\/wp\/v2\/media?parent=3021"}],"wp:term":[{"taxonomy":"post_tag","embeddable":true,"href":"https:\/\/ideas.com\/es\/wp-json\/wp\/v2\/tags?post=3021"}],"curies":[{"name":"wp","href":"https:\/\/api.w.org\/{rel}","templated":true}]}}