{"id":3041,"date":"2016-01-26T14:06:20","date_gmt":"2016-01-26T20:06:20","guid":{"rendered":"https:\/\/ideas.com\/es\/sistema-ideas-de-administracion-de-ingresos\/"},"modified":"2019-05-17T13:54:31","modified_gmt":"2019-05-17T18:54:31","slug":"sistemas-de-revenue-management-de-hoteles","status":"publish","type":"page","link":"https:\/\/ideas.com\/es\/sistemas-de-revenue-management-de-hoteles\/","title":{"rendered":"IDeaS Revenue Management System"},"content":{"rendered":"","protected":false},"excerpt":{"rendered":"<p>Refleja evoluci\u00f3n y revoluci\u00f3n conforme IDeaS contin\u00faa mejorando el rendimiento de los ingresos al ofrecer posibilidades de optimizaci\u00f3n de los ingresos cada vez m\u00e1s potentes pero f\u00e1ciles de usar.<\/p>\n","protected":false},"author":82,"featured_media":0,"parent":0,"menu_order":0,"comment_status":"closed","ping_status":"closed","template":"","meta":{"_acf_changed":false,"_crdt_document":"","inline_featured_image":false,"footnotes":""},"tags":[1710],"class_list":["post-3041","page","type-page","status-publish","hentry","tag-bar-es"],"acf":[],"yoast_head":"<!-- This site is optimized with the Yoast SEO plugin v27.2 - https:\/\/yoast.com\/product\/yoast-seo-wordpress\/ -->\n<title>Sistemas de revenue management y precios de hoteles | IDeaS<\/title>\n<meta name=\"description\" content=\"Realice previsiones de la demanda con exactitud, tome decisiones inteligentes con m\u00e1s velocidad y aumente los ingresos en su hotel con el sistema de revenue management l\u00edder del sector.\" \/>\n<meta name=\"robots\" content=\"index, follow, max-snippet:-1, max-image-preview:large, max-video-preview:-1\" \/>\n<link rel=\"canonical\" href=\"https:\/\/ideas.com\/es\/sistemas-de-revenue-management-de-hoteles\/\" \/>\n<meta property=\"og:locale\" content=\"es_ES\" \/>\n<meta property=\"og:type\" content=\"article\" \/>\n<meta property=\"og:title\" content=\"Sistemas de revenue management y precios de hoteles | IDeaS\" \/>\n<meta property=\"og:description\" content=\"Realice previsiones de la demanda con exactitud, tome decisiones inteligentes con m\u00e1s velocidad y aumente los ingresos en su hotel con el sistema de revenue management l\u00edder del sector.\" \/>\n<meta property=\"og:url\" content=\"https:\/\/ideas.com\/es\/sistemas-de-revenue-management-de-hoteles\/\" \/>\n<meta property=\"og:site_name\" content=\"IDeaS\" \/>\n<meta property=\"article:modified_time\" content=\"2019-05-17T18:54:31+00:00\" \/>\n<meta property=\"og:image\" content=\"https:\/\/ideas.com\/wp-content\/uploads\/2024\/12\/ideas_social_image.png\" \/>\n\t<meta property=\"og:image:width\" content=\"1800\" \/>\n\t<meta property=\"og:image:height\" content=\"945\" \/>\n\t<meta property=\"og:image:type\" content=\"image\/png\" \/>\n<meta name=\"twitter:card\" content=\"summary_large_image\" \/>\n<script type=\"application\/ld+json\" class=\"yoast-schema-graph\">{\"@context\":\"https:\/\/schema.org\",\"@graph\":[{\"@type\":\"WebPage\",\"@id\":\"https:\/\/ideas.com\/es\/sistemas-de-revenue-management-de-hoteles\/\",\"url\":\"https:\/\/ideas.com\/es\/sistemas-de-revenue-management-de-hoteles\/\",\"name\":\"Sistemas de revenue management y precios de hoteles | IDeaS\",\"isPartOf\":{\"@id\":\"https:\/\/ideas.com\/es\/#website\"},\"datePublished\":\"2016-01-26T20:06:20+00:00\",\"dateModified\":\"2019-05-17T18:54:31+00:00\",\"description\":\"Realice previsiones de la demanda con exactitud, tome decisiones inteligentes con m\u00e1s velocidad y aumente los ingresos en su hotel con el sistema de revenue management l\u00edder del sector.\",\"inLanguage\":\"es\",\"potentialAction\":[{\"@type\":\"ReadAction\",\"target\":[\"https:\/\/ideas.com\/es\/sistemas-de-revenue-management-de-hoteles\/\"]}]},{\"@type\":\"WebSite\",\"@id\":\"https:\/\/ideas.com\/es\/#website\",\"url\":\"https:\/\/ideas.com\/es\/\",\"name\":\"IDeaS\",\"description\":\"Driving Better Revenue\",\"publisher\":{\"@id\":\"https:\/\/ideas.com\/es\/#organization\"},\"potentialAction\":[{\"@type\":\"SearchAction\",\"target\":{\"@type\":\"EntryPoint\",\"urlTemplate\":\"https:\/\/ideas.com\/es\/?s={search_term_string}\"},\"query-input\":{\"@type\":\"PropertyValueSpecification\",\"valueRequired\":true,\"valueName\":\"search_term_string\"}}],\"inLanguage\":\"es\"},{\"@type\":\"Organization\",\"@id\":\"https:\/\/ideas.com\/es\/#organization\",\"name\":\"IDeaS Revenue Solutions\",\"url\":\"https:\/\/ideas.com\/es\/\",\"logo\":{\"@type\":\"ImageObject\",\"inLanguage\":\"es\",\"@id\":\"https:\/\/ideas.com\/es\/#\/schema\/logo\/image\/\",\"url\":\"https:\/\/ideas.com\/wp-content\/uploads\/2021\/08\/ideas-logo.svg\",\"contentUrl\":\"https:\/\/ideas.com\/wp-content\/uploads\/2021\/08\/ideas-logo.svg\",\"width\":1,\"height\":1,\"caption\":\"IDeaS Revenue Solutions\"},\"image\":{\"@id\":\"https:\/\/ideas.com\/es\/#\/schema\/logo\/image\/\"}}]}<\/script>\n<!-- \/ Yoast SEO plugin. -->","yoast_head_json":{"title":"Sistemas de revenue management y precios de hoteles | IDeaS","description":"Realice previsiones de la demanda con exactitud, tome decisiones inteligentes con m\u00e1s velocidad y aumente los ingresos en su hotel con el sistema de revenue management l\u00edder del sector.","robots":{"index":"index","follow":"follow","max-snippet":"max-snippet:-1","max-image-preview":"max-image-preview:large","max-video-preview":"max-video-preview:-1"},"canonical":"https:\/\/ideas.com\/es\/sistemas-de-revenue-management-de-hoteles\/","og_locale":"es_ES","og_type":"article","og_title":"Sistemas de revenue management y precios de hoteles | IDeaS","og_description":"Realice previsiones de la demanda con exactitud, tome decisiones inteligentes con m\u00e1s velocidad y aumente los ingresos en su hotel con el sistema de revenue management l\u00edder del sector.","og_url":"https:\/\/ideas.com\/es\/sistemas-de-revenue-management-de-hoteles\/","og_site_name":"IDeaS","article_modified_time":"2019-05-17T18:54:31+00:00","og_image":[{"width":1800,"height":945,"url":"https:\/\/ideas.com\/wp-content\/uploads\/2024\/12\/ideas_social_image.png","type":"image\/png"}],"twitter_card":"summary_large_image","schema":{"@context":"https:\/\/schema.org","@graph":[{"@type":"WebPage","@id":"https:\/\/ideas.com\/es\/sistemas-de-revenue-management-de-hoteles\/","url":"https:\/\/ideas.com\/es\/sistemas-de-revenue-management-de-hoteles\/","name":"Sistemas de revenue management y precios de hoteles | IDeaS","isPartOf":{"@id":"https:\/\/ideas.com\/es\/#website"},"datePublished":"2016-01-26T20:06:20+00:00","dateModified":"2019-05-17T18:54:31+00:00","description":"Realice previsiones de la demanda con exactitud, tome decisiones inteligentes con m\u00e1s velocidad y aumente los ingresos en su hotel con el sistema de revenue management l\u00edder del sector.","inLanguage":"es","potentialAction":[{"@type":"ReadAction","target":["https:\/\/ideas.com\/es\/sistemas-de-revenue-management-de-hoteles\/"]}]},{"@type":"WebSite","@id":"https:\/\/ideas.com\/es\/#website","url":"https:\/\/ideas.com\/es\/","name":"IDeaS","description":"Driving Better Revenue","publisher":{"@id":"https:\/\/ideas.com\/es\/#organization"},"potentialAction":[{"@type":"SearchAction","target":{"@type":"EntryPoint","urlTemplate":"https:\/\/ideas.com\/es\/?s={search_term_string}"},"query-input":{"@type":"PropertyValueSpecification","valueRequired":true,"valueName":"search_term_string"}}],"inLanguage":"es"},{"@type":"Organization","@id":"https:\/\/ideas.com\/es\/#organization","name":"IDeaS Revenue Solutions","url":"https:\/\/ideas.com\/es\/","logo":{"@type":"ImageObject","inLanguage":"es","@id":"https:\/\/ideas.com\/es\/#\/schema\/logo\/image\/","url":"https:\/\/ideas.com\/wp-content\/uploads\/2021\/08\/ideas-logo.svg","contentUrl":"https:\/\/ideas.com\/wp-content\/uploads\/2021\/08\/ideas-logo.svg","width":1,"height":1,"caption":"IDeaS Revenue Solutions"},"image":{"@id":"https:\/\/ideas.com\/es\/#\/schema\/logo\/image\/"}}]}},"_links":{"self":[{"href":"https:\/\/ideas.com\/es\/wp-json\/wp\/v2\/pages\/3041","targetHints":{"allow":["GET"]}}],"collection":[{"href":"https:\/\/ideas.com\/es\/wp-json\/wp\/v2\/pages"}],"about":[{"href":"https:\/\/ideas.com\/es\/wp-json\/wp\/v2\/types\/page"}],"author":[{"embeddable":true,"href":"https:\/\/ideas.com\/es\/wp-json\/wp\/v2\/users\/82"}],"replies":[{"embeddable":true,"href":"https:\/\/ideas.com\/es\/wp-json\/wp\/v2\/comments?post=3041"}],"version-history":[{"count":0,"href":"https:\/\/ideas.com\/es\/wp-json\/wp\/v2\/pages\/3041\/revisions"}],"wp:attachment":[{"href":"https:\/\/ideas.com\/es\/wp-json\/wp\/v2\/media?parent=3041"}],"wp:term":[{"taxonomy":"post_tag","embeddable":true,"href":"https:\/\/ideas.com\/es\/wp-json\/wp\/v2\/tags?post=3041"}],"curies":[{"name":"wp","href":"https:\/\/api.w.org\/{rel}","templated":true}]}}