{"id":108976,"date":"2018-11-30T03:09:31","date_gmt":"2018-11-30T09:09:31","guid":{"rendered":"https:\/\/ideasfrench.wpengine.com\/home-2\/"},"modified":"2025-12-19T12:44:07","modified_gmt":"2025-12-19T18:44:07","slug":"home-2","status":"publish","type":"page","link":"https:\/\/ideas.com\/fr\/","title":{"rendered":"Accueil"},"content":{"rendered":"","protected":false},"excerpt":{"rendered":"","protected":false},"author":56,"featured_media":0,"parent":0,"menu_order":0,"comment_status":"closed","ping_status":"closed","template":"templates\/landing-page.php","meta":{"_acf_changed":false,"_crdt_document":"","inline_featured_image":false,"footnotes":""},"tags":[],"class_list":["post-108976","page","type-page","status-publish","hentry"],"acf":[],"yoast_head":"<!-- This site is optimized with the Yoast SEO plugin v27.2 - https:\/\/yoast.com\/product\/yoast-seo-wordpress\/ -->\n<title>IDeaS | Solutions de revenue management pour le secteur h\u00f4telier<\/title>\n<meta name=\"description\" content=\"Le logiciel de revenue management pour le secteur h\u00f4telier d\u2019IDeaS aide les h\u00f4tels, les parkings et les espaces \u00e9v\u00e9nementiels \u00e0 prosp\u00e9rer. Tirez-vous pleinement parti de votre \u00e9tablissement\u00a0? Programmez une d\u00e9mo gratuite.\" \/>\n<meta name=\"robots\" content=\"index, follow, max-snippet:-1, max-image-preview:large, max-video-preview:-1\" \/>\n<link rel=\"canonical\" href=\"https:\/\/ideas.com\/fr\/\" \/>\n<meta property=\"og:locale\" content=\"fr_FR\" \/>\n<meta property=\"og:type\" content=\"article\" \/>\n<meta property=\"og:title\" content=\"IDeaS Revenue Solutions\" \/>\n<meta property=\"og:description\" content=\"IDeaS Revenue Solutions \u2013 une soci\u00e9t\u00e9 du groupe SAS, est le principal fournisseur de services, services conseil et logiciels de fixation des prix et de revenue management.\" \/>\n<meta property=\"og:url\" content=\"https:\/\/ideas.com\/fr\/\" \/>\n<meta property=\"og:site_name\" content=\"IDeaS\" \/>\n<meta property=\"article:modified_time\" content=\"2025-12-19T18:44:07+00:00\" \/>\n<meta property=\"og:image\" content=\"https:\/\/ideas.com\/wp-content\/uploads\/2019\/11\/og-image.png\" \/>\n\t<meta property=\"og:image:width\" content=\"1202\" \/>\n\t<meta property=\"og:image:height\" content=\"753\" \/>\n\t<meta property=\"og:image:type\" content=\"image\/png\" \/>\n<meta name=\"twitter:card\" content=\"summary_large_image\" \/>\n<meta name=\"twitter:image\" content=\"https:\/\/ideas.com\/wp-content\/uploads\/2019\/11\/og-image.png\" \/>\n<script type=\"application\/ld+json\" class=\"yoast-schema-graph\">{\"@context\":\"https:\/\/schema.org\",\"@graph\":[{\"@type\":\"WebPage\",\"@id\":\"https:\/\/ideas.com\/fr\/\",\"url\":\"https:\/\/ideas.com\/fr\/\",\"name\":\"IDeaS | Solutions de revenue management pour le secteur h\u00f4telier\",\"isPartOf\":{\"@id\":\"https:\/\/ideas.com\/fr\/#website\"},\"datePublished\":\"2018-11-30T09:09:31+00:00\",\"dateModified\":\"2025-12-19T18:44:07+00:00\",\"description\":\"Le logiciel de revenue management pour le secteur h\u00f4telier d\u2019IDeaS aide les h\u00f4tels, les parkings et les espaces \u00e9v\u00e9nementiels \u00e0 prosp\u00e9rer. Tirez-vous pleinement parti de votre \u00e9tablissement\u00a0? Programmez une d\u00e9mo gratuite.\",\"inLanguage\":\"fr-FR\",\"potentialAction\":[{\"@type\":\"ReadAction\",\"target\":[\"https:\/\/ideas.com\/fr\/\"]}]},{\"@type\":\"WebSite\",\"@id\":\"https:\/\/ideas.com\/fr\/#website\",\"url\":\"https:\/\/ideas.com\/fr\/\",\"name\":\"IDeaS\",\"description\":\"Driving Better Revenue\",\"publisher\":{\"@id\":\"https:\/\/ideas.com\/fr\/#organization\"},\"potentialAction\":[{\"@type\":\"SearchAction\",\"target\":{\"@type\":\"EntryPoint\",\"urlTemplate\":\"https:\/\/ideas.com\/fr\/?s={search_term_string}\"},\"query-input\":{\"@type\":\"PropertyValueSpecification\",\"valueRequired\":true,\"valueName\":\"search_term_string\"}}],\"inLanguage\":\"fr-FR\"},{\"@type\":\"Organization\",\"@id\":\"https:\/\/ideas.com\/fr\/#organization\",\"name\":\"IDeaS Revenue Solutions\",\"url\":\"https:\/\/ideas.com\/fr\/\",\"logo\":{\"@type\":\"ImageObject\",\"inLanguage\":\"fr-FR\",\"@id\":\"https:\/\/ideas.com\/fr\/#\/schema\/logo\/image\/\",\"url\":\"https:\/\/ideas.com\/wp-content\/uploads\/2021\/08\/ideas-logo.svg\",\"contentUrl\":\"https:\/\/ideas.com\/wp-content\/uploads\/2021\/08\/ideas-logo.svg\",\"width\":1,\"height\":1,\"caption\":\"IDeaS Revenue Solutions\"},\"image\":{\"@id\":\"https:\/\/ideas.com\/fr\/#\/schema\/logo\/image\/\"}}]}<\/script>\n<!-- \/ Yoast SEO plugin. -->","yoast_head_json":{"title":"IDeaS | Solutions de revenue management pour le secteur h\u00f4telier","description":"Le logiciel de revenue management pour le secteur h\u00f4telier d\u2019IDeaS aide les h\u00f4tels, les parkings et les espaces \u00e9v\u00e9nementiels \u00e0 prosp\u00e9rer. Tirez-vous pleinement parti de votre \u00e9tablissement\u00a0? Programmez une d\u00e9mo gratuite.","robots":{"index":"index","follow":"follow","max-snippet":"max-snippet:-1","max-image-preview":"max-image-preview:large","max-video-preview":"max-video-preview:-1"},"canonical":"https:\/\/ideas.com\/fr\/","og_locale":"fr_FR","og_type":"article","og_title":"IDeaS Revenue Solutions","og_description":"IDeaS Revenue Solutions \u2013 une soci\u00e9t\u00e9 du groupe SAS, est le principal fournisseur de services, services conseil et logiciels de fixation des prix et de revenue management.","og_url":"https:\/\/ideas.com\/fr\/","og_site_name":"IDeaS","article_modified_time":"2025-12-19T18:44:07+00:00","og_image":[{"width":1202,"height":753,"url":"https:\/\/ideas.com\/wp-content\/uploads\/2019\/11\/og-image.png","type":"image\/png"}],"twitter_card":"summary_large_image","twitter_image":"https:\/\/ideas.com\/wp-content\/uploads\/2019\/11\/og-image.png","schema":{"@context":"https:\/\/schema.org","@graph":[{"@type":"WebPage","@id":"https:\/\/ideas.com\/fr\/","url":"https:\/\/ideas.com\/fr\/","name":"IDeaS | Solutions de revenue management pour le secteur h\u00f4telier","isPartOf":{"@id":"https:\/\/ideas.com\/fr\/#website"},"datePublished":"2018-11-30T09:09:31+00:00","dateModified":"2025-12-19T18:44:07+00:00","description":"Le logiciel de revenue management pour le secteur h\u00f4telier d\u2019IDeaS aide les h\u00f4tels, les parkings et les espaces \u00e9v\u00e9nementiels \u00e0 prosp\u00e9rer. Tirez-vous pleinement parti de votre \u00e9tablissement\u00a0? Programmez une d\u00e9mo gratuite.","inLanguage":"fr-FR","potentialAction":[{"@type":"ReadAction","target":["https:\/\/ideas.com\/fr\/"]}]},{"@type":"WebSite","@id":"https:\/\/ideas.com\/fr\/#website","url":"https:\/\/ideas.com\/fr\/","name":"IDeaS","description":"Driving Better Revenue","publisher":{"@id":"https:\/\/ideas.com\/fr\/#organization"},"potentialAction":[{"@type":"SearchAction","target":{"@type":"EntryPoint","urlTemplate":"https:\/\/ideas.com\/fr\/?s={search_term_string}"},"query-input":{"@type":"PropertyValueSpecification","valueRequired":true,"valueName":"search_term_string"}}],"inLanguage":"fr-FR"},{"@type":"Organization","@id":"https:\/\/ideas.com\/fr\/#organization","name":"IDeaS Revenue Solutions","url":"https:\/\/ideas.com\/fr\/","logo":{"@type":"ImageObject","inLanguage":"fr-FR","@id":"https:\/\/ideas.com\/fr\/#\/schema\/logo\/image\/","url":"https:\/\/ideas.com\/wp-content\/uploads\/2021\/08\/ideas-logo.svg","contentUrl":"https:\/\/ideas.com\/wp-content\/uploads\/2021\/08\/ideas-logo.svg","width":1,"height":1,"caption":"IDeaS Revenue Solutions"},"image":{"@id":"https:\/\/ideas.com\/fr\/#\/schema\/logo\/image\/"}}]}},"_links":{"self":[{"href":"https:\/\/ideas.com\/fr\/wp-json\/wp\/v2\/pages\/108976","targetHints":{"allow":["GET"]}}],"collection":[{"href":"https:\/\/ideas.com\/fr\/wp-json\/wp\/v2\/pages"}],"about":[{"href":"https:\/\/ideas.com\/fr\/wp-json\/wp\/v2\/types\/page"}],"author":[{"embeddable":true,"href":"https:\/\/ideas.com\/fr\/wp-json\/wp\/v2\/users\/56"}],"replies":[{"embeddable":true,"href":"https:\/\/ideas.com\/fr\/wp-json\/wp\/v2\/comments?post=108976"}],"version-history":[{"count":0,"href":"https:\/\/ideas.com\/fr\/wp-json\/wp\/v2\/pages\/108976\/revisions"}],"wp:attachment":[{"href":"https:\/\/ideas.com\/fr\/wp-json\/wp\/v2\/media?parent=108976"}],"wp:term":[{"taxonomy":"post_tag","embeddable":true,"href":"https:\/\/ideas.com\/fr\/wp-json\/wp\/v2\/tags?post=108976"}],"curies":[{"name":"wp","href":"https:\/\/api.w.org\/{rel}","templated":true}]}}