{"id":108977,"date":"2018-12-10T08:22:42","date_gmt":"2018-12-10T14:22:42","guid":{"rendered":"https:\/\/ideasfrench.wpengine.com\/hotel-rooms\/"},"modified":"2025-07-18T01:30:57","modified_gmt":"2025-07-18T06:30:57","slug":"hotel-rooms","status":"publish","type":"page","link":"https:\/\/ideas.com\/fr\/hotel-rooms\/","title":{"rendered":"H\u00f4tels"},"content":{"rendered":"","protected":false},"excerpt":{"rendered":"","protected":false},"author":56,"featured_media":0,"parent":0,"menu_order":0,"comment_status":"closed","ping_status":"closed","template":"templates\/landing-page.php","meta":{"_acf_changed":false,"_crdt_document":"","inline_featured_image":false,"footnotes":""},"tags":[],"class_list":["post-108977","page","type-page","status-publish","hentry"],"acf":[],"yoast_head":"<!-- This site is optimized with the Yoast SEO plugin v27.2 - https:\/\/yoast.com\/product\/yoast-seo-wordpress\/ -->\n<title>Logiciel et solutions de revenue management h\u00f4telier | IDeaS<\/title>\n<meta name=\"description\" content=\"Des grandes cha\u00eenes h\u00f4teli\u00e8res aux \u00e9tablissements ind\u00e9pendants, IDeaS fournit des solutions logicielles de revenue management h\u00f4telier qui aident l\u2019ensemble des entreprises du secteur h\u00f4telier \u00e0 prosp\u00e9rer.\" \/>\n<meta name=\"robots\" content=\"index, follow, max-snippet:-1, max-image-preview:large, max-video-preview:-1\" \/>\n<link rel=\"canonical\" href=\"https:\/\/ideas.com\/fr\/hotel-rooms\/\" \/>\n<meta property=\"og:locale\" content=\"fr_FR\" \/>\n<meta property=\"og:type\" content=\"article\" \/>\n<meta property=\"og:title\" content=\"Logiciel et solutions de revenue management h\u00f4telier | IDeaS\" \/>\n<meta property=\"og:description\" content=\"Des grandes cha\u00eenes h\u00f4teli\u00e8res aux \u00e9tablissements ind\u00e9pendants, IDeaS fournit des solutions logicielles de revenue management h\u00f4telier qui aident l\u2019ensemble des entreprises du secteur h\u00f4telier \u00e0 prosp\u00e9rer.\" \/>\n<meta property=\"og:url\" content=\"https:\/\/ideas.com\/fr\/hotel-rooms\/\" \/>\n<meta property=\"og:site_name\" content=\"IDeaS\" \/>\n<meta property=\"article:modified_time\" content=\"2025-07-18T06:30:57+00:00\" \/>\n<meta property=\"og:image\" content=\"https:\/\/ideas.com\/wp-content\/uploads\/2024\/12\/ideas_social_image.png\" \/>\n\t<meta property=\"og:image:width\" content=\"1800\" \/>\n\t<meta property=\"og:image:height\" content=\"945\" \/>\n\t<meta property=\"og:image:type\" content=\"image\/png\" \/>\n<meta name=\"twitter:card\" content=\"summary_large_image\" \/>\n<script type=\"application\/ld+json\" class=\"yoast-schema-graph\">{\"@context\":\"https:\/\/schema.org\",\"@graph\":[{\"@type\":\"WebPage\",\"@id\":\"https:\/\/ideas.com\/fr\/hotel-rooms\/\",\"url\":\"https:\/\/ideas.com\/fr\/hotel-rooms\/\",\"name\":\"Logiciel et solutions de revenue management h\u00f4telier | IDeaS\",\"isPartOf\":{\"@id\":\"https:\/\/ideas.com\/fr\/#website\"},\"datePublished\":\"2018-12-10T14:22:42+00:00\",\"dateModified\":\"2025-07-18T06:30:57+00:00\",\"description\":\"Des grandes cha\u00eenes h\u00f4teli\u00e8res aux \u00e9tablissements ind\u00e9pendants, IDeaS fournit des solutions logicielles de revenue management h\u00f4telier qui aident l\u2019ensemble des entreprises du secteur h\u00f4telier \u00e0 prosp\u00e9rer.\",\"inLanguage\":\"fr-FR\",\"potentialAction\":[{\"@type\":\"ReadAction\",\"target\":[\"https:\/\/ideas.com\/fr\/hotel-rooms\/\"]}]},{\"@type\":\"WebSite\",\"@id\":\"https:\/\/ideas.com\/fr\/#website\",\"url\":\"https:\/\/ideas.com\/fr\/\",\"name\":\"IDeaS\",\"description\":\"Driving Better Revenue\",\"publisher\":{\"@id\":\"https:\/\/ideas.com\/fr\/#organization\"},\"potentialAction\":[{\"@type\":\"SearchAction\",\"target\":{\"@type\":\"EntryPoint\",\"urlTemplate\":\"https:\/\/ideas.com\/fr\/?s={search_term_string}\"},\"query-input\":{\"@type\":\"PropertyValueSpecification\",\"valueRequired\":true,\"valueName\":\"search_term_string\"}}],\"inLanguage\":\"fr-FR\"},{\"@type\":\"Organization\",\"@id\":\"https:\/\/ideas.com\/fr\/#organization\",\"name\":\"IDeaS Revenue Solutions\",\"url\":\"https:\/\/ideas.com\/fr\/\",\"logo\":{\"@type\":\"ImageObject\",\"inLanguage\":\"fr-FR\",\"@id\":\"https:\/\/ideas.com\/fr\/#\/schema\/logo\/image\/\",\"url\":\"https:\/\/ideas.com\/wp-content\/uploads\/2021\/08\/ideas-logo.svg\",\"contentUrl\":\"https:\/\/ideas.com\/wp-content\/uploads\/2021\/08\/ideas-logo.svg\",\"width\":1,\"height\":1,\"caption\":\"IDeaS Revenue Solutions\"},\"image\":{\"@id\":\"https:\/\/ideas.com\/fr\/#\/schema\/logo\/image\/\"}}]}<\/script>\n<!-- \/ Yoast SEO plugin. -->","yoast_head_json":{"title":"Logiciel et solutions de revenue management h\u00f4telier | IDeaS","description":"Des grandes cha\u00eenes h\u00f4teli\u00e8res aux \u00e9tablissements ind\u00e9pendants, IDeaS fournit des solutions logicielles de revenue management h\u00f4telier qui aident l\u2019ensemble des entreprises du secteur h\u00f4telier \u00e0 prosp\u00e9rer.","robots":{"index":"index","follow":"follow","max-snippet":"max-snippet:-1","max-image-preview":"max-image-preview:large","max-video-preview":"max-video-preview:-1"},"canonical":"https:\/\/ideas.com\/fr\/hotel-rooms\/","og_locale":"fr_FR","og_type":"article","og_title":"Logiciel et solutions de revenue management h\u00f4telier | IDeaS","og_description":"Des grandes cha\u00eenes h\u00f4teli\u00e8res aux \u00e9tablissements ind\u00e9pendants, IDeaS fournit des solutions logicielles de revenue management h\u00f4telier qui aident l\u2019ensemble des entreprises du secteur h\u00f4telier \u00e0 prosp\u00e9rer.","og_url":"https:\/\/ideas.com\/fr\/hotel-rooms\/","og_site_name":"IDeaS","article_modified_time":"2025-07-18T06:30:57+00:00","og_image":[{"width":1800,"height":945,"url":"https:\/\/ideas.com\/wp-content\/uploads\/2024\/12\/ideas_social_image.png","type":"image\/png"}],"twitter_card":"summary_large_image","schema":{"@context":"https:\/\/schema.org","@graph":[{"@type":"WebPage","@id":"https:\/\/ideas.com\/fr\/hotel-rooms\/","url":"https:\/\/ideas.com\/fr\/hotel-rooms\/","name":"Logiciel et solutions de revenue management h\u00f4telier | IDeaS","isPartOf":{"@id":"https:\/\/ideas.com\/fr\/#website"},"datePublished":"2018-12-10T14:22:42+00:00","dateModified":"2025-07-18T06:30:57+00:00","description":"Des grandes cha\u00eenes h\u00f4teli\u00e8res aux \u00e9tablissements ind\u00e9pendants, IDeaS fournit des solutions logicielles de revenue management h\u00f4telier qui aident l\u2019ensemble des entreprises du secteur h\u00f4telier \u00e0 prosp\u00e9rer.","inLanguage":"fr-FR","potentialAction":[{"@type":"ReadAction","target":["https:\/\/ideas.com\/fr\/hotel-rooms\/"]}]},{"@type":"WebSite","@id":"https:\/\/ideas.com\/fr\/#website","url":"https:\/\/ideas.com\/fr\/","name":"IDeaS","description":"Driving Better Revenue","publisher":{"@id":"https:\/\/ideas.com\/fr\/#organization"},"potentialAction":[{"@type":"SearchAction","target":{"@type":"EntryPoint","urlTemplate":"https:\/\/ideas.com\/fr\/?s={search_term_string}"},"query-input":{"@type":"PropertyValueSpecification","valueRequired":true,"valueName":"search_term_string"}}],"inLanguage":"fr-FR"},{"@type":"Organization","@id":"https:\/\/ideas.com\/fr\/#organization","name":"IDeaS Revenue Solutions","url":"https:\/\/ideas.com\/fr\/","logo":{"@type":"ImageObject","inLanguage":"fr-FR","@id":"https:\/\/ideas.com\/fr\/#\/schema\/logo\/image\/","url":"https:\/\/ideas.com\/wp-content\/uploads\/2021\/08\/ideas-logo.svg","contentUrl":"https:\/\/ideas.com\/wp-content\/uploads\/2021\/08\/ideas-logo.svg","width":1,"height":1,"caption":"IDeaS Revenue Solutions"},"image":{"@id":"https:\/\/ideas.com\/fr\/#\/schema\/logo\/image\/"}}]}},"_links":{"self":[{"href":"https:\/\/ideas.com\/fr\/wp-json\/wp\/v2\/pages\/108977","targetHints":{"allow":["GET"]}}],"collection":[{"href":"https:\/\/ideas.com\/fr\/wp-json\/wp\/v2\/pages"}],"about":[{"href":"https:\/\/ideas.com\/fr\/wp-json\/wp\/v2\/types\/page"}],"author":[{"embeddable":true,"href":"https:\/\/ideas.com\/fr\/wp-json\/wp\/v2\/users\/56"}],"replies":[{"embeddable":true,"href":"https:\/\/ideas.com\/fr\/wp-json\/wp\/v2\/comments?post=108977"}],"version-history":[{"count":0,"href":"https:\/\/ideas.com\/fr\/wp-json\/wp\/v2\/pages\/108977\/revisions"}],"wp:attachment":[{"href":"https:\/\/ideas.com\/fr\/wp-json\/wp\/v2\/media?parent=108977"}],"wp:term":[{"taxonomy":"post_tag","embeddable":true,"href":"https:\/\/ideas.com\/fr\/wp-json\/wp\/v2\/tags?post=108977"}],"curies":[{"name":"wp","href":"https:\/\/api.w.org\/{rel}","templated":true}]}}