{"id":108981,"date":"2019-07-17T10:02:05","date_gmt":"2019-07-17T15:02:05","guid":{"rendered":"https:\/\/ideasfrench.wpengine.com\/?page_id=118884"},"modified":"2024-10-03T16:11:34","modified_gmt":"2024-10-03T21:11:34","slug":"meetings-events-strategy","status":"publish","type":"page","link":"https:\/\/ideas.com\/fr\/meetings-events-strategy\/","title":{"rendered":"Strat\u00e9gie pour les r\u00e9unions et les \u00e9v\u00e9nements"},"content":{"rendered":"","protected":false},"excerpt":{"rendered":"","protected":false},"author":56,"featured_media":0,"parent":0,"menu_order":0,"comment_status":"closed","ping_status":"closed","template":"templates\/solutions.php","meta":{"_acf_changed":false,"_crdt_document":"","inline_featured_image":false,"footnotes":""},"tags":[],"class_list":["post-108981","page","type-page","status-publish","hentry"],"acf":[],"yoast_head":"<!-- This site is optimized with the Yoast SEO plugin v27.2 - https:\/\/yoast.com\/product\/yoast-seo-wordpress\/ -->\n<title>Gestion des revenus de l\u2019espace fonctionnel | IDeaS<\/title>\n<meta name=\"description\" content=\"IDeaS SmartSpace est un outil strat\u00e9gique bas\u00e9 dans le cloud dont la capacit\u00e9 d\u2019analyse dynamique permet d\u2019am\u00e9liorer les d\u00e9cisions et d\u2019optimiser le chiffre d\u2019affaires des activit\u00e9s de r\u00e9unions et d\u2019\u00e9v\u00e9nements.\" \/>\n<meta name=\"robots\" content=\"index, follow, max-snippet:-1, max-image-preview:large, max-video-preview:-1\" \/>\n<link rel=\"canonical\" href=\"https:\/\/ideas.com\/fr\/meetings-events-strategy\/\" \/>\n<meta property=\"og:locale\" content=\"fr_FR\" \/>\n<meta property=\"og:type\" content=\"article\" \/>\n<meta property=\"og:title\" content=\"Gestion des revenus de l\u2019espace fonctionnel | IDeaS\" \/>\n<meta property=\"og:description\" content=\"IDeaS SmartSpace est un outil strat\u00e9gique bas\u00e9 dans le cloud dont la capacit\u00e9 d\u2019analyse dynamique permet d\u2019am\u00e9liorer les d\u00e9cisions et d\u2019optimiser le chiffre d\u2019affaires des activit\u00e9s de r\u00e9unions et d\u2019\u00e9v\u00e9nements.\" \/>\n<meta property=\"og:url\" content=\"https:\/\/ideas.com\/fr\/meetings-events-strategy\/\" \/>\n<meta property=\"og:site_name\" content=\"IDeaS\" \/>\n<meta property=\"article:modified_time\" content=\"2024-10-03T21:11:34+00:00\" \/>\n<meta property=\"og:image\" content=\"https:\/\/ideas.com\/wp-content\/uploads\/2024\/12\/ideas_social_image.png\" \/>\n\t<meta property=\"og:image:width\" content=\"1800\" \/>\n\t<meta property=\"og:image:height\" content=\"945\" \/>\n\t<meta property=\"og:image:type\" content=\"image\/png\" \/>\n<meta name=\"twitter:card\" content=\"summary_large_image\" \/>\n<script type=\"application\/ld+json\" class=\"yoast-schema-graph\">{\"@context\":\"https:\/\/schema.org\",\"@graph\":[{\"@type\":\"WebPage\",\"@id\":\"https:\/\/ideas.com\/fr\/meetings-events-strategy\/\",\"url\":\"https:\/\/ideas.com\/fr\/meetings-events-strategy\/\",\"name\":\"Gestion des revenus de l\u2019espace fonctionnel | IDeaS\",\"isPartOf\":{\"@id\":\"https:\/\/ideas.com\/fr\/#website\"},\"datePublished\":\"2019-07-17T15:02:05+00:00\",\"dateModified\":\"2024-10-03T21:11:34+00:00\",\"description\":\"IDeaS SmartSpace est un outil strat\u00e9gique bas\u00e9 dans le cloud dont la capacit\u00e9 d\u2019analyse dynamique permet d\u2019am\u00e9liorer les d\u00e9cisions et d\u2019optimiser le chiffre d\u2019affaires des activit\u00e9s de r\u00e9unions et d\u2019\u00e9v\u00e9nements.\",\"inLanguage\":\"fr-FR\",\"potentialAction\":[{\"@type\":\"ReadAction\",\"target\":[\"https:\/\/ideas.com\/fr\/meetings-events-strategy\/\"]}]},{\"@type\":\"WebSite\",\"@id\":\"https:\/\/ideas.com\/fr\/#website\",\"url\":\"https:\/\/ideas.com\/fr\/\",\"name\":\"IDeaS\",\"description\":\"Driving Better Revenue\",\"publisher\":{\"@id\":\"https:\/\/ideas.com\/fr\/#organization\"},\"potentialAction\":[{\"@type\":\"SearchAction\",\"target\":{\"@type\":\"EntryPoint\",\"urlTemplate\":\"https:\/\/ideas.com\/fr\/?s={search_term_string}\"},\"query-input\":{\"@type\":\"PropertyValueSpecification\",\"valueRequired\":true,\"valueName\":\"search_term_string\"}}],\"inLanguage\":\"fr-FR\"},{\"@type\":\"Organization\",\"@id\":\"https:\/\/ideas.com\/fr\/#organization\",\"name\":\"IDeaS Revenue Solutions\",\"url\":\"https:\/\/ideas.com\/fr\/\",\"logo\":{\"@type\":\"ImageObject\",\"inLanguage\":\"fr-FR\",\"@id\":\"https:\/\/ideas.com\/fr\/#\/schema\/logo\/image\/\",\"url\":\"https:\/\/ideas.com\/wp-content\/uploads\/2021\/08\/ideas-logo.svg\",\"contentUrl\":\"https:\/\/ideas.com\/wp-content\/uploads\/2021\/08\/ideas-logo.svg\",\"width\":1,\"height\":1,\"caption\":\"IDeaS Revenue Solutions\"},\"image\":{\"@id\":\"https:\/\/ideas.com\/fr\/#\/schema\/logo\/image\/\"}}]}<\/script>\n<!-- \/ Yoast SEO plugin. -->","yoast_head_json":{"title":"Gestion des revenus de l\u2019espace fonctionnel | IDeaS","description":"IDeaS SmartSpace est un outil strat\u00e9gique bas\u00e9 dans le cloud dont la capacit\u00e9 d\u2019analyse dynamique permet d\u2019am\u00e9liorer les d\u00e9cisions et d\u2019optimiser le chiffre d\u2019affaires des activit\u00e9s de r\u00e9unions et d\u2019\u00e9v\u00e9nements.","robots":{"index":"index","follow":"follow","max-snippet":"max-snippet:-1","max-image-preview":"max-image-preview:large","max-video-preview":"max-video-preview:-1"},"canonical":"https:\/\/ideas.com\/fr\/meetings-events-strategy\/","og_locale":"fr_FR","og_type":"article","og_title":"Gestion des revenus de l\u2019espace fonctionnel | IDeaS","og_description":"IDeaS SmartSpace est un outil strat\u00e9gique bas\u00e9 dans le cloud dont la capacit\u00e9 d\u2019analyse dynamique permet d\u2019am\u00e9liorer les d\u00e9cisions et d\u2019optimiser le chiffre d\u2019affaires des activit\u00e9s de r\u00e9unions et d\u2019\u00e9v\u00e9nements.","og_url":"https:\/\/ideas.com\/fr\/meetings-events-strategy\/","og_site_name":"IDeaS","article_modified_time":"2024-10-03T21:11:34+00:00","og_image":[{"width":1800,"height":945,"url":"https:\/\/ideas.com\/wp-content\/uploads\/2024\/12\/ideas_social_image.png","type":"image\/png"}],"twitter_card":"summary_large_image","schema":{"@context":"https:\/\/schema.org","@graph":[{"@type":"WebPage","@id":"https:\/\/ideas.com\/fr\/meetings-events-strategy\/","url":"https:\/\/ideas.com\/fr\/meetings-events-strategy\/","name":"Gestion des revenus de l\u2019espace fonctionnel | IDeaS","isPartOf":{"@id":"https:\/\/ideas.com\/fr\/#website"},"datePublished":"2019-07-17T15:02:05+00:00","dateModified":"2024-10-03T21:11:34+00:00","description":"IDeaS SmartSpace est un outil strat\u00e9gique bas\u00e9 dans le cloud dont la capacit\u00e9 d\u2019analyse dynamique permet d\u2019am\u00e9liorer les d\u00e9cisions et d\u2019optimiser le chiffre d\u2019affaires des activit\u00e9s de r\u00e9unions et d\u2019\u00e9v\u00e9nements.","inLanguage":"fr-FR","potentialAction":[{"@type":"ReadAction","target":["https:\/\/ideas.com\/fr\/meetings-events-strategy\/"]}]},{"@type":"WebSite","@id":"https:\/\/ideas.com\/fr\/#website","url":"https:\/\/ideas.com\/fr\/","name":"IDeaS","description":"Driving Better Revenue","publisher":{"@id":"https:\/\/ideas.com\/fr\/#organization"},"potentialAction":[{"@type":"SearchAction","target":{"@type":"EntryPoint","urlTemplate":"https:\/\/ideas.com\/fr\/?s={search_term_string}"},"query-input":{"@type":"PropertyValueSpecification","valueRequired":true,"valueName":"search_term_string"}}],"inLanguage":"fr-FR"},{"@type":"Organization","@id":"https:\/\/ideas.com\/fr\/#organization","name":"IDeaS Revenue Solutions","url":"https:\/\/ideas.com\/fr\/","logo":{"@type":"ImageObject","inLanguage":"fr-FR","@id":"https:\/\/ideas.com\/fr\/#\/schema\/logo\/image\/","url":"https:\/\/ideas.com\/wp-content\/uploads\/2021\/08\/ideas-logo.svg","contentUrl":"https:\/\/ideas.com\/wp-content\/uploads\/2021\/08\/ideas-logo.svg","width":1,"height":1,"caption":"IDeaS Revenue Solutions"},"image":{"@id":"https:\/\/ideas.com\/fr\/#\/schema\/logo\/image\/"}}]}},"_links":{"self":[{"href":"https:\/\/ideas.com\/fr\/wp-json\/wp\/v2\/pages\/108981","targetHints":{"allow":["GET"]}}],"collection":[{"href":"https:\/\/ideas.com\/fr\/wp-json\/wp\/v2\/pages"}],"about":[{"href":"https:\/\/ideas.com\/fr\/wp-json\/wp\/v2\/types\/page"}],"author":[{"embeddable":true,"href":"https:\/\/ideas.com\/fr\/wp-json\/wp\/v2\/users\/56"}],"replies":[{"embeddable":true,"href":"https:\/\/ideas.com\/fr\/wp-json\/wp\/v2\/comments?post=108981"}],"version-history":[{"count":0,"href":"https:\/\/ideas.com\/fr\/wp-json\/wp\/v2\/pages\/108981\/revisions"}],"wp:attachment":[{"href":"https:\/\/ideas.com\/fr\/wp-json\/wp\/v2\/media?parent=108981"}],"wp:term":[{"taxonomy":"post_tag","embeddable":true,"href":"https:\/\/ideas.com\/fr\/wp-json\/wp\/v2\/tags?post=108981"}],"curies":[{"name":"wp","href":"https:\/\/api.w.org\/{rel}","templated":true}]}}