{"id":121388,"date":"2022-03-30T11:45:36","date_gmt":"2022-03-30T16:45:36","guid":{"rendered":"https:\/\/ideas.com\/?page_id=121388"},"modified":"2025-07-17T05:34:44","modified_gmt":"2025-07-17T10:34:44","slug":"hotellerie-de-long-sejour-et-appartements-avec-services","status":"publish","type":"page","link":"https:\/\/ideas.com\/fr\/hotel-rooms\/hotellerie-de-long-sejour-et-appartements-avec-services\/","title":{"rendered":"S\u00e9jour prolong\u00e9"},"content":{"rendered":"","protected":false},"excerpt":{"rendered":"","protected":false},"author":112,"featured_media":0,"parent":108977,"menu_order":0,"comment_status":"closed","ping_status":"closed","template":"templates\/landing-page.php","meta":{"_acf_changed":false,"_crdt_document":"","inline_featured_image":false,"footnotes":""},"tags":[],"class_list":["post-121388","page","type-page","status-publish","hentry"],"acf":[],"yoast_head":"<!-- This site is optimized with the Yoast SEO plugin v27.2 - https:\/\/yoast.com\/product\/yoast-seo-wordpress\/ -->\n<title>S\u00e9jour prolong\u00e9 | IDeaS<\/title>\n<meta name=\"description\" content=\"Obtenez les informations exploitables dont vous avez besoin gr\u00e2ce aux solutions de gestion des revenus d&#039;IDeaS afin d&#039;augmenter les revenus de vos s\u00e9jours prolong\u00e9s ou de vos appartements avec services.\" \/>\n<meta name=\"robots\" content=\"index, follow, max-snippet:-1, max-image-preview:large, max-video-preview:-1\" \/>\n<link rel=\"canonical\" href=\"https:\/\/ideas.com\/fr\/hotel-rooms\/hotellerie-de-long-sejour-et-appartements-avec-services\/\" \/>\n<meta property=\"og:locale\" content=\"fr_FR\" \/>\n<meta property=\"og:type\" content=\"article\" \/>\n<meta property=\"og:title\" content=\"S\u00e9jour prolong\u00e9 | IDeaS\" \/>\n<meta property=\"og:description\" content=\"Obtenez les informations exploitables dont vous avez besoin gr\u00e2ce aux solutions de gestion des revenus d&#039;IDeaS afin d&#039;augmenter les revenus de vos s\u00e9jours prolong\u00e9s ou de vos appartements avec services.\" \/>\n<meta property=\"og:url\" content=\"https:\/\/ideas.com\/fr\/hotel-rooms\/hotellerie-de-long-sejour-et-appartements-avec-services\/\" \/>\n<meta property=\"og:site_name\" content=\"IDeaS\" \/>\n<meta property=\"article:modified_time\" content=\"2025-07-17T10:34:44+00:00\" \/>\n<meta property=\"og:image\" content=\"https:\/\/ideas.com\/wp-content\/uploads\/2024\/12\/ideas_social_image.png\" \/>\n\t<meta property=\"og:image:width\" content=\"1800\" \/>\n\t<meta property=\"og:image:height\" content=\"945\" \/>\n\t<meta property=\"og:image:type\" content=\"image\/png\" \/>\n<meta name=\"twitter:card\" content=\"summary_large_image\" \/>\n<script type=\"application\/ld+json\" class=\"yoast-schema-graph\">{\"@context\":\"https:\/\/schema.org\",\"@graph\":[{\"@type\":\"WebPage\",\"@id\":\"https:\/\/ideas.com\/fr\/hotel-rooms\/hotellerie-de-long-sejour-et-appartements-avec-services\/\",\"url\":\"https:\/\/ideas.com\/fr\/hotel-rooms\/hotellerie-de-long-sejour-et-appartements-avec-services\/\",\"name\":\"S\u00e9jour prolong\u00e9 | IDeaS\",\"isPartOf\":{\"@id\":\"https:\/\/ideas.com\/fr\/#website\"},\"datePublished\":\"2022-03-30T16:45:36+00:00\",\"dateModified\":\"2025-07-17T10:34:44+00:00\",\"description\":\"Obtenez les informations exploitables dont vous avez besoin gr\u00e2ce aux solutions de gestion des revenus d'IDeaS afin d'augmenter les revenus de vos s\u00e9jours prolong\u00e9s ou de vos appartements avec services.\",\"breadcrumb\":{\"@id\":\"https:\/\/ideas.com\/fr\/hotel-rooms\/hotellerie-de-long-sejour-et-appartements-avec-services\/#breadcrumb\"},\"inLanguage\":\"fr-FR\",\"potentialAction\":[{\"@type\":\"ReadAction\",\"target\":[\"https:\/\/ideas.com\/fr\/hotel-rooms\/hotellerie-de-long-sejour-et-appartements-avec-services\/\"]}]},{\"@type\":\"BreadcrumbList\",\"@id\":\"https:\/\/ideas.com\/fr\/hotel-rooms\/hotellerie-de-long-sejour-et-appartements-avec-services\/#breadcrumb\",\"itemListElement\":[{\"@type\":\"ListItem\",\"position\":1,\"name\":\"H\u00f4tels\",\"item\":\"https:\/\/ideas.com\/fr\/hotel-rooms\/\"},{\"@type\":\"ListItem\",\"position\":2,\"name\":\"S\u00e9jour prolong\u00e9\"}]},{\"@type\":\"WebSite\",\"@id\":\"https:\/\/ideas.com\/fr\/#website\",\"url\":\"https:\/\/ideas.com\/fr\/\",\"name\":\"IDeaS\",\"description\":\"Driving Better Revenue\",\"publisher\":{\"@id\":\"https:\/\/ideas.com\/fr\/#organization\"},\"potentialAction\":[{\"@type\":\"SearchAction\",\"target\":{\"@type\":\"EntryPoint\",\"urlTemplate\":\"https:\/\/ideas.com\/fr\/?s={search_term_string}\"},\"query-input\":{\"@type\":\"PropertyValueSpecification\",\"valueRequired\":true,\"valueName\":\"search_term_string\"}}],\"inLanguage\":\"fr-FR\"},{\"@type\":\"Organization\",\"@id\":\"https:\/\/ideas.com\/fr\/#organization\",\"name\":\"IDeaS Revenue Solutions\",\"url\":\"https:\/\/ideas.com\/fr\/\",\"logo\":{\"@type\":\"ImageObject\",\"inLanguage\":\"fr-FR\",\"@id\":\"https:\/\/ideas.com\/fr\/#\/schema\/logo\/image\/\",\"url\":\"https:\/\/ideas.com\/wp-content\/uploads\/2021\/08\/ideas-logo.svg\",\"contentUrl\":\"https:\/\/ideas.com\/wp-content\/uploads\/2021\/08\/ideas-logo.svg\",\"width\":1,\"height\":1,\"caption\":\"IDeaS Revenue Solutions\"},\"image\":{\"@id\":\"https:\/\/ideas.com\/fr\/#\/schema\/logo\/image\/\"}}]}<\/script>\n<!-- \/ Yoast SEO plugin. -->","yoast_head_json":{"title":"S\u00e9jour prolong\u00e9 | IDeaS","description":"Obtenez les informations exploitables dont vous avez besoin gr\u00e2ce aux solutions de gestion des revenus d'IDeaS afin d'augmenter les revenus de vos s\u00e9jours prolong\u00e9s ou de vos appartements avec services.","robots":{"index":"index","follow":"follow","max-snippet":"max-snippet:-1","max-image-preview":"max-image-preview:large","max-video-preview":"max-video-preview:-1"},"canonical":"https:\/\/ideas.com\/fr\/hotel-rooms\/hotellerie-de-long-sejour-et-appartements-avec-services\/","og_locale":"fr_FR","og_type":"article","og_title":"S\u00e9jour prolong\u00e9 | IDeaS","og_description":"Obtenez les informations exploitables dont vous avez besoin gr\u00e2ce aux solutions de gestion des revenus d'IDeaS afin d'augmenter les revenus de vos s\u00e9jours prolong\u00e9s ou de vos appartements avec services.","og_url":"https:\/\/ideas.com\/fr\/hotel-rooms\/hotellerie-de-long-sejour-et-appartements-avec-services\/","og_site_name":"IDeaS","article_modified_time":"2025-07-17T10:34:44+00:00","og_image":[{"width":1800,"height":945,"url":"https:\/\/ideas.com\/wp-content\/uploads\/2024\/12\/ideas_social_image.png","type":"image\/png"}],"twitter_card":"summary_large_image","schema":{"@context":"https:\/\/schema.org","@graph":[{"@type":"WebPage","@id":"https:\/\/ideas.com\/fr\/hotel-rooms\/hotellerie-de-long-sejour-et-appartements-avec-services\/","url":"https:\/\/ideas.com\/fr\/hotel-rooms\/hotellerie-de-long-sejour-et-appartements-avec-services\/","name":"S\u00e9jour prolong\u00e9 | IDeaS","isPartOf":{"@id":"https:\/\/ideas.com\/fr\/#website"},"datePublished":"2022-03-30T16:45:36+00:00","dateModified":"2025-07-17T10:34:44+00:00","description":"Obtenez les informations exploitables dont vous avez besoin gr\u00e2ce aux solutions de gestion des revenus d'IDeaS afin d'augmenter les revenus de vos s\u00e9jours prolong\u00e9s ou de vos appartements avec services.","breadcrumb":{"@id":"https:\/\/ideas.com\/fr\/hotel-rooms\/hotellerie-de-long-sejour-et-appartements-avec-services\/#breadcrumb"},"inLanguage":"fr-FR","potentialAction":[{"@type":"ReadAction","target":["https:\/\/ideas.com\/fr\/hotel-rooms\/hotellerie-de-long-sejour-et-appartements-avec-services\/"]}]},{"@type":"BreadcrumbList","@id":"https:\/\/ideas.com\/fr\/hotel-rooms\/hotellerie-de-long-sejour-et-appartements-avec-services\/#breadcrumb","itemListElement":[{"@type":"ListItem","position":1,"name":"H\u00f4tels","item":"https:\/\/ideas.com\/fr\/hotel-rooms\/"},{"@type":"ListItem","position":2,"name":"S\u00e9jour prolong\u00e9"}]},{"@type":"WebSite","@id":"https:\/\/ideas.com\/fr\/#website","url":"https:\/\/ideas.com\/fr\/","name":"IDeaS","description":"Driving Better Revenue","publisher":{"@id":"https:\/\/ideas.com\/fr\/#organization"},"potentialAction":[{"@type":"SearchAction","target":{"@type":"EntryPoint","urlTemplate":"https:\/\/ideas.com\/fr\/?s={search_term_string}"},"query-input":{"@type":"PropertyValueSpecification","valueRequired":true,"valueName":"search_term_string"}}],"inLanguage":"fr-FR"},{"@type":"Organization","@id":"https:\/\/ideas.com\/fr\/#organization","name":"IDeaS Revenue Solutions","url":"https:\/\/ideas.com\/fr\/","logo":{"@type":"ImageObject","inLanguage":"fr-FR","@id":"https:\/\/ideas.com\/fr\/#\/schema\/logo\/image\/","url":"https:\/\/ideas.com\/wp-content\/uploads\/2021\/08\/ideas-logo.svg","contentUrl":"https:\/\/ideas.com\/wp-content\/uploads\/2021\/08\/ideas-logo.svg","width":1,"height":1,"caption":"IDeaS Revenue Solutions"},"image":{"@id":"https:\/\/ideas.com\/fr\/#\/schema\/logo\/image\/"}}]}},"_links":{"self":[{"href":"https:\/\/ideas.com\/fr\/wp-json\/wp\/v2\/pages\/121388","targetHints":{"allow":["GET"]}}],"collection":[{"href":"https:\/\/ideas.com\/fr\/wp-json\/wp\/v2\/pages"}],"about":[{"href":"https:\/\/ideas.com\/fr\/wp-json\/wp\/v2\/types\/page"}],"author":[{"embeddable":true,"href":"https:\/\/ideas.com\/fr\/wp-json\/wp\/v2\/users\/112"}],"replies":[{"embeddable":true,"href":"https:\/\/ideas.com\/fr\/wp-json\/wp\/v2\/comments?post=121388"}],"version-history":[{"count":0,"href":"https:\/\/ideas.com\/fr\/wp-json\/wp\/v2\/pages\/121388\/revisions"}],"up":[{"embeddable":true,"href":"https:\/\/ideas.com\/fr\/wp-json\/wp\/v2\/pages\/108977"}],"wp:attachment":[{"href":"https:\/\/ideas.com\/fr\/wp-json\/wp\/v2\/media?parent=121388"}],"wp:term":[{"taxonomy":"post_tag","embeddable":true,"href":"https:\/\/ideas.com\/fr\/wp-json\/wp\/v2\/tags?post=121388"}],"curies":[{"name":"wp","href":"https:\/\/api.w.org\/{rel}","templated":true}]}}