{"id":121411,"date":"2022-03-30T11:23:40","date_gmt":"2022-03-30T16:23:40","guid":{"rendered":"https:\/\/ideas.com\/?page_id=121411"},"modified":"2025-07-18T10:43:22","modified_gmt":"2025-07-18T15:43:22","slug":"complexes-hoteliers-et-hotels-casinos","status":"publish","type":"page","link":"https:\/\/ideas.com\/fr\/hotel-rooms\/complexes-hoteliers-et-hotels-casinos\/","title":{"rendered":"Complexes h\u00f4teliers"},"content":{"rendered":"","protected":false},"excerpt":{"rendered":"","protected":false},"author":112,"featured_media":0,"parent":108977,"menu_order":0,"comment_status":"closed","ping_status":"closed","template":"templates\/landing-page.php","meta":{"_acf_changed":false,"_crdt_document":"","inline_featured_image":false,"footnotes":""},"tags":[],"class_list":["post-121411","page","type-page","status-publish","hentry"],"acf":[],"yoast_head":"<!-- This site is optimized with the Yoast SEO plugin v27.5 - https:\/\/yoast.com\/product\/yoast-seo-wordpress\/ -->\n<title>Revenue management pour complexes h\u00f4teliers | IDeaS Revenue Solutions<\/title>\n<meta name=\"description\" content=\"Depuis plus de 30 ans, les innovations d&#039;IDeaS ont aid\u00e9 les g\u00e9rants de complexes h\u00f4teliers \u00e0 obtenir de meilleurs r\u00e9sultats en termes de revenus. Nous vous donnons des informations qui permettront de concr\u00e9tiser l&#039;optimisation. En savoir plus.\" \/>\n<meta name=\"robots\" content=\"index, follow, max-snippet:-1, max-image-preview:large, max-video-preview:-1\" \/>\n<link rel=\"canonical\" href=\"https:\/\/ideas.com\/fr\/hotel-rooms\/complexes-hoteliers-et-hotels-casinos\/\" \/>\n<meta property=\"og:locale\" content=\"fr_FR\" \/>\n<meta property=\"og:type\" content=\"article\" \/>\n<meta property=\"og:title\" content=\"Revenue management pour complexes h\u00f4teliers | IDeaS Revenue Solutions\" \/>\n<meta property=\"og:description\" content=\"Depuis plus de 30 ans, les innovations d&#039;IDeaS ont aid\u00e9 les g\u00e9rants de complexes h\u00f4teliers \u00e0 obtenir de meilleurs r\u00e9sultats en termes de revenus. Nous vous donnons des informations qui permettront de concr\u00e9tiser l&#039;optimisation. En savoir plus.\" \/>\n<meta property=\"og:url\" content=\"https:\/\/ideas.com\/fr\/hotel-rooms\/complexes-hoteliers-et-hotels-casinos\/\" \/>\n<meta property=\"og:site_name\" content=\"IDeaS\" \/>\n<meta property=\"article:modified_time\" content=\"2025-07-18T15:43:22+00:00\" \/>\n<meta property=\"og:image\" content=\"https:\/\/ideas.com\/wp-content\/uploads\/2024\/12\/ideas_social_image.png\" \/>\n\t<meta property=\"og:image:width\" content=\"1800\" \/>\n\t<meta property=\"og:image:height\" content=\"945\" \/>\n\t<meta property=\"og:image:type\" content=\"image\/png\" \/>\n<meta name=\"twitter:card\" content=\"summary_large_image\" \/>\n<script type=\"application\/ld+json\" class=\"yoast-schema-graph\">{\"@context\":\"https:\\\/\\\/schema.org\",\"@graph\":[{\"@type\":\"WebPage\",\"@id\":\"https:\\\/\\\/ideas.com\\\/fr\\\/hotel-rooms\\\/complexes-hoteliers-et-hotels-casinos\\\/\",\"url\":\"https:\\\/\\\/ideas.com\\\/fr\\\/hotel-rooms\\\/complexes-hoteliers-et-hotels-casinos\\\/\",\"name\":\"Revenue management pour complexes h\u00f4teliers | IDeaS Revenue Solutions\",\"isPartOf\":{\"@id\":\"https:\\\/\\\/ideas.com\\\/fr\\\/#website\"},\"datePublished\":\"2022-03-30T16:23:40+00:00\",\"dateModified\":\"2025-07-18T15:43:22+00:00\",\"description\":\"Depuis plus de 30 ans, les innovations d'IDeaS ont aid\u00e9 les g\u00e9rants de complexes h\u00f4teliers \u00e0 obtenir de meilleurs r\u00e9sultats en termes de revenus. Nous vous donnons des informations qui permettront de concr\u00e9tiser l'optimisation. En savoir plus.\",\"breadcrumb\":{\"@id\":\"https:\\\/\\\/ideas.com\\\/fr\\\/hotel-rooms\\\/complexes-hoteliers-et-hotels-casinos\\\/#breadcrumb\"},\"inLanguage\":\"fr-FR\",\"potentialAction\":[{\"@type\":\"ReadAction\",\"target\":[\"https:\\\/\\\/ideas.com\\\/fr\\\/hotel-rooms\\\/complexes-hoteliers-et-hotels-casinos\\\/\"]}]},{\"@type\":\"BreadcrumbList\",\"@id\":\"https:\\\/\\\/ideas.com\\\/fr\\\/hotel-rooms\\\/complexes-hoteliers-et-hotels-casinos\\\/#breadcrumb\",\"itemListElement\":[{\"@type\":\"ListItem\",\"position\":1,\"name\":\"H\u00f4tels\",\"item\":\"https:\\\/\\\/ideas.com\\\/fr\\\/hotel-rooms\\\/\"},{\"@type\":\"ListItem\",\"position\":2,\"name\":\"Complexes h\u00f4teliers\"}]},{\"@type\":\"WebSite\",\"@id\":\"https:\\\/\\\/ideas.com\\\/fr\\\/#website\",\"url\":\"https:\\\/\\\/ideas.com\\\/fr\\\/\",\"name\":\"IDeaS\",\"description\":\"Driving Better Revenue\",\"publisher\":{\"@id\":\"https:\\\/\\\/ideas.com\\\/fr\\\/#organization\"},\"potentialAction\":[{\"@type\":\"SearchAction\",\"target\":{\"@type\":\"EntryPoint\",\"urlTemplate\":\"https:\\\/\\\/ideas.com\\\/fr\\\/?s={search_term_string}\"},\"query-input\":{\"@type\":\"PropertyValueSpecification\",\"valueRequired\":true,\"valueName\":\"search_term_string\"}}],\"inLanguage\":\"fr-FR\"},{\"@type\":\"Organization\",\"@id\":\"https:\\\/\\\/ideas.com\\\/fr\\\/#organization\",\"name\":\"IDeaS Revenue Solutions\",\"url\":\"https:\\\/\\\/ideas.com\\\/fr\\\/\",\"logo\":{\"@type\":\"ImageObject\",\"inLanguage\":\"fr-FR\",\"@id\":\"https:\\\/\\\/ideas.com\\\/fr\\\/#\\\/schema\\\/logo\\\/image\\\/\",\"url\":\"https:\\\/\\\/ideas.com\\\/wp-content\\\/uploads\\\/2021\\\/08\\\/ideas-logo.svg\",\"contentUrl\":\"https:\\\/\\\/ideas.com\\\/wp-content\\\/uploads\\\/2021\\\/08\\\/ideas-logo.svg\",\"width\":1,\"height\":1,\"caption\":\"IDeaS Revenue Solutions\"},\"image\":{\"@id\":\"https:\\\/\\\/ideas.com\\\/fr\\\/#\\\/schema\\\/logo\\\/image\\\/\"}}]}<\/script>\n<!-- \/ Yoast SEO plugin. -->","yoast_head_json":{"title":"Revenue management pour complexes h\u00f4teliers | IDeaS Revenue Solutions","description":"Depuis plus de 30 ans, les innovations d'IDeaS ont aid\u00e9 les g\u00e9rants de complexes h\u00f4teliers \u00e0 obtenir de meilleurs r\u00e9sultats en termes de revenus. Nous vous donnons des informations qui permettront de concr\u00e9tiser l'optimisation. En savoir plus.","robots":{"index":"index","follow":"follow","max-snippet":"max-snippet:-1","max-image-preview":"max-image-preview:large","max-video-preview":"max-video-preview:-1"},"canonical":"https:\/\/ideas.com\/fr\/hotel-rooms\/complexes-hoteliers-et-hotels-casinos\/","og_locale":"fr_FR","og_type":"article","og_title":"Revenue management pour complexes h\u00f4teliers | IDeaS Revenue Solutions","og_description":"Depuis plus de 30 ans, les innovations d'IDeaS ont aid\u00e9 les g\u00e9rants de complexes h\u00f4teliers \u00e0 obtenir de meilleurs r\u00e9sultats en termes de revenus. Nous vous donnons des informations qui permettront de concr\u00e9tiser l'optimisation. En savoir plus.","og_url":"https:\/\/ideas.com\/fr\/hotel-rooms\/complexes-hoteliers-et-hotels-casinos\/","og_site_name":"IDeaS","article_modified_time":"2025-07-18T15:43:22+00:00","og_image":[{"width":1800,"height":945,"url":"https:\/\/ideas.com\/wp-content\/uploads\/2024\/12\/ideas_social_image.png","type":"image\/png"}],"twitter_card":"summary_large_image","schema":{"@context":"https:\/\/schema.org","@graph":[{"@type":"WebPage","@id":"https:\/\/ideas.com\/fr\/hotel-rooms\/complexes-hoteliers-et-hotels-casinos\/","url":"https:\/\/ideas.com\/fr\/hotel-rooms\/complexes-hoteliers-et-hotels-casinos\/","name":"Revenue management pour complexes h\u00f4teliers | IDeaS Revenue Solutions","isPartOf":{"@id":"https:\/\/ideas.com\/fr\/#website"},"datePublished":"2022-03-30T16:23:40+00:00","dateModified":"2025-07-18T15:43:22+00:00","description":"Depuis plus de 30 ans, les innovations d'IDeaS ont aid\u00e9 les g\u00e9rants de complexes h\u00f4teliers \u00e0 obtenir de meilleurs r\u00e9sultats en termes de revenus. Nous vous donnons des informations qui permettront de concr\u00e9tiser l'optimisation. En savoir plus.","breadcrumb":{"@id":"https:\/\/ideas.com\/fr\/hotel-rooms\/complexes-hoteliers-et-hotels-casinos\/#breadcrumb"},"inLanguage":"fr-FR","potentialAction":[{"@type":"ReadAction","target":["https:\/\/ideas.com\/fr\/hotel-rooms\/complexes-hoteliers-et-hotels-casinos\/"]}]},{"@type":"BreadcrumbList","@id":"https:\/\/ideas.com\/fr\/hotel-rooms\/complexes-hoteliers-et-hotels-casinos\/#breadcrumb","itemListElement":[{"@type":"ListItem","position":1,"name":"H\u00f4tels","item":"https:\/\/ideas.com\/fr\/hotel-rooms\/"},{"@type":"ListItem","position":2,"name":"Complexes h\u00f4teliers"}]},{"@type":"WebSite","@id":"https:\/\/ideas.com\/fr\/#website","url":"https:\/\/ideas.com\/fr\/","name":"IDeaS","description":"Driving Better Revenue","publisher":{"@id":"https:\/\/ideas.com\/fr\/#organization"},"potentialAction":[{"@type":"SearchAction","target":{"@type":"EntryPoint","urlTemplate":"https:\/\/ideas.com\/fr\/?s={search_term_string}"},"query-input":{"@type":"PropertyValueSpecification","valueRequired":true,"valueName":"search_term_string"}}],"inLanguage":"fr-FR"},{"@type":"Organization","@id":"https:\/\/ideas.com\/fr\/#organization","name":"IDeaS Revenue Solutions","url":"https:\/\/ideas.com\/fr\/","logo":{"@type":"ImageObject","inLanguage":"fr-FR","@id":"https:\/\/ideas.com\/fr\/#\/schema\/logo\/image\/","url":"https:\/\/ideas.com\/wp-content\/uploads\/2021\/08\/ideas-logo.svg","contentUrl":"https:\/\/ideas.com\/wp-content\/uploads\/2021\/08\/ideas-logo.svg","width":1,"height":1,"caption":"IDeaS Revenue Solutions"},"image":{"@id":"https:\/\/ideas.com\/fr\/#\/schema\/logo\/image\/"}}]}},"_links":{"self":[{"href":"https:\/\/ideas.com\/fr\/wp-json\/wp\/v2\/pages\/121411","targetHints":{"allow":["GET"]}}],"collection":[{"href":"https:\/\/ideas.com\/fr\/wp-json\/wp\/v2\/pages"}],"about":[{"href":"https:\/\/ideas.com\/fr\/wp-json\/wp\/v2\/types\/page"}],"author":[{"embeddable":true,"href":"https:\/\/ideas.com\/fr\/wp-json\/wp\/v2\/users\/112"}],"replies":[{"embeddable":true,"href":"https:\/\/ideas.com\/fr\/wp-json\/wp\/v2\/comments?post=121411"}],"version-history":[{"count":0,"href":"https:\/\/ideas.com\/fr\/wp-json\/wp\/v2\/pages\/121411\/revisions"}],"up":[{"embeddable":true,"href":"https:\/\/ideas.com\/fr\/wp-json\/wp\/v2\/pages\/108977"}],"wp:attachment":[{"href":"https:\/\/ideas.com\/fr\/wp-json\/wp\/v2\/media?parent=121411"}],"wp:term":[{"taxonomy":"post_tag","embeddable":true,"href":"https:\/\/ideas.com\/fr\/wp-json\/wp\/v2\/tags?post=121411"}],"curies":[{"name":"wp","href":"https:\/\/api.w.org\/{rel}","templated":true}]}}