{"id":121799,"date":"2022-02-26T09:09:30","date_gmt":"2022-02-26T15:09:30","guid":{"rendered":"https:\/\/ideas.com\/about\/partnerships\/"},"modified":"2023-11-15T09:51:45","modified_gmt":"2023-11-15T15:51:45","slug":"partnerships","status":"publish","type":"page","link":"https:\/\/ideas.com\/fr\/about\/partnerships\/","title":{"rendered":"Partenariats"},"content":{"rendered":"","protected":false},"excerpt":{"rendered":"","protected":false},"author":56,"featured_media":0,"parent":108980,"menu_order":0,"comment_status":"closed","ping_status":"closed","template":"templates\/partnership.php","meta":{"_acf_changed":false,"_crdt_document":"","inline_featured_image":false,"footnotes":""},"tags":[],"class_list":["post-121799","page","type-page","status-publish","hentry"],"acf":[],"yoast_head":"<!-- This site is optimized with the Yoast SEO plugin v27.2 - https:\/\/yoast.com\/product\/yoast-seo-wordpress\/ -->\n<title>Partenariats | Partenariats du secteur &amp; Programmes partenaires | IDeaS<\/title>\n<meta name=\"description\" content=\"Les programmes de partenaires d\u2019IDeaS comprennent un r\u00e9seau mondial de plus de 251\u00a0int\u00e9grateurs de syst\u00e8mes, partenaires de distribution, universitaires et sp\u00e9cialistes.\" \/>\n<meta name=\"robots\" content=\"index, follow, max-snippet:-1, max-image-preview:large, max-video-preview:-1\" \/>\n<link rel=\"canonical\" href=\"https:\/\/ideas.com\/fr\/about\/partnerships\/\" \/>\n<meta property=\"og:locale\" content=\"fr_FR\" \/>\n<meta property=\"og:type\" content=\"article\" \/>\n<meta property=\"og:title\" content=\"Partenariats | Partenariats du secteur &amp; Programmes partenaires | IDeaS\" \/>\n<meta property=\"og:description\" content=\"Les programmes de partenaires d\u2019IDeaS comprennent un r\u00e9seau mondial de plus de 251\u00a0int\u00e9grateurs de syst\u00e8mes, partenaires de distribution, universitaires et sp\u00e9cialistes.\" \/>\n<meta property=\"og:url\" content=\"https:\/\/ideas.com\/fr\/about\/partnerships\/\" \/>\n<meta property=\"og:site_name\" content=\"IDeaS\" \/>\n<meta property=\"article:modified_time\" content=\"2023-11-15T15:51:45+00:00\" \/>\n<meta property=\"og:image\" content=\"https:\/\/ideas.com\/wp-content\/uploads\/2024\/12\/ideas_social_image.png\" \/>\n\t<meta property=\"og:image:width\" content=\"1800\" \/>\n\t<meta property=\"og:image:height\" content=\"945\" \/>\n\t<meta property=\"og:image:type\" content=\"image\/png\" \/>\n<meta name=\"twitter:card\" content=\"summary_large_image\" \/>\n<script type=\"application\/ld+json\" class=\"yoast-schema-graph\">{\"@context\":\"https:\/\/schema.org\",\"@graph\":[{\"@type\":\"WebPage\",\"@id\":\"https:\/\/ideas.com\/fr\/about\/partnerships\/\",\"url\":\"https:\/\/ideas.com\/fr\/about\/partnerships\/\",\"name\":\"Partenariats | Partenariats du secteur & Programmes partenaires | IDeaS\",\"isPartOf\":{\"@id\":\"https:\/\/ideas.com\/fr\/#website\"},\"datePublished\":\"2022-02-26T15:09:30+00:00\",\"dateModified\":\"2023-11-15T15:51:45+00:00\",\"description\":\"Les programmes de partenaires d\u2019IDeaS comprennent un r\u00e9seau mondial de plus de 251\u00a0int\u00e9grateurs de syst\u00e8mes, partenaires de distribution, universitaires et sp\u00e9cialistes.\",\"breadcrumb\":{\"@id\":\"https:\/\/ideas.com\/fr\/about\/partnerships\/#breadcrumb\"},\"inLanguage\":\"fr-FR\",\"potentialAction\":[{\"@type\":\"ReadAction\",\"target\":[\"https:\/\/ideas.com\/fr\/about\/partnerships\/\"]}]},{\"@type\":\"BreadcrumbList\",\"@id\":\"https:\/\/ideas.com\/fr\/about\/partnerships\/#breadcrumb\",\"itemListElement\":[{\"@type\":\"ListItem\",\"position\":1,\"name\":\"\u00c0 propos d\u2019IDeaS\",\"item\":\"https:\/\/ideas.com\/fr\/about\/\"},{\"@type\":\"ListItem\",\"position\":2,\"name\":\"Partenariats\"}]},{\"@type\":\"WebSite\",\"@id\":\"https:\/\/ideas.com\/fr\/#website\",\"url\":\"https:\/\/ideas.com\/fr\/\",\"name\":\"IDeaS\",\"description\":\"Driving Better Revenue\",\"publisher\":{\"@id\":\"https:\/\/ideas.com\/fr\/#organization\"},\"potentialAction\":[{\"@type\":\"SearchAction\",\"target\":{\"@type\":\"EntryPoint\",\"urlTemplate\":\"https:\/\/ideas.com\/fr\/?s={search_term_string}\"},\"query-input\":{\"@type\":\"PropertyValueSpecification\",\"valueRequired\":true,\"valueName\":\"search_term_string\"}}],\"inLanguage\":\"fr-FR\"},{\"@type\":\"Organization\",\"@id\":\"https:\/\/ideas.com\/fr\/#organization\",\"name\":\"IDeaS Revenue Solutions\",\"url\":\"https:\/\/ideas.com\/fr\/\",\"logo\":{\"@type\":\"ImageObject\",\"inLanguage\":\"fr-FR\",\"@id\":\"https:\/\/ideas.com\/fr\/#\/schema\/logo\/image\/\",\"url\":\"https:\/\/ideas.com\/wp-content\/uploads\/2021\/08\/ideas-logo.svg\",\"contentUrl\":\"https:\/\/ideas.com\/wp-content\/uploads\/2021\/08\/ideas-logo.svg\",\"width\":1,\"height\":1,\"caption\":\"IDeaS Revenue Solutions\"},\"image\":{\"@id\":\"https:\/\/ideas.com\/fr\/#\/schema\/logo\/image\/\"}}]}<\/script>\n<!-- \/ Yoast SEO plugin. -->","yoast_head_json":{"title":"Partenariats | Partenariats du secteur & Programmes partenaires | IDeaS","description":"Les programmes de partenaires d\u2019IDeaS comprennent un r\u00e9seau mondial de plus de 251\u00a0int\u00e9grateurs de syst\u00e8mes, partenaires de distribution, universitaires et sp\u00e9cialistes.","robots":{"index":"index","follow":"follow","max-snippet":"max-snippet:-1","max-image-preview":"max-image-preview:large","max-video-preview":"max-video-preview:-1"},"canonical":"https:\/\/ideas.com\/fr\/about\/partnerships\/","og_locale":"fr_FR","og_type":"article","og_title":"Partenariats | Partenariats du secteur & Programmes partenaires | IDeaS","og_description":"Les programmes de partenaires d\u2019IDeaS comprennent un r\u00e9seau mondial de plus de 251\u00a0int\u00e9grateurs de syst\u00e8mes, partenaires de distribution, universitaires et sp\u00e9cialistes.","og_url":"https:\/\/ideas.com\/fr\/about\/partnerships\/","og_site_name":"IDeaS","article_modified_time":"2023-11-15T15:51:45+00:00","og_image":[{"width":1800,"height":945,"url":"https:\/\/ideas.com\/wp-content\/uploads\/2024\/12\/ideas_social_image.png","type":"image\/png"}],"twitter_card":"summary_large_image","schema":{"@context":"https:\/\/schema.org","@graph":[{"@type":"WebPage","@id":"https:\/\/ideas.com\/fr\/about\/partnerships\/","url":"https:\/\/ideas.com\/fr\/about\/partnerships\/","name":"Partenariats | Partenariats du secteur & Programmes partenaires | IDeaS","isPartOf":{"@id":"https:\/\/ideas.com\/fr\/#website"},"datePublished":"2022-02-26T15:09:30+00:00","dateModified":"2023-11-15T15:51:45+00:00","description":"Les programmes de partenaires d\u2019IDeaS comprennent un r\u00e9seau mondial de plus de 251\u00a0int\u00e9grateurs de syst\u00e8mes, partenaires de distribution, universitaires et sp\u00e9cialistes.","breadcrumb":{"@id":"https:\/\/ideas.com\/fr\/about\/partnerships\/#breadcrumb"},"inLanguage":"fr-FR","potentialAction":[{"@type":"ReadAction","target":["https:\/\/ideas.com\/fr\/about\/partnerships\/"]}]},{"@type":"BreadcrumbList","@id":"https:\/\/ideas.com\/fr\/about\/partnerships\/#breadcrumb","itemListElement":[{"@type":"ListItem","position":1,"name":"\u00c0 propos d\u2019IDeaS","item":"https:\/\/ideas.com\/fr\/about\/"},{"@type":"ListItem","position":2,"name":"Partenariats"}]},{"@type":"WebSite","@id":"https:\/\/ideas.com\/fr\/#website","url":"https:\/\/ideas.com\/fr\/","name":"IDeaS","description":"Driving Better Revenue","publisher":{"@id":"https:\/\/ideas.com\/fr\/#organization"},"potentialAction":[{"@type":"SearchAction","target":{"@type":"EntryPoint","urlTemplate":"https:\/\/ideas.com\/fr\/?s={search_term_string}"},"query-input":{"@type":"PropertyValueSpecification","valueRequired":true,"valueName":"search_term_string"}}],"inLanguage":"fr-FR"},{"@type":"Organization","@id":"https:\/\/ideas.com\/fr\/#organization","name":"IDeaS Revenue Solutions","url":"https:\/\/ideas.com\/fr\/","logo":{"@type":"ImageObject","inLanguage":"fr-FR","@id":"https:\/\/ideas.com\/fr\/#\/schema\/logo\/image\/","url":"https:\/\/ideas.com\/wp-content\/uploads\/2021\/08\/ideas-logo.svg","contentUrl":"https:\/\/ideas.com\/wp-content\/uploads\/2021\/08\/ideas-logo.svg","width":1,"height":1,"caption":"IDeaS Revenue Solutions"},"image":{"@id":"https:\/\/ideas.com\/fr\/#\/schema\/logo\/image\/"}}]}},"_links":{"self":[{"href":"https:\/\/ideas.com\/fr\/wp-json\/wp\/v2\/pages\/121799","targetHints":{"allow":["GET"]}}],"collection":[{"href":"https:\/\/ideas.com\/fr\/wp-json\/wp\/v2\/pages"}],"about":[{"href":"https:\/\/ideas.com\/fr\/wp-json\/wp\/v2\/types\/page"}],"author":[{"embeddable":true,"href":"https:\/\/ideas.com\/fr\/wp-json\/wp\/v2\/users\/56"}],"replies":[{"embeddable":true,"href":"https:\/\/ideas.com\/fr\/wp-json\/wp\/v2\/comments?post=121799"}],"version-history":[{"count":0,"href":"https:\/\/ideas.com\/fr\/wp-json\/wp\/v2\/pages\/121799\/revisions"}],"up":[{"embeddable":true,"href":"https:\/\/ideas.com\/fr\/wp-json\/wp\/v2\/pages\/108980"}],"wp:attachment":[{"href":"https:\/\/ideas.com\/fr\/wp-json\/wp\/v2\/media?parent=121799"}],"wp:term":[{"taxonomy":"post_tag","embeddable":true,"href":"https:\/\/ideas.com\/fr\/wp-json\/wp\/v2\/tags?post=121799"}],"curies":[{"name":"wp","href":"https:\/\/api.w.org\/{rel}","templated":true}]}}