{"id":140822,"date":"2025-02-18T15:46:03","date_gmt":"2025-02-18T21:46:03","guid":{"rendered":"https:\/\/ideas.com\/fondements-du-revenue-management\/"},"modified":"2025-02-28T13:42:23","modified_gmt":"2025-02-28T19:42:23","slug":"fondements-du-revenue-management","status":"publish","type":"page","link":"https:\/\/ideas.com\/fr\/fondements-du-revenue-management\/","title":{"rendered":"Fondements du revenue management"},"content":{"rendered":"","protected":false},"excerpt":{"rendered":"","protected":false},"author":54,"featured_media":0,"parent":0,"menu_order":0,"comment_status":"closed","ping_status":"closed","template":"templates\/solutions.php","meta":{"_acf_changed":false,"_crdt_document":"","inline_featured_image":false,"footnotes":""},"tags":[],"class_list":["post-140822","page","type-page","status-publish","hentry"],"acf":[],"yoast_head":"<!-- This site is optimized with the Yoast SEO plugin v27.5 - https:\/\/yoast.com\/product\/yoast-seo-wordpress\/ -->\n<title>Cours de revenue management | IDeaS<\/title>\n<meta name=\"description\" content=\"Maximisez les revenus potentiels de votre h\u00f4tel gr\u00e2ce \u00e0 nos conseils d\u2019experts. D\u00e9couvrez, dans nos cours, des outils et strat\u00e9gies essentiels \u00e0 votre r\u00e9ussite.\" \/>\n<meta name=\"robots\" content=\"index, follow, max-snippet:-1, max-image-preview:large, max-video-preview:-1\" \/>\n<link rel=\"canonical\" href=\"https:\/\/ideas.com\/fr\/fondements-du-revenue-management\/\" \/>\n<meta property=\"og:locale\" content=\"fr_FR\" \/>\n<meta property=\"og:type\" content=\"article\" \/>\n<meta property=\"og:title\" content=\"Cours de base sur le revenue management\" \/>\n<meta property=\"og:description\" content=\"En tant que pr\u00e9curseur de la science des revenus et l\u2019un des principaux fournisseurs de technologie de revenue management pour les entreprises h\u00f4teli\u00e8res et touristiques, nous restons activement engag\u00e9s dans la formation et le renforcement du secteur et de ses chefs de file. Consultez nos cours de revenue management, qui jettent les bases sur lesquelles vous pourrez construire un cadre solide pour assurer la r\u00e9ussite commerciale de votre entreprise.\" \/>\n<meta property=\"og:url\" content=\"https:\/\/ideas.com\/fr\/fondements-du-revenue-management\/\" \/>\n<meta property=\"og:site_name\" content=\"IDeaS\" \/>\n<meta property=\"article:modified_time\" content=\"2025-02-28T19:42:23+00:00\" \/>\n<meta property=\"og:image\" content=\"https:\/\/ideas.com\/wp-content\/uploads\/2022\/02\/Revenue-Management-Foundations-Banner.jpg\" \/>\n<meta name=\"twitter:card\" content=\"summary_large_image\" \/>\n<meta name=\"twitter:title\" content=\"Cours de base sur le revenue management\" \/>\n<meta name=\"twitter:description\" content=\"En tant que pr\u00e9curseur de la science des revenus et l\u2019un des principaux fournisseurs de technologie de revenue management pour les entreprises h\u00f4teli\u00e8res et touristiques, nous restons activement engag\u00e9s dans la formation et le renforcement du secteur et de ses chefs de file. Consultez nos cours de revenue management, qui jettent les bases sur lesquelles vous pourrez construire un cadre solide pour assurer la r\u00e9ussite commerciale de votre entreprise.\" \/>\n<meta name=\"twitter:image\" content=\"https:\/\/ideas.com\/wp-content\/uploads\/2022\/02\/Revenue-Management-Foundations-Banner.jpg\" \/>\n<script type=\"application\/ld+json\" class=\"yoast-schema-graph\">{\"@context\":\"https:\\\/\\\/schema.org\",\"@graph\":[{\"@type\":\"WebPage\",\"@id\":\"https:\\\/\\\/ideas.com\\\/fr\\\/fondements-du-revenue-management\\\/\",\"url\":\"https:\\\/\\\/ideas.com\\\/fr\\\/fondements-du-revenue-management\\\/\",\"name\":\"Cours de revenue management | IDeaS\",\"isPartOf\":{\"@id\":\"https:\\\/\\\/ideas.com\\\/fr\\\/#website\"},\"datePublished\":\"2025-02-18T21:46:03+00:00\",\"dateModified\":\"2025-02-28T19:42:23+00:00\",\"description\":\"Maximisez les revenus potentiels de votre h\u00f4tel gr\u00e2ce \u00e0 nos conseils d\u2019experts. D\u00e9couvrez, dans nos cours, des outils et strat\u00e9gies essentiels \u00e0 votre r\u00e9ussite.\",\"inLanguage\":\"fr-FR\",\"potentialAction\":[{\"@type\":\"ReadAction\",\"target\":[\"https:\\\/\\\/ideas.com\\\/fr\\\/fondements-du-revenue-management\\\/\"]}]},{\"@type\":\"WebSite\",\"@id\":\"https:\\\/\\\/ideas.com\\\/fr\\\/#website\",\"url\":\"https:\\\/\\\/ideas.com\\\/fr\\\/\",\"name\":\"IDeaS\",\"description\":\"Driving Better Revenue\",\"publisher\":{\"@id\":\"https:\\\/\\\/ideas.com\\\/fr\\\/#organization\"},\"potentialAction\":[{\"@type\":\"SearchAction\",\"target\":{\"@type\":\"EntryPoint\",\"urlTemplate\":\"https:\\\/\\\/ideas.com\\\/fr\\\/?s={search_term_string}\"},\"query-input\":{\"@type\":\"PropertyValueSpecification\",\"valueRequired\":true,\"valueName\":\"search_term_string\"}}],\"inLanguage\":\"fr-FR\"},{\"@type\":\"Organization\",\"@id\":\"https:\\\/\\\/ideas.com\\\/fr\\\/#organization\",\"name\":\"IDeaS Revenue Solutions\",\"url\":\"https:\\\/\\\/ideas.com\\\/fr\\\/\",\"logo\":{\"@type\":\"ImageObject\",\"inLanguage\":\"fr-FR\",\"@id\":\"https:\\\/\\\/ideas.com\\\/fr\\\/#\\\/schema\\\/logo\\\/image\\\/\",\"url\":\"https:\\\/\\\/ideas.com\\\/wp-content\\\/uploads\\\/2021\\\/08\\\/ideas-logo.svg\",\"contentUrl\":\"https:\\\/\\\/ideas.com\\\/wp-content\\\/uploads\\\/2021\\\/08\\\/ideas-logo.svg\",\"width\":1,\"height\":1,\"caption\":\"IDeaS Revenue Solutions\"},\"image\":{\"@id\":\"https:\\\/\\\/ideas.com\\\/fr\\\/#\\\/schema\\\/logo\\\/image\\\/\"}}]}<\/script>\n<!-- \/ Yoast SEO plugin. -->","yoast_head_json":{"title":"Cours de revenue management | IDeaS","description":"Maximisez les revenus potentiels de votre h\u00f4tel gr\u00e2ce \u00e0 nos conseils d\u2019experts. D\u00e9couvrez, dans nos cours, des outils et strat\u00e9gies essentiels \u00e0 votre r\u00e9ussite.","robots":{"index":"index","follow":"follow","max-snippet":"max-snippet:-1","max-image-preview":"max-image-preview:large","max-video-preview":"max-video-preview:-1"},"canonical":"https:\/\/ideas.com\/fr\/fondements-du-revenue-management\/","og_locale":"fr_FR","og_type":"article","og_title":"Cours de base sur le revenue management","og_description":"En tant que pr\u00e9curseur de la science des revenus et l\u2019un des principaux fournisseurs de technologie de revenue management pour les entreprises h\u00f4teli\u00e8res et touristiques, nous restons activement engag\u00e9s dans la formation et le renforcement du secteur et de ses chefs de file. Consultez nos cours de revenue management, qui jettent les bases sur lesquelles vous pourrez construire un cadre solide pour assurer la r\u00e9ussite commerciale de votre entreprise.","og_url":"https:\/\/ideas.com\/fr\/fondements-du-revenue-management\/","og_site_name":"IDeaS","article_modified_time":"2025-02-28T19:42:23+00:00","og_image":[{"url":"https:\/\/ideas.com\/wp-content\/uploads\/2022\/02\/Revenue-Management-Foundations-Banner.jpg","type":"","width":"","height":""}],"twitter_card":"summary_large_image","twitter_title":"Cours de base sur le revenue management","twitter_description":"En tant que pr\u00e9curseur de la science des revenus et l\u2019un des principaux fournisseurs de technologie de revenue management pour les entreprises h\u00f4teli\u00e8res et touristiques, nous restons activement engag\u00e9s dans la formation et le renforcement du secteur et de ses chefs de file. Consultez nos cours de revenue management, qui jettent les bases sur lesquelles vous pourrez construire un cadre solide pour assurer la r\u00e9ussite commerciale de votre entreprise.","twitter_image":"https:\/\/ideas.com\/wp-content\/uploads\/2022\/02\/Revenue-Management-Foundations-Banner.jpg","schema":{"@context":"https:\/\/schema.org","@graph":[{"@type":"WebPage","@id":"https:\/\/ideas.com\/fr\/fondements-du-revenue-management\/","url":"https:\/\/ideas.com\/fr\/fondements-du-revenue-management\/","name":"Cours de revenue management | IDeaS","isPartOf":{"@id":"https:\/\/ideas.com\/fr\/#website"},"datePublished":"2025-02-18T21:46:03+00:00","dateModified":"2025-02-28T19:42:23+00:00","description":"Maximisez les revenus potentiels de votre h\u00f4tel gr\u00e2ce \u00e0 nos conseils d\u2019experts. D\u00e9couvrez, dans nos cours, des outils et strat\u00e9gies essentiels \u00e0 votre r\u00e9ussite.","inLanguage":"fr-FR","potentialAction":[{"@type":"ReadAction","target":["https:\/\/ideas.com\/fr\/fondements-du-revenue-management\/"]}]},{"@type":"WebSite","@id":"https:\/\/ideas.com\/fr\/#website","url":"https:\/\/ideas.com\/fr\/","name":"IDeaS","description":"Driving Better Revenue","publisher":{"@id":"https:\/\/ideas.com\/fr\/#organization"},"potentialAction":[{"@type":"SearchAction","target":{"@type":"EntryPoint","urlTemplate":"https:\/\/ideas.com\/fr\/?s={search_term_string}"},"query-input":{"@type":"PropertyValueSpecification","valueRequired":true,"valueName":"search_term_string"}}],"inLanguage":"fr-FR"},{"@type":"Organization","@id":"https:\/\/ideas.com\/fr\/#organization","name":"IDeaS Revenue Solutions","url":"https:\/\/ideas.com\/fr\/","logo":{"@type":"ImageObject","inLanguage":"fr-FR","@id":"https:\/\/ideas.com\/fr\/#\/schema\/logo\/image\/","url":"https:\/\/ideas.com\/wp-content\/uploads\/2021\/08\/ideas-logo.svg","contentUrl":"https:\/\/ideas.com\/wp-content\/uploads\/2021\/08\/ideas-logo.svg","width":1,"height":1,"caption":"IDeaS Revenue Solutions"},"image":{"@id":"https:\/\/ideas.com\/fr\/#\/schema\/logo\/image\/"}}]}},"_links":{"self":[{"href":"https:\/\/ideas.com\/fr\/wp-json\/wp\/v2\/pages\/140822","targetHints":{"allow":["GET"]}}],"collection":[{"href":"https:\/\/ideas.com\/fr\/wp-json\/wp\/v2\/pages"}],"about":[{"href":"https:\/\/ideas.com\/fr\/wp-json\/wp\/v2\/types\/page"}],"author":[{"embeddable":true,"href":"https:\/\/ideas.com\/fr\/wp-json\/wp\/v2\/users\/54"}],"replies":[{"embeddable":true,"href":"https:\/\/ideas.com\/fr\/wp-json\/wp\/v2\/comments?post=140822"}],"version-history":[{"count":0,"href":"https:\/\/ideas.com\/fr\/wp-json\/wp\/v2\/pages\/140822\/revisions"}],"wp:attachment":[{"href":"https:\/\/ideas.com\/fr\/wp-json\/wp\/v2\/media?parent=140822"}],"wp:term":[{"taxonomy":"post_tag","embeddable":true,"href":"https:\/\/ideas.com\/fr\/wp-json\/wp\/v2\/tags?post=140822"}],"curies":[{"name":"wp","href":"https:\/\/api.w.org\/{rel}","templated":true}]}}