{"id":141963,"date":"2025-03-20T15:23:21","date_gmt":"2025-03-20T20:23:21","guid":{"rendered":"https:\/\/ideas.com\/hotel-rooms\/hotels-casinos\/"},"modified":"2025-07-17T05:30:15","modified_gmt":"2025-07-17T10:30:15","slug":"hotels-casinos","status":"publish","type":"page","link":"https:\/\/ideas.com\/fr\/hotel-rooms\/hotels-casinos\/","title":{"rendered":"H\u00f4tels-casinos"},"content":{"rendered":"<p><span data-mce-type=\"bookmark\" style=\"display: inline-block; width: 0px; overflow: hidden; line-height: 0;\" class=\"mce_SELRES_start\">\ufeff<\/span><\/p>\n","protected":false},"excerpt":{"rendered":"<p>\ufeff<\/p>\n","protected":false},"author":112,"featured_media":0,"parent":108977,"menu_order":0,"comment_status":"closed","ping_status":"closed","template":"templates\/landing-page.php","meta":{"_acf_changed":false,"_crdt_document":"","inline_featured_image":false,"footnotes":""},"tags":[],"class_list":["post-141963","page","type-page","status-publish","hentry"],"acf":[],"yoast_head":"<!-- This site is optimized with the Yoast SEO plugin v27.2 - https:\/\/yoast.com\/product\/yoast-seo-wordpress\/ -->\n<title>Revenue Management des casinos | IDeaS<\/title>\n<meta name=\"description\" content=\"Trouvez les informations exploitables dont vous avez besoin en mati\u00e8re de revenue management des casinos. IDeaS Revenue Solutions permet de prendre des d\u00e9cisions bas\u00e9es sur des donn\u00e9es, ce qui aide les casinos \u00e0 optimiser leurs revenus.\" \/>\n<meta name=\"robots\" content=\"index, follow, max-snippet:-1, max-image-preview:large, max-video-preview:-1\" \/>\n<link rel=\"canonical\" href=\"https:\/\/ideas.com\/fr\/hotel-rooms\/hotels-casinos\/\" \/>\n<meta property=\"og:locale\" content=\"fr_FR\" \/>\n<meta property=\"og:type\" content=\"article\" \/>\n<meta property=\"og:title\" content=\"Revenue Management des casinos | IDeaS\" \/>\n<meta property=\"og:description\" content=\"Trouvez les informations exploitables dont vous avez besoin en mati\u00e8re de revenue management des casinos. IDeaS Revenue Solutions permet de prendre des d\u00e9cisions bas\u00e9es sur des donn\u00e9es, ce qui aide les casinos \u00e0 optimiser leurs revenus.\" \/>\n<meta property=\"og:url\" content=\"https:\/\/ideas.com\/fr\/hotel-rooms\/hotels-casinos\/\" \/>\n<meta property=\"og:site_name\" content=\"IDeaS\" \/>\n<meta property=\"article:modified_time\" content=\"2025-07-17T10:30:15+00:00\" \/>\n<meta property=\"og:image\" content=\"https:\/\/ideas.com\/wp-content\/uploads\/2024\/12\/ideas_social_image.png\" \/>\n\t<meta property=\"og:image:width\" content=\"1800\" \/>\n\t<meta property=\"og:image:height\" content=\"945\" \/>\n\t<meta property=\"og:image:type\" content=\"image\/png\" \/>\n<meta name=\"twitter:card\" content=\"summary_large_image\" \/>\n<script type=\"application\/ld+json\" class=\"yoast-schema-graph\">{\"@context\":\"https:\/\/schema.org\",\"@graph\":[{\"@type\":\"WebPage\",\"@id\":\"https:\/\/ideas.com\/fr\/hotel-rooms\/hotels-casinos\/\",\"url\":\"https:\/\/ideas.com\/fr\/hotel-rooms\/hotels-casinos\/\",\"name\":\"Revenue Management des casinos | IDeaS\",\"isPartOf\":{\"@id\":\"https:\/\/ideas.com\/fr\/#website\"},\"datePublished\":\"2025-03-20T20:23:21+00:00\",\"dateModified\":\"2025-07-17T10:30:15+00:00\",\"description\":\"Trouvez les informations exploitables dont vous avez besoin en mati\u00e8re de revenue management des casinos. IDeaS Revenue Solutions permet de prendre des d\u00e9cisions bas\u00e9es sur des donn\u00e9es, ce qui aide les casinos \u00e0 optimiser leurs revenus.\",\"breadcrumb\":{\"@id\":\"https:\/\/ideas.com\/fr\/hotel-rooms\/hotels-casinos\/#breadcrumb\"},\"inLanguage\":\"fr-FR\",\"potentialAction\":[{\"@type\":\"ReadAction\",\"target\":[\"https:\/\/ideas.com\/fr\/hotel-rooms\/hotels-casinos\/\"]}]},{\"@type\":\"BreadcrumbList\",\"@id\":\"https:\/\/ideas.com\/fr\/hotel-rooms\/hotels-casinos\/#breadcrumb\",\"itemListElement\":[{\"@type\":\"ListItem\",\"position\":1,\"name\":\"H\u00f4tels\",\"item\":\"https:\/\/ideas.com\/fr\/hotel-rooms\/\"},{\"@type\":\"ListItem\",\"position\":2,\"name\":\"H\u00f4tels-casinos\"}]},{\"@type\":\"WebSite\",\"@id\":\"https:\/\/ideas.com\/fr\/#website\",\"url\":\"https:\/\/ideas.com\/fr\/\",\"name\":\"IDeaS\",\"description\":\"Driving Better Revenue\",\"publisher\":{\"@id\":\"https:\/\/ideas.com\/fr\/#organization\"},\"potentialAction\":[{\"@type\":\"SearchAction\",\"target\":{\"@type\":\"EntryPoint\",\"urlTemplate\":\"https:\/\/ideas.com\/fr\/?s={search_term_string}\"},\"query-input\":{\"@type\":\"PropertyValueSpecification\",\"valueRequired\":true,\"valueName\":\"search_term_string\"}}],\"inLanguage\":\"fr-FR\"},{\"@type\":\"Organization\",\"@id\":\"https:\/\/ideas.com\/fr\/#organization\",\"name\":\"IDeaS Revenue Solutions\",\"url\":\"https:\/\/ideas.com\/fr\/\",\"logo\":{\"@type\":\"ImageObject\",\"inLanguage\":\"fr-FR\",\"@id\":\"https:\/\/ideas.com\/fr\/#\/schema\/logo\/image\/\",\"url\":\"https:\/\/ideas.com\/wp-content\/uploads\/2021\/08\/ideas-logo.svg\",\"contentUrl\":\"https:\/\/ideas.com\/wp-content\/uploads\/2021\/08\/ideas-logo.svg\",\"width\":1,\"height\":1,\"caption\":\"IDeaS Revenue Solutions\"},\"image\":{\"@id\":\"https:\/\/ideas.com\/fr\/#\/schema\/logo\/image\/\"}}]}<\/script>\n<!-- \/ Yoast SEO plugin. -->","yoast_head_json":{"title":"Revenue Management des casinos | IDeaS","description":"Trouvez les informations exploitables dont vous avez besoin en mati\u00e8re de revenue management des casinos. IDeaS Revenue Solutions permet de prendre des d\u00e9cisions bas\u00e9es sur des donn\u00e9es, ce qui aide les casinos \u00e0 optimiser leurs revenus.","robots":{"index":"index","follow":"follow","max-snippet":"max-snippet:-1","max-image-preview":"max-image-preview:large","max-video-preview":"max-video-preview:-1"},"canonical":"https:\/\/ideas.com\/fr\/hotel-rooms\/hotels-casinos\/","og_locale":"fr_FR","og_type":"article","og_title":"Revenue Management des casinos | IDeaS","og_description":"Trouvez les informations exploitables dont vous avez besoin en mati\u00e8re de revenue management des casinos. IDeaS Revenue Solutions permet de prendre des d\u00e9cisions bas\u00e9es sur des donn\u00e9es, ce qui aide les casinos \u00e0 optimiser leurs revenus.","og_url":"https:\/\/ideas.com\/fr\/hotel-rooms\/hotels-casinos\/","og_site_name":"IDeaS","article_modified_time":"2025-07-17T10:30:15+00:00","og_image":[{"width":1800,"height":945,"url":"https:\/\/ideas.com\/wp-content\/uploads\/2024\/12\/ideas_social_image.png","type":"image\/png"}],"twitter_card":"summary_large_image","schema":{"@context":"https:\/\/schema.org","@graph":[{"@type":"WebPage","@id":"https:\/\/ideas.com\/fr\/hotel-rooms\/hotels-casinos\/","url":"https:\/\/ideas.com\/fr\/hotel-rooms\/hotels-casinos\/","name":"Revenue Management des casinos | IDeaS","isPartOf":{"@id":"https:\/\/ideas.com\/fr\/#website"},"datePublished":"2025-03-20T20:23:21+00:00","dateModified":"2025-07-17T10:30:15+00:00","description":"Trouvez les informations exploitables dont vous avez besoin en mati\u00e8re de revenue management des casinos. IDeaS Revenue Solutions permet de prendre des d\u00e9cisions bas\u00e9es sur des donn\u00e9es, ce qui aide les casinos \u00e0 optimiser leurs revenus.","breadcrumb":{"@id":"https:\/\/ideas.com\/fr\/hotel-rooms\/hotels-casinos\/#breadcrumb"},"inLanguage":"fr-FR","potentialAction":[{"@type":"ReadAction","target":["https:\/\/ideas.com\/fr\/hotel-rooms\/hotels-casinos\/"]}]},{"@type":"BreadcrumbList","@id":"https:\/\/ideas.com\/fr\/hotel-rooms\/hotels-casinos\/#breadcrumb","itemListElement":[{"@type":"ListItem","position":1,"name":"H\u00f4tels","item":"https:\/\/ideas.com\/fr\/hotel-rooms\/"},{"@type":"ListItem","position":2,"name":"H\u00f4tels-casinos"}]},{"@type":"WebSite","@id":"https:\/\/ideas.com\/fr\/#website","url":"https:\/\/ideas.com\/fr\/","name":"IDeaS","description":"Driving Better Revenue","publisher":{"@id":"https:\/\/ideas.com\/fr\/#organization"},"potentialAction":[{"@type":"SearchAction","target":{"@type":"EntryPoint","urlTemplate":"https:\/\/ideas.com\/fr\/?s={search_term_string}"},"query-input":{"@type":"PropertyValueSpecification","valueRequired":true,"valueName":"search_term_string"}}],"inLanguage":"fr-FR"},{"@type":"Organization","@id":"https:\/\/ideas.com\/fr\/#organization","name":"IDeaS Revenue Solutions","url":"https:\/\/ideas.com\/fr\/","logo":{"@type":"ImageObject","inLanguage":"fr-FR","@id":"https:\/\/ideas.com\/fr\/#\/schema\/logo\/image\/","url":"https:\/\/ideas.com\/wp-content\/uploads\/2021\/08\/ideas-logo.svg","contentUrl":"https:\/\/ideas.com\/wp-content\/uploads\/2021\/08\/ideas-logo.svg","width":1,"height":1,"caption":"IDeaS Revenue Solutions"},"image":{"@id":"https:\/\/ideas.com\/fr\/#\/schema\/logo\/image\/"}}]}},"_links":{"self":[{"href":"https:\/\/ideas.com\/fr\/wp-json\/wp\/v2\/pages\/141963","targetHints":{"allow":["GET"]}}],"collection":[{"href":"https:\/\/ideas.com\/fr\/wp-json\/wp\/v2\/pages"}],"about":[{"href":"https:\/\/ideas.com\/fr\/wp-json\/wp\/v2\/types\/page"}],"author":[{"embeddable":true,"href":"https:\/\/ideas.com\/fr\/wp-json\/wp\/v2\/users\/112"}],"replies":[{"embeddable":true,"href":"https:\/\/ideas.com\/fr\/wp-json\/wp\/v2\/comments?post=141963"}],"version-history":[{"count":0,"href":"https:\/\/ideas.com\/fr\/wp-json\/wp\/v2\/pages\/141963\/revisions"}],"up":[{"embeddable":true,"href":"https:\/\/ideas.com\/fr\/wp-json\/wp\/v2\/pages\/108977"}],"wp:attachment":[{"href":"https:\/\/ideas.com\/fr\/wp-json\/wp\/v2\/media?parent=141963"}],"wp:term":[{"taxonomy":"post_tag","embeddable":true,"href":"https:\/\/ideas.com\/fr\/wp-json\/wp\/v2\/tags?post=141963"}],"curies":[{"name":"wp","href":"https:\/\/api.w.org\/{rel}","templated":true}]}}