{"id":143985,"date":"2025-05-16T15:56:04","date_gmt":"2025-05-16T20:56:04","guid":{"rendered":"https:\/\/ideas.com\/optimisation-du-marketing\/"},"modified":"2025-05-16T15:59:22","modified_gmt":"2025-05-16T20:59:22","slug":"optimisation-du-marketing","status":"publish","type":"page","link":"https:\/\/ideas.com\/fr\/optimisation-du-marketing\/","title":{"rendered":"Optimisation du marketing"},"content":{"rendered":"","protected":false},"excerpt":{"rendered":"","protected":false},"author":56,"featured_media":0,"parent":0,"menu_order":0,"comment_status":"closed","ping_status":"closed","template":"templates\/landing-page.php","meta":{"_acf_changed":false,"_crdt_document":"","inline_featured_image":false,"footnotes":""},"tags":[],"class_list":["post-143985","page","type-page","status-publish","hentry"],"acf":[],"yoast_head":"<!-- This site is optimized with the Yoast SEO plugin v27.5 - https:\/\/yoast.com\/product\/yoast-seo-wordpress\/ -->\n<title>Strat\u00e9gie marketing du secteur h\u00f4telier | IDeaS<\/title>\n<meta name=\"description\" content=\"Optimisez vos d\u00e9penses marketing gr\u00e2ce \u00e0 la science des revenus. IDeaS fournit aux professionnels du marketing des analyses bas\u00e9es sur des donn\u00e9es, qui leur permettent d\u2019\u00e9laborer des campagnes cibl\u00e9es destin\u00e9es \u00e0 attirer des clients et \u00e0 augmenter les revenus. En savoir plus.\" \/>\n<meta name=\"robots\" content=\"index, follow, max-snippet:-1, max-image-preview:large, max-video-preview:-1\" \/>\n<link rel=\"canonical\" href=\"https:\/\/ideas.com\/fr\/optimisation-du-marketing\/\" \/>\n<meta property=\"og:locale\" content=\"fr_FR\" \/>\n<meta property=\"og:type\" content=\"article\" \/>\n<meta property=\"og:title\" content=\"Strat\u00e9gie marketing du secteur h\u00f4telier | IDeaS\" \/>\n<meta property=\"og:description\" content=\"Optimisez vos d\u00e9penses marketing gr\u00e2ce \u00e0 la science des revenus. IDeaS fournit aux professionnels du marketing des analyses bas\u00e9es sur des donn\u00e9es, qui leur permettent d\u2019\u00e9laborer des campagnes cibl\u00e9es destin\u00e9es \u00e0 attirer des clients et \u00e0 augmenter les revenus. En savoir plus.\" \/>\n<meta property=\"og:url\" content=\"https:\/\/ideas.com\/fr\/optimisation-du-marketing\/\" \/>\n<meta property=\"og:site_name\" content=\"IDeaS\" \/>\n<meta property=\"article:modified_time\" content=\"2025-05-16T20:59:22+00:00\" \/>\n<meta property=\"og:image\" content=\"https:\/\/ideas.com\/wp-content\/uploads\/2025\/04\/Performance-Marketing-Solution-Page-social-image-1024x538.jpg\" \/>\n<meta name=\"twitter:card\" content=\"summary_large_image\" \/>\n<script type=\"application\/ld+json\" class=\"yoast-schema-graph\">{\"@context\":\"https:\\\/\\\/schema.org\",\"@graph\":[{\"@type\":\"WebPage\",\"@id\":\"https:\\\/\\\/ideas.com\\\/fr\\\/optimisation-du-marketing\\\/\",\"url\":\"https:\\\/\\\/ideas.com\\\/fr\\\/optimisation-du-marketing\\\/\",\"name\":\"Strat\u00e9gie marketing du secteur h\u00f4telier | IDeaS\",\"isPartOf\":{\"@id\":\"https:\\\/\\\/ideas.com\\\/fr\\\/#website\"},\"datePublished\":\"2025-05-16T20:56:04+00:00\",\"dateModified\":\"2025-05-16T20:59:22+00:00\",\"description\":\"Optimisez vos d\u00e9penses marketing gr\u00e2ce \u00e0 la science des revenus. IDeaS fournit aux professionnels du marketing des analyses bas\u00e9es sur des donn\u00e9es, qui leur permettent d\u2019\u00e9laborer des campagnes cibl\u00e9es destin\u00e9es \u00e0 attirer des clients et \u00e0 augmenter les revenus. En savoir plus.\",\"inLanguage\":\"fr-FR\",\"potentialAction\":[{\"@type\":\"ReadAction\",\"target\":[\"https:\\\/\\\/ideas.com\\\/fr\\\/optimisation-du-marketing\\\/\"]}]},{\"@type\":\"WebSite\",\"@id\":\"https:\\\/\\\/ideas.com\\\/fr\\\/#website\",\"url\":\"https:\\\/\\\/ideas.com\\\/fr\\\/\",\"name\":\"IDeaS\",\"description\":\"Driving Better Revenue\",\"publisher\":{\"@id\":\"https:\\\/\\\/ideas.com\\\/fr\\\/#organization\"},\"potentialAction\":[{\"@type\":\"SearchAction\",\"target\":{\"@type\":\"EntryPoint\",\"urlTemplate\":\"https:\\\/\\\/ideas.com\\\/fr\\\/?s={search_term_string}\"},\"query-input\":{\"@type\":\"PropertyValueSpecification\",\"valueRequired\":true,\"valueName\":\"search_term_string\"}}],\"inLanguage\":\"fr-FR\"},{\"@type\":\"Organization\",\"@id\":\"https:\\\/\\\/ideas.com\\\/fr\\\/#organization\",\"name\":\"IDeaS Revenue Solutions\",\"url\":\"https:\\\/\\\/ideas.com\\\/fr\\\/\",\"logo\":{\"@type\":\"ImageObject\",\"inLanguage\":\"fr-FR\",\"@id\":\"https:\\\/\\\/ideas.com\\\/fr\\\/#\\\/schema\\\/logo\\\/image\\\/\",\"url\":\"https:\\\/\\\/ideas.com\\\/wp-content\\\/uploads\\\/2021\\\/08\\\/ideas-logo.svg\",\"contentUrl\":\"https:\\\/\\\/ideas.com\\\/wp-content\\\/uploads\\\/2021\\\/08\\\/ideas-logo.svg\",\"width\":1,\"height\":1,\"caption\":\"IDeaS Revenue Solutions\"},\"image\":{\"@id\":\"https:\\\/\\\/ideas.com\\\/fr\\\/#\\\/schema\\\/logo\\\/image\\\/\"}}]}<\/script>\n<!-- \/ Yoast SEO plugin. -->","yoast_head_json":{"title":"Strat\u00e9gie marketing du secteur h\u00f4telier | IDeaS","description":"Optimisez vos d\u00e9penses marketing gr\u00e2ce \u00e0 la science des revenus. IDeaS fournit aux professionnels du marketing des analyses bas\u00e9es sur des donn\u00e9es, qui leur permettent d\u2019\u00e9laborer des campagnes cibl\u00e9es destin\u00e9es \u00e0 attirer des clients et \u00e0 augmenter les revenus. En savoir plus.","robots":{"index":"index","follow":"follow","max-snippet":"max-snippet:-1","max-image-preview":"max-image-preview:large","max-video-preview":"max-video-preview:-1"},"canonical":"https:\/\/ideas.com\/fr\/optimisation-du-marketing\/","og_locale":"fr_FR","og_type":"article","og_title":"Strat\u00e9gie marketing du secteur h\u00f4telier | IDeaS","og_description":"Optimisez vos d\u00e9penses marketing gr\u00e2ce \u00e0 la science des revenus. IDeaS fournit aux professionnels du marketing des analyses bas\u00e9es sur des donn\u00e9es, qui leur permettent d\u2019\u00e9laborer des campagnes cibl\u00e9es destin\u00e9es \u00e0 attirer des clients et \u00e0 augmenter les revenus. En savoir plus.","og_url":"https:\/\/ideas.com\/fr\/optimisation-du-marketing\/","og_site_name":"IDeaS","article_modified_time":"2025-05-16T20:59:22+00:00","og_image":[{"url":"https:\/\/ideas.com\/wp-content\/uploads\/2025\/04\/Performance-Marketing-Solution-Page-social-image-1024x538.jpg","type":"","width":"","height":""}],"twitter_card":"summary_large_image","schema":{"@context":"https:\/\/schema.org","@graph":[{"@type":"WebPage","@id":"https:\/\/ideas.com\/fr\/optimisation-du-marketing\/","url":"https:\/\/ideas.com\/fr\/optimisation-du-marketing\/","name":"Strat\u00e9gie marketing du secteur h\u00f4telier | IDeaS","isPartOf":{"@id":"https:\/\/ideas.com\/fr\/#website"},"datePublished":"2025-05-16T20:56:04+00:00","dateModified":"2025-05-16T20:59:22+00:00","description":"Optimisez vos d\u00e9penses marketing gr\u00e2ce \u00e0 la science des revenus. IDeaS fournit aux professionnels du marketing des analyses bas\u00e9es sur des donn\u00e9es, qui leur permettent d\u2019\u00e9laborer des campagnes cibl\u00e9es destin\u00e9es \u00e0 attirer des clients et \u00e0 augmenter les revenus. En savoir plus.","inLanguage":"fr-FR","potentialAction":[{"@type":"ReadAction","target":["https:\/\/ideas.com\/fr\/optimisation-du-marketing\/"]}]},{"@type":"WebSite","@id":"https:\/\/ideas.com\/fr\/#website","url":"https:\/\/ideas.com\/fr\/","name":"IDeaS","description":"Driving Better Revenue","publisher":{"@id":"https:\/\/ideas.com\/fr\/#organization"},"potentialAction":[{"@type":"SearchAction","target":{"@type":"EntryPoint","urlTemplate":"https:\/\/ideas.com\/fr\/?s={search_term_string}"},"query-input":{"@type":"PropertyValueSpecification","valueRequired":true,"valueName":"search_term_string"}}],"inLanguage":"fr-FR"},{"@type":"Organization","@id":"https:\/\/ideas.com\/fr\/#organization","name":"IDeaS Revenue Solutions","url":"https:\/\/ideas.com\/fr\/","logo":{"@type":"ImageObject","inLanguage":"fr-FR","@id":"https:\/\/ideas.com\/fr\/#\/schema\/logo\/image\/","url":"https:\/\/ideas.com\/wp-content\/uploads\/2021\/08\/ideas-logo.svg","contentUrl":"https:\/\/ideas.com\/wp-content\/uploads\/2021\/08\/ideas-logo.svg","width":1,"height":1,"caption":"IDeaS Revenue Solutions"},"image":{"@id":"https:\/\/ideas.com\/fr\/#\/schema\/logo\/image\/"}}]}},"_links":{"self":[{"href":"https:\/\/ideas.com\/fr\/wp-json\/wp\/v2\/pages\/143985","targetHints":{"allow":["GET"]}}],"collection":[{"href":"https:\/\/ideas.com\/fr\/wp-json\/wp\/v2\/pages"}],"about":[{"href":"https:\/\/ideas.com\/fr\/wp-json\/wp\/v2\/types\/page"}],"author":[{"embeddable":true,"href":"https:\/\/ideas.com\/fr\/wp-json\/wp\/v2\/users\/56"}],"replies":[{"embeddable":true,"href":"https:\/\/ideas.com\/fr\/wp-json\/wp\/v2\/comments?post=143985"}],"version-history":[{"count":0,"href":"https:\/\/ideas.com\/fr\/wp-json\/wp\/v2\/pages\/143985\/revisions"}],"wp:attachment":[{"href":"https:\/\/ideas.com\/fr\/wp-json\/wp\/v2\/media?parent=143985"}],"wp:term":[{"taxonomy":"post_tag","embeddable":true,"href":"https:\/\/ideas.com\/fr\/wp-json\/wp\/v2\/tags?post=143985"}],"curies":[{"name":"wp","href":"https:\/\/api.w.org\/{rel}","templated":true}]}}