{"id":144629,"date":"2025-07-01T12:31:07","date_gmt":"2025-07-01T17:31:07","guid":{"rendered":"https:\/\/ideas.com\/?page_id=144629"},"modified":"2025-07-01T12:36:06","modified_gmt":"2025-07-01T17:36:06","slug":"trouver-de-la-certitude-en-periode-dincertitude","status":"publish","type":"page","link":"https:\/\/ideas.com\/fr\/trouver-de-la-certitude-en-periode-dincertitude\/","title":{"rendered":"Trouver de la certitude en p\u00e9riode d\u2019incertitude"},"content":{"rendered":"<p>Dans ce guide, nous tirons les le\u00e7ons des p\u00e9riodes de crise pr\u00e9c\u00e9dentes afin de vous proposer des strat\u00e9gies et des conseils pratiques visant \u00e0 optimiser vos performances en termes de revenus lors des p\u00e9riodes de forte volatilit\u00e9 de la demande.<\/p>\n","protected":false},"excerpt":{"rendered":"<p>Dans ce guide, nous tirons les le\u00e7ons des p\u00e9riodes de crise pr\u00e9c\u00e9dentes afin de vous proposer des strat\u00e9gies et des conseils pratiques visant \u00e0 optimiser\u2026<\/p>\n","protected":false},"author":115,"featured_media":144706,"parent":0,"menu_order":0,"comment_status":"closed","ping_status":"closed","template":"templates\/landing-page.php","meta":{"_acf_changed":false,"_crdt_document":"","inline_featured_image":false,"footnotes":""},"tags":[],"class_list":["post-144629","page","type-page","status-publish","has-post-thumbnail","hentry"],"acf":[],"yoast_head":"<!-- This site is optimized with the Yoast SEO plugin v27.2 - https:\/\/yoast.com\/product\/yoast-seo-wordpress\/ -->\n<title>Trouver de la certitude en p\u00e9riode d\u2019incertitude | IDeaS<\/title>\n<meta name=\"description\" content=\"Dans ce guide, nous tirons les le\u00e7ons des p\u00e9riodes de crise pr\u00e9c\u00e9dentes afin de vous proposer des strat\u00e9gies et des conseils pratiques visant \u00e0 optimiser vos performances en termes de revenus lors des p\u00e9riodes de forte volatilit\u00e9 de la demande.\" \/>\n<meta name=\"robots\" content=\"index, follow, max-snippet:-1, max-image-preview:large, max-video-preview:-1\" \/>\n<link rel=\"canonical\" href=\"https:\/\/ideas.com\/fr\/trouver-de-la-certitude-en-periode-dincertitude\/\" \/>\n<meta property=\"og:locale\" content=\"fr_FR\" \/>\n<meta property=\"og:type\" content=\"article\" \/>\n<meta property=\"og:title\" content=\"Trouver de la certitude en p\u00e9riode d\u2019incertitude\" \/>\n<meta property=\"og:description\" content=\"Dans ce guide, nous tirons les le\u00e7ons des p\u00e9riodes de crise pr\u00e9c\u00e9dentes afin de vous proposer des strat\u00e9gies et des conseils pratiques visant \u00e0 optimiser vos performances en termes de revenus lors des p\u00e9riodes de forte volatilit\u00e9 de la demande.\" \/>\n<meta property=\"og:url\" content=\"https:\/\/ideas.com\/fr\/trouver-de-la-certitude-en-periode-dincertitude\/\" \/>\n<meta property=\"og:site_name\" content=\"IDeaS\" \/>\n<meta property=\"article:modified_time\" content=\"2025-07-01T17:36:06+00:00\" \/>\n<meta property=\"og:image\" content=\"https:\/\/ideas.com\/wp-content\/uploads\/2025\/07\/Finding-Certainty-in-Times-of-Uncertainty-FR.png\" \/>\n\t<meta property=\"og:image:width\" content=\"1200\" \/>\n\t<meta property=\"og:image:height\" content=\"630\" \/>\n\t<meta property=\"og:image:type\" content=\"image\/png\" \/>\n<meta name=\"twitter:card\" content=\"summary_large_image\" \/>\n<meta name=\"twitter:title\" content=\"Trouver de la certitude en p\u00e9riode d\u2019incertitude\" \/>\n<meta name=\"twitter:description\" content=\"Dans ce guide, nous tirons les le\u00e7ons des p\u00e9riodes de crise pr\u00e9c\u00e9dentes afin de vous proposer des strat\u00e9gies et des conseils pratiques visant \u00e0 optimiser vos performances en termes de revenus lors des p\u00e9riodes de forte volatilit\u00e9 de la demande.\" \/>\n<meta name=\"twitter:image\" content=\"https:\/\/ideas.com\/wp-content\/uploads\/2025\/07\/Finding-Certainty-in-Times-of-Uncertainty-FR.png\" \/>\n<meta name=\"twitter:label1\" content=\"Dur\u00e9e de lecture estim\u00e9e\" \/>\n\t<meta name=\"twitter:data1\" content=\"1 minute\" \/>\n<script type=\"application\/ld+json\" class=\"yoast-schema-graph\">{\"@context\":\"https:\/\/schema.org\",\"@graph\":[{\"@type\":\"WebPage\",\"@id\":\"https:\/\/ideas.com\/fr\/trouver-de-la-certitude-en-periode-dincertitude\/\",\"url\":\"https:\/\/ideas.com\/fr\/trouver-de-la-certitude-en-periode-dincertitude\/\",\"name\":\"Trouver de la certitude en p\u00e9riode d\u2019incertitude | IDeaS\",\"isPartOf\":{\"@id\":\"https:\/\/ideas.com\/fr\/#website\"},\"primaryImageOfPage\":{\"@id\":\"https:\/\/ideas.com\/fr\/trouver-de-la-certitude-en-periode-dincertitude\/#primaryimage\"},\"image\":{\"@id\":\"https:\/\/ideas.com\/fr\/trouver-de-la-certitude-en-periode-dincertitude\/#primaryimage\"},\"thumbnailUrl\":\"https:\/\/ideas.com\/wp-content\/uploads\/2025\/07\/Finding-Certainty-in-Times-of-Uncertainty-FR.png\",\"datePublished\":\"2025-07-01T17:31:07+00:00\",\"dateModified\":\"2025-07-01T17:36:06+00:00\",\"description\":\"Dans ce guide, nous tirons les le\u00e7ons des p\u00e9riodes de crise pr\u00e9c\u00e9dentes afin de vous proposer des strat\u00e9gies et des conseils pratiques visant \u00e0 optimiser vos performances en termes de revenus lors des p\u00e9riodes de forte volatilit\u00e9 de la demande.\",\"inLanguage\":\"fr-FR\",\"potentialAction\":[{\"@type\":\"ReadAction\",\"target\":[\"https:\/\/ideas.com\/fr\/trouver-de-la-certitude-en-periode-dincertitude\/\"]}]},{\"@type\":\"ImageObject\",\"inLanguage\":\"fr-FR\",\"@id\":\"https:\/\/ideas.com\/fr\/trouver-de-la-certitude-en-periode-dincertitude\/#primaryimage\",\"url\":\"https:\/\/ideas.com\/wp-content\/uploads\/2025\/07\/Finding-Certainty-in-Times-of-Uncertainty-FR.png\",\"contentUrl\":\"https:\/\/ideas.com\/wp-content\/uploads\/2025\/07\/Finding-Certainty-in-Times-of-Uncertainty-FR.png\",\"width\":1200,\"height\":630},{\"@type\":\"WebSite\",\"@id\":\"https:\/\/ideas.com\/fr\/#website\",\"url\":\"https:\/\/ideas.com\/fr\/\",\"name\":\"IDeaS\",\"description\":\"Driving Better Revenue\",\"publisher\":{\"@id\":\"https:\/\/ideas.com\/fr\/#organization\"},\"potentialAction\":[{\"@type\":\"SearchAction\",\"target\":{\"@type\":\"EntryPoint\",\"urlTemplate\":\"https:\/\/ideas.com\/fr\/?s={search_term_string}\"},\"query-input\":{\"@type\":\"PropertyValueSpecification\",\"valueRequired\":true,\"valueName\":\"search_term_string\"}}],\"inLanguage\":\"fr-FR\"},{\"@type\":\"Organization\",\"@id\":\"https:\/\/ideas.com\/fr\/#organization\",\"name\":\"IDeaS Revenue Solutions\",\"url\":\"https:\/\/ideas.com\/fr\/\",\"logo\":{\"@type\":\"ImageObject\",\"inLanguage\":\"fr-FR\",\"@id\":\"https:\/\/ideas.com\/fr\/#\/schema\/logo\/image\/\",\"url\":\"https:\/\/ideas.com\/wp-content\/uploads\/2021\/08\/ideas-logo.svg\",\"contentUrl\":\"https:\/\/ideas.com\/wp-content\/uploads\/2021\/08\/ideas-logo.svg\",\"width\":1,\"height\":1,\"caption\":\"IDeaS Revenue Solutions\"},\"image\":{\"@id\":\"https:\/\/ideas.com\/fr\/#\/schema\/logo\/image\/\"}}]}<\/script>\n<!-- \/ Yoast SEO plugin. -->","yoast_head_json":{"title":"Trouver de la certitude en p\u00e9riode d\u2019incertitude | IDeaS","description":"Dans ce guide, nous tirons les le\u00e7ons des p\u00e9riodes de crise pr\u00e9c\u00e9dentes afin de vous proposer des strat\u00e9gies et des conseils pratiques visant \u00e0 optimiser vos performances en termes de revenus lors des p\u00e9riodes de forte volatilit\u00e9 de la demande.","robots":{"index":"index","follow":"follow","max-snippet":"max-snippet:-1","max-image-preview":"max-image-preview:large","max-video-preview":"max-video-preview:-1"},"canonical":"https:\/\/ideas.com\/fr\/trouver-de-la-certitude-en-periode-dincertitude\/","og_locale":"fr_FR","og_type":"article","og_title":"Trouver de la certitude en p\u00e9riode d\u2019incertitude","og_description":"Dans ce guide, nous tirons les le\u00e7ons des p\u00e9riodes de crise pr\u00e9c\u00e9dentes afin de vous proposer des strat\u00e9gies et des conseils pratiques visant \u00e0 optimiser vos performances en termes de revenus lors des p\u00e9riodes de forte volatilit\u00e9 de la demande.","og_url":"https:\/\/ideas.com\/fr\/trouver-de-la-certitude-en-periode-dincertitude\/","og_site_name":"IDeaS","article_modified_time":"2025-07-01T17:36:06+00:00","og_image":[{"width":1200,"height":630,"url":"https:\/\/ideas.com\/wp-content\/uploads\/2025\/07\/Finding-Certainty-in-Times-of-Uncertainty-FR.png","type":"image\/png"}],"twitter_card":"summary_large_image","twitter_title":"Trouver de la certitude en p\u00e9riode d\u2019incertitude","twitter_description":"Dans ce guide, nous tirons les le\u00e7ons des p\u00e9riodes de crise pr\u00e9c\u00e9dentes afin de vous proposer des strat\u00e9gies et des conseils pratiques visant \u00e0 optimiser vos performances en termes de revenus lors des p\u00e9riodes de forte volatilit\u00e9 de la demande.","twitter_image":"https:\/\/ideas.com\/wp-content\/uploads\/2025\/07\/Finding-Certainty-in-Times-of-Uncertainty-FR.png","twitter_misc":{"Dur\u00e9e de lecture estim\u00e9e":"1 minute"},"schema":{"@context":"https:\/\/schema.org","@graph":[{"@type":"WebPage","@id":"https:\/\/ideas.com\/fr\/trouver-de-la-certitude-en-periode-dincertitude\/","url":"https:\/\/ideas.com\/fr\/trouver-de-la-certitude-en-periode-dincertitude\/","name":"Trouver de la certitude en p\u00e9riode d\u2019incertitude | IDeaS","isPartOf":{"@id":"https:\/\/ideas.com\/fr\/#website"},"primaryImageOfPage":{"@id":"https:\/\/ideas.com\/fr\/trouver-de-la-certitude-en-periode-dincertitude\/#primaryimage"},"image":{"@id":"https:\/\/ideas.com\/fr\/trouver-de-la-certitude-en-periode-dincertitude\/#primaryimage"},"thumbnailUrl":"https:\/\/ideas.com\/wp-content\/uploads\/2025\/07\/Finding-Certainty-in-Times-of-Uncertainty-FR.png","datePublished":"2025-07-01T17:31:07+00:00","dateModified":"2025-07-01T17:36:06+00:00","description":"Dans ce guide, nous tirons les le\u00e7ons des p\u00e9riodes de crise pr\u00e9c\u00e9dentes afin de vous proposer des strat\u00e9gies et des conseils pratiques visant \u00e0 optimiser vos performances en termes de revenus lors des p\u00e9riodes de forte volatilit\u00e9 de la demande.","inLanguage":"fr-FR","potentialAction":[{"@type":"ReadAction","target":["https:\/\/ideas.com\/fr\/trouver-de-la-certitude-en-periode-dincertitude\/"]}]},{"@type":"ImageObject","inLanguage":"fr-FR","@id":"https:\/\/ideas.com\/fr\/trouver-de-la-certitude-en-periode-dincertitude\/#primaryimage","url":"https:\/\/ideas.com\/wp-content\/uploads\/2025\/07\/Finding-Certainty-in-Times-of-Uncertainty-FR.png","contentUrl":"https:\/\/ideas.com\/wp-content\/uploads\/2025\/07\/Finding-Certainty-in-Times-of-Uncertainty-FR.png","width":1200,"height":630},{"@type":"WebSite","@id":"https:\/\/ideas.com\/fr\/#website","url":"https:\/\/ideas.com\/fr\/","name":"IDeaS","description":"Driving Better Revenue","publisher":{"@id":"https:\/\/ideas.com\/fr\/#organization"},"potentialAction":[{"@type":"SearchAction","target":{"@type":"EntryPoint","urlTemplate":"https:\/\/ideas.com\/fr\/?s={search_term_string}"},"query-input":{"@type":"PropertyValueSpecification","valueRequired":true,"valueName":"search_term_string"}}],"inLanguage":"fr-FR"},{"@type":"Organization","@id":"https:\/\/ideas.com\/fr\/#organization","name":"IDeaS Revenue Solutions","url":"https:\/\/ideas.com\/fr\/","logo":{"@type":"ImageObject","inLanguage":"fr-FR","@id":"https:\/\/ideas.com\/fr\/#\/schema\/logo\/image\/","url":"https:\/\/ideas.com\/wp-content\/uploads\/2021\/08\/ideas-logo.svg","contentUrl":"https:\/\/ideas.com\/wp-content\/uploads\/2021\/08\/ideas-logo.svg","width":1,"height":1,"caption":"IDeaS Revenue Solutions"},"image":{"@id":"https:\/\/ideas.com\/fr\/#\/schema\/logo\/image\/"}}]}},"_links":{"self":[{"href":"https:\/\/ideas.com\/fr\/wp-json\/wp\/v2\/pages\/144629","targetHints":{"allow":["GET"]}}],"collection":[{"href":"https:\/\/ideas.com\/fr\/wp-json\/wp\/v2\/pages"}],"about":[{"href":"https:\/\/ideas.com\/fr\/wp-json\/wp\/v2\/types\/page"}],"author":[{"embeddable":true,"href":"https:\/\/ideas.com\/fr\/wp-json\/wp\/v2\/users\/115"}],"replies":[{"embeddable":true,"href":"https:\/\/ideas.com\/fr\/wp-json\/wp\/v2\/comments?post=144629"}],"version-history":[{"count":0,"href":"https:\/\/ideas.com\/fr\/wp-json\/wp\/v2\/pages\/144629\/revisions"}],"wp:featuredmedia":[{"embeddable":true,"href":"https:\/\/ideas.com\/fr\/wp-json\/wp\/v2\/media\/144706"}],"wp:attachment":[{"href":"https:\/\/ideas.com\/fr\/wp-json\/wp\/v2\/media?parent=144629"}],"wp:term":[{"taxonomy":"post_tag","embeddable":true,"href":"https:\/\/ideas.com\/fr\/wp-json\/wp\/v2\/tags?post=144629"}],"curies":[{"name":"wp","href":"https:\/\/api.w.org\/{rel}","templated":true}]}}