{"id":144807,"date":"2025-07-03T11:33:37","date_gmt":"2025-07-03T16:33:37","guid":{"rendered":"https:\/\/ideas.com\/?page_id=144807"},"modified":"2025-10-09T15:24:27","modified_gmt":"2025-10-09T20:24:27","slug":"future-forecast-2026","status":"publish","type":"page","link":"https:\/\/ideas.com\/fr\/future-forecast-2026\/","title":{"rendered":"PR\u00c9VISIONS FUTURES : pr\u00e9dictions concernant la technologie h\u00f4teli\u00e8re pour 2026"},"content":{"rendered":"<p>Les exploitants h\u00f4teliers subissent une pression constante pour rationaliser leurs op\u00e9rations, am\u00e9liorer leur rentabilit\u00e9 et offrir des exp\u00e9riences clients remarquables dans un environnement de plus en plus complexe.<\/p>\n<p>Cet eBook explore les tendances \u00e9mergentes qui fa\u00e7onneront 2026 et qui influencent directement ces priorit\u00e9s : de la simplification des \u00e9cosyst\u00e8mes technologiques fragment\u00e9s \u00e0 la promotion d\u2019une croissance durable et de la stabilit\u00e9 de la main-d\u2019\u0153uvre.<\/p>\n<p>D\u00e9couvrez les points de vue de leaders du secteur pour vous aider \u00e0 naviguer dans le changement et garder une longueur d\u2019avance.<\/p>\n","protected":false},"excerpt":{"rendered":"<p>Les exploitants h\u00f4teliers subissent une pression constante pour rationaliser leurs op\u00e9rations, am\u00e9liorer leur rentabilit\u00e9 et offrir des exp\u00e9riences clients remarquables dans un environnement de plus\u2026<\/p>\n","protected":false},"author":112,"featured_media":146339,"parent":0,"menu_order":0,"comment_status":"closed","ping_status":"closed","template":"templates\/landing-page.php","meta":{"_acf_changed":false,"_crdt_document":"","inline_featured_image":false,"footnotes":""},"tags":[],"class_list":["post-144807","page","type-page","status-publish","has-post-thumbnail","hentry","funnel-stage-tofu"],"acf":[],"yoast_head":"<!-- This site is optimized with the Yoast SEO plugin v27.5 - https:\/\/yoast.com\/product\/yoast-seo-wordpress\/ -->\n<title>PR\u00c9VISIONS FUTURES : pr\u00e9dictions concernant la technologie h\u00f4teli\u00e8re pour 2026 | IDeaS<\/title>\n<meta name=\"description\" content=\"Cet eBook explore les tendances \u00e9mergentes qui fa\u00e7onneront 2026 et qui influencent directement ces priorit\u00e9s : de la simplification des \u00e9cosyst\u00e8mes technologiques fragment\u00e9s \u00e0 la promotion d\u2019une croissance durable et de la stabilit\u00e9 de la main-d\u2019\u0153uvre. D\u00e9couvrez les points de vue de leaders du secteur pour vous aider \u00e0 naviguer dans le changement et garder une longueur d\u2019avance.\" \/>\n<meta name=\"robots\" content=\"index, follow, max-snippet:-1, max-image-preview:large, max-video-preview:-1\" \/>\n<link rel=\"canonical\" href=\"https:\/\/ideas.com\/fr\/future-forecast-2026\/\" \/>\n<meta property=\"og:locale\" content=\"fr_FR\" \/>\n<meta property=\"og:type\" content=\"article\" \/>\n<meta property=\"og:title\" content=\"PR\u00c9VISIONS FUTURES :pr\u00e9dictions concernant la technologie h\u00f4teli\u00e8re pour 2026\" \/>\n<meta property=\"og:description\" content=\"Cet eBook explore les tendances \u00e9mergentes qui fa\u00e7onneront 2026 et qui influencent directement ces priorit\u00e9s : de la simplification des \u00e9cosyst\u00e8mes technologiques fragment\u00e9s \u00e0 la promotion d\u2019une croissance durable et de la stabilit\u00e9 de la main-d\u2019\u0153uvre. D\u00e9couvrez les points de vue de leaders du secteur pour vous aider \u00e0 naviguer dans le changement et garder une longueur d\u2019avance.\" \/>\n<meta property=\"og:url\" content=\"https:\/\/ideas.com\/fr\/future-forecast-2026\/\" \/>\n<meta property=\"og:site_name\" content=\"IDeaS\" \/>\n<meta property=\"article:modified_time\" content=\"2025-10-09T20:24:27+00:00\" \/>\n<meta property=\"og:image\" content=\"https:\/\/ideas.com\/wp-content\/uploads\/2025\/10\/LP-Preview_Future-Forecast-2026-FR.png\" \/>\n\t<meta property=\"og:image:width\" content=\"1200\" \/>\n\t<meta property=\"og:image:height\" content=\"628\" \/>\n\t<meta property=\"og:image:type\" content=\"image\/png\" \/>\n<meta name=\"twitter:card\" content=\"summary_large_image\" \/>\n<meta name=\"twitter:title\" content=\"PR\u00c9VISIONS FUTURES :pr\u00e9dictions concernant la technologie h\u00f4teli\u00e8re pour 2026\" \/>\n<meta name=\"twitter:description\" content=\"Cet eBook explore les tendances \u00e9mergentes qui fa\u00e7onneront 2026 et qui influencent directement ces priorit\u00e9s : de la simplification des \u00e9cosyst\u00e8mes technologiques fragment\u00e9s \u00e0 la promotion d\u2019une croissance durable et de la stabilit\u00e9 de la main-d\u2019\u0153uvre. D\u00e9couvrez les points de vue de leaders du secteur pour vous aider \u00e0 naviguer dans le changement et garder une longueur d\u2019avance.\" \/>\n<meta name=\"twitter:image\" content=\"https:\/\/ideas.com\/wp-content\/uploads\/2025\/10\/LP-Preview_Future-Forecast-2026-FR.png\" \/>\n<meta name=\"twitter:label1\" content=\"Dur\u00e9e de lecture estim\u00e9e\" \/>\n\t<meta name=\"twitter:data1\" content=\"1 minute\" \/>\n<script type=\"application\/ld+json\" class=\"yoast-schema-graph\">{\"@context\":\"https:\\\/\\\/schema.org\",\"@graph\":[{\"@type\":\"WebPage\",\"@id\":\"https:\\\/\\\/ideas.com\\\/fr\\\/future-forecast-2026\\\/\",\"url\":\"https:\\\/\\\/ideas.com\\\/fr\\\/future-forecast-2026\\\/\",\"name\":\"PR\u00c9VISIONS FUTURES : pr\u00e9dictions concernant la technologie h\u00f4teli\u00e8re pour 2026 | IDeaS\",\"isPartOf\":{\"@id\":\"https:\\\/\\\/ideas.com\\\/fr\\\/#website\"},\"primaryImageOfPage\":{\"@id\":\"https:\\\/\\\/ideas.com\\\/fr\\\/future-forecast-2026\\\/#primaryimage\"},\"image\":{\"@id\":\"https:\\\/\\\/ideas.com\\\/fr\\\/future-forecast-2026\\\/#primaryimage\"},\"thumbnailUrl\":\"https:\\\/\\\/ideas.com\\\/wp-content\\\/uploads\\\/2025\\\/10\\\/LP-Preview_Future-Forecast-2026-FR.png\",\"datePublished\":\"2025-07-03T16:33:37+00:00\",\"dateModified\":\"2025-10-09T20:24:27+00:00\",\"description\":\"Cet eBook explore les tendances \u00e9mergentes qui fa\u00e7onneront 2026 et qui influencent directement ces priorit\u00e9s : de la simplification des \u00e9cosyst\u00e8mes technologiques fragment\u00e9s \u00e0 la promotion d\u2019une croissance durable et de la stabilit\u00e9 de la main-d\u2019\u0153uvre. D\u00e9couvrez les points de vue de leaders du secteur pour vous aider \u00e0 naviguer dans le changement et garder une longueur d\u2019avance.\",\"inLanguage\":\"fr-FR\",\"potentialAction\":[{\"@type\":\"ReadAction\",\"target\":[\"https:\\\/\\\/ideas.com\\\/fr\\\/future-forecast-2026\\\/\"]}]},{\"@type\":\"ImageObject\",\"inLanguage\":\"fr-FR\",\"@id\":\"https:\\\/\\\/ideas.com\\\/fr\\\/future-forecast-2026\\\/#primaryimage\",\"url\":\"https:\\\/\\\/ideas.com\\\/wp-content\\\/uploads\\\/2025\\\/10\\\/LP-Preview_Future-Forecast-2026-FR.png\",\"contentUrl\":\"https:\\\/\\\/ideas.com\\\/wp-content\\\/uploads\\\/2025\\\/10\\\/LP-Preview_Future-Forecast-2026-FR.png\",\"width\":1200,\"height\":628},{\"@type\":\"WebSite\",\"@id\":\"https:\\\/\\\/ideas.com\\\/fr\\\/#website\",\"url\":\"https:\\\/\\\/ideas.com\\\/fr\\\/\",\"name\":\"IDeaS\",\"description\":\"Driving Better Revenue\",\"publisher\":{\"@id\":\"https:\\\/\\\/ideas.com\\\/fr\\\/#organization\"},\"potentialAction\":[{\"@type\":\"SearchAction\",\"target\":{\"@type\":\"EntryPoint\",\"urlTemplate\":\"https:\\\/\\\/ideas.com\\\/fr\\\/?s={search_term_string}\"},\"query-input\":{\"@type\":\"PropertyValueSpecification\",\"valueRequired\":true,\"valueName\":\"search_term_string\"}}],\"inLanguage\":\"fr-FR\"},{\"@type\":\"Organization\",\"@id\":\"https:\\\/\\\/ideas.com\\\/fr\\\/#organization\",\"name\":\"IDeaS Revenue Solutions\",\"url\":\"https:\\\/\\\/ideas.com\\\/fr\\\/\",\"logo\":{\"@type\":\"ImageObject\",\"inLanguage\":\"fr-FR\",\"@id\":\"https:\\\/\\\/ideas.com\\\/fr\\\/#\\\/schema\\\/logo\\\/image\\\/\",\"url\":\"https:\\\/\\\/ideas.com\\\/wp-content\\\/uploads\\\/2021\\\/08\\\/ideas-logo.svg\",\"contentUrl\":\"https:\\\/\\\/ideas.com\\\/wp-content\\\/uploads\\\/2021\\\/08\\\/ideas-logo.svg\",\"width\":1,\"height\":1,\"caption\":\"IDeaS Revenue Solutions\"},\"image\":{\"@id\":\"https:\\\/\\\/ideas.com\\\/fr\\\/#\\\/schema\\\/logo\\\/image\\\/\"}}]}<\/script>\n<!-- \/ Yoast SEO plugin. -->","yoast_head_json":{"title":"PR\u00c9VISIONS FUTURES : pr\u00e9dictions concernant la technologie h\u00f4teli\u00e8re pour 2026 | IDeaS","description":"Cet eBook explore les tendances \u00e9mergentes qui fa\u00e7onneront 2026 et qui influencent directement ces priorit\u00e9s : de la simplification des \u00e9cosyst\u00e8mes technologiques fragment\u00e9s \u00e0 la promotion d\u2019une croissance durable et de la stabilit\u00e9 de la main-d\u2019\u0153uvre. D\u00e9couvrez les points de vue de leaders du secteur pour vous aider \u00e0 naviguer dans le changement et garder une longueur d\u2019avance.","robots":{"index":"index","follow":"follow","max-snippet":"max-snippet:-1","max-image-preview":"max-image-preview:large","max-video-preview":"max-video-preview:-1"},"canonical":"https:\/\/ideas.com\/fr\/future-forecast-2026\/","og_locale":"fr_FR","og_type":"article","og_title":"PR\u00c9VISIONS FUTURES :pr\u00e9dictions concernant la technologie h\u00f4teli\u00e8re pour 2026","og_description":"Cet eBook explore les tendances \u00e9mergentes qui fa\u00e7onneront 2026 et qui influencent directement ces priorit\u00e9s : de la simplification des \u00e9cosyst\u00e8mes technologiques fragment\u00e9s \u00e0 la promotion d\u2019une croissance durable et de la stabilit\u00e9 de la main-d\u2019\u0153uvre. D\u00e9couvrez les points de vue de leaders du secteur pour vous aider \u00e0 naviguer dans le changement et garder une longueur d\u2019avance.","og_url":"https:\/\/ideas.com\/fr\/future-forecast-2026\/","og_site_name":"IDeaS","article_modified_time":"2025-10-09T20:24:27+00:00","og_image":[{"width":1200,"height":628,"url":"https:\/\/ideas.com\/wp-content\/uploads\/2025\/10\/LP-Preview_Future-Forecast-2026-FR.png","type":"image\/png"}],"twitter_card":"summary_large_image","twitter_title":"PR\u00c9VISIONS FUTURES :pr\u00e9dictions concernant la technologie h\u00f4teli\u00e8re pour 2026","twitter_description":"Cet eBook explore les tendances \u00e9mergentes qui fa\u00e7onneront 2026 et qui influencent directement ces priorit\u00e9s : de la simplification des \u00e9cosyst\u00e8mes technologiques fragment\u00e9s \u00e0 la promotion d\u2019une croissance durable et de la stabilit\u00e9 de la main-d\u2019\u0153uvre. D\u00e9couvrez les points de vue de leaders du secteur pour vous aider \u00e0 naviguer dans le changement et garder une longueur d\u2019avance.","twitter_image":"https:\/\/ideas.com\/wp-content\/uploads\/2025\/10\/LP-Preview_Future-Forecast-2026-FR.png","twitter_misc":{"Dur\u00e9e de lecture estim\u00e9e":"1 minute"},"schema":{"@context":"https:\/\/schema.org","@graph":[{"@type":"WebPage","@id":"https:\/\/ideas.com\/fr\/future-forecast-2026\/","url":"https:\/\/ideas.com\/fr\/future-forecast-2026\/","name":"PR\u00c9VISIONS FUTURES : pr\u00e9dictions concernant la technologie h\u00f4teli\u00e8re pour 2026 | IDeaS","isPartOf":{"@id":"https:\/\/ideas.com\/fr\/#website"},"primaryImageOfPage":{"@id":"https:\/\/ideas.com\/fr\/future-forecast-2026\/#primaryimage"},"image":{"@id":"https:\/\/ideas.com\/fr\/future-forecast-2026\/#primaryimage"},"thumbnailUrl":"https:\/\/ideas.com\/wp-content\/uploads\/2025\/10\/LP-Preview_Future-Forecast-2026-FR.png","datePublished":"2025-07-03T16:33:37+00:00","dateModified":"2025-10-09T20:24:27+00:00","description":"Cet eBook explore les tendances \u00e9mergentes qui fa\u00e7onneront 2026 et qui influencent directement ces priorit\u00e9s : de la simplification des \u00e9cosyst\u00e8mes technologiques fragment\u00e9s \u00e0 la promotion d\u2019une croissance durable et de la stabilit\u00e9 de la main-d\u2019\u0153uvre. D\u00e9couvrez les points de vue de leaders du secteur pour vous aider \u00e0 naviguer dans le changement et garder une longueur d\u2019avance.","inLanguage":"fr-FR","potentialAction":[{"@type":"ReadAction","target":["https:\/\/ideas.com\/fr\/future-forecast-2026\/"]}]},{"@type":"ImageObject","inLanguage":"fr-FR","@id":"https:\/\/ideas.com\/fr\/future-forecast-2026\/#primaryimage","url":"https:\/\/ideas.com\/wp-content\/uploads\/2025\/10\/LP-Preview_Future-Forecast-2026-FR.png","contentUrl":"https:\/\/ideas.com\/wp-content\/uploads\/2025\/10\/LP-Preview_Future-Forecast-2026-FR.png","width":1200,"height":628},{"@type":"WebSite","@id":"https:\/\/ideas.com\/fr\/#website","url":"https:\/\/ideas.com\/fr\/","name":"IDeaS","description":"Driving Better Revenue","publisher":{"@id":"https:\/\/ideas.com\/fr\/#organization"},"potentialAction":[{"@type":"SearchAction","target":{"@type":"EntryPoint","urlTemplate":"https:\/\/ideas.com\/fr\/?s={search_term_string}"},"query-input":{"@type":"PropertyValueSpecification","valueRequired":true,"valueName":"search_term_string"}}],"inLanguage":"fr-FR"},{"@type":"Organization","@id":"https:\/\/ideas.com\/fr\/#organization","name":"IDeaS Revenue Solutions","url":"https:\/\/ideas.com\/fr\/","logo":{"@type":"ImageObject","inLanguage":"fr-FR","@id":"https:\/\/ideas.com\/fr\/#\/schema\/logo\/image\/","url":"https:\/\/ideas.com\/wp-content\/uploads\/2021\/08\/ideas-logo.svg","contentUrl":"https:\/\/ideas.com\/wp-content\/uploads\/2021\/08\/ideas-logo.svg","width":1,"height":1,"caption":"IDeaS Revenue Solutions"},"image":{"@id":"https:\/\/ideas.com\/fr\/#\/schema\/logo\/image\/"}}]}},"_links":{"self":[{"href":"https:\/\/ideas.com\/fr\/wp-json\/wp\/v2\/pages\/144807","targetHints":{"allow":["GET"]}}],"collection":[{"href":"https:\/\/ideas.com\/fr\/wp-json\/wp\/v2\/pages"}],"about":[{"href":"https:\/\/ideas.com\/fr\/wp-json\/wp\/v2\/types\/page"}],"author":[{"embeddable":true,"href":"https:\/\/ideas.com\/fr\/wp-json\/wp\/v2\/users\/112"}],"replies":[{"embeddable":true,"href":"https:\/\/ideas.com\/fr\/wp-json\/wp\/v2\/comments?post=144807"}],"version-history":[{"count":0,"href":"https:\/\/ideas.com\/fr\/wp-json\/wp\/v2\/pages\/144807\/revisions"}],"wp:featuredmedia":[{"embeddable":true,"href":"https:\/\/ideas.com\/fr\/wp-json\/wp\/v2\/media\/146339"}],"wp:attachment":[{"href":"https:\/\/ideas.com\/fr\/wp-json\/wp\/v2\/media?parent=144807"}],"wp:term":[{"taxonomy":"post_tag","embeddable":true,"href":"https:\/\/ideas.com\/fr\/wp-json\/wp\/v2\/tags?post=144807"}],"curies":[{"name":"wp","href":"https:\/\/api.w.org\/{rel}","templated":true}]}}