{"id":146449,"date":"2026-03-02T11:46:41","date_gmt":"2026-03-02T17:46:41","guid":{"rendered":"https:\/\/ideas.com\/?page_id=146449"},"modified":"2026-03-26T10:05:09","modified_gmt":"2026-03-26T15:05:09","slug":"lessons-in-revenue-precision-over-open-promises-what-your-rms-should-actually-do-for-you","status":"publish","type":"page","link":"https:\/\/ideas.com\/fr\/lessons-in-revenue-precision-over-open-promises-what-your-rms-should-actually-do-for-you\/","title":{"rendered":"Les revenus pr\u00e9ceptes et recommandations | La pr\u00e9cision plut\u00f4t que des promesses vagues : Ce que votre RMS devrait r\u00e9ellement faire pour vous"},"content":{"rendered":"<p>Le secteur de l\u2019h\u00f4tellerie continue d\u2019\u00e9voluer rapidement. Les canaux de distribution deviennent de plus en plus complexes, les attentes des clients ne cessent de cro\u00eetre et les technologies doivent \u00e9voluer. Dans ce contexte de transformation, votre syst\u00e8me de revenue management (RMS) doit non seulement suivre le rythme, mais \u00e9galement montrer la voie. Pourtant, de nombreuses solutions de revenue management continuent de s\u2019appuyer sur des hypoth\u00e8ses obsol\u00e8tes (et risqu\u00e9es) et des capacit\u00e9s d&rsquo;analyse limit\u00e9es. Ce document pr\u00e9sente les fonctionnalit\u00e9s essentielles que votre syst\u00e8me de revenue management (RMS) doit proposer pour permettre \u00e0 votre organisation de s\u2019adapter et de prosp\u00e9rer.<\/p>\n","protected":false},"excerpt":{"rendered":"<p>Le secteur de l\u2019h\u00f4tellerie continue d\u2019\u00e9voluer rapidement. Les canaux de distribution deviennent de plus en plus complexes, les attentes des clients ne cessent de cro\u00eetre\u2026<\/p>\n","protected":false},"author":115,"featured_media":150383,"parent":0,"menu_order":0,"comment_status":"closed","ping_status":"closed","template":"templates\/landing-page.php","meta":{"_acf_changed":false,"_crdt_document":"","inline_featured_image":false,"footnotes":""},"tags":[],"class_list":["post-146449","page","type-page","status-publish","has-post-thumbnail","hentry"],"acf":[],"yoast_head":"<!-- This site is optimized with the Yoast SEO plugin v27.2 - https:\/\/yoast.com\/product\/yoast-seo-wordpress\/ -->\n<title>Les revenus pr\u00e9ceptes et recommandations | La pr\u00e9cision plut\u00f4t que des promesses vagues : Ce que votre RMS devrait r\u00e9ellement faire pour vous | IDeaS<\/title>\n<meta name=\"description\" content=\"Le secteur de l\u2019h\u00f4tellerie continue d\u2019\u00e9voluer rapidement. Les canaux de distribution deviennent de plus en plus complexes, les attentes des clients ne cessent de cro\u00eetre et les technologies doivent \u00e9voluer. Dans ce contexte de transformation, votre syst\u00e8me de revenue management (RMS) doit non seulement suivre le rythme, mais \u00e9galement montrer la voie. Pourtant, de nombreuses solutions de revenue management continuent de s\u2019appuyer sur des hypoth\u00e8ses obsol\u00e8tes (et risqu\u00e9es) et des capacit\u00e9s d&#039;analyse limit\u00e9es. Ce document pr\u00e9sente les fonctionnalit\u00e9s essentielles que votre syst\u00e8me de revenue management (RMS) doit proposer pour permettre \u00e0 votre organisation de s\u2019adapter et de prosp\u00e9rer.\" \/>\n<meta name=\"robots\" content=\"index, follow, max-snippet:-1, max-image-preview:large, max-video-preview:-1\" \/>\n<link rel=\"canonical\" href=\"https:\/\/ideas.com\/fr\/lessons-in-revenue-precision-over-open-promises-what-your-rms-should-actually-do-for-you\/\" \/>\n<meta property=\"og:locale\" content=\"fr_FR\" \/>\n<meta property=\"og:type\" content=\"article\" \/>\n<meta property=\"og:title\" content=\"Les revenus pr\u00e9ceptes et recommandations | La pr\u00e9cision plut\u00f4t que des promesses vagues : Ce que votre RMS devrait r\u00e9ellement faire pour vous\" \/>\n<meta property=\"og:description\" content=\"Le secteur de l\u2019h\u00f4tellerie continue d\u2019\u00e9voluer rapidement. Les canaux de distribution deviennent de plus en plus complexes, les attentes des clients ne cessent de cro\u00eetre et les technologies doivent \u00e9voluer. Dans ce contexte de transformation, votre syst\u00e8me de revenue management (RMS) doit non seulement suivre le rythme, mais \u00e9galement montrer la voie. Pourtant, de nombreuses solutions de revenue management continuent de s\u2019appuyer sur des hypoth\u00e8ses obsol\u00e8tes (et risqu\u00e9es) et des capacit\u00e9s d&#039;analyse limit\u00e9es. Ce document pr\u00e9sente les fonctionnalit\u00e9s essentielles que votre syst\u00e8me de revenue management (RMS) doit proposer pour permettre \u00e0 votre organisation de s\u2019adapter et de prosp\u00e9rer.\" \/>\n<meta property=\"og:url\" content=\"https:\/\/ideas.com\/fr\/lessons-in-revenue-precision-over-open-promises-what-your-rms-should-actually-do-for-you\/\" \/>\n<meta property=\"og:site_name\" content=\"IDeaS\" \/>\n<meta property=\"article:modified_time\" content=\"2026-03-26T15:05:09+00:00\" \/>\n<meta property=\"og:image\" content=\"https:\/\/ideas.com\/wp-content\/uploads\/2026\/03\/Precision-Over-Promises.png\" \/>\n\t<meta property=\"og:image:width\" content=\"1200\" \/>\n\t<meta property=\"og:image:height\" content=\"630\" \/>\n\t<meta property=\"og:image:type\" content=\"image\/png\" \/>\n<meta name=\"twitter:card\" content=\"summary_large_image\" \/>\n<meta name=\"twitter:title\" content=\"Les revenus pr\u00e9ceptes et recommandations | La pr\u00e9cision plut\u00f4t que des promesses vagues : Ce que votre RMS devrait r\u00e9ellement faire pour vous\" \/>\n<meta name=\"twitter:description\" content=\"Le secteur de l\u2019h\u00f4tellerie continue d\u2019\u00e9voluer rapidement. Les canaux de distribution deviennent de plus en plus complexes, les attentes des clients ne cessent de cro\u00eetre et les technologies doivent \u00e9voluer. Dans ce contexte de transformation, votre syst\u00e8me de revenue management (RMS) doit non seulement suivre le rythme, mais \u00e9galement montrer la voie. Pourtant, de nombreuses solutions de revenue management continuent de s\u2019appuyer sur des hypoth\u00e8ses obsol\u00e8tes (et risqu\u00e9es) et des capacit\u00e9s d&#039;analyse limit\u00e9es. Ce document pr\u00e9sente les fonctionnalit\u00e9s essentielles que votre syst\u00e8me de revenue management (RMS) doit proposer pour permettre \u00e0 votre organisation de s\u2019adapter et de prosp\u00e9rer.\" \/>\n<meta name=\"twitter:image\" content=\"https:\/\/ideas.com\/wp-content\/uploads\/2026\/03\/Precision-Over-Promises.png\" \/>\n<meta name=\"twitter:label1\" content=\"Dur\u00e9e de lecture estim\u00e9e\" \/>\n\t<meta name=\"twitter:data1\" content=\"1 minute\" \/>\n<script type=\"application\/ld+json\" class=\"yoast-schema-graph\">{\"@context\":\"https:\/\/schema.org\",\"@graph\":[{\"@type\":\"WebPage\",\"@id\":\"https:\/\/ideas.com\/fr\/lessons-in-revenue-precision-over-open-promises-what-your-rms-should-actually-do-for-you\/\",\"url\":\"https:\/\/ideas.com\/fr\/lessons-in-revenue-precision-over-open-promises-what-your-rms-should-actually-do-for-you\/\",\"name\":\"Les revenus pr\u00e9ceptes et recommandations | La pr\u00e9cision plut\u00f4t que des promesses vagues : Ce que votre RMS devrait r\u00e9ellement faire pour vous | IDeaS\",\"isPartOf\":{\"@id\":\"https:\/\/ideas.com\/fr\/#website\"},\"primaryImageOfPage\":{\"@id\":\"https:\/\/ideas.com\/fr\/lessons-in-revenue-precision-over-open-promises-what-your-rms-should-actually-do-for-you\/#primaryimage\"},\"image\":{\"@id\":\"https:\/\/ideas.com\/fr\/lessons-in-revenue-precision-over-open-promises-what-your-rms-should-actually-do-for-you\/#primaryimage\"},\"thumbnailUrl\":\"https:\/\/ideas.com\/wp-content\/uploads\/2026\/03\/Precision-Over-Promises.png\",\"datePublished\":\"2026-03-02T17:46:41+00:00\",\"dateModified\":\"2026-03-26T15:05:09+00:00\",\"description\":\"Le secteur de l\u2019h\u00f4tellerie continue d\u2019\u00e9voluer rapidement. Les canaux de distribution deviennent de plus en plus complexes, les attentes des clients ne cessent de cro\u00eetre et les technologies doivent \u00e9voluer. Dans ce contexte de transformation, votre syst\u00e8me de revenue management (RMS) doit non seulement suivre le rythme, mais \u00e9galement montrer la voie. Pourtant, de nombreuses solutions de revenue management continuent de s\u2019appuyer sur des hypoth\u00e8ses obsol\u00e8tes (et risqu\u00e9es) et des capacit\u00e9s d'analyse limit\u00e9es. Ce document pr\u00e9sente les fonctionnalit\u00e9s essentielles que votre syst\u00e8me de revenue management (RMS) doit proposer pour permettre \u00e0 votre organisation de s\u2019adapter et de prosp\u00e9rer.\",\"inLanguage\":\"fr-FR\",\"potentialAction\":[{\"@type\":\"ReadAction\",\"target\":[\"https:\/\/ideas.com\/fr\/lessons-in-revenue-precision-over-open-promises-what-your-rms-should-actually-do-for-you\/\"]}]},{\"@type\":\"ImageObject\",\"inLanguage\":\"fr-FR\",\"@id\":\"https:\/\/ideas.com\/fr\/lessons-in-revenue-precision-over-open-promises-what-your-rms-should-actually-do-for-you\/#primaryimage\",\"url\":\"https:\/\/ideas.com\/wp-content\/uploads\/2026\/03\/Precision-Over-Promises.png\",\"contentUrl\":\"https:\/\/ideas.com\/wp-content\/uploads\/2026\/03\/Precision-Over-Promises.png\",\"width\":1200,\"height\":630},{\"@type\":\"WebSite\",\"@id\":\"https:\/\/ideas.com\/fr\/#website\",\"url\":\"https:\/\/ideas.com\/fr\/\",\"name\":\"IDeaS\",\"description\":\"Driving Better Revenue\",\"publisher\":{\"@id\":\"https:\/\/ideas.com\/fr\/#organization\"},\"potentialAction\":[{\"@type\":\"SearchAction\",\"target\":{\"@type\":\"EntryPoint\",\"urlTemplate\":\"https:\/\/ideas.com\/fr\/?s={search_term_string}\"},\"query-input\":{\"@type\":\"PropertyValueSpecification\",\"valueRequired\":true,\"valueName\":\"search_term_string\"}}],\"inLanguage\":\"fr-FR\"},{\"@type\":\"Organization\",\"@id\":\"https:\/\/ideas.com\/fr\/#organization\",\"name\":\"IDeaS Revenue Solutions\",\"url\":\"https:\/\/ideas.com\/fr\/\",\"logo\":{\"@type\":\"ImageObject\",\"inLanguage\":\"fr-FR\",\"@id\":\"https:\/\/ideas.com\/fr\/#\/schema\/logo\/image\/\",\"url\":\"https:\/\/ideas.com\/wp-content\/uploads\/2021\/08\/ideas-logo.svg\",\"contentUrl\":\"https:\/\/ideas.com\/wp-content\/uploads\/2021\/08\/ideas-logo.svg\",\"width\":1,\"height\":1,\"caption\":\"IDeaS Revenue Solutions\"},\"image\":{\"@id\":\"https:\/\/ideas.com\/fr\/#\/schema\/logo\/image\/\"}}]}<\/script>\n<!-- \/ Yoast SEO plugin. -->","yoast_head_json":{"title":"Les revenus pr\u00e9ceptes et recommandations | La pr\u00e9cision plut\u00f4t que des promesses vagues : Ce que votre RMS devrait r\u00e9ellement faire pour vous | IDeaS","description":"Le secteur de l\u2019h\u00f4tellerie continue d\u2019\u00e9voluer rapidement. Les canaux de distribution deviennent de plus en plus complexes, les attentes des clients ne cessent de cro\u00eetre et les technologies doivent \u00e9voluer. Dans ce contexte de transformation, votre syst\u00e8me de revenue management (RMS) doit non seulement suivre le rythme, mais \u00e9galement montrer la voie. Pourtant, de nombreuses solutions de revenue management continuent de s\u2019appuyer sur des hypoth\u00e8ses obsol\u00e8tes (et risqu\u00e9es) et des capacit\u00e9s d'analyse limit\u00e9es. Ce document pr\u00e9sente les fonctionnalit\u00e9s essentielles que votre syst\u00e8me de revenue management (RMS) doit proposer pour permettre \u00e0 votre organisation de s\u2019adapter et de prosp\u00e9rer.","robots":{"index":"index","follow":"follow","max-snippet":"max-snippet:-1","max-image-preview":"max-image-preview:large","max-video-preview":"max-video-preview:-1"},"canonical":"https:\/\/ideas.com\/fr\/lessons-in-revenue-precision-over-open-promises-what-your-rms-should-actually-do-for-you\/","og_locale":"fr_FR","og_type":"article","og_title":"Les revenus pr\u00e9ceptes et recommandations | La pr\u00e9cision plut\u00f4t que des promesses vagues : Ce que votre RMS devrait r\u00e9ellement faire pour vous","og_description":"Le secteur de l\u2019h\u00f4tellerie continue d\u2019\u00e9voluer rapidement. Les canaux de distribution deviennent de plus en plus complexes, les attentes des clients ne cessent de cro\u00eetre et les technologies doivent \u00e9voluer. Dans ce contexte de transformation, votre syst\u00e8me de revenue management (RMS) doit non seulement suivre le rythme, mais \u00e9galement montrer la voie. Pourtant, de nombreuses solutions de revenue management continuent de s\u2019appuyer sur des hypoth\u00e8ses obsol\u00e8tes (et risqu\u00e9es) et des capacit\u00e9s d'analyse limit\u00e9es. Ce document pr\u00e9sente les fonctionnalit\u00e9s essentielles que votre syst\u00e8me de revenue management (RMS) doit proposer pour permettre \u00e0 votre organisation de s\u2019adapter et de prosp\u00e9rer.","og_url":"https:\/\/ideas.com\/fr\/lessons-in-revenue-precision-over-open-promises-what-your-rms-should-actually-do-for-you\/","og_site_name":"IDeaS","article_modified_time":"2026-03-26T15:05:09+00:00","og_image":[{"width":1200,"height":630,"url":"https:\/\/ideas.com\/wp-content\/uploads\/2026\/03\/Precision-Over-Promises.png","type":"image\/png"}],"twitter_card":"summary_large_image","twitter_title":"Les revenus pr\u00e9ceptes et recommandations | La pr\u00e9cision plut\u00f4t que des promesses vagues : Ce que votre RMS devrait r\u00e9ellement faire pour vous","twitter_description":"Le secteur de l\u2019h\u00f4tellerie continue d\u2019\u00e9voluer rapidement. Les canaux de distribution deviennent de plus en plus complexes, les attentes des clients ne cessent de cro\u00eetre et les technologies doivent \u00e9voluer. Dans ce contexte de transformation, votre syst\u00e8me de revenue management (RMS) doit non seulement suivre le rythme, mais \u00e9galement montrer la voie. Pourtant, de nombreuses solutions de revenue management continuent de s\u2019appuyer sur des hypoth\u00e8ses obsol\u00e8tes (et risqu\u00e9es) et des capacit\u00e9s d'analyse limit\u00e9es. Ce document pr\u00e9sente les fonctionnalit\u00e9s essentielles que votre syst\u00e8me de revenue management (RMS) doit proposer pour permettre \u00e0 votre organisation de s\u2019adapter et de prosp\u00e9rer.","twitter_image":"https:\/\/ideas.com\/wp-content\/uploads\/2026\/03\/Precision-Over-Promises.png","twitter_misc":{"Dur\u00e9e de lecture estim\u00e9e":"1 minute"},"schema":{"@context":"https:\/\/schema.org","@graph":[{"@type":"WebPage","@id":"https:\/\/ideas.com\/fr\/lessons-in-revenue-precision-over-open-promises-what-your-rms-should-actually-do-for-you\/","url":"https:\/\/ideas.com\/fr\/lessons-in-revenue-precision-over-open-promises-what-your-rms-should-actually-do-for-you\/","name":"Les revenus pr\u00e9ceptes et recommandations | La pr\u00e9cision plut\u00f4t que des promesses vagues : Ce que votre RMS devrait r\u00e9ellement faire pour vous | IDeaS","isPartOf":{"@id":"https:\/\/ideas.com\/fr\/#website"},"primaryImageOfPage":{"@id":"https:\/\/ideas.com\/fr\/lessons-in-revenue-precision-over-open-promises-what-your-rms-should-actually-do-for-you\/#primaryimage"},"image":{"@id":"https:\/\/ideas.com\/fr\/lessons-in-revenue-precision-over-open-promises-what-your-rms-should-actually-do-for-you\/#primaryimage"},"thumbnailUrl":"https:\/\/ideas.com\/wp-content\/uploads\/2026\/03\/Precision-Over-Promises.png","datePublished":"2026-03-02T17:46:41+00:00","dateModified":"2026-03-26T15:05:09+00:00","description":"Le secteur de l\u2019h\u00f4tellerie continue d\u2019\u00e9voluer rapidement. Les canaux de distribution deviennent de plus en plus complexes, les attentes des clients ne cessent de cro\u00eetre et les technologies doivent \u00e9voluer. Dans ce contexte de transformation, votre syst\u00e8me de revenue management (RMS) doit non seulement suivre le rythme, mais \u00e9galement montrer la voie. Pourtant, de nombreuses solutions de revenue management continuent de s\u2019appuyer sur des hypoth\u00e8ses obsol\u00e8tes (et risqu\u00e9es) et des capacit\u00e9s d'analyse limit\u00e9es. Ce document pr\u00e9sente les fonctionnalit\u00e9s essentielles que votre syst\u00e8me de revenue management (RMS) doit proposer pour permettre \u00e0 votre organisation de s\u2019adapter et de prosp\u00e9rer.","inLanguage":"fr-FR","potentialAction":[{"@type":"ReadAction","target":["https:\/\/ideas.com\/fr\/lessons-in-revenue-precision-over-open-promises-what-your-rms-should-actually-do-for-you\/"]}]},{"@type":"ImageObject","inLanguage":"fr-FR","@id":"https:\/\/ideas.com\/fr\/lessons-in-revenue-precision-over-open-promises-what-your-rms-should-actually-do-for-you\/#primaryimage","url":"https:\/\/ideas.com\/wp-content\/uploads\/2026\/03\/Precision-Over-Promises.png","contentUrl":"https:\/\/ideas.com\/wp-content\/uploads\/2026\/03\/Precision-Over-Promises.png","width":1200,"height":630},{"@type":"WebSite","@id":"https:\/\/ideas.com\/fr\/#website","url":"https:\/\/ideas.com\/fr\/","name":"IDeaS","description":"Driving Better Revenue","publisher":{"@id":"https:\/\/ideas.com\/fr\/#organization"},"potentialAction":[{"@type":"SearchAction","target":{"@type":"EntryPoint","urlTemplate":"https:\/\/ideas.com\/fr\/?s={search_term_string}"},"query-input":{"@type":"PropertyValueSpecification","valueRequired":true,"valueName":"search_term_string"}}],"inLanguage":"fr-FR"},{"@type":"Organization","@id":"https:\/\/ideas.com\/fr\/#organization","name":"IDeaS Revenue Solutions","url":"https:\/\/ideas.com\/fr\/","logo":{"@type":"ImageObject","inLanguage":"fr-FR","@id":"https:\/\/ideas.com\/fr\/#\/schema\/logo\/image\/","url":"https:\/\/ideas.com\/wp-content\/uploads\/2021\/08\/ideas-logo.svg","contentUrl":"https:\/\/ideas.com\/wp-content\/uploads\/2021\/08\/ideas-logo.svg","width":1,"height":1,"caption":"IDeaS Revenue Solutions"},"image":{"@id":"https:\/\/ideas.com\/fr\/#\/schema\/logo\/image\/"}}]}},"_links":{"self":[{"href":"https:\/\/ideas.com\/fr\/wp-json\/wp\/v2\/pages\/146449","targetHints":{"allow":["GET"]}}],"collection":[{"href":"https:\/\/ideas.com\/fr\/wp-json\/wp\/v2\/pages"}],"about":[{"href":"https:\/\/ideas.com\/fr\/wp-json\/wp\/v2\/types\/page"}],"author":[{"embeddable":true,"href":"https:\/\/ideas.com\/fr\/wp-json\/wp\/v2\/users\/115"}],"replies":[{"embeddable":true,"href":"https:\/\/ideas.com\/fr\/wp-json\/wp\/v2\/comments?post=146449"}],"version-history":[{"count":0,"href":"https:\/\/ideas.com\/fr\/wp-json\/wp\/v2\/pages\/146449\/revisions"}],"wp:featuredmedia":[{"embeddable":true,"href":"https:\/\/ideas.com\/fr\/wp-json\/wp\/v2\/media\/150383"}],"wp:attachment":[{"href":"https:\/\/ideas.com\/fr\/wp-json\/wp\/v2\/media?parent=146449"}],"wp:term":[{"taxonomy":"post_tag","embeddable":true,"href":"https:\/\/ideas.com\/fr\/wp-json\/wp\/v2\/tags?post=146449"}],"curies":[{"name":"wp","href":"https:\/\/api.w.org\/{rel}","templated":true}]}}