{"id":148241,"date":"2025-12-18T11:48:34","date_gmt":"2025-12-18T17:48:34","guid":{"rendered":"https:\/\/ideas.com\/pourquoi-choisir-ideas\/"},"modified":"2026-02-19T08:32:45","modified_gmt":"2026-02-19T14:32:45","slug":"pourquoi-choisir-ideas","status":"publish","type":"page","link":"https:\/\/ideas.com\/fr\/pourquoi-choisir-ideas\/","title":{"rendered":"Pourquoi choisir IDeaS"},"content":{"rendered":"","protected":false},"excerpt":{"rendered":"","protected":false},"author":56,"featured_media":0,"parent":0,"menu_order":0,"comment_status":"closed","ping_status":"closed","template":"templates\/landing-page.php","meta":{"_acf_changed":false,"_crdt_document":"","inline_featured_image":false,"footnotes":""},"tags":[],"class_list":["post-148241","page","type-page","status-publish","hentry"],"acf":[],"yoast_head":"<!-- This site is optimized with the Yoast SEO plugin v27.2 - https:\/\/yoast.com\/product\/yoast-seo-wordpress\/ -->\n<title>Pourquoi choisir IDeaS\u00a0: Le syst\u00e8me de revenue management le plus performant dont les avantages ne sont plus \u00e0 d\u00e9montrer<\/title>\n<meta name=\"description\" content=\"D\u00e9couvrez pourquoi plus de 30\u00a0000 \u00e9tablissements dans le monde font confiance \u00e0 IDeaS. Comparez les syst\u00e8mes de revenue management, explorez ses avantages et d\u00e9couvrez l&#039;innovation technologique et la fiabilit\u00e9 \u00e0 long terme du syst\u00e8me IDeaS qui vous permettront de stimuler votre croissance.\" \/>\n<meta name=\"robots\" content=\"index, follow, max-snippet:-1, max-image-preview:large, max-video-preview:-1\" \/>\n<link rel=\"canonical\" href=\"https:\/\/ideas.com\/fr\/pourquoi-choisir-ideas\/\" \/>\n<meta property=\"og:locale\" content=\"fr_FR\" \/>\n<meta property=\"og:type\" content=\"article\" \/>\n<meta property=\"og:title\" content=\"Pourquoi choisir IDeaS\u00a0: Le syst\u00e8me de revenue management le plus performant dont les avantages ne sont plus \u00e0 d\u00e9montrer\" \/>\n<meta property=\"og:description\" content=\"D\u00e9couvrez pourquoi plus de 30\u00a0000 \u00e9tablissements dans le monde font confiance \u00e0 IDeaS. Comparez les syst\u00e8mes de revenue management, explorez ses avantages et d\u00e9couvrez comment IDeaS, gr\u00e2ce \u00e0 sa capacit\u00e9 d&#039;innovation et la fiabilit\u00e9 de son syst\u00e8me \u00e0 long terme, vous permettra de stimuler votre croissance.\" \/>\n<meta property=\"og:url\" content=\"https:\/\/ideas.com\/fr\/pourquoi-choisir-ideas\/\" \/>\n<meta property=\"og:site_name\" content=\"IDeaS\" \/>\n<meta property=\"article:modified_time\" content=\"2026-02-19T14:32:45+00:00\" \/>\n<meta property=\"og:image\" content=\"https:\/\/ideas.com\/wp-content\/uploads\/2024\/12\/ideas_social_image.png\" \/>\n\t<meta property=\"og:image:width\" content=\"1800\" \/>\n\t<meta property=\"og:image:height\" content=\"945\" \/>\n\t<meta property=\"og:image:type\" content=\"image\/png\" \/>\n<meta name=\"twitter:card\" content=\"summary_large_image\" \/>\n<meta name=\"twitter:title\" content=\"Cr\u00e9ez un avantage concurrentiel\" \/>\n<meta name=\"twitter:description\" content=\"Vous ne pouvez pas ma\u00eetriser les conditions du march\u00e9 ni la menace concurrentielle. Mais choisir un syst\u00e8me de revenue management sup\u00e9rieur est essentiel. IDeaS G3 RMS permet aux h\u00f4teliers d&#039;augmenter la rentabilit\u00e9.\" \/>\n<meta name=\"twitter:image\" content=\"https:\/\/ideas.com\/wp-content\/uploads\/2025\/06\/IDeaS-Edge-1024x536.png\" \/>\n<script type=\"application\/ld+json\" class=\"yoast-schema-graph\">{\"@context\":\"https:\/\/schema.org\",\"@graph\":[{\"@type\":\"WebPage\",\"@id\":\"https:\/\/ideas.com\/fr\/pourquoi-choisir-ideas\/\",\"url\":\"https:\/\/ideas.com\/fr\/pourquoi-choisir-ideas\/\",\"name\":\"Pourquoi choisir IDeaS\u00a0: Le syst\u00e8me de revenue management le plus performant dont les avantages ne sont plus \u00e0 d\u00e9montrer\",\"isPartOf\":{\"@id\":\"https:\/\/ideas.com\/fr\/#website\"},\"datePublished\":\"2025-12-18T17:48:34+00:00\",\"dateModified\":\"2026-02-19T14:32:45+00:00\",\"description\":\"D\u00e9couvrez pourquoi plus de 30\u00a0000 \u00e9tablissements dans le monde font confiance \u00e0 IDeaS. Comparez les syst\u00e8mes de revenue management, explorez ses avantages et d\u00e9couvrez l'innovation technologique et la fiabilit\u00e9 \u00e0 long terme du syst\u00e8me IDeaS qui vous permettront de stimuler votre croissance.\",\"inLanguage\":\"fr-FR\",\"potentialAction\":[{\"@type\":\"ReadAction\",\"target\":[\"https:\/\/ideas.com\/fr\/pourquoi-choisir-ideas\/\"]}]},{\"@type\":\"WebSite\",\"@id\":\"https:\/\/ideas.com\/fr\/#website\",\"url\":\"https:\/\/ideas.com\/fr\/\",\"name\":\"IDeaS\",\"description\":\"Driving Better Revenue\",\"publisher\":{\"@id\":\"https:\/\/ideas.com\/fr\/#organization\"},\"potentialAction\":[{\"@type\":\"SearchAction\",\"target\":{\"@type\":\"EntryPoint\",\"urlTemplate\":\"https:\/\/ideas.com\/fr\/?s={search_term_string}\"},\"query-input\":{\"@type\":\"PropertyValueSpecification\",\"valueRequired\":true,\"valueName\":\"search_term_string\"}}],\"inLanguage\":\"fr-FR\"},{\"@type\":\"Organization\",\"@id\":\"https:\/\/ideas.com\/fr\/#organization\",\"name\":\"IDeaS Revenue Solutions\",\"url\":\"https:\/\/ideas.com\/fr\/\",\"logo\":{\"@type\":\"ImageObject\",\"inLanguage\":\"fr-FR\",\"@id\":\"https:\/\/ideas.com\/fr\/#\/schema\/logo\/image\/\",\"url\":\"https:\/\/ideas.com\/wp-content\/uploads\/2021\/08\/ideas-logo.svg\",\"contentUrl\":\"https:\/\/ideas.com\/wp-content\/uploads\/2021\/08\/ideas-logo.svg\",\"width\":1,\"height\":1,\"caption\":\"IDeaS Revenue Solutions\"},\"image\":{\"@id\":\"https:\/\/ideas.com\/fr\/#\/schema\/logo\/image\/\"}}]}<\/script>\n<!-- \/ Yoast SEO plugin. -->","yoast_head_json":{"title":"Pourquoi choisir IDeaS\u00a0: Le syst\u00e8me de revenue management le plus performant dont les avantages ne sont plus \u00e0 d\u00e9montrer","description":"D\u00e9couvrez pourquoi plus de 30\u00a0000 \u00e9tablissements dans le monde font confiance \u00e0 IDeaS. Comparez les syst\u00e8mes de revenue management, explorez ses avantages et d\u00e9couvrez l'innovation technologique et la fiabilit\u00e9 \u00e0 long terme du syst\u00e8me IDeaS qui vous permettront de stimuler votre croissance.","robots":{"index":"index","follow":"follow","max-snippet":"max-snippet:-1","max-image-preview":"max-image-preview:large","max-video-preview":"max-video-preview:-1"},"canonical":"https:\/\/ideas.com\/fr\/pourquoi-choisir-ideas\/","og_locale":"fr_FR","og_type":"article","og_title":"Pourquoi choisir IDeaS\u00a0: Le syst\u00e8me de revenue management le plus performant dont les avantages ne sont plus \u00e0 d\u00e9montrer","og_description":"D\u00e9couvrez pourquoi plus de 30\u00a0000 \u00e9tablissements dans le monde font confiance \u00e0 IDeaS. Comparez les syst\u00e8mes de revenue management, explorez ses avantages et d\u00e9couvrez comment IDeaS, gr\u00e2ce \u00e0 sa capacit\u00e9 d'innovation et la fiabilit\u00e9 de son syst\u00e8me \u00e0 long terme, vous permettra de stimuler votre croissance.","og_url":"https:\/\/ideas.com\/fr\/pourquoi-choisir-ideas\/","og_site_name":"IDeaS","article_modified_time":"2026-02-19T14:32:45+00:00","og_image":[{"width":1800,"height":945,"url":"https:\/\/ideas.com\/wp-content\/uploads\/2024\/12\/ideas_social_image.png","type":"image\/png"}],"twitter_card":"summary_large_image","twitter_title":"Cr\u00e9ez un avantage concurrentiel","twitter_description":"Vous ne pouvez pas ma\u00eetriser les conditions du march\u00e9 ni la menace concurrentielle. Mais choisir un syst\u00e8me de revenue management sup\u00e9rieur est essentiel. IDeaS G3 RMS permet aux h\u00f4teliers d'augmenter la rentabilit\u00e9.","twitter_image":"https:\/\/ideas.com\/wp-content\/uploads\/2025\/06\/IDeaS-Edge-1024x536.png","schema":{"@context":"https:\/\/schema.org","@graph":[{"@type":"WebPage","@id":"https:\/\/ideas.com\/fr\/pourquoi-choisir-ideas\/","url":"https:\/\/ideas.com\/fr\/pourquoi-choisir-ideas\/","name":"Pourquoi choisir IDeaS\u00a0: Le syst\u00e8me de revenue management le plus performant dont les avantages ne sont plus \u00e0 d\u00e9montrer","isPartOf":{"@id":"https:\/\/ideas.com\/fr\/#website"},"datePublished":"2025-12-18T17:48:34+00:00","dateModified":"2026-02-19T14:32:45+00:00","description":"D\u00e9couvrez pourquoi plus de 30\u00a0000 \u00e9tablissements dans le monde font confiance \u00e0 IDeaS. Comparez les syst\u00e8mes de revenue management, explorez ses avantages et d\u00e9couvrez l'innovation technologique et la fiabilit\u00e9 \u00e0 long terme du syst\u00e8me IDeaS qui vous permettront de stimuler votre croissance.","inLanguage":"fr-FR","potentialAction":[{"@type":"ReadAction","target":["https:\/\/ideas.com\/fr\/pourquoi-choisir-ideas\/"]}]},{"@type":"WebSite","@id":"https:\/\/ideas.com\/fr\/#website","url":"https:\/\/ideas.com\/fr\/","name":"IDeaS","description":"Driving Better Revenue","publisher":{"@id":"https:\/\/ideas.com\/fr\/#organization"},"potentialAction":[{"@type":"SearchAction","target":{"@type":"EntryPoint","urlTemplate":"https:\/\/ideas.com\/fr\/?s={search_term_string}"},"query-input":{"@type":"PropertyValueSpecification","valueRequired":true,"valueName":"search_term_string"}}],"inLanguage":"fr-FR"},{"@type":"Organization","@id":"https:\/\/ideas.com\/fr\/#organization","name":"IDeaS Revenue Solutions","url":"https:\/\/ideas.com\/fr\/","logo":{"@type":"ImageObject","inLanguage":"fr-FR","@id":"https:\/\/ideas.com\/fr\/#\/schema\/logo\/image\/","url":"https:\/\/ideas.com\/wp-content\/uploads\/2021\/08\/ideas-logo.svg","contentUrl":"https:\/\/ideas.com\/wp-content\/uploads\/2021\/08\/ideas-logo.svg","width":1,"height":1,"caption":"IDeaS Revenue Solutions"},"image":{"@id":"https:\/\/ideas.com\/fr\/#\/schema\/logo\/image\/"}}]}},"_links":{"self":[{"href":"https:\/\/ideas.com\/fr\/wp-json\/wp\/v2\/pages\/148241","targetHints":{"allow":["GET"]}}],"collection":[{"href":"https:\/\/ideas.com\/fr\/wp-json\/wp\/v2\/pages"}],"about":[{"href":"https:\/\/ideas.com\/fr\/wp-json\/wp\/v2\/types\/page"}],"author":[{"embeddable":true,"href":"https:\/\/ideas.com\/fr\/wp-json\/wp\/v2\/users\/56"}],"replies":[{"embeddable":true,"href":"https:\/\/ideas.com\/fr\/wp-json\/wp\/v2\/comments?post=148241"}],"version-history":[{"count":0,"href":"https:\/\/ideas.com\/fr\/wp-json\/wp\/v2\/pages\/148241\/revisions"}],"wp:attachment":[{"href":"https:\/\/ideas.com\/fr\/wp-json\/wp\/v2\/media?parent=148241"}],"wp:term":[{"taxonomy":"post_tag","embeddable":true,"href":"https:\/\/ideas.com\/fr\/wp-json\/wp\/v2\/tags?post=148241"}],"curies":[{"name":"wp","href":"https:\/\/api.w.org\/{rel}","templated":true}]}}