{"id":150523,"date":"2024-11-19T12:51:56","date_gmt":"2024-11-19T18:51:56","guid":{"rendered":"https:\/\/ideas.com\/lessons-in-revenue-total-revenue-profit-optimization\/"},"modified":"2026-03-26T10:49:50","modified_gmt":"2026-03-26T15:49:50","slug":"lessons-in-revenue-total-revenue-profit-optimization","status":"publish","type":"page","link":"https:\/\/ideas.com\/fr\/lessons-in-revenue-total-revenue-profit-optimization\/","title":{"rendered":"LE\u00c7ONS de revenue management: Optimisation totale des revenus et b\u00e9n\u00e9fices"},"content":{"rendered":"<p>D\u00e9couvrez les \u00e9l\u00e9ments essentiels et les enjeux strat\u00e9giques de la gestion globale des revenus, ainsi que la mani\u00e8re dont elle peut \u00eatre mise en \u0153uvre pour augmenter les d\u00e9penses des clients, optimiser l&rsquo;efficacit\u00e9 op\u00e9rationnelle et am\u00e9liorer vos r\u00e9sultats financiers.<\/p>\n","protected":false},"excerpt":{"rendered":"<p>D\u00e9couvrez les \u00e9l\u00e9ments essentiels et les enjeux strat\u00e9giques de la gestion globale des revenus, ainsi que la mani\u00e8re dont elle peut \u00eatre mise en \u0153uvre\u2026<\/p>\n","protected":false},"author":54,"featured_media":150497,"parent":0,"menu_order":0,"comment_status":"closed","ping_status":"closed","template":"templates\/landing-page.php","meta":{"_acf_changed":false,"_crdt_document":"","inline_featured_image":false,"footnotes":""},"tags":[],"class_list":["post-150523","page","type-page","status-publish","has-post-thumbnail","hentry"],"acf":[],"yoast_head":"<!-- This site is optimized with the Yoast SEO plugin v27.5 - https:\/\/yoast.com\/product\/yoast-seo-wordpress\/ -->\n<title>LE\u00c7ONS de revenue management: Optimisation totale des revenus et b\u00e9n\u00e9fices | IDeaS<\/title>\n<meta name=\"description\" content=\"D\u00e9couvrez les \u00e9l\u00e9ments essentiels et les enjeux strat\u00e9giques de la gestion globale des revenus, ainsi que la mani\u00e8re dont elle peut \u00eatre mise en \u0153uvre pour augmenter les d\u00e9penses des clients, optimiser l&#039;efficacit\u00e9 op\u00e9rationnelle et am\u00e9liorer vos r\u00e9sultats financiers.\" \/>\n<meta name=\"robots\" content=\"index, follow, max-snippet:-1, max-image-preview:large, max-video-preview:-1\" \/>\n<link rel=\"canonical\" href=\"https:\/\/ideas.com\/fr\/lessons-in-revenue-total-revenue-profit-optimization\/\" \/>\n<meta property=\"og:locale\" content=\"fr_FR\" \/>\n<meta property=\"og:type\" content=\"article\" \/>\n<meta property=\"og:title\" content=\"LE\u00c7ONS de revenue management: Optimisation totale des revenus et b\u00e9n\u00e9fices\" \/>\n<meta property=\"og:description\" content=\"D\u00e9couvrez les \u00e9l\u00e9ments essentiels et les enjeux strat\u00e9giques de la gestion globale des revenus, ainsi que la mani\u00e8re dont elle peut \u00eatre mise en \u0153uvre pour augmenter les d\u00e9penses des clients, optimiser l&#039;efficacit\u00e9 op\u00e9rationnelle et am\u00e9liorer vos r\u00e9sultats financiers.\" \/>\n<meta property=\"og:url\" content=\"https:\/\/ideas.com\/fr\/lessons-in-revenue-total-revenue-profit-optimization\/\" \/>\n<meta property=\"og:site_name\" content=\"IDeaS\" \/>\n<meta property=\"article:modified_time\" content=\"2026-03-26T15:49:50+00:00\" \/>\n<meta property=\"og:image\" content=\"https:\/\/ideas.com\/wp-content\/uploads\/2024\/11\/Lessons-in-Revenue-Total-Profit-and-Revenue-Optimization-2.png\" \/>\n\t<meta property=\"og:image:width\" content=\"1200\" \/>\n\t<meta property=\"og:image:height\" content=\"630\" \/>\n\t<meta property=\"og:image:type\" content=\"image\/png\" \/>\n<meta name=\"twitter:card\" content=\"summary_large_image\" \/>\n<meta name=\"twitter:title\" content=\"LE\u00c7ONS de revenue management: Optimisation totale des revenus et b\u00e9n\u00e9fices\" \/>\n<meta name=\"twitter:description\" content=\"D\u00e9couvrez les \u00e9l\u00e9ments essentiels et les enjeux strat\u00e9giques de la gestion globale des revenus, ainsi que la mani\u00e8re dont elle peut \u00eatre mise en \u0153uvre pour augmenter les d\u00e9penses des clients, optimiser l&#039;efficacit\u00e9 op\u00e9rationnelle et am\u00e9liorer vos r\u00e9sultats financiers.\" \/>\n<meta name=\"twitter:image\" content=\"https:\/\/ideas.com\/wp-content\/uploads\/2024\/11\/Lessons-in-Revenue-Total-Profit-and-Revenue-Optimization-2.png\" \/>\n<meta name=\"twitter:label1\" content=\"Dur\u00e9e de lecture estim\u00e9e\" \/>\n\t<meta name=\"twitter:data1\" content=\"1 minute\" \/>\n<script type=\"application\/ld+json\" class=\"yoast-schema-graph\">{\"@context\":\"https:\\\/\\\/schema.org\",\"@graph\":[{\"@type\":\"WebPage\",\"@id\":\"https:\\\/\\\/ideas.com\\\/fr\\\/lessons-in-revenue-total-revenue-profit-optimization\\\/\",\"url\":\"https:\\\/\\\/ideas.com\\\/fr\\\/lessons-in-revenue-total-revenue-profit-optimization\\\/\",\"name\":\"LE\u00c7ONS de revenue management: Optimisation totale des revenus et b\u00e9n\u00e9fices | IDeaS\",\"isPartOf\":{\"@id\":\"https:\\\/\\\/ideas.com\\\/fr\\\/#website\"},\"primaryImageOfPage\":{\"@id\":\"https:\\\/\\\/ideas.com\\\/fr\\\/lessons-in-revenue-total-revenue-profit-optimization\\\/#primaryimage\"},\"image\":{\"@id\":\"https:\\\/\\\/ideas.com\\\/fr\\\/lessons-in-revenue-total-revenue-profit-optimization\\\/#primaryimage\"},\"thumbnailUrl\":\"https:\\\/\\\/ideas.com\\\/wp-content\\\/uploads\\\/2024\\\/11\\\/Lessons-in-Revenue-Total-Profit-and-Revenue-Optimization-2.png\",\"datePublished\":\"2024-11-19T18:51:56+00:00\",\"dateModified\":\"2026-03-26T15:49:50+00:00\",\"description\":\"D\u00e9couvrez les \u00e9l\u00e9ments essentiels et les enjeux strat\u00e9giques de la gestion globale des revenus, ainsi que la mani\u00e8re dont elle peut \u00eatre mise en \u0153uvre pour augmenter les d\u00e9penses des clients, optimiser l'efficacit\u00e9 op\u00e9rationnelle et am\u00e9liorer vos r\u00e9sultats financiers.\",\"inLanguage\":\"fr-FR\",\"potentialAction\":[{\"@type\":\"ReadAction\",\"target\":[\"https:\\\/\\\/ideas.com\\\/fr\\\/lessons-in-revenue-total-revenue-profit-optimization\\\/\"]}]},{\"@type\":\"ImageObject\",\"inLanguage\":\"fr-FR\",\"@id\":\"https:\\\/\\\/ideas.com\\\/fr\\\/lessons-in-revenue-total-revenue-profit-optimization\\\/#primaryimage\",\"url\":\"https:\\\/\\\/ideas.com\\\/wp-content\\\/uploads\\\/2024\\\/11\\\/Lessons-in-Revenue-Total-Profit-and-Revenue-Optimization-2.png\",\"contentUrl\":\"https:\\\/\\\/ideas.com\\\/wp-content\\\/uploads\\\/2024\\\/11\\\/Lessons-in-Revenue-Total-Profit-and-Revenue-Optimization-2.png\",\"width\":1200,\"height\":630},{\"@type\":\"WebSite\",\"@id\":\"https:\\\/\\\/ideas.com\\\/fr\\\/#website\",\"url\":\"https:\\\/\\\/ideas.com\\\/fr\\\/\",\"name\":\"IDeaS\",\"description\":\"Driving Better Revenue\",\"publisher\":{\"@id\":\"https:\\\/\\\/ideas.com\\\/fr\\\/#organization\"},\"potentialAction\":[{\"@type\":\"SearchAction\",\"target\":{\"@type\":\"EntryPoint\",\"urlTemplate\":\"https:\\\/\\\/ideas.com\\\/fr\\\/?s={search_term_string}\"},\"query-input\":{\"@type\":\"PropertyValueSpecification\",\"valueRequired\":true,\"valueName\":\"search_term_string\"}}],\"inLanguage\":\"fr-FR\"},{\"@type\":\"Organization\",\"@id\":\"https:\\\/\\\/ideas.com\\\/fr\\\/#organization\",\"name\":\"IDeaS Revenue Solutions\",\"url\":\"https:\\\/\\\/ideas.com\\\/fr\\\/\",\"logo\":{\"@type\":\"ImageObject\",\"inLanguage\":\"fr-FR\",\"@id\":\"https:\\\/\\\/ideas.com\\\/fr\\\/#\\\/schema\\\/logo\\\/image\\\/\",\"url\":\"https:\\\/\\\/ideas.com\\\/wp-content\\\/uploads\\\/2021\\\/08\\\/ideas-logo.svg\",\"contentUrl\":\"https:\\\/\\\/ideas.com\\\/wp-content\\\/uploads\\\/2021\\\/08\\\/ideas-logo.svg\",\"width\":1,\"height\":1,\"caption\":\"IDeaS Revenue Solutions\"},\"image\":{\"@id\":\"https:\\\/\\\/ideas.com\\\/fr\\\/#\\\/schema\\\/logo\\\/image\\\/\"}}]}<\/script>\n<!-- \/ Yoast SEO plugin. -->","yoast_head_json":{"title":"LE\u00c7ONS de revenue management: Optimisation totale des revenus et b\u00e9n\u00e9fices | IDeaS","description":"D\u00e9couvrez les \u00e9l\u00e9ments essentiels et les enjeux strat\u00e9giques de la gestion globale des revenus, ainsi que la mani\u00e8re dont elle peut \u00eatre mise en \u0153uvre pour augmenter les d\u00e9penses des clients, optimiser l'efficacit\u00e9 op\u00e9rationnelle et am\u00e9liorer vos r\u00e9sultats financiers.","robots":{"index":"index","follow":"follow","max-snippet":"max-snippet:-1","max-image-preview":"max-image-preview:large","max-video-preview":"max-video-preview:-1"},"canonical":"https:\/\/ideas.com\/fr\/lessons-in-revenue-total-revenue-profit-optimization\/","og_locale":"fr_FR","og_type":"article","og_title":"LE\u00c7ONS de revenue management: Optimisation totale des revenus et b\u00e9n\u00e9fices","og_description":"D\u00e9couvrez les \u00e9l\u00e9ments essentiels et les enjeux strat\u00e9giques de la gestion globale des revenus, ainsi que la mani\u00e8re dont elle peut \u00eatre mise en \u0153uvre pour augmenter les d\u00e9penses des clients, optimiser l'efficacit\u00e9 op\u00e9rationnelle et am\u00e9liorer vos r\u00e9sultats financiers.","og_url":"https:\/\/ideas.com\/fr\/lessons-in-revenue-total-revenue-profit-optimization\/","og_site_name":"IDeaS","article_modified_time":"2026-03-26T15:49:50+00:00","og_image":[{"width":1200,"height":630,"url":"https:\/\/ideas.com\/wp-content\/uploads\/2024\/11\/Lessons-in-Revenue-Total-Profit-and-Revenue-Optimization-2.png","type":"image\/png"}],"twitter_card":"summary_large_image","twitter_title":"LE\u00c7ONS de revenue management: Optimisation totale des revenus et b\u00e9n\u00e9fices","twitter_description":"D\u00e9couvrez les \u00e9l\u00e9ments essentiels et les enjeux strat\u00e9giques de la gestion globale des revenus, ainsi que la mani\u00e8re dont elle peut \u00eatre mise en \u0153uvre pour augmenter les d\u00e9penses des clients, optimiser l'efficacit\u00e9 op\u00e9rationnelle et am\u00e9liorer vos r\u00e9sultats financiers.","twitter_image":"https:\/\/ideas.com\/wp-content\/uploads\/2024\/11\/Lessons-in-Revenue-Total-Profit-and-Revenue-Optimization-2.png","twitter_misc":{"Dur\u00e9e de lecture estim\u00e9e":"1 minute"},"schema":{"@context":"https:\/\/schema.org","@graph":[{"@type":"WebPage","@id":"https:\/\/ideas.com\/fr\/lessons-in-revenue-total-revenue-profit-optimization\/","url":"https:\/\/ideas.com\/fr\/lessons-in-revenue-total-revenue-profit-optimization\/","name":"LE\u00c7ONS de revenue management: Optimisation totale des revenus et b\u00e9n\u00e9fices | IDeaS","isPartOf":{"@id":"https:\/\/ideas.com\/fr\/#website"},"primaryImageOfPage":{"@id":"https:\/\/ideas.com\/fr\/lessons-in-revenue-total-revenue-profit-optimization\/#primaryimage"},"image":{"@id":"https:\/\/ideas.com\/fr\/lessons-in-revenue-total-revenue-profit-optimization\/#primaryimage"},"thumbnailUrl":"https:\/\/ideas.com\/wp-content\/uploads\/2024\/11\/Lessons-in-Revenue-Total-Profit-and-Revenue-Optimization-2.png","datePublished":"2024-11-19T18:51:56+00:00","dateModified":"2026-03-26T15:49:50+00:00","description":"D\u00e9couvrez les \u00e9l\u00e9ments essentiels et les enjeux strat\u00e9giques de la gestion globale des revenus, ainsi que la mani\u00e8re dont elle peut \u00eatre mise en \u0153uvre pour augmenter les d\u00e9penses des clients, optimiser l'efficacit\u00e9 op\u00e9rationnelle et am\u00e9liorer vos r\u00e9sultats financiers.","inLanguage":"fr-FR","potentialAction":[{"@type":"ReadAction","target":["https:\/\/ideas.com\/fr\/lessons-in-revenue-total-revenue-profit-optimization\/"]}]},{"@type":"ImageObject","inLanguage":"fr-FR","@id":"https:\/\/ideas.com\/fr\/lessons-in-revenue-total-revenue-profit-optimization\/#primaryimage","url":"https:\/\/ideas.com\/wp-content\/uploads\/2024\/11\/Lessons-in-Revenue-Total-Profit-and-Revenue-Optimization-2.png","contentUrl":"https:\/\/ideas.com\/wp-content\/uploads\/2024\/11\/Lessons-in-Revenue-Total-Profit-and-Revenue-Optimization-2.png","width":1200,"height":630},{"@type":"WebSite","@id":"https:\/\/ideas.com\/fr\/#website","url":"https:\/\/ideas.com\/fr\/","name":"IDeaS","description":"Driving Better Revenue","publisher":{"@id":"https:\/\/ideas.com\/fr\/#organization"},"potentialAction":[{"@type":"SearchAction","target":{"@type":"EntryPoint","urlTemplate":"https:\/\/ideas.com\/fr\/?s={search_term_string}"},"query-input":{"@type":"PropertyValueSpecification","valueRequired":true,"valueName":"search_term_string"}}],"inLanguage":"fr-FR"},{"@type":"Organization","@id":"https:\/\/ideas.com\/fr\/#organization","name":"IDeaS Revenue Solutions","url":"https:\/\/ideas.com\/fr\/","logo":{"@type":"ImageObject","inLanguage":"fr-FR","@id":"https:\/\/ideas.com\/fr\/#\/schema\/logo\/image\/","url":"https:\/\/ideas.com\/wp-content\/uploads\/2021\/08\/ideas-logo.svg","contentUrl":"https:\/\/ideas.com\/wp-content\/uploads\/2021\/08\/ideas-logo.svg","width":1,"height":1,"caption":"IDeaS Revenue Solutions"},"image":{"@id":"https:\/\/ideas.com\/fr\/#\/schema\/logo\/image\/"}}]}},"_links":{"self":[{"href":"https:\/\/ideas.com\/fr\/wp-json\/wp\/v2\/pages\/150523","targetHints":{"allow":["GET"]}}],"collection":[{"href":"https:\/\/ideas.com\/fr\/wp-json\/wp\/v2\/pages"}],"about":[{"href":"https:\/\/ideas.com\/fr\/wp-json\/wp\/v2\/types\/page"}],"author":[{"embeddable":true,"href":"https:\/\/ideas.com\/fr\/wp-json\/wp\/v2\/users\/54"}],"replies":[{"embeddable":true,"href":"https:\/\/ideas.com\/fr\/wp-json\/wp\/v2\/comments?post=150523"}],"version-history":[{"count":1,"href":"https:\/\/ideas.com\/fr\/wp-json\/wp\/v2\/pages\/150523\/revisions"}],"predecessor-version":[{"id":150550,"href":"https:\/\/ideas.com\/fr\/wp-json\/wp\/v2\/pages\/150523\/revisions\/150550"}],"wp:featuredmedia":[{"embeddable":true,"href":"https:\/\/ideas.com\/fr\/wp-json\/wp\/v2\/media\/150497"}],"wp:attachment":[{"href":"https:\/\/ideas.com\/fr\/wp-json\/wp\/v2\/media?parent=150523"}],"wp:term":[{"taxonomy":"post_tag","embeddable":true,"href":"https:\/\/ideas.com\/fr\/wp-json\/wp\/v2\/tags?post=150523"}],"curies":[{"name":"wp","href":"https:\/\/api.w.org\/{rel}","templated":true}]}}