{"id":150653,"date":"2026-03-26T17:02:36","date_gmt":"2026-03-26T22:02:36","guid":{"rendered":"https:\/\/ideas.com\/?page_id=150653"},"modified":"2026-03-26T17:04:39","modified_gmt":"2026-03-26T22:04:39","slug":"lessons-in-revenue-modern-pricing-strategies","status":"publish","type":"page","link":"https:\/\/ideas.com\/fr\/lessons-in-revenue-modern-pricing-strategies\/","title":{"rendered":"LE\u00c7ONS de revenue management | Strat\u00e9gies modernes de fixation des prix"},"content":{"rendered":"<p>Guide de fixation des prix \u00e0 l\u2019intention des h\u00f4teliers qui souhaitent maximiser leurs revenus<\/p>\n","protected":false},"excerpt":{"rendered":"<p>Guide de fixation des prix \u00e0 l\u2019intention des h\u00f4teliers qui souhaitent maximiser leurs revenus<\/p>\n","protected":false},"author":115,"featured_media":150658,"parent":0,"menu_order":0,"comment_status":"closed","ping_status":"closed","template":"templates\/landing-page.php","meta":{"_acf_changed":false,"_crdt_document":"","inline_featured_image":false,"footnotes":""},"tags":[],"class_list":["post-150653","page","type-page","status-publish","has-post-thumbnail","hentry"],"acf":[],"yoast_head":"<!-- This site is optimized with the Yoast SEO plugin v27.5 - https:\/\/yoast.com\/product\/yoast-seo-wordpress\/ -->\n<title>LE\u00c7ONS de revenue management | Strat\u00e9gies modernes de fixation des prix | IDeaS<\/title>\n<meta name=\"description\" content=\"Guide de fixation des prix \u00e0 l\u2019intention des h\u00f4teliers qui souhaitent maximiser leurs revenus\" \/>\n<meta name=\"robots\" content=\"index, follow, max-snippet:-1, max-image-preview:large, max-video-preview:-1\" \/>\n<link rel=\"canonical\" href=\"https:\/\/ideas.com\/fr\/lessons-in-revenue-modern-pricing-strategies\/\" \/>\n<meta property=\"og:locale\" content=\"fr_FR\" \/>\n<meta property=\"og:type\" content=\"article\" \/>\n<meta property=\"og:title\" content=\"LE\u00c7ONS de revenue management | Strat\u00e9gies modernes de fixation des prix\" \/>\n<meta property=\"og:description\" content=\"Guide de fixation des prix \u00e0 l\u2019intention des h\u00f4teliers qui souhaitent maximiser leurs revenus\" \/>\n<meta property=\"og:url\" content=\"https:\/\/ideas.com\/fr\/lessons-in-revenue-modern-pricing-strategies\/\" \/>\n<meta property=\"og:site_name\" content=\"IDeaS\" \/>\n<meta property=\"article:modified_time\" content=\"2026-03-26T22:04:39+00:00\" \/>\n<meta property=\"og:image\" content=\"https:\/\/ideas.com\/wp-content\/uploads\/2026\/03\/Lessons-in-Revenue-Modern-Pricing-Strategies.png\" \/>\n\t<meta property=\"og:image:width\" content=\"1200\" \/>\n\t<meta property=\"og:image:height\" content=\"630\" \/>\n\t<meta property=\"og:image:type\" content=\"image\/png\" \/>\n<meta name=\"twitter:card\" content=\"summary_large_image\" \/>\n<meta name=\"twitter:title\" content=\"LE\u00c7ONS de revenue management | Strat\u00e9gies modernes de fixation des prix\" \/>\n<meta name=\"twitter:description\" content=\"Guide de fixation des prix \u00e0 l\u2019intention des h\u00f4teliers qui souhaitent maximiser leurs revenus\" \/>\n<meta name=\"twitter:image\" content=\"https:\/\/ideas.com\/wp-content\/uploads\/2026\/03\/Lessons-in-Revenue-Modern-Pricing-Strategies.png\" \/>\n<meta name=\"twitter:label1\" content=\"Dur\u00e9e de lecture estim\u00e9e\" \/>\n\t<meta name=\"twitter:data1\" content=\"1 minute\" \/>\n<script type=\"application\/ld+json\" class=\"yoast-schema-graph\">{\"@context\":\"https:\\\/\\\/schema.org\",\"@graph\":[{\"@type\":\"WebPage\",\"@id\":\"https:\\\/\\\/ideas.com\\\/fr\\\/lessons-in-revenue-modern-pricing-strategies\\\/\",\"url\":\"https:\\\/\\\/ideas.com\\\/fr\\\/lessons-in-revenue-modern-pricing-strategies\\\/\",\"name\":\"LE\u00c7ONS de revenue management | Strat\u00e9gies modernes de fixation des prix | IDeaS\",\"isPartOf\":{\"@id\":\"https:\\\/\\\/ideas.com\\\/fr\\\/#website\"},\"primaryImageOfPage\":{\"@id\":\"https:\\\/\\\/ideas.com\\\/fr\\\/lessons-in-revenue-modern-pricing-strategies\\\/#primaryimage\"},\"image\":{\"@id\":\"https:\\\/\\\/ideas.com\\\/fr\\\/lessons-in-revenue-modern-pricing-strategies\\\/#primaryimage\"},\"thumbnailUrl\":\"https:\\\/\\\/ideas.com\\\/wp-content\\\/uploads\\\/2026\\\/03\\\/Lessons-in-Revenue-Modern-Pricing-Strategies.png\",\"datePublished\":\"2026-03-26T22:02:36+00:00\",\"dateModified\":\"2026-03-26T22:04:39+00:00\",\"description\":\"Guide de fixation des prix \u00e0 l\u2019intention des h\u00f4teliers qui souhaitent maximiser leurs revenus\",\"inLanguage\":\"fr-FR\",\"potentialAction\":[{\"@type\":\"ReadAction\",\"target\":[\"https:\\\/\\\/ideas.com\\\/fr\\\/lessons-in-revenue-modern-pricing-strategies\\\/\"]}]},{\"@type\":\"ImageObject\",\"inLanguage\":\"fr-FR\",\"@id\":\"https:\\\/\\\/ideas.com\\\/fr\\\/lessons-in-revenue-modern-pricing-strategies\\\/#primaryimage\",\"url\":\"https:\\\/\\\/ideas.com\\\/wp-content\\\/uploads\\\/2026\\\/03\\\/Lessons-in-Revenue-Modern-Pricing-Strategies.png\",\"contentUrl\":\"https:\\\/\\\/ideas.com\\\/wp-content\\\/uploads\\\/2026\\\/03\\\/Lessons-in-Revenue-Modern-Pricing-Strategies.png\",\"width\":1200,\"height\":630},{\"@type\":\"WebSite\",\"@id\":\"https:\\\/\\\/ideas.com\\\/fr\\\/#website\",\"url\":\"https:\\\/\\\/ideas.com\\\/fr\\\/\",\"name\":\"IDeaS\",\"description\":\"Driving Better Revenue\",\"publisher\":{\"@id\":\"https:\\\/\\\/ideas.com\\\/fr\\\/#organization\"},\"potentialAction\":[{\"@type\":\"SearchAction\",\"target\":{\"@type\":\"EntryPoint\",\"urlTemplate\":\"https:\\\/\\\/ideas.com\\\/fr\\\/?s={search_term_string}\"},\"query-input\":{\"@type\":\"PropertyValueSpecification\",\"valueRequired\":true,\"valueName\":\"search_term_string\"}}],\"inLanguage\":\"fr-FR\"},{\"@type\":\"Organization\",\"@id\":\"https:\\\/\\\/ideas.com\\\/fr\\\/#organization\",\"name\":\"IDeaS Revenue Solutions\",\"url\":\"https:\\\/\\\/ideas.com\\\/fr\\\/\",\"logo\":{\"@type\":\"ImageObject\",\"inLanguage\":\"fr-FR\",\"@id\":\"https:\\\/\\\/ideas.com\\\/fr\\\/#\\\/schema\\\/logo\\\/image\\\/\",\"url\":\"https:\\\/\\\/ideas.com\\\/wp-content\\\/uploads\\\/2021\\\/08\\\/ideas-logo.svg\",\"contentUrl\":\"https:\\\/\\\/ideas.com\\\/wp-content\\\/uploads\\\/2021\\\/08\\\/ideas-logo.svg\",\"width\":1,\"height\":1,\"caption\":\"IDeaS Revenue Solutions\"},\"image\":{\"@id\":\"https:\\\/\\\/ideas.com\\\/fr\\\/#\\\/schema\\\/logo\\\/image\\\/\"}}]}<\/script>\n<!-- \/ Yoast SEO plugin. -->","yoast_head_json":{"title":"LE\u00c7ONS de revenue management | Strat\u00e9gies modernes de fixation des prix | IDeaS","description":"Guide de fixation des prix \u00e0 l\u2019intention des h\u00f4teliers qui souhaitent maximiser leurs revenus","robots":{"index":"index","follow":"follow","max-snippet":"max-snippet:-1","max-image-preview":"max-image-preview:large","max-video-preview":"max-video-preview:-1"},"canonical":"https:\/\/ideas.com\/fr\/lessons-in-revenue-modern-pricing-strategies\/","og_locale":"fr_FR","og_type":"article","og_title":"LE\u00c7ONS de revenue management | Strat\u00e9gies modernes de fixation des prix","og_description":"Guide de fixation des prix \u00e0 l\u2019intention des h\u00f4teliers qui souhaitent maximiser leurs revenus","og_url":"https:\/\/ideas.com\/fr\/lessons-in-revenue-modern-pricing-strategies\/","og_site_name":"IDeaS","article_modified_time":"2026-03-26T22:04:39+00:00","og_image":[{"width":1200,"height":630,"url":"https:\/\/ideas.com\/wp-content\/uploads\/2026\/03\/Lessons-in-Revenue-Modern-Pricing-Strategies.png","type":"image\/png"}],"twitter_card":"summary_large_image","twitter_title":"LE\u00c7ONS de revenue management | Strat\u00e9gies modernes de fixation des prix","twitter_description":"Guide de fixation des prix \u00e0 l\u2019intention des h\u00f4teliers qui souhaitent maximiser leurs revenus","twitter_image":"https:\/\/ideas.com\/wp-content\/uploads\/2026\/03\/Lessons-in-Revenue-Modern-Pricing-Strategies.png","twitter_misc":{"Dur\u00e9e de lecture estim\u00e9e":"1 minute"},"schema":{"@context":"https:\/\/schema.org","@graph":[{"@type":"WebPage","@id":"https:\/\/ideas.com\/fr\/lessons-in-revenue-modern-pricing-strategies\/","url":"https:\/\/ideas.com\/fr\/lessons-in-revenue-modern-pricing-strategies\/","name":"LE\u00c7ONS de revenue management | Strat\u00e9gies modernes de fixation des prix | IDeaS","isPartOf":{"@id":"https:\/\/ideas.com\/fr\/#website"},"primaryImageOfPage":{"@id":"https:\/\/ideas.com\/fr\/lessons-in-revenue-modern-pricing-strategies\/#primaryimage"},"image":{"@id":"https:\/\/ideas.com\/fr\/lessons-in-revenue-modern-pricing-strategies\/#primaryimage"},"thumbnailUrl":"https:\/\/ideas.com\/wp-content\/uploads\/2026\/03\/Lessons-in-Revenue-Modern-Pricing-Strategies.png","datePublished":"2026-03-26T22:02:36+00:00","dateModified":"2026-03-26T22:04:39+00:00","description":"Guide de fixation des prix \u00e0 l\u2019intention des h\u00f4teliers qui souhaitent maximiser leurs revenus","inLanguage":"fr-FR","potentialAction":[{"@type":"ReadAction","target":["https:\/\/ideas.com\/fr\/lessons-in-revenue-modern-pricing-strategies\/"]}]},{"@type":"ImageObject","inLanguage":"fr-FR","@id":"https:\/\/ideas.com\/fr\/lessons-in-revenue-modern-pricing-strategies\/#primaryimage","url":"https:\/\/ideas.com\/wp-content\/uploads\/2026\/03\/Lessons-in-Revenue-Modern-Pricing-Strategies.png","contentUrl":"https:\/\/ideas.com\/wp-content\/uploads\/2026\/03\/Lessons-in-Revenue-Modern-Pricing-Strategies.png","width":1200,"height":630},{"@type":"WebSite","@id":"https:\/\/ideas.com\/fr\/#website","url":"https:\/\/ideas.com\/fr\/","name":"IDeaS","description":"Driving Better Revenue","publisher":{"@id":"https:\/\/ideas.com\/fr\/#organization"},"potentialAction":[{"@type":"SearchAction","target":{"@type":"EntryPoint","urlTemplate":"https:\/\/ideas.com\/fr\/?s={search_term_string}"},"query-input":{"@type":"PropertyValueSpecification","valueRequired":true,"valueName":"search_term_string"}}],"inLanguage":"fr-FR"},{"@type":"Organization","@id":"https:\/\/ideas.com\/fr\/#organization","name":"IDeaS Revenue Solutions","url":"https:\/\/ideas.com\/fr\/","logo":{"@type":"ImageObject","inLanguage":"fr-FR","@id":"https:\/\/ideas.com\/fr\/#\/schema\/logo\/image\/","url":"https:\/\/ideas.com\/wp-content\/uploads\/2021\/08\/ideas-logo.svg","contentUrl":"https:\/\/ideas.com\/wp-content\/uploads\/2021\/08\/ideas-logo.svg","width":1,"height":1,"caption":"IDeaS Revenue Solutions"},"image":{"@id":"https:\/\/ideas.com\/fr\/#\/schema\/logo\/image\/"}}]}},"_links":{"self":[{"href":"https:\/\/ideas.com\/fr\/wp-json\/wp\/v2\/pages\/150653","targetHints":{"allow":["GET"]}}],"collection":[{"href":"https:\/\/ideas.com\/fr\/wp-json\/wp\/v2\/pages"}],"about":[{"href":"https:\/\/ideas.com\/fr\/wp-json\/wp\/v2\/types\/page"}],"author":[{"embeddable":true,"href":"https:\/\/ideas.com\/fr\/wp-json\/wp\/v2\/users\/115"}],"replies":[{"embeddable":true,"href":"https:\/\/ideas.com\/fr\/wp-json\/wp\/v2\/comments?post=150653"}],"version-history":[{"count":0,"href":"https:\/\/ideas.com\/fr\/wp-json\/wp\/v2\/pages\/150653\/revisions"}],"wp:featuredmedia":[{"embeddable":true,"href":"https:\/\/ideas.com\/fr\/wp-json\/wp\/v2\/media\/150658"}],"wp:attachment":[{"href":"https:\/\/ideas.com\/fr\/wp-json\/wp\/v2\/media?parent=150653"}],"wp:term":[{"taxonomy":"post_tag","embeddable":true,"href":"https:\/\/ideas.com\/fr\/wp-json\/wp\/v2\/tags?post=150653"}],"curies":[{"name":"wp","href":"https:\/\/api.w.org\/{rel}","templated":true}]}}