{"id":143355,"date":"2025-04-29T12:14:28","date_gmt":"2025-04-29T17:14:28","guid":{"rendered":"https:\/\/ideas.com\/soluzioni-di-pricing-per-hotel\/gruppi-e-catene-alberghiere\/"},"modified":"2026-03-11T10:25:59","modified_gmt":"2026-03-11T15:25:59","slug":"gruppi-e-catene-alberghiere","status":"publish","type":"page","link":"https:\/\/ideas.com\/it\/soluzioni-di-pricing-per-hotel\/gruppi-e-catene-alberghiere\/","title":{"rendered":"Gruppi e catene alberghiere"},"content":{"rendered":"","protected":false},"excerpt":{"rendered":"","protected":false},"author":112,"featured_media":0,"parent":8013,"menu_order":0,"comment_status":"closed","ping_status":"closed","template":"templates\/landing-page.php","meta":{"_acf_changed":false,"_crdt_document":"","inline_featured_image":false,"footnotes":""},"tags":[],"class_list":["post-143355","page","type-page","status-publish","hentry"],"acf":[],"yoast_head":"<!-- This site is optimized with the Yoast SEO plugin v27.2 - https:\/\/yoast.com\/product\/yoast-seo-wordpress\/ -->\n<title>Sistema di revenue management per le catene alberghiere | Soluzioni IDeaS per il Revenue<\/title>\n<meta name=\"description\" content=\"Per i franchising, i gruppi di gestione o le societ\u00e0 di investimento e di rappresentanza, IDeaS offre tutto ci\u00f2 di cui hai bisogno per aumentare il valore delle strutture. Scopri di pi\u00f9.\" \/>\n<meta name=\"robots\" content=\"index, follow, max-snippet:-1, max-image-preview:large, max-video-preview:-1\" \/>\n<link rel=\"canonical\" href=\"https:\/\/ideas.com\/it\/soluzioni-di-pricing-per-hotel\/gruppi-e-catene-alberghiere\/\" \/>\n<meta property=\"og:locale\" content=\"it_IT\" \/>\n<meta property=\"og:type\" content=\"article\" \/>\n<meta property=\"og:title\" content=\"Sistema di revenue management per le catene alberghiere | Soluzioni IDeaS per il Revenue\" \/>\n<meta property=\"og:description\" content=\"Per i franchising, i gruppi di gestione o le societ\u00e0 di investimento e di rappresentanza, IDeaS offre tutto ci\u00f2 di cui hai bisogno per aumentare il valore delle strutture. Scopri di pi\u00f9.\" \/>\n<meta property=\"og:url\" content=\"https:\/\/ideas.com\/it\/soluzioni-di-pricing-per-hotel\/gruppi-e-catene-alberghiere\/\" \/>\n<meta property=\"og:site_name\" content=\"IDeaS\" \/>\n<meta property=\"article:modified_time\" content=\"2026-03-11T15:25:59+00:00\" \/>\n<meta property=\"og:image\" content=\"https:\/\/ideas.com\/wp-content\/uploads\/2024\/12\/ideas_social_image.png\" \/>\n\t<meta property=\"og:image:width\" content=\"1800\" \/>\n\t<meta property=\"og:image:height\" content=\"945\" \/>\n\t<meta property=\"og:image:type\" content=\"image\/png\" \/>\n<meta name=\"twitter:card\" content=\"summary_large_image\" \/>\n<script type=\"application\/ld+json\" class=\"yoast-schema-graph\">{\"@context\":\"https:\/\/schema.org\",\"@graph\":[{\"@type\":\"WebPage\",\"@id\":\"https:\/\/ideas.com\/it\/soluzioni-di-pricing-per-hotel\/gruppi-e-catene-alberghiere\/\",\"url\":\"https:\/\/ideas.com\/it\/soluzioni-di-pricing-per-hotel\/gruppi-e-catene-alberghiere\/\",\"name\":\"Sistema di revenue management per le catene alberghiere | Soluzioni IDeaS per il Revenue\",\"isPartOf\":{\"@id\":\"https:\/\/ideas.com\/it\/#website\"},\"datePublished\":\"2025-04-29T17:14:28+00:00\",\"dateModified\":\"2026-03-11T15:25:59+00:00\",\"description\":\"Per i franchising, i gruppi di gestione o le societ\u00e0 di investimento e di rappresentanza, IDeaS offre tutto ci\u00f2 di cui hai bisogno per aumentare il valore delle strutture. Scopri di pi\u00f9.\",\"breadcrumb\":{\"@id\":\"https:\/\/ideas.com\/it\/soluzioni-di-pricing-per-hotel\/gruppi-e-catene-alberghiere\/#breadcrumb\"},\"inLanguage\":\"it-IT\",\"potentialAction\":[{\"@type\":\"ReadAction\",\"target\":[\"https:\/\/ideas.com\/it\/soluzioni-di-pricing-per-hotel\/gruppi-e-catene-alberghiere\/\"]}]},{\"@type\":\"BreadcrumbList\",\"@id\":\"https:\/\/ideas.com\/it\/soluzioni-di-pricing-per-hotel\/gruppi-e-catene-alberghiere\/#breadcrumb\",\"itemListElement\":[{\"@type\":\"ListItem\",\"position\":1,\"name\":\"Hotel\",\"item\":\"https:\/\/ideas.com\/it\/soluzioni-di-pricing-per-hotel\/\"},{\"@type\":\"ListItem\",\"position\":2,\"name\":\"Gruppi e catene alberghiere\"}]},{\"@type\":\"WebSite\",\"@id\":\"https:\/\/ideas.com\/it\/#website\",\"url\":\"https:\/\/ideas.com\/it\/\",\"name\":\"IDeaS\",\"description\":\"Driving Better Revenue\",\"publisher\":{\"@id\":\"https:\/\/ideas.com\/it\/#organization\"},\"potentialAction\":[{\"@type\":\"SearchAction\",\"target\":{\"@type\":\"EntryPoint\",\"urlTemplate\":\"https:\/\/ideas.com\/it\/?s={search_term_string}\"},\"query-input\":{\"@type\":\"PropertyValueSpecification\",\"valueRequired\":true,\"valueName\":\"search_term_string\"}}],\"inLanguage\":\"it-IT\"},{\"@type\":\"Organization\",\"@id\":\"https:\/\/ideas.com\/it\/#organization\",\"name\":\"IDeaS Revenue Solutions\",\"url\":\"https:\/\/ideas.com\/it\/\",\"logo\":{\"@type\":\"ImageObject\",\"inLanguage\":\"it-IT\",\"@id\":\"https:\/\/ideas.com\/it\/#\/schema\/logo\/image\/\",\"url\":\"https:\/\/ideas.com\/wp-content\/uploads\/2021\/08\/ideas-logo.svg\",\"contentUrl\":\"https:\/\/ideas.com\/wp-content\/uploads\/2021\/08\/ideas-logo.svg\",\"width\":1,\"height\":1,\"caption\":\"IDeaS Revenue Solutions\"},\"image\":{\"@id\":\"https:\/\/ideas.com\/it\/#\/schema\/logo\/image\/\"}}]}<\/script>\n<!-- \/ Yoast SEO plugin. -->","yoast_head_json":{"title":"Sistema di revenue management per le catene alberghiere | Soluzioni IDeaS per il Revenue","description":"Per i franchising, i gruppi di gestione o le societ\u00e0 di investimento e di rappresentanza, IDeaS offre tutto ci\u00f2 di cui hai bisogno per aumentare il valore delle strutture. Scopri di pi\u00f9.","robots":{"index":"index","follow":"follow","max-snippet":"max-snippet:-1","max-image-preview":"max-image-preview:large","max-video-preview":"max-video-preview:-1"},"canonical":"https:\/\/ideas.com\/it\/soluzioni-di-pricing-per-hotel\/gruppi-e-catene-alberghiere\/","og_locale":"it_IT","og_type":"article","og_title":"Sistema di revenue management per le catene alberghiere | Soluzioni IDeaS per il Revenue","og_description":"Per i franchising, i gruppi di gestione o le societ\u00e0 di investimento e di rappresentanza, IDeaS offre tutto ci\u00f2 di cui hai bisogno per aumentare il valore delle strutture. Scopri di pi\u00f9.","og_url":"https:\/\/ideas.com\/it\/soluzioni-di-pricing-per-hotel\/gruppi-e-catene-alberghiere\/","og_site_name":"IDeaS","article_modified_time":"2026-03-11T15:25:59+00:00","og_image":[{"width":1800,"height":945,"url":"https:\/\/ideas.com\/wp-content\/uploads\/2024\/12\/ideas_social_image.png","type":"image\/png"}],"twitter_card":"summary_large_image","schema":{"@context":"https:\/\/schema.org","@graph":[{"@type":"WebPage","@id":"https:\/\/ideas.com\/it\/soluzioni-di-pricing-per-hotel\/gruppi-e-catene-alberghiere\/","url":"https:\/\/ideas.com\/it\/soluzioni-di-pricing-per-hotel\/gruppi-e-catene-alberghiere\/","name":"Sistema di revenue management per le catene alberghiere | Soluzioni IDeaS per il Revenue","isPartOf":{"@id":"https:\/\/ideas.com\/it\/#website"},"datePublished":"2025-04-29T17:14:28+00:00","dateModified":"2026-03-11T15:25:59+00:00","description":"Per i franchising, i gruppi di gestione o le societ\u00e0 di investimento e di rappresentanza, IDeaS offre tutto ci\u00f2 di cui hai bisogno per aumentare il valore delle strutture. Scopri di pi\u00f9.","breadcrumb":{"@id":"https:\/\/ideas.com\/it\/soluzioni-di-pricing-per-hotel\/gruppi-e-catene-alberghiere\/#breadcrumb"},"inLanguage":"it-IT","potentialAction":[{"@type":"ReadAction","target":["https:\/\/ideas.com\/it\/soluzioni-di-pricing-per-hotel\/gruppi-e-catene-alberghiere\/"]}]},{"@type":"BreadcrumbList","@id":"https:\/\/ideas.com\/it\/soluzioni-di-pricing-per-hotel\/gruppi-e-catene-alberghiere\/#breadcrumb","itemListElement":[{"@type":"ListItem","position":1,"name":"Hotel","item":"https:\/\/ideas.com\/it\/soluzioni-di-pricing-per-hotel\/"},{"@type":"ListItem","position":2,"name":"Gruppi e catene alberghiere"}]},{"@type":"WebSite","@id":"https:\/\/ideas.com\/it\/#website","url":"https:\/\/ideas.com\/it\/","name":"IDeaS","description":"Driving Better Revenue","publisher":{"@id":"https:\/\/ideas.com\/it\/#organization"},"potentialAction":[{"@type":"SearchAction","target":{"@type":"EntryPoint","urlTemplate":"https:\/\/ideas.com\/it\/?s={search_term_string}"},"query-input":{"@type":"PropertyValueSpecification","valueRequired":true,"valueName":"search_term_string"}}],"inLanguage":"it-IT"},{"@type":"Organization","@id":"https:\/\/ideas.com\/it\/#organization","name":"IDeaS Revenue Solutions","url":"https:\/\/ideas.com\/it\/","logo":{"@type":"ImageObject","inLanguage":"it-IT","@id":"https:\/\/ideas.com\/it\/#\/schema\/logo\/image\/","url":"https:\/\/ideas.com\/wp-content\/uploads\/2021\/08\/ideas-logo.svg","contentUrl":"https:\/\/ideas.com\/wp-content\/uploads\/2021\/08\/ideas-logo.svg","width":1,"height":1,"caption":"IDeaS Revenue Solutions"},"image":{"@id":"https:\/\/ideas.com\/it\/#\/schema\/logo\/image\/"}}]}},"_links":{"self":[{"href":"https:\/\/ideas.com\/it\/wp-json\/wp\/v2\/pages\/143355","targetHints":{"allow":["GET"]}}],"collection":[{"href":"https:\/\/ideas.com\/it\/wp-json\/wp\/v2\/pages"}],"about":[{"href":"https:\/\/ideas.com\/it\/wp-json\/wp\/v2\/types\/page"}],"author":[{"embeddable":true,"href":"https:\/\/ideas.com\/it\/wp-json\/wp\/v2\/users\/112"}],"replies":[{"embeddable":true,"href":"https:\/\/ideas.com\/it\/wp-json\/wp\/v2\/comments?post=143355"}],"version-history":[{"count":0,"href":"https:\/\/ideas.com\/it\/wp-json\/wp\/v2\/pages\/143355\/revisions"}],"up":[{"embeddable":true,"href":"https:\/\/ideas.com\/it\/wp-json\/wp\/v2\/pages\/8013"}],"wp:attachment":[{"href":"https:\/\/ideas.com\/it\/wp-json\/wp\/v2\/media?parent=143355"}],"wp:term":[{"taxonomy":"post_tag","embeddable":true,"href":"https:\/\/ideas.com\/it\/wp-json\/wp\/v2\/tags?post=143355"}],"curies":[{"name":"wp","href":"https:\/\/api.w.org\/{rel}","templated":true}]}}